{"id":11051,"date":"2022-11-05T13:17:33","date_gmt":"2022-11-05T13:17:33","guid":{"rendered":"https:\/\/dev.monti.lt\/?post_type=product&#038;p=11051"},"modified":"2024-10-04T10:57:06","modified_gmt":"2024-10-04T10:57:06","slug":"kamuolys-3d-labirintas","status":"publish","type":"product","link":"https:\/\/dev.monti.lt\/en\/product\/kamuolys-3d-labirintas\/","title":{"rendered":"Kamuolys- 3D labirintas"},"content":{"rendered":"<h1 class=\"wp-block-heading\"> 3D LABIRINTAS<\/h1><ul class=\"wp-block-list\"><li>spalvingas labirintas su daugybe posukiu, tuneliu, nusileidimu ir ma\u017eu kamuoliuku<\/li><li>gerina akiu \u2013 ranku koordinacij\u0105, taip pat didina gebejim\u0105 susikaupti<\/li><li>puikus igud\u017eiu \u017eaislas tiek vaikams, tiek suaugusiems<\/li><li>138 kliutys<\/li><\/ul><p><strong>SPECIFIKACIJA<\/strong><\/p><ul class=\"wp-block-list\"><li>sertifikatai: CE, EN 71<\/li><li>vaiko am\u017eius: 6+<\/li><li>rutulio matmenys (plotis \/ auk\u0161tis): 18x18cm<\/li><li>kliu\u010diu skai\u010dius: 138<\/li><li>svoris su pakuote: 395g<\/li><\/ul><p>Skaidrus kamuolys su&nbsp;<strong>spalvingu labirintu su daugybe posukiu, tuneliu, nusileidimu ir ma\u017eu kamuoliuku<\/strong>&nbsp;viduje. Jis labirintu alejomis turetu buti nukreiptas i tiksl\u0105 ranku judesiais, vengiant visu ru\u0161iu kliu\u010diu.<\/p><p>Valdydamas kamuolio tras\u0105&nbsp;<strong>\u017eaidejas gali pagerinti akiu-ranku koordinacij\u0105 bei padidinti gebejim\u0105 susikaupti.<\/strong>&nbsp;Erdviniai mar\u0161rutai gali pagerinti \u017eaidejo&nbsp;<strong>erdves ir krypties suvokim\u0105.<\/strong><\/p><p>Labirintas yra&nbsp;<strong>puikus igud\u017eiu lavinimo \u017eaislas tiek vaikams, tiek suaugusiems<\/strong>&nbsp;. Tai labai naudinga \u017emonems, kuriems sunku susikaupti, sunku mokytis ir pan.<\/p><p><strong>PABANDYK TAI<\/strong><\/p><p>Ar galite nukreipti kamuoli per 138 koridorius, pilnus sp\u0105stu? Aklavietes, kry\u017emines kilpos, griutys, gedimai \u2013 viskas 3D formatu!<\/p><h1 class=\"wp-block-heading\">Kaip \u017eaisti?<\/h1><ul class=\"wp-block-list\"><li>1 takelis yra pradinis takelis. Jei kamuoliukas i\u0161 jo i\u0161krenta, galite pradeti nuo 2 ir 3 skai\u010diais pa\u017eymetu vietu, kad vel negri\u017etumete i start\u0105.<\/li><li>Galima \u017eaisti vienas arba smagiai leisti laik\u0105 su kitais, pavyzd\u017eiui, \u201ekas viena juosta eis toliau\u201c, \u201ekam kamuolys nenukris\u201c. Kai kamuolys nukrenta nuo takelio, \u0161iek tiek pakratykite labirint\u0105 ir gr\u0105\u017einkite ji i takelio prad\u017ei\u0105. Vienintele jusu u\u017eduotis yra tinkamai perkelti kamuoli.<\/li><\/ul>","protected":false},"excerpt":{"rendered":"<p>3D LABIRINTAS spalvingas labirintas su daugybe posukiu, tuneliu, nusileidimu ir ma\u017eu kamuoliuku gerina akiu \u2013 ranku koordinacij\u0105, taip pat didina gebejim\u0105 susikaupti puikus igud\u017eiu \u017eaislas tiek vaikams, tiek suaugusiems 138 kliutys SPECIFIKACIJA sertifikatai: CE, EN 71 vaiko am\u017eius: 6+ rutulio matmenys (plotis \/ auk\u0161tis): 18x18cm kliu\u010diu skai\u010dius: 138 svoris su pakuote: 395g Skaidrus kamuolys su&nbsp;spalvingu [&hellip;]<\/p>","protected":false},"featured_media":11052,"template":"","meta":{"iawp_total_views":26},"product_cat":[84,91,49,39],"product_tag":[101,98,99],"class_list":{"0":"post-11051","1":"product","2":"type-product","3":"status-publish","4":"has-post-thumbnail","6":"product_cat-lavinamieji-zaislai","7":"product_cat-loginiam-mastymui","8":"product_cat-visi-zaislai","9":"product_cat-zaislai","10":"product_tag-12-m-14-m","11":"product_tag-5-m-7-m","12":"product_tag-8-m-11-m","14":"first","15":"instock","16":"sale","17":"featured","18":"taxable","19":"shipping-taxable","20":"purchasable","21":"product-type-simple"},"yoast_head":"<!-- This site is optimized with the Yoast SEO plugin v23.3 - https:\/\/yoast.com\/wordpress\/plugins\/seo\/ -->\n<title>Kamuolys- 3D labirintas - Montessori \u017eaislai<\/title>\n<meta name=\"robots\" content=\"noindex, follow, max-snippet:-1, max-image-preview:large, max-video-preview:-1\" \/>\n<meta property=\"og:locale\" content=\"en_US\" \/>\n<meta property=\"og:type\" content=\"article\" \/>\n<meta property=\"og:title\" content=\"Kamuolys- 3D labirintas - Montessori \u017eaislai\" \/>\n<meta property=\"og:description\" content=\"3D LABIRINTAS spalvingas labirintas su daugybe posukiu, tuneliu, nusileidimu ir ma\u017eu kamuoliuku gerina akiu \u2013 ranku koordinacij\u0105, taip pat didina gebejim\u0105 susikaupti puikus igud\u017eiu \u017eaislas tiek vaikams, tiek suaugusiems 138 kliutys SPECIFIKACIJA sertifikatai: CE, EN 71 vaiko am\u017eius: 6+ rutulio matmenys (plotis \/ auk\u0161tis): 18x18cm kliu\u010diu skai\u010dius: 138 svoris su pakuote: 395g Skaidrus kamuolys su&nbsp;spalvingu [&hellip;]\" \/>\n<meta property=\"og:url\" content=\"https:\/\/dev.monti.lt\/en\/product\/kamuolys-3d-labirintas\/\" \/>\n<meta property=\"og:site_name\" content=\"Montessori \u017eaislai\" \/>\n<meta property=\"article:modified_time\" content=\"2024-10-04T10:57:06+00:00\" \/>\n<meta property=\"og:image\" content=\"https:\/\/dev.monti.lt\/wp-content\/uploads\/2022\/11\/lit_pl_Ismanusis-kamuolys-3D-labirintas-138-kliutys-4672_9.jpg\" \/>\n\t<meta property=\"og:image:width\" content=\"500\" \/>\n\t<meta property=\"og:image:height\" content=\"500\" \/>\n\t<meta property=\"og:image:type\" content=\"image\/jpeg\" \/>\n<meta name=\"twitter:card\" content=\"summary_large_image\" \/>\n<meta name=\"twitter:label1\" content=\"Est. reading time\" \/>\n\t<meta name=\"twitter:data1\" content=\"1 minute\" \/>\n<script type=\"application\/ld+json\" class=\"yoast-schema-graph\">{\"@context\":\"https:\/\/schema.org\",\"@graph\":[{\"@type\":\"WebPage\",\"@id\":\"https:\/\/dev.monti.lt\/product\/kamuolys-3d-labirintas\/\",\"url\":\"https:\/\/dev.monti.lt\/product\/kamuolys-3d-labirintas\/\",\"name\":\"Kamuolys- 3D labirintas - Montessori \u017eaislai\",\"isPartOf\":{\"@id\":\"https:\/\/dev.monti.lt\/#website\"},\"primaryImageOfPage\":{\"@id\":\"https:\/\/dev.monti.lt\/product\/kamuolys-3d-labirintas\/#primaryimage\"},\"image\":{\"@id\":\"https:\/\/dev.monti.lt\/product\/kamuolys-3d-labirintas\/#primaryimage\"},\"thumbnailUrl\":\"https:\/\/dev.monti.lt\/wp-content\/uploads\/2022\/11\/lit_pl_Ismanusis-kamuolys-3D-labirintas-138-kliutys-4672_9.jpg\",\"datePublished\":\"2022-11-05T13:17:33+00:00\",\"dateModified\":\"2024-10-04T10:57:06+00:00\",\"breadcrumb\":{\"@id\":\"https:\/\/dev.monti.lt\/product\/kamuolys-3d-labirintas\/#breadcrumb\"},\"inLanguage\":\"en-US\",\"potentialAction\":[{\"@type\":\"ReadAction\",\"target\":[\"https:\/\/dev.monti.lt\/product\/kamuolys-3d-labirintas\/\"]}]},{\"@type\":\"ImageObject\",\"inLanguage\":\"en-US\",\"@id\":\"https:\/\/dev.monti.lt\/product\/kamuolys-3d-labirintas\/#primaryimage\",\"url\":\"https:\/\/dev.monti.lt\/wp-content\/uploads\/2022\/11\/lit_pl_Ismanusis-kamuolys-3D-labirintas-138-kliutys-4672_9.jpg\",\"contentUrl\":\"https:\/\/dev.monti.lt\/wp-content\/uploads\/2022\/11\/lit_pl_Ismanusis-kamuolys-3D-labirintas-138-kliutys-4672_9.jpg\",\"width\":500,\"height\":500,\"caption\":\"labirintas\"},{\"@type\":\"BreadcrumbList\",\"@id\":\"https:\/\/dev.monti.lt\/product\/kamuolys-3d-labirintas\/#breadcrumb\",\"itemListElement\":[{\"@type\":\"ListItem\",\"position\":1,\"name\":\"Home\",\"item\":\"https:\/\/dev.monti.lt\/\"},{\"@type\":\"ListItem\",\"position\":2,\"name\":\"Parduotuv\u0117\",\"item\":\"https:\/\/dev.monti.lt\/shop\/\"},{\"@type\":\"ListItem\",\"position\":3,\"name\":\"Kamuolys- 3D labirintas\"}]},{\"@type\":\"WebSite\",\"@id\":\"https:\/\/dev.monti.lt\/#website\",\"url\":\"https:\/\/dev.monti.lt\/\",\"name\":\"Montessori \u017eaislai\",\"description\":\"\",\"publisher\":{\"@id\":\"https:\/\/dev.monti.lt\/#organization\"},\"potentialAction\":[{\"@type\":\"SearchAction\",\"target\":{\"@type\":\"EntryPoint\",\"urlTemplate\":\"https:\/\/dev.monti.lt\/?s={search_term_string}\"},\"query-input\":\"required name=search_term_string\"}],\"inLanguage\":\"en-US\"},{\"@type\":\"Organization\",\"@id\":\"https:\/\/dev.monti.lt\/#organization\",\"name\":\"Montessori \u017eaislai\",\"url\":\"https:\/\/dev.monti.lt\/\",\"logo\":{\"@type\":\"ImageObject\",\"inLanguage\":\"en-US\",\"@id\":\"https:\/\/dev.monti.lt\/#\/schema\/logo\/image\/\",\"url\":\"https:\/\/dev.monti.lt\/wp-content\/uploads\/2022\/03\/montilogo-1.png\",\"contentUrl\":\"https:\/\/dev.monti.lt\/wp-content\/uploads\/2022\/03\/montilogo-1.png\",\"width\":512,\"height\":512,\"caption\":\"Montessori \u017eaislai\"},\"image\":{\"@id\":\"https:\/\/dev.monti.lt\/#\/schema\/logo\/image\/\"}}]}<\/script>\n<!-- \/ Yoast SEO plugin. -->","yoast_head_json":{"title":"Kamuolys- 3D labirintas - Montessori \u017eaislai","robots":{"index":"noindex","follow":"follow","max-snippet":"max-snippet:-1","max-image-preview":"max-image-preview:large","max-video-preview":"max-video-preview:-1"},"og_locale":"en_US","og_type":"article","og_title":"Kamuolys- 3D labirintas - Montessori \u017eaislai","og_description":"3D LABIRINTAS spalvingas labirintas su daugybe posukiu, tuneliu, nusileidimu ir ma\u017eu kamuoliuku gerina akiu \u2013 ranku koordinacij\u0105, taip pat didina gebejim\u0105 susikaupti puikus igud\u017eiu \u017eaislas tiek vaikams, tiek suaugusiems 138 kliutys SPECIFIKACIJA sertifikatai: CE, EN 71 vaiko am\u017eius: 6+ rutulio matmenys (plotis \/ auk\u0161tis): 18x18cm kliu\u010diu skai\u010dius: 138 svoris su pakuote: 395g Skaidrus kamuolys su&nbsp;spalvingu [&hellip;]","og_url":"https:\/\/dev.monti.lt\/en\/product\/kamuolys-3d-labirintas\/","og_site_name":"Montessori \u017eaislai","article_modified_time":"2024-10-04T10:57:06+00:00","og_image":[{"width":500,"height":500,"url":"https:\/\/dev.monti.lt\/wp-content\/uploads\/2022\/11\/lit_pl_Ismanusis-kamuolys-3D-labirintas-138-kliutys-4672_9.jpg","type":"image\/jpeg"}],"twitter_card":"summary_large_image","twitter_misc":{"Est. reading time":"1 minute"},"schema":{"@context":"https:\/\/schema.org","@graph":[{"@type":"WebPage","@id":"https:\/\/dev.monti.lt\/product\/kamuolys-3d-labirintas\/","url":"https:\/\/dev.monti.lt\/product\/kamuolys-3d-labirintas\/","name":"Kamuolys- 3D labirintas - Montessori \u017eaislai","isPartOf":{"@id":"https:\/\/dev.monti.lt\/#website"},"primaryImageOfPage":{"@id":"https:\/\/dev.monti.lt\/product\/kamuolys-3d-labirintas\/#primaryimage"},"image":{"@id":"https:\/\/dev.monti.lt\/product\/kamuolys-3d-labirintas\/#primaryimage"},"thumbnailUrl":"https:\/\/dev.monti.lt\/wp-content\/uploads\/2022\/11\/lit_pl_Ismanusis-kamuolys-3D-labirintas-138-kliutys-4672_9.jpg","datePublished":"2022-11-05T13:17:33+00:00","dateModified":"2024-10-04T10:57:06+00:00","breadcrumb":{"@id":"https:\/\/dev.monti.lt\/product\/kamuolys-3d-labirintas\/#breadcrumb"},"inLanguage":"en-US","potentialAction":[{"@type":"ReadAction","target":["https:\/\/dev.monti.lt\/product\/kamuolys-3d-labirintas\/"]}]},{"@type":"ImageObject","inLanguage":"en-US","@id":"https:\/\/dev.monti.lt\/product\/kamuolys-3d-labirintas\/#primaryimage","url":"https:\/\/dev.monti.lt\/wp-content\/uploads\/2022\/11\/lit_pl_Ismanusis-kamuolys-3D-labirintas-138-kliutys-4672_9.jpg","contentUrl":"https:\/\/dev.monti.lt\/wp-content\/uploads\/2022\/11\/lit_pl_Ismanusis-kamuolys-3D-labirintas-138-kliutys-4672_9.jpg","width":500,"height":500,"caption":"labirintas"},{"@type":"BreadcrumbList","@id":"https:\/\/dev.monti.lt\/product\/kamuolys-3d-labirintas\/#breadcrumb","itemListElement":[{"@type":"ListItem","position":1,"name":"Home","item":"https:\/\/dev.monti.lt\/"},{"@type":"ListItem","position":2,"name":"Parduotuv\u0117","item":"https:\/\/dev.monti.lt\/shop\/"},{"@type":"ListItem","position":3,"name":"Kamuolys- 3D labirintas"}]},{"@type":"WebSite","@id":"https:\/\/dev.monti.lt\/#website","url":"https:\/\/dev.monti.lt\/","name":"Montessori \u017eaislai","description":"","publisher":{"@id":"https:\/\/dev.monti.lt\/#organization"},"potentialAction":[{"@type":"SearchAction","target":{"@type":"EntryPoint","urlTemplate":"https:\/\/dev.monti.lt\/?s={search_term_string}"},"query-input":"required name=search_term_string"}],"inLanguage":"en-US"},{"@type":"Organization","@id":"https:\/\/dev.monti.lt\/#organization","name":"Montessori \u017eaislai","url":"https:\/\/dev.monti.lt\/","logo":{"@type":"ImageObject","inLanguage":"en-US","@id":"https:\/\/dev.monti.lt\/#\/schema\/logo\/image\/","url":"https:\/\/dev.monti.lt\/wp-content\/uploads\/2022\/03\/montilogo-1.png","contentUrl":"https:\/\/dev.monti.lt\/wp-content\/uploads\/2022\/03\/montilogo-1.png","width":512,"height":512,"caption":"Montessori \u017eaislai"},"image":{"@id":"https:\/\/dev.monti.lt\/#\/schema\/logo\/image\/"}}]}},"_links":{"self":[{"href":"https:\/\/dev.monti.lt\/en\/wp-json\/wp\/v2\/product\/11051"}],"collection":[{"href":"https:\/\/dev.monti.lt\/en\/wp-json\/wp\/v2\/product"}],"about":[{"href":"https:\/\/dev.monti.lt\/en\/wp-json\/wp\/v2\/types\/product"}],"version-history":[{"count":1,"href":"https:\/\/dev.monti.lt\/en\/wp-json\/wp\/v2\/product\/11051\/revisions"}],"predecessor-version":[{"id":11053,"href":"https:\/\/dev.monti.lt\/en\/wp-json\/wp\/v2\/product\/11051\/revisions\/11053"}],"wp:featuredmedia":[{"embeddable":true,"href":"https:\/\/dev.monti.lt\/en\/wp-json\/wp\/v2\/media\/11052"}],"wp:attachment":[{"href":"https:\/\/dev.monti.lt\/en\/wp-json\/wp\/v2\/media?parent=11051"}],"wp:term":[{"taxonomy":"product_cat","embeddable":true,"href":"https:\/\/dev.monti.lt\/en\/wp-json\/wp\/v2\/product_cat?post=11051"},{"taxonomy":"product_tag","embeddable":true,"href":"https:\/\/dev.monti.lt\/en\/wp-json\/wp\/v2\/product_tag?post=11051"}],"curies":[{"name":"wp","href":"https:\/\/api.w.org\/{rel}","templated":true}]}}