{"id":10943,"date":"2022-10-30T17:26:17","date_gmt":"2022-10-30T17:26:17","guid":{"rendered":"https:\/\/dev.monti.lt\/?post_type=product&#038;p=10943"},"modified":"2024-09-22T16:12:24","modified_gmt":"2024-09-22T16:12:24","slug":"lavinamasis-kilimelis-kudikiams","status":"publish","type":"product","link":"https:\/\/dev.monti.lt\/en\/product\/lavinamasis-kilimelis-kudikiams\/","title":{"rendered":"Lavinamasis kilim\u0117lis k\u016bdikiams"},"content":{"rendered":"<h2 class=\"wp-block-heading\">APIB\u016aDINIMAS<\/h2><p><strong>LAIKOMASIS KIL\u0116LIS K\u016aDIKUI SU KAMULIAIS<\/strong><\/p><figure class=\"wp-block-image\"><img decoding=\"async\" src=\"https:\/\/www.ikonka.com.pl\/img\/product_media\/43001-44000\/KX5873_172647.jpg\" alt=\"\"\/><\/figure><p>Daugiafunkcis kilim\u0117lis k\u016bdikiams pasir\u016bpins tinkamu ma\u017eylio vystymusi nuo pirm\u0173j\u0173 gyvenimo akimirk\u0173.<\/p><p>Pagaminta atkreipiant d\u0117mes\u012f \u012f kiekvien\u0105 smulkmen\u0105, ypa\u010d pabr\u0117\u017eiant&nbsp;&nbsp;pasaul\u012f tyrin\u0117jan\u010di\u0173 k\u016bdiki\u0173 ir j\u0173 t\u0117v\u0173 poreikius.<\/p><p>Kilim\u0117lis auga kartu su vaiku.&nbsp;Jis veiks kiekviename vystymosi etape.<\/p><figure class=\"wp-block-image\"><img decoding=\"async\" src=\"https:\/\/www.ikonka.com.pl\/img\/product_media\/43001-44000\/KX5873_172648.jpg\" alt=\"\"\/><\/figure><p>Vienas kilim\u0117lis daug galimybi\u0173!<\/p><ul class=\"wp-block-list\"><li><strong>Kilim\u0117lis su manie\u017eu<\/strong>&nbsp;\u2013 gulintis ant nugaros ar pilvuko vaikas gal\u0117s steb\u0117ti supan\u010di\u0105 erdv\u0119.&nbsp;Manie\u017eas sukurs saugumo jausm\u0105 vaikui ir t\u0117vams.<\/li><li><strong>Kilim\u0117lis su \u017eaisliukais, kabantys ant lank\u0173<\/strong>&nbsp;&#8211; spalvingi \u017eaislai, kabantys ant rankos, atkreips ma\u017eylio d\u0117mes\u012f ir motyvuos mank\u0161tintis bei stiprins kaklo, rank\u0173 ir koj\u0173 raumenis.&nbsp;Be to,&nbsp;&nbsp;puikiai tiks per pirmuosius bandymus atsis\u0117sti savaranki\u0161kai.<\/li><li><strong>Sausas baseinas<\/strong>&nbsp;\u2013 u\u017epild\u0119 manie\u017e\u0105 kamuoliukais gausite<\/li><li><strong>Kilim\u0117lis be tvars\u010di\u0173<\/strong>&nbsp;&#8211; nu\u0117mus galvos apdangalus, manie\u017e\u0105 formuojantis tinklelis taip pat nukris \u017eemyn, tada kilim\u0117lis puikiai izoliuos nuo \u0161altos \u017eem\u0117s, skirs \u017eaidim\u0173 zon\u0105&nbsp;&nbsp;&nbsp;ir s\u0117kmingai pakeis kilim\u0105 k\u016bdikio kambaryje.<\/li><\/ul><p>Spalvingi bar\u0161ku\u010diai ir prie jos prisegta knygel\u0117 su \u0161iug\u017edan\u010diais puslapiais patrauks ma\u017eylio d\u0117mes\u012f, skatins regos, klausos ir lyt\u0117jimo poj\u016bt\u012f.&nbsp;Be to, jie bus puiki \u012f\u017eanga tyrin\u0117ti form\u0173 ir spalv\u0173 pasaul\u012f.<\/p><p>Modernus dizainas ir d\u0117mesys detal\u0117ms prad\u017eiugins t\u0117vus.<\/p><figure class=\"wp-block-image\"><img decoding=\"async\" src=\"https:\/\/www.ikonka.com.pl\/img\/product_media\/43001-44000\/KX5873_172654.jpg\" alt=\"\"\/><\/figure><p><strong>Komplekto turinys:<\/strong><\/p><ul class=\"wp-block-list\"><li>kilim\u0117lis \/ manie\u017eas&nbsp;&nbsp;<\/li><li>18x kamuoliukai<\/li><li>knyga \u0161iug\u017edan\u010diais puslapiais<\/li><li>2 mink\u0161ti \u017eaislai su squeakeriais<\/li><li>2 bar\u0161ku\u010diai<\/li><\/ul><figure class=\"wp-block-image\"><img decoding=\"async\" src=\"https:\/\/www.ikonka.com.pl\/img\/product_media\/43001-44000\/KX5873_172649.jpg\" alt=\"\"\/><\/figure><p><strong>Matmenys<\/strong><\/p><ul class=\"wp-block-list\"><li><strong>kilim\u0117lis:<\/strong>&nbsp;76cm x 76cm<\/li><li><strong>auk\u0161tis nuo \u017eem\u0117s iki galvos apdangalo:<\/strong>&nbsp;50 cm<\/li><li><strong>tinklelio auk\u0161tis:<\/strong>&nbsp;15 cm<\/li><li><strong>pakuot\u0117s matmenys<\/strong>&nbsp;: 56cm x 50cm x 8,5cm<\/li><\/ul><figure class=\"wp-block-image\"><img decoding=\"async\" src=\"https:\/\/www.ikonka.com.pl\/img\/product_media\/43001-44000\/KX5873_172652.jpg\" alt=\"\"\/><\/figure>","protected":false},"excerpt":{"rendered":"<p>APIB\u016aDINIMAS LAIKOMASIS KIL\u0116LIS K\u016aDIKUI SU KAMULIAIS Daugiafunkcis kilim\u0117lis k\u016bdikiams pasir\u016bpins tinkamu ma\u017eylio vystymusi nuo pirm\u0173j\u0173 gyvenimo akimirk\u0173. Pagaminta atkreipiant d\u0117mes\u012f \u012f kiekvien\u0105 smulkmen\u0105, ypa\u010d pabr\u0117\u017eiant&nbsp;&nbsp;pasaul\u012f tyrin\u0117jan\u010di\u0173 k\u016bdiki\u0173 ir j\u0173 t\u0117v\u0173 poreikius. Kilim\u0117lis auga kartu su vaiku.&nbsp;Jis veiks kiekviename vystymosi etape. Vienas kilim\u0117lis daug galimybi\u0173! Kilim\u0117lis su manie\u017eu&nbsp;\u2013 gulintis ant nugaros ar pilvuko vaikas gal\u0117s steb\u0117ti [&hellip;]<\/p>","protected":false},"featured_media":10944,"template":"","meta":{"iawp_total_views":179},"product_cat":[200,191,192,206,84,90,86,50,49,39],"product_tag":[94],"class_list":{"0":"post-10943","1":"product","2":"type-product","3":"status-publish","4":"has-post-thumbnail","6":"product_cat-dovanos-kudikiams","7":"product_cat-dovanos-vaikams","8":"product_cat-kaledines-dovanos-vaikams","9":"product_cat-lavinamieji-kilimeliai","10":"product_cat-lavinamieji-zaislai","11":"product_cat-pasaulio-pazinimas","12":"product_cat-smulkioji-motorika","13":"product_cat-top-dovanos","14":"product_cat-visi-zaislai","15":"product_cat-zaislai","16":"product_tag-iki-1-m","18":"first","19":"outofstock","20":"sale","21":"taxable","22":"shipping-taxable","23":"purchasable","24":"product-type-simple"},"yoast_head":"<!-- This site is optimized with the Yoast SEO plugin v23.3 - https:\/\/yoast.com\/wordpress\/plugins\/seo\/ -->\n<title>Lavinamasis kilim\u0117lis k\u016bdikiams - Montessori \u017eaislai<\/title>\n<meta name=\"robots\" content=\"noindex, follow, max-snippet:-1, max-image-preview:large, max-video-preview:-1\" \/>\n<meta property=\"og:locale\" content=\"en_US\" \/>\n<meta property=\"og:type\" content=\"article\" \/>\n<meta property=\"og:title\" content=\"Lavinamasis kilim\u0117lis k\u016bdikiams - Montessori \u017eaislai\" \/>\n<meta property=\"og:description\" content=\"APIB\u016aDINIMAS LAIKOMASIS KIL\u0116LIS K\u016aDIKUI SU KAMULIAIS Daugiafunkcis kilim\u0117lis k\u016bdikiams pasir\u016bpins tinkamu ma\u017eylio vystymusi nuo pirm\u0173j\u0173 gyvenimo akimirk\u0173. Pagaminta atkreipiant d\u0117mes\u012f \u012f kiekvien\u0105 smulkmen\u0105, ypa\u010d pabr\u0117\u017eiant&nbsp;&nbsp;pasaul\u012f tyrin\u0117jan\u010di\u0173 k\u016bdiki\u0173 ir j\u0173 t\u0117v\u0173 poreikius. Kilim\u0117lis auga kartu su vaiku.&nbsp;Jis veiks kiekviename vystymosi etape. Vienas kilim\u0117lis daug galimybi\u0173! Kilim\u0117lis su manie\u017eu&nbsp;\u2013 gulintis ant nugaros ar pilvuko vaikas gal\u0117s steb\u0117ti [&hellip;]\" \/>\n<meta property=\"og:url\" content=\"https:\/\/dev.monti.lt\/en\/product\/lavinamasis-kilimelis-kudikiams\/\" \/>\n<meta property=\"og:site_name\" content=\"Montessori \u017eaislai\" \/>\n<meta property=\"article:modified_time\" content=\"2024-09-22T16:12:24+00:00\" \/>\n<meta property=\"og:image\" content=\"https:\/\/dev.monti.lt\/wp-content\/uploads\/2022\/10\/KX5873_172647.jpeg\" \/>\n\t<meta property=\"og:image:width\" content=\"1600\" \/>\n\t<meta property=\"og:image:height\" content=\"1200\" \/>\n\t<meta property=\"og:image:type\" content=\"image\/jpeg\" \/>\n<meta name=\"twitter:card\" content=\"summary_large_image\" \/>\n<meta name=\"twitter:label1\" content=\"Est. reading time\" \/>\n\t<meta name=\"twitter:data1\" content=\"2 minutes\" \/>\n<script type=\"application\/ld+json\" class=\"yoast-schema-graph\">{\"@context\":\"https:\/\/schema.org\",\"@graph\":[{\"@type\":\"WebPage\",\"@id\":\"https:\/\/dev.monti.lt\/product\/lavinamasis-kilimelis-kudikiams\/\",\"url\":\"https:\/\/dev.monti.lt\/product\/lavinamasis-kilimelis-kudikiams\/\",\"name\":\"Lavinamasis kilim\u0117lis k\u016bdikiams - Montessori \u017eaislai\",\"isPartOf\":{\"@id\":\"https:\/\/dev.monti.lt\/#website\"},\"primaryImageOfPage\":{\"@id\":\"https:\/\/dev.monti.lt\/product\/lavinamasis-kilimelis-kudikiams\/#primaryimage\"},\"image\":{\"@id\":\"https:\/\/dev.monti.lt\/product\/lavinamasis-kilimelis-kudikiams\/#primaryimage\"},\"thumbnailUrl\":\"https:\/\/dev.monti.lt\/wp-content\/uploads\/2022\/10\/KX5873_172647.jpeg\",\"datePublished\":\"2022-10-30T17:26:17+00:00\",\"dateModified\":\"2024-09-22T16:12:24+00:00\",\"breadcrumb\":{\"@id\":\"https:\/\/dev.monti.lt\/product\/lavinamasis-kilimelis-kudikiams\/#breadcrumb\"},\"inLanguage\":\"en-US\",\"potentialAction\":[{\"@type\":\"ReadAction\",\"target\":[\"https:\/\/dev.monti.lt\/product\/lavinamasis-kilimelis-kudikiams\/\"]}]},{\"@type\":\"ImageObject\",\"inLanguage\":\"en-US\",\"@id\":\"https:\/\/dev.monti.lt\/product\/lavinamasis-kilimelis-kudikiams\/#primaryimage\",\"url\":\"https:\/\/dev.monti.lt\/wp-content\/uploads\/2022\/10\/KX5873_172647.jpeg\",\"contentUrl\":\"https:\/\/dev.monti.lt\/wp-content\/uploads\/2022\/10\/KX5873_172647.jpeg\",\"width\":1600,\"height\":1200,\"caption\":\"kilimelis kudikiams\"},{\"@type\":\"BreadcrumbList\",\"@id\":\"https:\/\/dev.monti.lt\/product\/lavinamasis-kilimelis-kudikiams\/#breadcrumb\",\"itemListElement\":[{\"@type\":\"ListItem\",\"position\":1,\"name\":\"Home\",\"item\":\"https:\/\/dev.monti.lt\/\"},{\"@type\":\"ListItem\",\"position\":2,\"name\":\"Parduotuv\u0117\",\"item\":\"https:\/\/dev.monti.lt\/shop\/\"},{\"@type\":\"ListItem\",\"position\":3,\"name\":\"Lavinamasis kilim\u0117lis k\u016bdikiams\"}]},{\"@type\":\"WebSite\",\"@id\":\"https:\/\/dev.monti.lt\/#website\",\"url\":\"https:\/\/dev.monti.lt\/\",\"name\":\"Montessori \u017eaislai\",\"description\":\"\",\"publisher\":{\"@id\":\"https:\/\/dev.monti.lt\/#organization\"},\"potentialAction\":[{\"@type\":\"SearchAction\",\"target\":{\"@type\":\"EntryPoint\",\"urlTemplate\":\"https:\/\/dev.monti.lt\/?s={search_term_string}\"},\"query-input\":\"required name=search_term_string\"}],\"inLanguage\":\"en-US\"},{\"@type\":\"Organization\",\"@id\":\"https:\/\/dev.monti.lt\/#organization\",\"name\":\"Montessori \u017eaislai\",\"url\":\"https:\/\/dev.monti.lt\/\",\"logo\":{\"@type\":\"ImageObject\",\"inLanguage\":\"en-US\",\"@id\":\"https:\/\/dev.monti.lt\/#\/schema\/logo\/image\/\",\"url\":\"https:\/\/dev.monti.lt\/wp-content\/uploads\/2022\/03\/montilogo-1.png\",\"contentUrl\":\"https:\/\/dev.monti.lt\/wp-content\/uploads\/2022\/03\/montilogo-1.png\",\"width\":512,\"height\":512,\"caption\":\"Montessori \u017eaislai\"},\"image\":{\"@id\":\"https:\/\/dev.monti.lt\/#\/schema\/logo\/image\/\"}}]}<\/script>\n<!-- \/ Yoast SEO plugin. -->","yoast_head_json":{"title":"Lavinamasis kilim\u0117lis k\u016bdikiams - Montessori \u017eaislai","robots":{"index":"noindex","follow":"follow","max-snippet":"max-snippet:-1","max-image-preview":"max-image-preview:large","max-video-preview":"max-video-preview:-1"},"og_locale":"en_US","og_type":"article","og_title":"Lavinamasis kilim\u0117lis k\u016bdikiams - Montessori \u017eaislai","og_description":"APIB\u016aDINIMAS LAIKOMASIS KIL\u0116LIS K\u016aDIKUI SU KAMULIAIS Daugiafunkcis kilim\u0117lis k\u016bdikiams pasir\u016bpins tinkamu ma\u017eylio vystymusi nuo pirm\u0173j\u0173 gyvenimo akimirk\u0173. Pagaminta atkreipiant d\u0117mes\u012f \u012f kiekvien\u0105 smulkmen\u0105, ypa\u010d pabr\u0117\u017eiant&nbsp;&nbsp;pasaul\u012f tyrin\u0117jan\u010di\u0173 k\u016bdiki\u0173 ir j\u0173 t\u0117v\u0173 poreikius. Kilim\u0117lis auga kartu su vaiku.&nbsp;Jis veiks kiekviename vystymosi etape. Vienas kilim\u0117lis daug galimybi\u0173! Kilim\u0117lis su manie\u017eu&nbsp;\u2013 gulintis ant nugaros ar pilvuko vaikas gal\u0117s steb\u0117ti [&hellip;]","og_url":"https:\/\/dev.monti.lt\/en\/product\/lavinamasis-kilimelis-kudikiams\/","og_site_name":"Montessori \u017eaislai","article_modified_time":"2024-09-22T16:12:24+00:00","og_image":[{"width":1600,"height":1200,"url":"https:\/\/dev.monti.lt\/wp-content\/uploads\/2022\/10\/KX5873_172647.jpeg","type":"image\/jpeg"}],"twitter_card":"summary_large_image","twitter_misc":{"Est. reading time":"2 minutes"},"schema":{"@context":"https:\/\/schema.org","@graph":[{"@type":"WebPage","@id":"https:\/\/dev.monti.lt\/product\/lavinamasis-kilimelis-kudikiams\/","url":"https:\/\/dev.monti.lt\/product\/lavinamasis-kilimelis-kudikiams\/","name":"Lavinamasis kilim\u0117lis k\u016bdikiams - Montessori \u017eaislai","isPartOf":{"@id":"https:\/\/dev.monti.lt\/#website"},"primaryImageOfPage":{"@id":"https:\/\/dev.monti.lt\/product\/lavinamasis-kilimelis-kudikiams\/#primaryimage"},"image":{"@id":"https:\/\/dev.monti.lt\/product\/lavinamasis-kilimelis-kudikiams\/#primaryimage"},"thumbnailUrl":"https:\/\/dev.monti.lt\/wp-content\/uploads\/2022\/10\/KX5873_172647.jpeg","datePublished":"2022-10-30T17:26:17+00:00","dateModified":"2024-09-22T16:12:24+00:00","breadcrumb":{"@id":"https:\/\/dev.monti.lt\/product\/lavinamasis-kilimelis-kudikiams\/#breadcrumb"},"inLanguage":"en-US","potentialAction":[{"@type":"ReadAction","target":["https:\/\/dev.monti.lt\/product\/lavinamasis-kilimelis-kudikiams\/"]}]},{"@type":"ImageObject","inLanguage":"en-US","@id":"https:\/\/dev.monti.lt\/product\/lavinamasis-kilimelis-kudikiams\/#primaryimage","url":"https:\/\/dev.monti.lt\/wp-content\/uploads\/2022\/10\/KX5873_172647.jpeg","contentUrl":"https:\/\/dev.monti.lt\/wp-content\/uploads\/2022\/10\/KX5873_172647.jpeg","width":1600,"height":1200,"caption":"kilimelis kudikiams"},{"@type":"BreadcrumbList","@id":"https:\/\/dev.monti.lt\/product\/lavinamasis-kilimelis-kudikiams\/#breadcrumb","itemListElement":[{"@type":"ListItem","position":1,"name":"Home","item":"https:\/\/dev.monti.lt\/"},{"@type":"ListItem","position":2,"name":"Parduotuv\u0117","item":"https:\/\/dev.monti.lt\/shop\/"},{"@type":"ListItem","position":3,"name":"Lavinamasis kilim\u0117lis k\u016bdikiams"}]},{"@type":"WebSite","@id":"https:\/\/dev.monti.lt\/#website","url":"https:\/\/dev.monti.lt\/","name":"Montessori \u017eaislai","description":"","publisher":{"@id":"https:\/\/dev.monti.lt\/#organization"},"potentialAction":[{"@type":"SearchAction","target":{"@type":"EntryPoint","urlTemplate":"https:\/\/dev.monti.lt\/?s={search_term_string}"},"query-input":"required name=search_term_string"}],"inLanguage":"en-US"},{"@type":"Organization","@id":"https:\/\/dev.monti.lt\/#organization","name":"Montessori \u017eaislai","url":"https:\/\/dev.monti.lt\/","logo":{"@type":"ImageObject","inLanguage":"en-US","@id":"https:\/\/dev.monti.lt\/#\/schema\/logo\/image\/","url":"https:\/\/dev.monti.lt\/wp-content\/uploads\/2022\/03\/montilogo-1.png","contentUrl":"https:\/\/dev.monti.lt\/wp-content\/uploads\/2022\/03\/montilogo-1.png","width":512,"height":512,"caption":"Montessori \u017eaislai"},"image":{"@id":"https:\/\/dev.monti.lt\/#\/schema\/logo\/image\/"}}]}},"_links":{"self":[{"href":"https:\/\/dev.monti.lt\/en\/wp-json\/wp\/v2\/product\/10943"}],"collection":[{"href":"https:\/\/dev.monti.lt\/en\/wp-json\/wp\/v2\/product"}],"about":[{"href":"https:\/\/dev.monti.lt\/en\/wp-json\/wp\/v2\/types\/product"}],"version-history":[{"count":2,"href":"https:\/\/dev.monti.lt\/en\/wp-json\/wp\/v2\/product\/10943\/revisions"}],"predecessor-version":[{"id":13325,"href":"https:\/\/dev.monti.lt\/en\/wp-json\/wp\/v2\/product\/10943\/revisions\/13325"}],"wp:featuredmedia":[{"embeddable":true,"href":"https:\/\/dev.monti.lt\/en\/wp-json\/wp\/v2\/media\/10944"}],"wp:attachment":[{"href":"https:\/\/dev.monti.lt\/en\/wp-json\/wp\/v2\/media?parent=10943"}],"wp:term":[{"taxonomy":"product_cat","embeddable":true,"href":"https:\/\/dev.monti.lt\/en\/wp-json\/wp\/v2\/product_cat?post=10943"},{"taxonomy":"product_tag","embeddable":true,"href":"https:\/\/dev.monti.lt\/en\/wp-json\/wp\/v2\/product_tag?post=10943"}],"curies":[{"name":"wp","href":"https:\/\/api.w.org\/{rel}","templated":true}]}}