{"id":10864,"date":"2022-10-27T19:15:27","date_gmt":"2022-10-27T19:15:27","guid":{"rendered":"https:\/\/dev.monti.lt\/?post_type=product&#038;p=10864"},"modified":"2024-09-11T07:49:56","modified_gmt":"2024-09-11T07:49:56","slug":"piesimo-vandeniu-kilimelis","status":"publish","type":"product","link":"https:\/\/dev.monti.lt\/en\/product\/piesimo-vandeniu-kilimelis\/","title":{"rendered":"Pie\u0161imo vandeniu kilim\u0117lis"},"content":{"rendered":"<p><strong>SPECIFIKACIJA:<\/strong><\/p>\n<ul>\n<li>med\u017eiaga: plastikas<\/li>\n<li>am\u017eius: nuo 3 metu<\/li>\n<li>sertifikatai: CE, EN 71<\/li>\n<li>kilimelio matmenys (ilgis \/ plotis): 58 \/ 78cm<\/li>\n<li>komplekto svoris: 180g<\/li>\n<\/ul>\n<p><strong>ISKAITANT:<\/strong><\/p>\n<ul>\n<li>vandens kilimelis pie\u0161imui<\/li>\n<li>2 vandens flomasteriai<\/li>\n<\/ul>","protected":false},"excerpt":{"rendered":"<p>SPECIFIKACIJA: med\u017eiaga: plastikas am\u017eius: nuo 3 metu sertifikatai: CE, EN 71 kilimelio matmenys (ilgis \/ plotis): 58 \/ 78cm komplekto svoris: 180g ISKAITANT: vandens kilimelis pie\u0161imui 2 vandens flomasteriai<\/p>","protected":false},"featured_media":10865,"template":"","meta":{"iawp_total_views":100},"product_cat":[218,82,84,89,49,39],"product_tag":[95,96,97,98],"class_list":{"0":"post-10864","1":"product","2":"type-product","3":"status-publish","4":"has-post-thumbnail","6":"product_cat-darzeliu-grupems","7":"product_cat-ispardavimas","8":"product_cat-lavinamieji-zaislai","9":"product_cat-mokausi-piesti","10":"product_cat-visi-zaislai","11":"product_cat-zaislai","12":"product_tag-1-m-2-m","13":"product_tag-2-m-3-m","14":"product_tag-3-m-4-m","15":"product_tag-5-m-7-m","17":"first","18":"outofstock","19":"sale","20":"taxable","21":"shipping-taxable","22":"purchasable","23":"product-type-simple"},"yoast_head":"<!-- This site is optimized with the Yoast SEO plugin v23.3 - https:\/\/yoast.com\/wordpress\/plugins\/seo\/ -->\n<title>Pie\u0161imo vandeniu kilim\u0117lis - Montessori \u017eaislai<\/title>\n<meta name=\"robots\" content=\"noindex, follow, max-snippet:-1, max-image-preview:large, max-video-preview:-1\" \/>\n<meta property=\"og:locale\" content=\"en_US\" \/>\n<meta property=\"og:type\" content=\"article\" \/>\n<meta property=\"og:title\" content=\"Pie\u0161imo vandeniu kilim\u0117lis - Montessori \u017eaislai\" \/>\n<meta property=\"og:description\" content=\"SPECIFIKACIJA: med\u017eiaga: plastikas am\u017eius: nuo 3 metu sertifikatai: CE, EN 71 kilimelio matmenys (ilgis \/ plotis): 58 \/ 78cm komplekto svoris: 180g ISKAITANT: vandens kilimelis pie\u0161imui 2 vandens flomasteriai\" \/>\n<meta property=\"og:url\" content=\"https:\/\/dev.monti.lt\/en\/product\/piesimo-vandeniu-kilimelis\/\" \/>\n<meta property=\"og:site_name\" content=\"Montessori \u017eaislai\" \/>\n<meta property=\"article:modified_time\" content=\"2024-09-11T07:49:56+00:00\" \/>\n<meta property=\"og:image\" content=\"https:\/\/dev.monti.lt\/wp-content\/uploads\/2022\/10\/lit_pl_Vandens-traukimo-kilimelis-MW6160-6160_6.jpg\" \/>\n\t<meta property=\"og:image:width\" content=\"500\" \/>\n\t<meta property=\"og:image:height\" content=\"500\" \/>\n\t<meta property=\"og:image:type\" content=\"image\/jpeg\" \/>\n<meta name=\"twitter:card\" content=\"summary_large_image\" \/>\n<meta name=\"twitter:label1\" content=\"Est. reading time\" \/>\n\t<meta name=\"twitter:data1\" content=\"1 minute\" \/>\n<script type=\"application\/ld+json\" class=\"yoast-schema-graph\">{\"@context\":\"https:\/\/schema.org\",\"@graph\":[{\"@type\":\"WebPage\",\"@id\":\"https:\/\/dev.monti.lt\/product\/piesimo-vandeniu-kilimelis\/\",\"url\":\"https:\/\/dev.monti.lt\/product\/piesimo-vandeniu-kilimelis\/\",\"name\":\"Pie\u0161imo vandeniu kilim\u0117lis - Montessori \u017eaislai\",\"isPartOf\":{\"@id\":\"https:\/\/dev.monti.lt\/#website\"},\"primaryImageOfPage\":{\"@id\":\"https:\/\/dev.monti.lt\/product\/piesimo-vandeniu-kilimelis\/#primaryimage\"},\"image\":{\"@id\":\"https:\/\/dev.monti.lt\/product\/piesimo-vandeniu-kilimelis\/#primaryimage\"},\"thumbnailUrl\":\"https:\/\/dev.monti.lt\/wp-content\/uploads\/2022\/10\/lit_pl_Vandens-traukimo-kilimelis-MW6160-6160_6.jpg\",\"datePublished\":\"2022-10-27T19:15:27+00:00\",\"dateModified\":\"2024-09-11T07:49:56+00:00\",\"breadcrumb\":{\"@id\":\"https:\/\/dev.monti.lt\/product\/piesimo-vandeniu-kilimelis\/#breadcrumb\"},\"inLanguage\":\"en-US\",\"potentialAction\":[{\"@type\":\"ReadAction\",\"target\":[\"https:\/\/dev.monti.lt\/product\/piesimo-vandeniu-kilimelis\/\"]}]},{\"@type\":\"ImageObject\",\"inLanguage\":\"en-US\",\"@id\":\"https:\/\/dev.monti.lt\/product\/piesimo-vandeniu-kilimelis\/#primaryimage\",\"url\":\"https:\/\/dev.monti.lt\/wp-content\/uploads\/2022\/10\/lit_pl_Vandens-traukimo-kilimelis-MW6160-6160_6.jpg\",\"contentUrl\":\"https:\/\/dev.monti.lt\/wp-content\/uploads\/2022\/10\/lit_pl_Vandens-traukimo-kilimelis-MW6160-6160_6.jpg\",\"width\":500,\"height\":500,\"caption\":\"pie\u0161imo vandeniu kilim\u0117lis\"},{\"@type\":\"BreadcrumbList\",\"@id\":\"https:\/\/dev.monti.lt\/product\/piesimo-vandeniu-kilimelis\/#breadcrumb\",\"itemListElement\":[{\"@type\":\"ListItem\",\"position\":1,\"name\":\"Home\",\"item\":\"https:\/\/dev.monti.lt\/\"},{\"@type\":\"ListItem\",\"position\":2,\"name\":\"Parduotuv\u0117\",\"item\":\"https:\/\/dev.monti.lt\/shop\/\"},{\"@type\":\"ListItem\",\"position\":3,\"name\":\"Pie\u0161imo vandeniu kilim\u0117lis\"}]},{\"@type\":\"WebSite\",\"@id\":\"https:\/\/dev.monti.lt\/#website\",\"url\":\"https:\/\/dev.monti.lt\/\",\"name\":\"Montessori \u017eaislai\",\"description\":\"\",\"publisher\":{\"@id\":\"https:\/\/dev.monti.lt\/#organization\"},\"potentialAction\":[{\"@type\":\"SearchAction\",\"target\":{\"@type\":\"EntryPoint\",\"urlTemplate\":\"https:\/\/dev.monti.lt\/?s={search_term_string}\"},\"query-input\":\"required name=search_term_string\"}],\"inLanguage\":\"en-US\"},{\"@type\":\"Organization\",\"@id\":\"https:\/\/dev.monti.lt\/#organization\",\"name\":\"Montessori \u017eaislai\",\"url\":\"https:\/\/dev.monti.lt\/\",\"logo\":{\"@type\":\"ImageObject\",\"inLanguage\":\"en-US\",\"@id\":\"https:\/\/dev.monti.lt\/#\/schema\/logo\/image\/\",\"url\":\"https:\/\/dev.monti.lt\/wp-content\/uploads\/2022\/03\/montilogo-1.png\",\"contentUrl\":\"https:\/\/dev.monti.lt\/wp-content\/uploads\/2022\/03\/montilogo-1.png\",\"width\":512,\"height\":512,\"caption\":\"Montessori \u017eaislai\"},\"image\":{\"@id\":\"https:\/\/dev.monti.lt\/#\/schema\/logo\/image\/\"}}]}<\/script>\n<!-- \/ Yoast SEO plugin. -->","yoast_head_json":{"title":"Pie\u0161imo vandeniu kilim\u0117lis - Montessori \u017eaislai","robots":{"index":"noindex","follow":"follow","max-snippet":"max-snippet:-1","max-image-preview":"max-image-preview:large","max-video-preview":"max-video-preview:-1"},"og_locale":"en_US","og_type":"article","og_title":"Pie\u0161imo vandeniu kilim\u0117lis - Montessori \u017eaislai","og_description":"SPECIFIKACIJA: med\u017eiaga: plastikas am\u017eius: nuo 3 metu sertifikatai: CE, EN 71 kilimelio matmenys (ilgis \/ plotis): 58 \/ 78cm komplekto svoris: 180g ISKAITANT: vandens kilimelis pie\u0161imui 2 vandens flomasteriai","og_url":"https:\/\/dev.monti.lt\/en\/product\/piesimo-vandeniu-kilimelis\/","og_site_name":"Montessori \u017eaislai","article_modified_time":"2024-09-11T07:49:56+00:00","og_image":[{"width":500,"height":500,"url":"https:\/\/dev.monti.lt\/wp-content\/uploads\/2022\/10\/lit_pl_Vandens-traukimo-kilimelis-MW6160-6160_6.jpg","type":"image\/jpeg"}],"twitter_card":"summary_large_image","twitter_misc":{"Est. reading time":"1 minute"},"schema":{"@context":"https:\/\/schema.org","@graph":[{"@type":"WebPage","@id":"https:\/\/dev.monti.lt\/product\/piesimo-vandeniu-kilimelis\/","url":"https:\/\/dev.monti.lt\/product\/piesimo-vandeniu-kilimelis\/","name":"Pie\u0161imo vandeniu kilim\u0117lis - Montessori \u017eaislai","isPartOf":{"@id":"https:\/\/dev.monti.lt\/#website"},"primaryImageOfPage":{"@id":"https:\/\/dev.monti.lt\/product\/piesimo-vandeniu-kilimelis\/#primaryimage"},"image":{"@id":"https:\/\/dev.monti.lt\/product\/piesimo-vandeniu-kilimelis\/#primaryimage"},"thumbnailUrl":"https:\/\/dev.monti.lt\/wp-content\/uploads\/2022\/10\/lit_pl_Vandens-traukimo-kilimelis-MW6160-6160_6.jpg","datePublished":"2022-10-27T19:15:27+00:00","dateModified":"2024-09-11T07:49:56+00:00","breadcrumb":{"@id":"https:\/\/dev.monti.lt\/product\/piesimo-vandeniu-kilimelis\/#breadcrumb"},"inLanguage":"en-US","potentialAction":[{"@type":"ReadAction","target":["https:\/\/dev.monti.lt\/product\/piesimo-vandeniu-kilimelis\/"]}]},{"@type":"ImageObject","inLanguage":"en-US","@id":"https:\/\/dev.monti.lt\/product\/piesimo-vandeniu-kilimelis\/#primaryimage","url":"https:\/\/dev.monti.lt\/wp-content\/uploads\/2022\/10\/lit_pl_Vandens-traukimo-kilimelis-MW6160-6160_6.jpg","contentUrl":"https:\/\/dev.monti.lt\/wp-content\/uploads\/2022\/10\/lit_pl_Vandens-traukimo-kilimelis-MW6160-6160_6.jpg","width":500,"height":500,"caption":"pie\u0161imo vandeniu kilim\u0117lis"},{"@type":"BreadcrumbList","@id":"https:\/\/dev.monti.lt\/product\/piesimo-vandeniu-kilimelis\/#breadcrumb","itemListElement":[{"@type":"ListItem","position":1,"name":"Home","item":"https:\/\/dev.monti.lt\/"},{"@type":"ListItem","position":2,"name":"Parduotuv\u0117","item":"https:\/\/dev.monti.lt\/shop\/"},{"@type":"ListItem","position":3,"name":"Pie\u0161imo vandeniu kilim\u0117lis"}]},{"@type":"WebSite","@id":"https:\/\/dev.monti.lt\/#website","url":"https:\/\/dev.monti.lt\/","name":"Montessori \u017eaislai","description":"","publisher":{"@id":"https:\/\/dev.monti.lt\/#organization"},"potentialAction":[{"@type":"SearchAction","target":{"@type":"EntryPoint","urlTemplate":"https:\/\/dev.monti.lt\/?s={search_term_string}"},"query-input":"required name=search_term_string"}],"inLanguage":"en-US"},{"@type":"Organization","@id":"https:\/\/dev.monti.lt\/#organization","name":"Montessori \u017eaislai","url":"https:\/\/dev.monti.lt\/","logo":{"@type":"ImageObject","inLanguage":"en-US","@id":"https:\/\/dev.monti.lt\/#\/schema\/logo\/image\/","url":"https:\/\/dev.monti.lt\/wp-content\/uploads\/2022\/03\/montilogo-1.png","contentUrl":"https:\/\/dev.monti.lt\/wp-content\/uploads\/2022\/03\/montilogo-1.png","width":512,"height":512,"caption":"Montessori \u017eaislai"},"image":{"@id":"https:\/\/dev.monti.lt\/#\/schema\/logo\/image\/"}}]}},"_links":{"self":[{"href":"https:\/\/dev.monti.lt\/en\/wp-json\/wp\/v2\/product\/10864"}],"collection":[{"href":"https:\/\/dev.monti.lt\/en\/wp-json\/wp\/v2\/product"}],"about":[{"href":"https:\/\/dev.monti.lt\/en\/wp-json\/wp\/v2\/types\/product"}],"version-history":[{"count":1,"href":"https:\/\/dev.monti.lt\/en\/wp-json\/wp\/v2\/product\/10864\/revisions"}],"predecessor-version":[{"id":10866,"href":"https:\/\/dev.monti.lt\/en\/wp-json\/wp\/v2\/product\/10864\/revisions\/10866"}],"wp:featuredmedia":[{"embeddable":true,"href":"https:\/\/dev.monti.lt\/en\/wp-json\/wp\/v2\/media\/10865"}],"wp:attachment":[{"href":"https:\/\/dev.monti.lt\/en\/wp-json\/wp\/v2\/media?parent=10864"}],"wp:term":[{"taxonomy":"product_cat","embeddable":true,"href":"https:\/\/dev.monti.lt\/en\/wp-json\/wp\/v2\/product_cat?post=10864"},{"taxonomy":"product_tag","embeddable":true,"href":"https:\/\/dev.monti.lt\/en\/wp-json\/wp\/v2\/product_tag?post=10864"}],"curies":[{"name":"wp","href":"https:\/\/api.w.org\/{rel}","templated":true}]}}