{"id":10845,"date":"2022-10-27T18:56:41","date_gmt":"2022-10-27T18:56:41","guid":{"rendered":"https:\/\/dev.monti.lt\/?post_type=product&#038;p=10845"},"modified":"2023-12-30T14:26:19","modified_gmt":"2023-12-30T14:26:19","slug":"medinis-traukinio-begiu-rinkinys","status":"publish","type":"product","link":"https:\/\/dev.monti.lt\/en\/product\/medinis-traukinio-begiu-rinkinys\/","title":{"rendered":"Medinis traukinio b\u0117gi\u0173 rinkinys"},"content":{"rendered":"<div class=\"_3cc68582\">\n<div class=\"_155f60df\">\n<div class=\"_427cbe5b\">\n<h1>MEDINIS GELE\u017dINKELIS<\/h1>\n<\/div>\n<\/div>\n<\/div>\n<div class=\"_3cc68582\">\n<div class=\"_155f60df\">\n<div class=\"_427cbe5b\">\n<ul>\n<li><strong>88 PREKES &#8211;&nbsp;<\/strong>rinkini sudaro 88 tiksliai pagaminti ir gra\u017eiai u\u017ebaigti elementai&nbsp;. Rinkinyje yra takelis, krovininis traukinys, keleivinis traukinys, automobilis, med\u017eiu ir \u017eenklu rinkinys, 3 \u017emones ir policijos \u0161uo, perkrovimo uostas su kranu ir lenta su automobiliu keliu.&nbsp;<strong>Eiles ir traukinio elementai yra sujungti magnetais<\/strong>&nbsp;&#8211; nera nereikalingu kabliuku, kurie galetu nutrukti ir vaikui nuolat kiltu problemu atjungti aparat\u0105.&nbsp;<strong>Magnetukai stiprus \u2013 nepaleid\u017eia net vis\u0105 komplekt\u0105 pakelus i vir\u0161u.<\/strong><\/li>\n<\/ul>\n<ul>\n<li><strong>PA\u017dADINA VAIZDUOT\u0118&nbsp;<\/strong>&#8211; \u017eaislas<strong>&nbsp;skatina kurybi\u0161kum\u0105 ir vaizduot\u0119.<\/strong>&nbsp;Galimybe kurti savo takelius ir juos nutiesti, o paskui suprojektuoti ir kurti aplink juos esanti kra\u0161tovaizdi&nbsp;<strong>puiki pramoga visiems<\/strong> . Jusu sukurtu takeliu testavimas&nbsp;<strong>bus labai smagus kiekvienam vaikui<\/strong> .<\/li>\n<\/ul>\n<ul>\n<li><strong>PLETRA&nbsp;<\/strong>\u2013su tr\u0105sa ne tik smagu \u017eaisti, ji taip pat&nbsp;<strong>lavina ir erdvini pojuti<\/strong>&nbsp;<strong>mank\u0161tina ma\u017eas rankas ir skatina lytejimo pojuti<\/strong> .<\/li>\n<li><strong>SAUGU<\/strong>&nbsp;&#8211; &nbsp;patiems ma\u017eiausiems. Visi mediniai elementai puikiai nu\u0161lifuoti ir nuda\u017eyti aplinkai nekenksmingais da\u017eais. Be to, nera i\u0161siki\u0161usiu, a\u0161triu elementu, galin\u010diu pakenkti vaikui. \u017daislas turi CE ir EN 71 sertifikatus.<\/li>\n<\/ul>\n<\/div>\n<\/div>\n<\/div>\n<div class=\"_3cc68582\">\n<div class=\"_155f60df\">\n<div class=\"_427cbe5b\">\n<p><strong>SPECIFIKACIJA<\/strong><\/p>\n<ul>\n<li>am\u017eius: 3+<\/li>\n<li>sertifikatai: CE, EN 71<\/li>\n<li>med\u017eiaga: mediena<\/li>\n<li>traukinio maitinimas: 1x AA (neitraukta)<\/li>\n<li>elementu skai\u010dius rinkinyje: 88<\/li>\n<li>takelio ilgis: 3,3 m<\/li>\n<li>platformos matmenys (tiltas) (ilgis \/ plotis \/ auk\u0161tis): 29,5 \/ 47 \/ 12,5 cm<\/li>\n<li>i\u0161matavimai i\u0161skleidus (ilgis \/ plotis \/ auk\u0161tis): 80x90x33,5cm<\/li>\n<li>svoris su pakuote: 4 kg<\/li>\n<\/ul>\n<p><strong>RINKIN\u012e SUDARO<\/strong><\/p>\n<ul>\n<li>21 takelio elementas<\/li>\n<li>tiltas<\/li>\n<li>4 med\u017eiai (kiekvienas su 2 elementais = 8)<\/li>\n<li>12 Kaledu eglu\u010diu<\/li>\n<li>2 atramos tiltui<\/li>\n<li>4 atramos perkrovimo prievadui<\/li>\n<li>10 simboliu<\/li>\n<li>3 pastatai (kiekvienas susideda i\u0161 3 daliu, i\u0161 viso 9 elementai)<\/li>\n<li>3 vyrai + policijos \u0161uo<\/li>\n<li>keleivinis traukinys &#8211; 3 elementai<\/li>\n<li>prekinis traukinys su 3 vagonais &#8211; 9 elementai<\/li>\n<li>automobilis<\/li>\n<li>kranas + konstrukcija<\/li>\n<li>baze \u2013 uostas<\/li>\n<li>lenta, imituojanti keli\u0105 automobiliui<\/li>\n<\/ul>\n<\/div>\n<\/div>\n<\/div>","protected":false},"excerpt":{"rendered":"<p>MEDINIS GELE\u017dINKELIS 88 PREKES &#8211;&nbsp;rinkini sudaro 88 tiksliai pagaminti ir gra\u017eiai u\u017ebaigti elementai&nbsp;. Rinkinyje yra takelis, krovininis traukinys, keleivinis traukinys, automobilis, med\u017eiu ir \u017eenklu rinkinys, 3 \u017emones ir policijos \u0161uo, perkrovimo uostas su kranu ir lenta su automobiliu keliu.&nbsp;Eiles ir traukinio elementai yra sujungti magnetais&nbsp;&#8211; nera nereikalingu kabliuku, kurie galetu nutrukti ir vaikui nuolat kiltu [&hellip;]<\/p>","protected":false},"featured_media":10846,"template":"","meta":{"iawp_total_views":4},"product_cat":[84,102,90,86,93,49,39,215],"product_tag":[96,97,98,99],"class_list":{"0":"post-10845","1":"product","2":"type-product","3":"status-publish","4":"has-post-thumbnail","6":"product_cat-lavinamieji-zaislai","7":"product_cat-mediniai-zaislai","8":"product_cat-pasaulio-pazinimas","9":"product_cat-smulkioji-motorika","10":"product_cat-vaidmenu-zaidimai","11":"product_cat-visi-zaislai","12":"product_cat-zaislai","13":"product_cat-zaislai-berniukams","14":"product_tag-2-m-3-m","15":"product_tag-3-m-4-m","16":"product_tag-5-m-7-m","17":"product_tag-8-m-11-m","19":"first","20":"outofstock","21":"sale","22":"taxable","23":"shipping-taxable","24":"purchasable","25":"product-type-simple"},"yoast_head":"<!-- This site is optimized with the Yoast SEO plugin v23.3 - https:\/\/yoast.com\/wordpress\/plugins\/seo\/ -->\n<title>Medinis traukinio b\u0117gi\u0173 rinkinys - Montessori \u017eaislai<\/title>\n<meta name=\"robots\" content=\"noindex, follow, max-snippet:-1, max-image-preview:large, max-video-preview:-1\" \/>\n<meta property=\"og:locale\" content=\"en_US\" \/>\n<meta property=\"og:type\" content=\"article\" \/>\n<meta property=\"og:title\" content=\"Medinis traukinio b\u0117gi\u0173 rinkinys - Montessori \u017eaislai\" \/>\n<meta property=\"og:description\" content=\"MEDINIS GELE\u017dINKELIS 88 PREKES &#8211;&nbsp;rinkini sudaro 88 tiksliai pagaminti ir gra\u017eiai u\u017ebaigti elementai&nbsp;. Rinkinyje yra takelis, krovininis traukinys, keleivinis traukinys, automobilis, med\u017eiu ir \u017eenklu rinkinys, 3 \u017emones ir policijos \u0161uo, perkrovimo uostas su kranu ir lenta su automobiliu keliu.&nbsp;Eiles ir traukinio elementai yra sujungti magnetais&nbsp;&#8211; nera nereikalingu kabliuku, kurie galetu nutrukti ir vaikui nuolat kiltu [&hellip;]\" \/>\n<meta property=\"og:url\" content=\"https:\/\/dev.monti.lt\/en\/product\/medinis-traukinio-begiu-rinkinys\/\" \/>\n<meta property=\"og:site_name\" content=\"Montessori \u017eaislai\" \/>\n<meta property=\"article:modified_time\" content=\"2023-12-30T14:26:19+00:00\" \/>\n<meta property=\"og:image\" content=\"https:\/\/dev.monti.lt\/wp-content\/uploads\/2022\/10\/lit_pl_Medinis-traukinys-akumuliatorinis-traukinys-14069_33.jpg\" \/>\n\t<meta property=\"og:image:width\" content=\"700\" \/>\n\t<meta property=\"og:image:height\" content=\"500\" \/>\n\t<meta property=\"og:image:type\" content=\"image\/jpeg\" \/>\n<meta name=\"twitter:card\" content=\"summary_large_image\" \/>\n<meta name=\"twitter:label1\" content=\"Est. reading time\" \/>\n\t<meta name=\"twitter:data1\" content=\"2 minutes\" \/>\n<script type=\"application\/ld+json\" class=\"yoast-schema-graph\">{\"@context\":\"https:\/\/schema.org\",\"@graph\":[{\"@type\":\"WebPage\",\"@id\":\"https:\/\/dev.monti.lt\/product\/medinis-traukinio-begiu-rinkinys\/\",\"url\":\"https:\/\/dev.monti.lt\/product\/medinis-traukinio-begiu-rinkinys\/\",\"name\":\"Medinis traukinio b\u0117gi\u0173 rinkinys - Montessori \u017eaislai\",\"isPartOf\":{\"@id\":\"https:\/\/dev.monti.lt\/#website\"},\"primaryImageOfPage\":{\"@id\":\"https:\/\/dev.monti.lt\/product\/medinis-traukinio-begiu-rinkinys\/#primaryimage\"},\"image\":{\"@id\":\"https:\/\/dev.monti.lt\/product\/medinis-traukinio-begiu-rinkinys\/#primaryimage\"},\"thumbnailUrl\":\"https:\/\/dev.monti.lt\/wp-content\/uploads\/2022\/10\/lit_pl_Medinis-traukinys-akumuliatorinis-traukinys-14069_33.jpg\",\"datePublished\":\"2022-10-27T18:56:41+00:00\",\"dateModified\":\"2023-12-30T14:26:19+00:00\",\"breadcrumb\":{\"@id\":\"https:\/\/dev.monti.lt\/product\/medinis-traukinio-begiu-rinkinys\/#breadcrumb\"},\"inLanguage\":\"en-US\",\"potentialAction\":[{\"@type\":\"ReadAction\",\"target\":[\"https:\/\/dev.monti.lt\/product\/medinis-traukinio-begiu-rinkinys\/\"]}]},{\"@type\":\"ImageObject\",\"inLanguage\":\"en-US\",\"@id\":\"https:\/\/dev.monti.lt\/product\/medinis-traukinio-begiu-rinkinys\/#primaryimage\",\"url\":\"https:\/\/dev.monti.lt\/wp-content\/uploads\/2022\/10\/lit_pl_Medinis-traukinys-akumuliatorinis-traukinys-14069_33.jpg\",\"contentUrl\":\"https:\/\/dev.monti.lt\/wp-content\/uploads\/2022\/10\/lit_pl_Medinis-traukinys-akumuliatorinis-traukinys-14069_33.jpg\",\"width\":700,\"height\":500,\"caption\":\"medians traukinys\"},{\"@type\":\"BreadcrumbList\",\"@id\":\"https:\/\/dev.monti.lt\/product\/medinis-traukinio-begiu-rinkinys\/#breadcrumb\",\"itemListElement\":[{\"@type\":\"ListItem\",\"position\":1,\"name\":\"Home\",\"item\":\"https:\/\/dev.monti.lt\/\"},{\"@type\":\"ListItem\",\"position\":2,\"name\":\"Parduotuv\u0117\",\"item\":\"https:\/\/dev.monti.lt\/shop\/\"},{\"@type\":\"ListItem\",\"position\":3,\"name\":\"Medinis traukinio b\u0117gi\u0173 rinkinys\"}]},{\"@type\":\"WebSite\",\"@id\":\"https:\/\/dev.monti.lt\/#website\",\"url\":\"https:\/\/dev.monti.lt\/\",\"name\":\"Montessori \u017eaislai\",\"description\":\"\",\"publisher\":{\"@id\":\"https:\/\/dev.monti.lt\/#organization\"},\"potentialAction\":[{\"@type\":\"SearchAction\",\"target\":{\"@type\":\"EntryPoint\",\"urlTemplate\":\"https:\/\/dev.monti.lt\/?s={search_term_string}\"},\"query-input\":\"required name=search_term_string\"}],\"inLanguage\":\"en-US\"},{\"@type\":\"Organization\",\"@id\":\"https:\/\/dev.monti.lt\/#organization\",\"name\":\"Montessori \u017eaislai\",\"url\":\"https:\/\/dev.monti.lt\/\",\"logo\":{\"@type\":\"ImageObject\",\"inLanguage\":\"en-US\",\"@id\":\"https:\/\/dev.monti.lt\/#\/schema\/logo\/image\/\",\"url\":\"https:\/\/dev.monti.lt\/wp-content\/uploads\/2022\/03\/montilogo-1.png\",\"contentUrl\":\"https:\/\/dev.monti.lt\/wp-content\/uploads\/2022\/03\/montilogo-1.png\",\"width\":512,\"height\":512,\"caption\":\"Montessori \u017eaislai\"},\"image\":{\"@id\":\"https:\/\/dev.monti.lt\/#\/schema\/logo\/image\/\"}}]}<\/script>\n<!-- \/ Yoast SEO plugin. -->","yoast_head_json":{"title":"Medinis traukinio b\u0117gi\u0173 rinkinys - Montessori \u017eaislai","robots":{"index":"noindex","follow":"follow","max-snippet":"max-snippet:-1","max-image-preview":"max-image-preview:large","max-video-preview":"max-video-preview:-1"},"og_locale":"en_US","og_type":"article","og_title":"Medinis traukinio b\u0117gi\u0173 rinkinys - Montessori \u017eaislai","og_description":"MEDINIS GELE\u017dINKELIS 88 PREKES &#8211;&nbsp;rinkini sudaro 88 tiksliai pagaminti ir gra\u017eiai u\u017ebaigti elementai&nbsp;. Rinkinyje yra takelis, krovininis traukinys, keleivinis traukinys, automobilis, med\u017eiu ir \u017eenklu rinkinys, 3 \u017emones ir policijos \u0161uo, perkrovimo uostas su kranu ir lenta su automobiliu keliu.&nbsp;Eiles ir traukinio elementai yra sujungti magnetais&nbsp;&#8211; nera nereikalingu kabliuku, kurie galetu nutrukti ir vaikui nuolat kiltu [&hellip;]","og_url":"https:\/\/dev.monti.lt\/en\/product\/medinis-traukinio-begiu-rinkinys\/","og_site_name":"Montessori \u017eaislai","article_modified_time":"2023-12-30T14:26:19+00:00","og_image":[{"width":700,"height":500,"url":"https:\/\/dev.monti.lt\/wp-content\/uploads\/2022\/10\/lit_pl_Medinis-traukinys-akumuliatorinis-traukinys-14069_33.jpg","type":"image\/jpeg"}],"twitter_card":"summary_large_image","twitter_misc":{"Est. reading time":"2 minutes"},"schema":{"@context":"https:\/\/schema.org","@graph":[{"@type":"WebPage","@id":"https:\/\/dev.monti.lt\/product\/medinis-traukinio-begiu-rinkinys\/","url":"https:\/\/dev.monti.lt\/product\/medinis-traukinio-begiu-rinkinys\/","name":"Medinis traukinio b\u0117gi\u0173 rinkinys - Montessori \u017eaislai","isPartOf":{"@id":"https:\/\/dev.monti.lt\/#website"},"primaryImageOfPage":{"@id":"https:\/\/dev.monti.lt\/product\/medinis-traukinio-begiu-rinkinys\/#primaryimage"},"image":{"@id":"https:\/\/dev.monti.lt\/product\/medinis-traukinio-begiu-rinkinys\/#primaryimage"},"thumbnailUrl":"https:\/\/dev.monti.lt\/wp-content\/uploads\/2022\/10\/lit_pl_Medinis-traukinys-akumuliatorinis-traukinys-14069_33.jpg","datePublished":"2022-10-27T18:56:41+00:00","dateModified":"2023-12-30T14:26:19+00:00","breadcrumb":{"@id":"https:\/\/dev.monti.lt\/product\/medinis-traukinio-begiu-rinkinys\/#breadcrumb"},"inLanguage":"en-US","potentialAction":[{"@type":"ReadAction","target":["https:\/\/dev.monti.lt\/product\/medinis-traukinio-begiu-rinkinys\/"]}]},{"@type":"ImageObject","inLanguage":"en-US","@id":"https:\/\/dev.monti.lt\/product\/medinis-traukinio-begiu-rinkinys\/#primaryimage","url":"https:\/\/dev.monti.lt\/wp-content\/uploads\/2022\/10\/lit_pl_Medinis-traukinys-akumuliatorinis-traukinys-14069_33.jpg","contentUrl":"https:\/\/dev.monti.lt\/wp-content\/uploads\/2022\/10\/lit_pl_Medinis-traukinys-akumuliatorinis-traukinys-14069_33.jpg","width":700,"height":500,"caption":"medians traukinys"},{"@type":"BreadcrumbList","@id":"https:\/\/dev.monti.lt\/product\/medinis-traukinio-begiu-rinkinys\/#breadcrumb","itemListElement":[{"@type":"ListItem","position":1,"name":"Home","item":"https:\/\/dev.monti.lt\/"},{"@type":"ListItem","position":2,"name":"Parduotuv\u0117","item":"https:\/\/dev.monti.lt\/shop\/"},{"@type":"ListItem","position":3,"name":"Medinis traukinio b\u0117gi\u0173 rinkinys"}]},{"@type":"WebSite","@id":"https:\/\/dev.monti.lt\/#website","url":"https:\/\/dev.monti.lt\/","name":"Montessori \u017eaislai","description":"","publisher":{"@id":"https:\/\/dev.monti.lt\/#organization"},"potentialAction":[{"@type":"SearchAction","target":{"@type":"EntryPoint","urlTemplate":"https:\/\/dev.monti.lt\/?s={search_term_string}"},"query-input":"required name=search_term_string"}],"inLanguage":"en-US"},{"@type":"Organization","@id":"https:\/\/dev.monti.lt\/#organization","name":"Montessori \u017eaislai","url":"https:\/\/dev.monti.lt\/","logo":{"@type":"ImageObject","inLanguage":"en-US","@id":"https:\/\/dev.monti.lt\/#\/schema\/logo\/image\/","url":"https:\/\/dev.monti.lt\/wp-content\/uploads\/2022\/03\/montilogo-1.png","contentUrl":"https:\/\/dev.monti.lt\/wp-content\/uploads\/2022\/03\/montilogo-1.png","width":512,"height":512,"caption":"Montessori \u017eaislai"},"image":{"@id":"https:\/\/dev.monti.lt\/#\/schema\/logo\/image\/"}}]}},"_links":{"self":[{"href":"https:\/\/dev.monti.lt\/en\/wp-json\/wp\/v2\/product\/10845"}],"collection":[{"href":"https:\/\/dev.monti.lt\/en\/wp-json\/wp\/v2\/product"}],"about":[{"href":"https:\/\/dev.monti.lt\/en\/wp-json\/wp\/v2\/types\/product"}],"version-history":[{"count":2,"href":"https:\/\/dev.monti.lt\/en\/wp-json\/wp\/v2\/product\/10845\/revisions"}],"predecessor-version":[{"id":14953,"href":"https:\/\/dev.monti.lt\/en\/wp-json\/wp\/v2\/product\/10845\/revisions\/14953"}],"wp:featuredmedia":[{"embeddable":true,"href":"https:\/\/dev.monti.lt\/en\/wp-json\/wp\/v2\/media\/10846"}],"wp:attachment":[{"href":"https:\/\/dev.monti.lt\/en\/wp-json\/wp\/v2\/media?parent=10845"}],"wp:term":[{"taxonomy":"product_cat","embeddable":true,"href":"https:\/\/dev.monti.lt\/en\/wp-json\/wp\/v2\/product_cat?post=10845"},{"taxonomy":"product_tag","embeddable":true,"href":"https:\/\/dev.monti.lt\/en\/wp-json\/wp\/v2\/product_tag?post=10845"}],"curies":[{"name":"wp","href":"https:\/\/api.w.org\/{rel}","templated":true}]}}