{"id":10841,"date":"2022-10-27T18:49:42","date_gmt":"2022-10-27T18:49:42","guid":{"rendered":"https:\/\/dev.monti.lt\/?post_type=product&#038;p=10841"},"modified":"2024-10-09T13:29:42","modified_gmt":"2024-10-09T13:29:42","slug":"piesimo-plancete-xl","status":"publish","type":"product","link":"https:\/\/dev.monti.lt\/en\/product\/piesimo-plancete-xl\/","title":{"rendered":"Pie\u0161imo plan\u010det\u0117 XL"},"content":{"rendered":"<p><strong>SPECIFIKACIJA<\/strong><\/p>\n<ul>\n<li>am\u017eius: 3+<\/li>\n<li>Maitinimas: CR 2025 baterija (pridedama)<\/li>\n<li>ekrano dydis: 10&#8243;<\/li>\n<li>plan\u0161etes matmenys (ilgis \/ plotis \/ auk\u0161tis): 17,2 \/ 0,6 \/ 25cm<\/li>\n<li>ra\u0161iklio ilgis: 12,5 cm<\/li>\n<li>rinkinio svoris: 128 g<\/li>\n<li>svoris su pakuote: 165g<\/li>\n<\/ul>","protected":false},"excerpt":{"rendered":"<p>SPECIFIKACIJA am\u017eius: 3+ Maitinimas: CR 2025 baterija (pridedama) ekrano dydis: 10&#8243; plan\u0161etes matmenys (ilgis \/ plotis \/ auk\u0161tis): 17,2 \/ 0,6 \/ 25cm ra\u0161iklio ilgis: 12,5 cm rinkinio svoris: 128 g svoris su pakuote: 165g<\/p>","protected":false},"featured_media":10842,"template":"","meta":{"iawp_total_views":57},"product_cat":[84,89,49,39],"product_tag":[101,96,97,98,99],"class_list":{"0":"post-10841","1":"product","2":"type-product","3":"status-publish","4":"has-post-thumbnail","6":"product_cat-lavinamieji-zaislai","7":"product_cat-mokausi-piesti","8":"product_cat-visi-zaislai","9":"product_cat-zaislai","10":"product_tag-12-m-14-m","11":"product_tag-2-m-3-m","12":"product_tag-3-m-4-m","13":"product_tag-5-m-7-m","14":"product_tag-8-m-11-m","16":"first","17":"instock","18":"sale","19":"taxable","20":"shipping-taxable","21":"purchasable","22":"product-type-simple"},"yoast_head":"<!-- This site is optimized with the Yoast SEO plugin v23.3 - https:\/\/yoast.com\/wordpress\/plugins\/seo\/ -->\n<title>Pie\u0161imo plan\u010det\u0117 XL - Montessori \u017eaislai<\/title>\n<meta name=\"robots\" content=\"noindex, follow, max-snippet:-1, max-image-preview:large, max-video-preview:-1\" \/>\n<meta property=\"og:locale\" content=\"en_US\" \/>\n<meta property=\"og:type\" content=\"article\" \/>\n<meta property=\"og:title\" content=\"Pie\u0161imo plan\u010det\u0117 XL - Montessori \u017eaislai\" \/>\n<meta property=\"og:description\" content=\"SPECIFIKACIJA am\u017eius: 3+ Maitinimas: CR 2025 baterija (pridedama) ekrano dydis: 10&#8243; plan\u0161etes matmenys (ilgis \/ plotis \/ auk\u0161tis): 17,2 \/ 0,6 \/ 25cm ra\u0161iklio ilgis: 12,5 cm rinkinio svoris: 128 g svoris su pakuote: 165g\" \/>\n<meta property=\"og:url\" content=\"https:\/\/dev.monti.lt\/en\/product\/piesimo-plancete-xl\/\" \/>\n<meta property=\"og:site_name\" content=\"Montessori \u017eaislai\" \/>\n<meta property=\"article:modified_time\" content=\"2024-10-09T13:29:42+00:00\" \/>\n<meta property=\"og:image\" content=\"https:\/\/dev.monti.lt\/wp-content\/uploads\/2022\/10\/lit_pl_10-quot-juoda-XL-piesimo-plansete-13930_1.jpg\" \/>\n\t<meta property=\"og:image:width\" content=\"608\" \/>\n\t<meta property=\"og:image:height\" content=\"500\" \/>\n\t<meta property=\"og:image:type\" content=\"image\/jpeg\" \/>\n<meta name=\"twitter:card\" content=\"summary_large_image\" \/>\n<meta name=\"twitter:label1\" content=\"Est. reading time\" \/>\n\t<meta name=\"twitter:data1\" content=\"1 minute\" \/>\n<script type=\"application\/ld+json\" class=\"yoast-schema-graph\">{\"@context\":\"https:\/\/schema.org\",\"@graph\":[{\"@type\":\"WebPage\",\"@id\":\"https:\/\/dev.monti.lt\/product\/piesimo-plancete-xl\/\",\"url\":\"https:\/\/dev.monti.lt\/product\/piesimo-plancete-xl\/\",\"name\":\"Pie\u0161imo plan\u010det\u0117 XL - Montessori \u017eaislai\",\"isPartOf\":{\"@id\":\"https:\/\/dev.monti.lt\/#website\"},\"primaryImageOfPage\":{\"@id\":\"https:\/\/dev.monti.lt\/product\/piesimo-plancete-xl\/#primaryimage\"},\"image\":{\"@id\":\"https:\/\/dev.monti.lt\/product\/piesimo-plancete-xl\/#primaryimage\"},\"thumbnailUrl\":\"https:\/\/dev.monti.lt\/wp-content\/uploads\/2022\/10\/lit_pl_10-quot-juoda-XL-piesimo-plansete-13930_1.jpg\",\"datePublished\":\"2022-10-27T18:49:42+00:00\",\"dateModified\":\"2024-10-09T13:29:42+00:00\",\"breadcrumb\":{\"@id\":\"https:\/\/dev.monti.lt\/product\/piesimo-plancete-xl\/#breadcrumb\"},\"inLanguage\":\"en-US\",\"potentialAction\":[{\"@type\":\"ReadAction\",\"target\":[\"https:\/\/dev.monti.lt\/product\/piesimo-plancete-xl\/\"]}]},{\"@type\":\"ImageObject\",\"inLanguage\":\"en-US\",\"@id\":\"https:\/\/dev.monti.lt\/product\/piesimo-plancete-xl\/#primaryimage\",\"url\":\"https:\/\/dev.monti.lt\/wp-content\/uploads\/2022\/10\/lit_pl_10-quot-juoda-XL-piesimo-plansete-13930_1.jpg\",\"contentUrl\":\"https:\/\/dev.monti.lt\/wp-content\/uploads\/2022\/10\/lit_pl_10-quot-juoda-XL-piesimo-plansete-13930_1.jpg\",\"width\":608,\"height\":500,\"caption\":\"pie\u0161imo plan\u010det\u0117\"},{\"@type\":\"BreadcrumbList\",\"@id\":\"https:\/\/dev.monti.lt\/product\/piesimo-plancete-xl\/#breadcrumb\",\"itemListElement\":[{\"@type\":\"ListItem\",\"position\":1,\"name\":\"Home\",\"item\":\"https:\/\/dev.monti.lt\/\"},{\"@type\":\"ListItem\",\"position\":2,\"name\":\"Parduotuv\u0117\",\"item\":\"https:\/\/dev.monti.lt\/shop\/\"},{\"@type\":\"ListItem\",\"position\":3,\"name\":\"Pie\u0161imo plan\u010det\u0117 XL\"}]},{\"@type\":\"WebSite\",\"@id\":\"https:\/\/dev.monti.lt\/#website\",\"url\":\"https:\/\/dev.monti.lt\/\",\"name\":\"Montessori \u017eaislai\",\"description\":\"\",\"publisher\":{\"@id\":\"https:\/\/dev.monti.lt\/#organization\"},\"potentialAction\":[{\"@type\":\"SearchAction\",\"target\":{\"@type\":\"EntryPoint\",\"urlTemplate\":\"https:\/\/dev.monti.lt\/?s={search_term_string}\"},\"query-input\":\"required name=search_term_string\"}],\"inLanguage\":\"en-US\"},{\"@type\":\"Organization\",\"@id\":\"https:\/\/dev.monti.lt\/#organization\",\"name\":\"Montessori \u017eaislai\",\"url\":\"https:\/\/dev.monti.lt\/\",\"logo\":{\"@type\":\"ImageObject\",\"inLanguage\":\"en-US\",\"@id\":\"https:\/\/dev.monti.lt\/#\/schema\/logo\/image\/\",\"url\":\"https:\/\/dev.monti.lt\/wp-content\/uploads\/2022\/03\/montilogo-1.png\",\"contentUrl\":\"https:\/\/dev.monti.lt\/wp-content\/uploads\/2022\/03\/montilogo-1.png\",\"width\":512,\"height\":512,\"caption\":\"Montessori \u017eaislai\"},\"image\":{\"@id\":\"https:\/\/dev.monti.lt\/#\/schema\/logo\/image\/\"}}]}<\/script>\n<!-- \/ Yoast SEO plugin. -->","yoast_head_json":{"title":"Pie\u0161imo plan\u010det\u0117 XL - Montessori \u017eaislai","robots":{"index":"noindex","follow":"follow","max-snippet":"max-snippet:-1","max-image-preview":"max-image-preview:large","max-video-preview":"max-video-preview:-1"},"og_locale":"en_US","og_type":"article","og_title":"Pie\u0161imo plan\u010det\u0117 XL - Montessori \u017eaislai","og_description":"SPECIFIKACIJA am\u017eius: 3+ Maitinimas: CR 2025 baterija (pridedama) ekrano dydis: 10&#8243; plan\u0161etes matmenys (ilgis \/ plotis \/ auk\u0161tis): 17,2 \/ 0,6 \/ 25cm ra\u0161iklio ilgis: 12,5 cm rinkinio svoris: 128 g svoris su pakuote: 165g","og_url":"https:\/\/dev.monti.lt\/en\/product\/piesimo-plancete-xl\/","og_site_name":"Montessori \u017eaislai","article_modified_time":"2024-10-09T13:29:42+00:00","og_image":[{"width":608,"height":500,"url":"https:\/\/dev.monti.lt\/wp-content\/uploads\/2022\/10\/lit_pl_10-quot-juoda-XL-piesimo-plansete-13930_1.jpg","type":"image\/jpeg"}],"twitter_card":"summary_large_image","twitter_misc":{"Est. reading time":"1 minute"},"schema":{"@context":"https:\/\/schema.org","@graph":[{"@type":"WebPage","@id":"https:\/\/dev.monti.lt\/product\/piesimo-plancete-xl\/","url":"https:\/\/dev.monti.lt\/product\/piesimo-plancete-xl\/","name":"Pie\u0161imo plan\u010det\u0117 XL - Montessori \u017eaislai","isPartOf":{"@id":"https:\/\/dev.monti.lt\/#website"},"primaryImageOfPage":{"@id":"https:\/\/dev.monti.lt\/product\/piesimo-plancete-xl\/#primaryimage"},"image":{"@id":"https:\/\/dev.monti.lt\/product\/piesimo-plancete-xl\/#primaryimage"},"thumbnailUrl":"https:\/\/dev.monti.lt\/wp-content\/uploads\/2022\/10\/lit_pl_10-quot-juoda-XL-piesimo-plansete-13930_1.jpg","datePublished":"2022-10-27T18:49:42+00:00","dateModified":"2024-10-09T13:29:42+00:00","breadcrumb":{"@id":"https:\/\/dev.monti.lt\/product\/piesimo-plancete-xl\/#breadcrumb"},"inLanguage":"en-US","potentialAction":[{"@type":"ReadAction","target":["https:\/\/dev.monti.lt\/product\/piesimo-plancete-xl\/"]}]},{"@type":"ImageObject","inLanguage":"en-US","@id":"https:\/\/dev.monti.lt\/product\/piesimo-plancete-xl\/#primaryimage","url":"https:\/\/dev.monti.lt\/wp-content\/uploads\/2022\/10\/lit_pl_10-quot-juoda-XL-piesimo-plansete-13930_1.jpg","contentUrl":"https:\/\/dev.monti.lt\/wp-content\/uploads\/2022\/10\/lit_pl_10-quot-juoda-XL-piesimo-plansete-13930_1.jpg","width":608,"height":500,"caption":"pie\u0161imo plan\u010det\u0117"},{"@type":"BreadcrumbList","@id":"https:\/\/dev.monti.lt\/product\/piesimo-plancete-xl\/#breadcrumb","itemListElement":[{"@type":"ListItem","position":1,"name":"Home","item":"https:\/\/dev.monti.lt\/"},{"@type":"ListItem","position":2,"name":"Parduotuv\u0117","item":"https:\/\/dev.monti.lt\/shop\/"},{"@type":"ListItem","position":3,"name":"Pie\u0161imo plan\u010det\u0117 XL"}]},{"@type":"WebSite","@id":"https:\/\/dev.monti.lt\/#website","url":"https:\/\/dev.monti.lt\/","name":"Montessori \u017eaislai","description":"","publisher":{"@id":"https:\/\/dev.monti.lt\/#organization"},"potentialAction":[{"@type":"SearchAction","target":{"@type":"EntryPoint","urlTemplate":"https:\/\/dev.monti.lt\/?s={search_term_string}"},"query-input":"required name=search_term_string"}],"inLanguage":"en-US"},{"@type":"Organization","@id":"https:\/\/dev.monti.lt\/#organization","name":"Montessori \u017eaislai","url":"https:\/\/dev.monti.lt\/","logo":{"@type":"ImageObject","inLanguage":"en-US","@id":"https:\/\/dev.monti.lt\/#\/schema\/logo\/image\/","url":"https:\/\/dev.monti.lt\/wp-content\/uploads\/2022\/03\/montilogo-1.png","contentUrl":"https:\/\/dev.monti.lt\/wp-content\/uploads\/2022\/03\/montilogo-1.png","width":512,"height":512,"caption":"Montessori \u017eaislai"},"image":{"@id":"https:\/\/dev.monti.lt\/#\/schema\/logo\/image\/"}}]}},"_links":{"self":[{"href":"https:\/\/dev.monti.lt\/en\/wp-json\/wp\/v2\/product\/10841"}],"collection":[{"href":"https:\/\/dev.monti.lt\/en\/wp-json\/wp\/v2\/product"}],"about":[{"href":"https:\/\/dev.monti.lt\/en\/wp-json\/wp\/v2\/types\/product"}],"version-history":[{"count":1,"href":"https:\/\/dev.monti.lt\/en\/wp-json\/wp\/v2\/product\/10841\/revisions"}],"predecessor-version":[{"id":10844,"href":"https:\/\/dev.monti.lt\/en\/wp-json\/wp\/v2\/product\/10841\/revisions\/10844"}],"wp:featuredmedia":[{"embeddable":true,"href":"https:\/\/dev.monti.lt\/en\/wp-json\/wp\/v2\/media\/10842"}],"wp:attachment":[{"href":"https:\/\/dev.monti.lt\/en\/wp-json\/wp\/v2\/media?parent=10841"}],"wp:term":[{"taxonomy":"product_cat","embeddable":true,"href":"https:\/\/dev.monti.lt\/en\/wp-json\/wp\/v2\/product_cat?post=10841"},{"taxonomy":"product_tag","embeddable":true,"href":"https:\/\/dev.monti.lt\/en\/wp-json\/wp\/v2\/product_tag?post=10841"}],"curies":[{"name":"wp","href":"https:\/\/api.w.org\/{rel}","templated":true}]}}