{"id":10815,"date":"2022-10-27T18:27:33","date_gmt":"2022-10-27T18:27:33","guid":{"rendered":"https:\/\/dev.monti.lt\/?post_type=product&#038;p=10815"},"modified":"2024-10-01T11:51:04","modified_gmt":"2024-10-01T11:51:04","slug":"suniuko-prieziuros-rinkinys-kuprineje","status":"publish","type":"product","link":"https:\/\/dev.monti.lt\/en\/product\/suniuko-prieziuros-rinkinys-kuprineje\/","title":{"rendered":"\u0160uniuko prie\u017ei\u016bros rinkinys kuprin\u0117je"},"content":{"rendered":"<div class=\"mpof_ki myre_zn myre_8v_l _0d3bd_YrWCD\">\n<div class=\"mp4t_16_s mryx_16_s mr3m_1 mli2_1 mh85_56 mh85_0_l\">\n<div class=\"mgn2_16 _0d3bd_5pK0q\">\n<h1>RINKINYS \u0160UNS PRIE\u017dIURAI<\/h1>\n<\/div>\n<\/div>\n<\/div>\n<div class=\"mpof_ki myre_zn myre_8v_l _0d3bd_YrWCD\">\n<div class=\"mp4t_16_s mryx_16_s mr3m_1 mli2_1 mh85_56 mh85_0_l\">\n<div class=\"mgn2_16 _0d3bd_5pK0q\">\n<ul>\n<li><strong>GRO\u017dIO SALONAS \u0160UNIUKUI &#8211;&nbsp;<\/strong>Rinkin\u012f sudaro&nbsp;<strong>kuprin\u0117 su petne\u0161\u0117l\u0117mis<\/strong>,&nbsp;<strong>\u0161epetys<\/strong> ,&nbsp;<strong>d\u017eiovintuvas<\/strong> ,&nbsp;<strong>skanestai \u0161unims<\/strong> ,&nbsp;<strong>nagu \u017eirkles.<\/strong><\/li>\n<\/ul>\n<ul>\n<li><strong>Prakti\u0161ka kuprin\u0117 &#8211;&nbsp;<\/strong><strong>&nbsp;reguliuojamais dir\u017eais<\/strong> , tod\u0117l puikiai tinka vyresnio am\u017eiaus ir jaunesniems \u0161unu entuziastams. Taip pat turi&nbsp;<strong>patogi rankena<\/strong>&nbsp;ir&nbsp;<strong>u\u017esegimas, kad \u017eaislai nei\u0161kristu<\/strong><\/li>\n<li><strong>MOKO ATSAKOMYBES \u2013<\/strong>&nbsp;pri\u017eiurint \u017eaislini augintini&nbsp;<strong>parodome vaikui, kokia atsakomybe yra tureti \u0161uni.&nbsp;<\/strong>taip pat&nbsp;<strong>pristato pagrindines proceduras<\/strong> , kurias reikia atlikti &nbsp;pvz., valytis, maudytis, kirpti nagus.&nbsp;<strong>Toki rinkini verta isigyti, jei vaikas jau seniai pra\u0161e tikro \u0161uniuko.<\/strong><\/li>\n<\/ul>\n<ul>\n<li><strong>PUIKUS KELIONEMS &#8211;&nbsp;<\/strong>visi tevai &nbsp;\u017eino moment\u0105, kai vaikas negali nuspr\u0119sti, koki \u017eaisl\u0105 pasiimti su savimi prie\u0161 i\u0161vykdamas. \u0160is&nbsp;<strong>\u017eaislas telpa i ma\u017e\u0105 kuprin\u0119<\/strong>&nbsp;tod\u0117l&nbsp;<strong>tinka \u017eaidimui kelioniu metu.<\/strong>&nbsp;<strong>U\u017eima ma\u017eai vietos<\/strong>&nbsp;ir&nbsp;<strong>vaikas gali ne\u0161ioti pats.<\/strong><\/li>\n<\/ul>\n<\/div>\n<\/div>\n<\/div>\n<div class=\"mpof_ki myre_zn myre_8v_l _0d3bd_YrWCD\">\n<div class=\"mp4t_16_s mryx_16_s mr3m_1 mli2_1 mh85_56 mh85_0_l\">\n<div class=\"mgn2_16 _0d3bd_5pK0q\">\n<p><strong>SPECIFIKACIJA<\/strong><\/p>\n<ul>\n<li>lagamino matmenys: 24\/18 \/ 8cm<\/li>\n<li>med\u017eiaga: plastikas<\/li>\n<li>sertifikatai: CE, EN 71<\/li>\n<li>am\u017eius: 3+<\/li>\n<li>svoris: 0,39 kg<\/li>\n<li>svoris su pakuote: 0,5 kg<\/li>\n<\/ul>\n<p><strong>RINKIN\u012e SUDARO:<\/strong><\/p>\n<ul>\n<li>kuprine<\/li>\n<li>ma\u017eas \u0161uo<\/li>\n<li>d\u017eiovintuvas<\/li>\n<li>maisto de\u017eute<\/li>\n<li>\u0161ampunas<\/li>\n<li>saugios \u017eirkles<\/li>\n<\/ul>\n<p>.<\/p>\n<\/div>\n<\/div>\n<\/div>","protected":false},"excerpt":{"rendered":"<p>RINKINYS \u0160UNS PRIE\u017dIURAI GRO\u017dIO SALONAS \u0160UNIUKUI &#8211;&nbsp;Rinkin\u012f sudaro&nbsp;kuprin\u0117 su petne\u0161\u0117l\u0117mis,&nbsp;\u0161epetys ,&nbsp;d\u017eiovintuvas ,&nbsp;skanestai \u0161unims ,&nbsp;nagu \u017eirkles. Prakti\u0161ka kuprin\u0117 &#8211;&nbsp;&nbsp;reguliuojamais dir\u017eais , tod\u0117l puikiai tinka vyresnio am\u017eiaus ir jaunesniems \u0161unu entuziastams. Taip pat turi&nbsp;patogi rankena&nbsp;ir&nbsp;u\u017esegimas, kad \u017eaislai nei\u0161kristu MOKO ATSAKOMYBES \u2013&nbsp;pri\u017eiurint \u017eaislini augintini&nbsp;parodome vaikui, kokia atsakomybe yra tureti \u0161uni.&nbsp;taip pat&nbsp;pristato pagrindines proceduras , kurias reikia atlikti &nbsp;pvz., [&hellip;]<\/p>","protected":false},"featured_media":10816,"template":"","meta":{"iawp_total_views":70},"product_cat":[84,90,93,49,39],"product_tag":[96,97,98],"class_list":{"0":"post-10815","1":"product","2":"type-product","3":"status-publish","4":"has-post-thumbnail","6":"product_cat-lavinamieji-zaislai","7":"product_cat-pasaulio-pazinimas","8":"product_cat-vaidmenu-zaidimai","9":"product_cat-visi-zaislai","10":"product_cat-zaislai","11":"product_tag-2-m-3-m","12":"product_tag-3-m-4-m","13":"product_tag-5-m-7-m","15":"first","16":"instock","17":"taxable","18":"shipping-taxable","19":"purchasable","20":"product-type-simple"},"yoast_head":"<!-- This site is optimized with the Yoast SEO plugin v23.3 - https:\/\/yoast.com\/wordpress\/plugins\/seo\/ -->\n<title>\u0160uniuko prie\u017ei\u016bros rinkinys kuprin\u0117je - Montessori \u017eaislai<\/title>\n<meta name=\"robots\" content=\"noindex, follow, max-snippet:-1, max-image-preview:large, max-video-preview:-1\" \/>\n<meta property=\"og:locale\" content=\"en_US\" \/>\n<meta property=\"og:type\" content=\"article\" \/>\n<meta property=\"og:title\" content=\"\u0160uniuko prie\u017ei\u016bros rinkinys kuprin\u0117je - Montessori \u017eaislai\" \/>\n<meta property=\"og:description\" content=\"RINKINYS \u0160UNS PRIE\u017dIURAI GRO\u017dIO SALONAS \u0160UNIUKUI &#8211;&nbsp;Rinkin\u012f sudaro&nbsp;kuprin\u0117 su petne\u0161\u0117l\u0117mis,&nbsp;\u0161epetys ,&nbsp;d\u017eiovintuvas ,&nbsp;skanestai \u0161unims ,&nbsp;nagu \u017eirkles. Prakti\u0161ka kuprin\u0117 &#8211;&nbsp;&nbsp;reguliuojamais dir\u017eais , tod\u0117l puikiai tinka vyresnio am\u017eiaus ir jaunesniems \u0161unu entuziastams. Taip pat turi&nbsp;patogi rankena&nbsp;ir&nbsp;u\u017esegimas, kad \u017eaislai nei\u0161kristu MOKO ATSAKOMYBES \u2013&nbsp;pri\u017eiurint \u017eaislini augintini&nbsp;parodome vaikui, kokia atsakomybe yra tureti \u0161uni.&nbsp;taip pat&nbsp;pristato pagrindines proceduras , kurias reikia atlikti &nbsp;pvz., [&hellip;]\" \/>\n<meta property=\"og:url\" content=\"https:\/\/dev.monti.lt\/en\/product\/suniuko-prieziuros-rinkinys-kuprineje\/\" \/>\n<meta property=\"og:site_name\" content=\"Montessori \u017eaislai\" \/>\n<meta property=\"article:modified_time\" content=\"2024-10-01T11:51:04+00:00\" \/>\n<meta property=\"og:image\" content=\"https:\/\/dev.monti.lt\/wp-content\/uploads\/2022\/10\/lit_pl_Rinkinys-suniui-maudyti-zaislas-14101_1.jpg\" \/>\n\t<meta property=\"og:image:width\" content=\"674\" \/>\n\t<meta property=\"og:image:height\" content=\"500\" \/>\n\t<meta property=\"og:image:type\" content=\"image\/jpeg\" \/>\n<meta name=\"twitter:card\" content=\"summary_large_image\" \/>\n<meta name=\"twitter:label1\" content=\"Est. reading time\" \/>\n\t<meta name=\"twitter:data1\" content=\"1 minute\" \/>\n<script type=\"application\/ld+json\" class=\"yoast-schema-graph\">{\"@context\":\"https:\/\/schema.org\",\"@graph\":[{\"@type\":\"WebPage\",\"@id\":\"https:\/\/dev.monti.lt\/product\/suniuko-prieziuros-rinkinys-kuprineje\/\",\"url\":\"https:\/\/dev.monti.lt\/product\/suniuko-prieziuros-rinkinys-kuprineje\/\",\"name\":\"\u0160uniuko prie\u017ei\u016bros rinkinys kuprin\u0117je - Montessori \u017eaislai\",\"isPartOf\":{\"@id\":\"https:\/\/dev.monti.lt\/#website\"},\"primaryImageOfPage\":{\"@id\":\"https:\/\/dev.monti.lt\/product\/suniuko-prieziuros-rinkinys-kuprineje\/#primaryimage\"},\"image\":{\"@id\":\"https:\/\/dev.monti.lt\/product\/suniuko-prieziuros-rinkinys-kuprineje\/#primaryimage\"},\"thumbnailUrl\":\"https:\/\/dev.monti.lt\/wp-content\/uploads\/2022\/10\/lit_pl_Rinkinys-suniui-maudyti-zaislas-14101_1.jpg\",\"datePublished\":\"2022-10-27T18:27:33+00:00\",\"dateModified\":\"2024-10-01T11:51:04+00:00\",\"breadcrumb\":{\"@id\":\"https:\/\/dev.monti.lt\/product\/suniuko-prieziuros-rinkinys-kuprineje\/#breadcrumb\"},\"inLanguage\":\"en-US\",\"potentialAction\":[{\"@type\":\"ReadAction\",\"target\":[\"https:\/\/dev.monti.lt\/product\/suniuko-prieziuros-rinkinys-kuprineje\/\"]}]},{\"@type\":\"ImageObject\",\"inLanguage\":\"en-US\",\"@id\":\"https:\/\/dev.monti.lt\/product\/suniuko-prieziuros-rinkinys-kuprineje\/#primaryimage\",\"url\":\"https:\/\/dev.monti.lt\/wp-content\/uploads\/2022\/10\/lit_pl_Rinkinys-suniui-maudyti-zaislas-14101_1.jpg\",\"contentUrl\":\"https:\/\/dev.monti.lt\/wp-content\/uploads\/2022\/10\/lit_pl_Rinkinys-suniui-maudyti-zaislas-14101_1.jpg\",\"width\":674,\"height\":500,\"caption\":\"\u017eaislas duo\"},{\"@type\":\"BreadcrumbList\",\"@id\":\"https:\/\/dev.monti.lt\/product\/suniuko-prieziuros-rinkinys-kuprineje\/#breadcrumb\",\"itemListElement\":[{\"@type\":\"ListItem\",\"position\":1,\"name\":\"Home\",\"item\":\"https:\/\/dev.monti.lt\/\"},{\"@type\":\"ListItem\",\"position\":2,\"name\":\"Parduotuv\u0117\",\"item\":\"https:\/\/dev.monti.lt\/shop\/\"},{\"@type\":\"ListItem\",\"position\":3,\"name\":\"\u0160uniuko prie\u017ei\u016bros rinkinys kuprin\u0117je\"}]},{\"@type\":\"WebSite\",\"@id\":\"https:\/\/dev.monti.lt\/#website\",\"url\":\"https:\/\/dev.monti.lt\/\",\"name\":\"Montessori \u017eaislai\",\"description\":\"\",\"publisher\":{\"@id\":\"https:\/\/dev.monti.lt\/#organization\"},\"potentialAction\":[{\"@type\":\"SearchAction\",\"target\":{\"@type\":\"EntryPoint\",\"urlTemplate\":\"https:\/\/dev.monti.lt\/?s={search_term_string}\"},\"query-input\":\"required name=search_term_string\"}],\"inLanguage\":\"en-US\"},{\"@type\":\"Organization\",\"@id\":\"https:\/\/dev.monti.lt\/#organization\",\"name\":\"Montessori \u017eaislai\",\"url\":\"https:\/\/dev.monti.lt\/\",\"logo\":{\"@type\":\"ImageObject\",\"inLanguage\":\"en-US\",\"@id\":\"https:\/\/dev.monti.lt\/#\/schema\/logo\/image\/\",\"url\":\"https:\/\/dev.monti.lt\/wp-content\/uploads\/2022\/03\/montilogo-1.png\",\"contentUrl\":\"https:\/\/dev.monti.lt\/wp-content\/uploads\/2022\/03\/montilogo-1.png\",\"width\":512,\"height\":512,\"caption\":\"Montessori \u017eaislai\"},\"image\":{\"@id\":\"https:\/\/dev.monti.lt\/#\/schema\/logo\/image\/\"}}]}<\/script>\n<!-- \/ Yoast SEO plugin. -->","yoast_head_json":{"title":"\u0160uniuko prie\u017ei\u016bros rinkinys kuprin\u0117je - Montessori \u017eaislai","robots":{"index":"noindex","follow":"follow","max-snippet":"max-snippet:-1","max-image-preview":"max-image-preview:large","max-video-preview":"max-video-preview:-1"},"og_locale":"en_US","og_type":"article","og_title":"\u0160uniuko prie\u017ei\u016bros rinkinys kuprin\u0117je - Montessori \u017eaislai","og_description":"RINKINYS \u0160UNS PRIE\u017dIURAI GRO\u017dIO SALONAS \u0160UNIUKUI &#8211;&nbsp;Rinkin\u012f sudaro&nbsp;kuprin\u0117 su petne\u0161\u0117l\u0117mis,&nbsp;\u0161epetys ,&nbsp;d\u017eiovintuvas ,&nbsp;skanestai \u0161unims ,&nbsp;nagu \u017eirkles. Prakti\u0161ka kuprin\u0117 &#8211;&nbsp;&nbsp;reguliuojamais dir\u017eais , tod\u0117l puikiai tinka vyresnio am\u017eiaus ir jaunesniems \u0161unu entuziastams. Taip pat turi&nbsp;patogi rankena&nbsp;ir&nbsp;u\u017esegimas, kad \u017eaislai nei\u0161kristu MOKO ATSAKOMYBES \u2013&nbsp;pri\u017eiurint \u017eaislini augintini&nbsp;parodome vaikui, kokia atsakomybe yra tureti \u0161uni.&nbsp;taip pat&nbsp;pristato pagrindines proceduras , kurias reikia atlikti &nbsp;pvz., [&hellip;]","og_url":"https:\/\/dev.monti.lt\/en\/product\/suniuko-prieziuros-rinkinys-kuprineje\/","og_site_name":"Montessori \u017eaislai","article_modified_time":"2024-10-01T11:51:04+00:00","og_image":[{"width":674,"height":500,"url":"https:\/\/dev.monti.lt\/wp-content\/uploads\/2022\/10\/lit_pl_Rinkinys-suniui-maudyti-zaislas-14101_1.jpg","type":"image\/jpeg"}],"twitter_card":"summary_large_image","twitter_misc":{"Est. reading time":"1 minute"},"schema":{"@context":"https:\/\/schema.org","@graph":[{"@type":"WebPage","@id":"https:\/\/dev.monti.lt\/product\/suniuko-prieziuros-rinkinys-kuprineje\/","url":"https:\/\/dev.monti.lt\/product\/suniuko-prieziuros-rinkinys-kuprineje\/","name":"\u0160uniuko prie\u017ei\u016bros rinkinys kuprin\u0117je - Montessori \u017eaislai","isPartOf":{"@id":"https:\/\/dev.monti.lt\/#website"},"primaryImageOfPage":{"@id":"https:\/\/dev.monti.lt\/product\/suniuko-prieziuros-rinkinys-kuprineje\/#primaryimage"},"image":{"@id":"https:\/\/dev.monti.lt\/product\/suniuko-prieziuros-rinkinys-kuprineje\/#primaryimage"},"thumbnailUrl":"https:\/\/dev.monti.lt\/wp-content\/uploads\/2022\/10\/lit_pl_Rinkinys-suniui-maudyti-zaislas-14101_1.jpg","datePublished":"2022-10-27T18:27:33+00:00","dateModified":"2024-10-01T11:51:04+00:00","breadcrumb":{"@id":"https:\/\/dev.monti.lt\/product\/suniuko-prieziuros-rinkinys-kuprineje\/#breadcrumb"},"inLanguage":"en-US","potentialAction":[{"@type":"ReadAction","target":["https:\/\/dev.monti.lt\/product\/suniuko-prieziuros-rinkinys-kuprineje\/"]}]},{"@type":"ImageObject","inLanguage":"en-US","@id":"https:\/\/dev.monti.lt\/product\/suniuko-prieziuros-rinkinys-kuprineje\/#primaryimage","url":"https:\/\/dev.monti.lt\/wp-content\/uploads\/2022\/10\/lit_pl_Rinkinys-suniui-maudyti-zaislas-14101_1.jpg","contentUrl":"https:\/\/dev.monti.lt\/wp-content\/uploads\/2022\/10\/lit_pl_Rinkinys-suniui-maudyti-zaislas-14101_1.jpg","width":674,"height":500,"caption":"\u017eaislas duo"},{"@type":"BreadcrumbList","@id":"https:\/\/dev.monti.lt\/product\/suniuko-prieziuros-rinkinys-kuprineje\/#breadcrumb","itemListElement":[{"@type":"ListItem","position":1,"name":"Home","item":"https:\/\/dev.monti.lt\/"},{"@type":"ListItem","position":2,"name":"Parduotuv\u0117","item":"https:\/\/dev.monti.lt\/shop\/"},{"@type":"ListItem","position":3,"name":"\u0160uniuko prie\u017ei\u016bros rinkinys kuprin\u0117je"}]},{"@type":"WebSite","@id":"https:\/\/dev.monti.lt\/#website","url":"https:\/\/dev.monti.lt\/","name":"Montessori \u017eaislai","description":"","publisher":{"@id":"https:\/\/dev.monti.lt\/#organization"},"potentialAction":[{"@type":"SearchAction","target":{"@type":"EntryPoint","urlTemplate":"https:\/\/dev.monti.lt\/?s={search_term_string}"},"query-input":"required name=search_term_string"}],"inLanguage":"en-US"},{"@type":"Organization","@id":"https:\/\/dev.monti.lt\/#organization","name":"Montessori \u017eaislai","url":"https:\/\/dev.monti.lt\/","logo":{"@type":"ImageObject","inLanguage":"en-US","@id":"https:\/\/dev.monti.lt\/#\/schema\/logo\/image\/","url":"https:\/\/dev.monti.lt\/wp-content\/uploads\/2022\/03\/montilogo-1.png","contentUrl":"https:\/\/dev.monti.lt\/wp-content\/uploads\/2022\/03\/montilogo-1.png","width":512,"height":512,"caption":"Montessori \u017eaislai"},"image":{"@id":"https:\/\/dev.monti.lt\/#\/schema\/logo\/image\/"}}]}},"_links":{"self":[{"href":"https:\/\/dev.monti.lt\/en\/wp-json\/wp\/v2\/product\/10815"}],"collection":[{"href":"https:\/\/dev.monti.lt\/en\/wp-json\/wp\/v2\/product"}],"about":[{"href":"https:\/\/dev.monti.lt\/en\/wp-json\/wp\/v2\/types\/product"}],"version-history":[{"count":2,"href":"https:\/\/dev.monti.lt\/en\/wp-json\/wp\/v2\/product\/10815\/revisions"}],"predecessor-version":[{"id":14954,"href":"https:\/\/dev.monti.lt\/en\/wp-json\/wp\/v2\/product\/10815\/revisions\/14954"}],"wp:featuredmedia":[{"embeddable":true,"href":"https:\/\/dev.monti.lt\/en\/wp-json\/wp\/v2\/media\/10816"}],"wp:attachment":[{"href":"https:\/\/dev.monti.lt\/en\/wp-json\/wp\/v2\/media?parent=10815"}],"wp:term":[{"taxonomy":"product_cat","embeddable":true,"href":"https:\/\/dev.monti.lt\/en\/wp-json\/wp\/v2\/product_cat?post=10815"},{"taxonomy":"product_tag","embeddable":true,"href":"https:\/\/dev.monti.lt\/en\/wp-json\/wp\/v2\/product_tag?post=10815"}],"curies":[{"name":"wp","href":"https:\/\/api.w.org\/{rel}","templated":true}]}}