{"id":10770,"date":"2022-10-26T17:04:16","date_gmt":"2022-10-26T17:04:16","guid":{"rendered":"https:\/\/dev.monti.lt\/?post_type=product&#038;p=10770"},"modified":"2024-08-21T07:20:43","modified_gmt":"2024-08-21T07:20:43","slug":"magnetinis-konstruktorius-mag-building","status":"publish","type":"product","link":"https:\/\/dev.monti.lt\/en\/product\/magnetinis-konstruktorius-mag-building\/","title":{"rendered":"Magnetinis konstruktorius &#8220;MAG building&#8221;, 58 el."},"content":{"rendered":"<p>\u2705Rinkin\u012f sudaro:<br \/>\n&#8211; spalvinga d\u0117\u017eut\u0117 (puikiai tinka dovanai)<br \/>\n&#8211; 12 trikampi\u0173 su magnetais<br \/>\n&#8211; 24 kvadrat\u0117liai su magnetais<br \/>\n&#8211; 2 \u0161e\u0161iakampiai su magnetais<br \/>\n&#8211; 12 plyteli\u0173 kvadrat\u0117li\u0173 (kuriuos suklijavus galima sujungti \u012f kvadratinius blokelius)<br \/>\n&#8211; 8 dalys, skirtos velnio ratui surinkti<br \/>\n&#8211; 1 lipduk\u0173 rinkinys<br \/>\n&#8211; keli\u0173 puslapi\u0173 bro\u0161i\u016bra su pavyzdiniais skai\u010diais<\/p>\n<p>\u2705 Ekologi\u0161kos ir vaikams saugios med\u017eiagos<br \/>\n1. ekologi\u0161ka ABS med\u017eiaga<br \/>\n2. stiprus ir tvirtas<br \/>\n3. ry\u0161kios ir sodrios spalvos<br \/>\n4. lyg\u016bs ir saug\u016bs kra\u0161tai<br \/>\n5. klijavimas ultragarsu be klij\u0173<br \/>\n6. blizgi apdaila ir stipr\u016bs neodimio magnetai<\/p>\n<p>\u2705 Teisingas blok\u0173 sud\u0117jimo b\u016bdas<br \/>\nRekomenduojama, kad vaikas statyt\u0173 blokel\u012f po bloko, o ne kelis blokelius i\u0161 karto, nes magnetai i\u0161 vienos pus\u0117s traukia, o i\u0161 kitos atstumia.<br \/>\n\u2705 Stipr\u016bs ir dideli magnetai<br \/>\n\u2705 Didel\u0117 traukos j\u0117ga<\/p>\n<p><img fetchpriority=\"high\" decoding=\"async\" class=\"alignnone size-medium wp-image-10777\" src=\"https:\/\/dev.monti.lt\/wp-content\/uploads\/2022\/10\/7737e5a571a168cff265aa65052a4183-192x300.jpg\" alt=\"mag building delione\" width=\"192\" height=\"300\" srcset=\"https:\/\/dev.monti.lt\/wp-content\/uploads\/2022\/10\/7737e5a571a168cff265aa65052a4183-192x300.jpg 192w, https:\/\/dev.monti.lt\/wp-content\/uploads\/2022\/10\/7737e5a571a168cff265aa65052a4183-655x1024.jpg 655w, https:\/\/dev.monti.lt\/wp-content\/uploads\/2022\/10\/7737e5a571a168cff265aa65052a4183-768x1200.jpg 768w, https:\/\/dev.monti.lt\/wp-content\/uploads\/2022\/10\/7737e5a571a168cff265aa65052a4183-983x1536.jpg 983w, https:\/\/dev.monti.lt\/wp-content\/uploads\/2022\/10\/7737e5a571a168cff265aa65052a4183-1311x2048.jpg 1311w, https:\/\/dev.monti.lt\/wp-content\/uploads\/2022\/10\/7737e5a571a168cff265aa65052a4183-8x12.jpg 8w, https:\/\/dev.monti.lt\/wp-content\/uploads\/2022\/10\/7737e5a571a168cff265aa65052a4183-990x1547.jpg 990w, https:\/\/dev.monti.lt\/wp-content\/uploads\/2022\/10\/7737e5a571a168cff265aa65052a4183-441x689.jpg 441w, https:\/\/dev.monti.lt\/wp-content\/uploads\/2022\/10\/7737e5a571a168cff265aa65052a4183-800x1250.jpg 800w, https:\/\/dev.monti.lt\/wp-content\/uploads\/2022\/10\/7737e5a571a168cff265aa65052a4183-150x234.jpg 150w, https:\/\/dev.monti.lt\/wp-content\/uploads\/2022\/10\/7737e5a571a168cff265aa65052a4183-scaled.jpg 1638w\" sizes=\"(max-width: 192px) 100vw, 192px\" \/><\/p>","protected":false},"excerpt":{"rendered":"<p>\u2705Rinkin\u012f sudaro: &#8211; spalvinga d\u0117\u017eut\u0117 (puikiai tinka dovanai) &#8211; 12 trikampi\u0173 su magnetais &#8211; 24 kvadrat\u0117liai su magnetais &#8211; 2 \u0161e\u0161iakampiai su magnetais &#8211; 12 plyteli\u0173 kvadrat\u0117li\u0173 (kuriuos suklijavus galima sujungti \u012f kvadratinius blokelius) &#8211; 8 dalys, skirtos velnio ratui surinkti &#8211; 1 lipduk\u0173 rinkinys &#8211; keli\u0173 puslapi\u0173 bro\u0161i\u016bra su pavyzdiniais skai\u010diais \u2705 Ekologi\u0161kos ir [&hellip;]<\/p>","protected":false},"featured_media":10771,"template":"","meta":{"iawp_total_views":67},"product_cat":[92,195,197,191,192,87,84,86,199,49,39],"product_tag":[96,97,98,99],"class_list":{"0":"post-10770","1":"product","2":"type-product","3":"status-publish","4":"has-post-thumbnail","6":"product_cat-deliones","7":"product_cat-dovanos-vaikams-3-4-metu","8":"product_cat-dovanos-berniukams","9":"product_cat-dovanos-vaikams","10":"product_cat-kaledines-dovanos-vaikams","11":"product_cat-kurybiniai-rinkiniai","12":"product_cat-lavinamieji-zaislai","13":"product_cat-smulkioji-motorika","14":"product_cat-ugdymo-istaigoms","15":"product_cat-visi-zaislai","16":"product_cat-zaislai","17":"product_tag-2-m-3-m","18":"product_tag-3-m-4-m","19":"product_tag-5-m-7-m","20":"product_tag-8-m-11-m","22":"first","23":"instock","24":"sale","25":"taxable","26":"shipping-taxable","27":"purchasable","28":"product-type-simple"},"yoast_head":"<!-- This site is optimized with the Yoast SEO plugin v23.3 - https:\/\/yoast.com\/wordpress\/plugins\/seo\/ -->\n<title>Magnetinis konstruktorius &quot;MAG building&quot;, 58 el. - Montessori \u017eaislai<\/title>\n<meta name=\"robots\" content=\"noindex, follow, max-snippet:-1, max-image-preview:large, max-video-preview:-1\" \/>\n<meta property=\"og:locale\" content=\"en_US\" \/>\n<meta property=\"og:type\" content=\"article\" \/>\n<meta property=\"og:title\" content=\"Magnetinis konstruktorius &quot;MAG building&quot;, 58 el. - Montessori \u017eaislai\" \/>\n<meta property=\"og:description\" content=\"\u2705Rinkin\u012f sudaro: &#8211; spalvinga d\u0117\u017eut\u0117 (puikiai tinka dovanai) &#8211; 12 trikampi\u0173 su magnetais &#8211; 24 kvadrat\u0117liai su magnetais &#8211; 2 \u0161e\u0161iakampiai su magnetais &#8211; 12 plyteli\u0173 kvadrat\u0117li\u0173 (kuriuos suklijavus galima sujungti \u012f kvadratinius blokelius) &#8211; 8 dalys, skirtos velnio ratui surinkti &#8211; 1 lipduk\u0173 rinkinys &#8211; keli\u0173 puslapi\u0173 bro\u0161i\u016bra su pavyzdiniais skai\u010diais \u2705 Ekologi\u0161kos ir [&hellip;]\" \/>\n<meta property=\"og:url\" content=\"https:\/\/dev.monti.lt\/en\/product\/magnetinis-konstruktorius-mag-building\/\" \/>\n<meta property=\"og:site_name\" content=\"Montessori \u017eaislai\" \/>\n<meta property=\"article:modified_time\" content=\"2024-08-21T07:20:43+00:00\" \/>\n<meta property=\"og:image\" content=\"https:\/\/dev.monti.lt\/wp-content\/uploads\/2022\/10\/klocki-magnetyczne-konstrukcyjne-zestaw-59-el-630-5.jpg\" \/>\n\t<meta property=\"og:image:width\" content=\"800\" \/>\n\t<meta property=\"og:image:height\" content=\"800\" \/>\n\t<meta property=\"og:image:type\" content=\"image\/jpeg\" \/>\n<meta name=\"twitter:card\" content=\"summary_large_image\" \/>\n<meta name=\"twitter:label1\" content=\"Est. reading time\" \/>\n\t<meta name=\"twitter:data1\" content=\"1 minute\" \/>\n<script type=\"application\/ld+json\" class=\"yoast-schema-graph\">{\"@context\":\"https:\/\/schema.org\",\"@graph\":[{\"@type\":\"WebPage\",\"@id\":\"https:\/\/dev.monti.lt\/product\/magnetinis-konstruktorius-mag-building\/\",\"url\":\"https:\/\/dev.monti.lt\/product\/magnetinis-konstruktorius-mag-building\/\",\"name\":\"Magnetinis konstruktorius \\\"MAG building\\\", 58 el. - Montessori \u017eaislai\",\"isPartOf\":{\"@id\":\"https:\/\/dev.monti.lt\/#website\"},\"primaryImageOfPage\":{\"@id\":\"https:\/\/dev.monti.lt\/product\/magnetinis-konstruktorius-mag-building\/#primaryimage\"},\"image\":{\"@id\":\"https:\/\/dev.monti.lt\/product\/magnetinis-konstruktorius-mag-building\/#primaryimage\"},\"thumbnailUrl\":\"https:\/\/dev.monti.lt\/wp-content\/uploads\/2022\/10\/klocki-magnetyczne-konstrukcyjne-zestaw-59-el-630-5.jpg\",\"datePublished\":\"2022-10-26T17:04:16+00:00\",\"dateModified\":\"2024-08-21T07:20:43+00:00\",\"breadcrumb\":{\"@id\":\"https:\/\/dev.monti.lt\/product\/magnetinis-konstruktorius-mag-building\/#breadcrumb\"},\"inLanguage\":\"en-US\",\"potentialAction\":[{\"@type\":\"ReadAction\",\"target\":[\"https:\/\/dev.monti.lt\/product\/magnetinis-konstruktorius-mag-building\/\"]}]},{\"@type\":\"ImageObject\",\"inLanguage\":\"en-US\",\"@id\":\"https:\/\/dev.monti.lt\/product\/magnetinis-konstruktorius-mag-building\/#primaryimage\",\"url\":\"https:\/\/dev.monti.lt\/wp-content\/uploads\/2022\/10\/klocki-magnetyczne-konstrukcyjne-zestaw-59-el-630-5.jpg\",\"contentUrl\":\"https:\/\/dev.monti.lt\/wp-content\/uploads\/2022\/10\/klocki-magnetyczne-konstrukcyjne-zestaw-59-el-630-5.jpg\",\"width\":800,\"height\":800,\"caption\":\"mag building\"},{\"@type\":\"BreadcrumbList\",\"@id\":\"https:\/\/dev.monti.lt\/product\/magnetinis-konstruktorius-mag-building\/#breadcrumb\",\"itemListElement\":[{\"@type\":\"ListItem\",\"position\":1,\"name\":\"Home\",\"item\":\"https:\/\/dev.monti.lt\/\"},{\"@type\":\"ListItem\",\"position\":2,\"name\":\"Parduotuv\u0117\",\"item\":\"https:\/\/dev.monti.lt\/shop\/\"},{\"@type\":\"ListItem\",\"position\":3,\"name\":\"Magnetinis konstruktorius &#8220;MAG building&#8221;, 58 el.\"}]},{\"@type\":\"WebSite\",\"@id\":\"https:\/\/dev.monti.lt\/#website\",\"url\":\"https:\/\/dev.monti.lt\/\",\"name\":\"Montessori \u017eaislai\",\"description\":\"\",\"publisher\":{\"@id\":\"https:\/\/dev.monti.lt\/#organization\"},\"potentialAction\":[{\"@type\":\"SearchAction\",\"target\":{\"@type\":\"EntryPoint\",\"urlTemplate\":\"https:\/\/dev.monti.lt\/?s={search_term_string}\"},\"query-input\":\"required name=search_term_string\"}],\"inLanguage\":\"en-US\"},{\"@type\":\"Organization\",\"@id\":\"https:\/\/dev.monti.lt\/#organization\",\"name\":\"Montessori \u017eaislai\",\"url\":\"https:\/\/dev.monti.lt\/\",\"logo\":{\"@type\":\"ImageObject\",\"inLanguage\":\"en-US\",\"@id\":\"https:\/\/dev.monti.lt\/#\/schema\/logo\/image\/\",\"url\":\"https:\/\/dev.monti.lt\/wp-content\/uploads\/2022\/03\/montilogo-1.png\",\"contentUrl\":\"https:\/\/dev.monti.lt\/wp-content\/uploads\/2022\/03\/montilogo-1.png\",\"width\":512,\"height\":512,\"caption\":\"Montessori \u017eaislai\"},\"image\":{\"@id\":\"https:\/\/dev.monti.lt\/#\/schema\/logo\/image\/\"}}]}<\/script>\n<!-- \/ Yoast SEO plugin. -->","yoast_head_json":{"title":"Magnetinis konstruktorius \"MAG building\", 58 el. - Montessori \u017eaislai","robots":{"index":"noindex","follow":"follow","max-snippet":"max-snippet:-1","max-image-preview":"max-image-preview:large","max-video-preview":"max-video-preview:-1"},"og_locale":"en_US","og_type":"article","og_title":"Magnetinis konstruktorius \"MAG building\", 58 el. - Montessori \u017eaislai","og_description":"\u2705Rinkin\u012f sudaro: &#8211; spalvinga d\u0117\u017eut\u0117 (puikiai tinka dovanai) &#8211; 12 trikampi\u0173 su magnetais &#8211; 24 kvadrat\u0117liai su magnetais &#8211; 2 \u0161e\u0161iakampiai su magnetais &#8211; 12 plyteli\u0173 kvadrat\u0117li\u0173 (kuriuos suklijavus galima sujungti \u012f kvadratinius blokelius) &#8211; 8 dalys, skirtos velnio ratui surinkti &#8211; 1 lipduk\u0173 rinkinys &#8211; keli\u0173 puslapi\u0173 bro\u0161i\u016bra su pavyzdiniais skai\u010diais \u2705 Ekologi\u0161kos ir [&hellip;]","og_url":"https:\/\/dev.monti.lt\/en\/product\/magnetinis-konstruktorius-mag-building\/","og_site_name":"Montessori \u017eaislai","article_modified_time":"2024-08-21T07:20:43+00:00","og_image":[{"width":800,"height":800,"url":"https:\/\/dev.monti.lt\/wp-content\/uploads\/2022\/10\/klocki-magnetyczne-konstrukcyjne-zestaw-59-el-630-5.jpg","type":"image\/jpeg"}],"twitter_card":"summary_large_image","twitter_misc":{"Est. reading time":"1 minute"},"schema":{"@context":"https:\/\/schema.org","@graph":[{"@type":"WebPage","@id":"https:\/\/dev.monti.lt\/product\/magnetinis-konstruktorius-mag-building\/","url":"https:\/\/dev.monti.lt\/product\/magnetinis-konstruktorius-mag-building\/","name":"Magnetinis konstruktorius \"MAG building\", 58 el. - Montessori \u017eaislai","isPartOf":{"@id":"https:\/\/dev.monti.lt\/#website"},"primaryImageOfPage":{"@id":"https:\/\/dev.monti.lt\/product\/magnetinis-konstruktorius-mag-building\/#primaryimage"},"image":{"@id":"https:\/\/dev.monti.lt\/product\/magnetinis-konstruktorius-mag-building\/#primaryimage"},"thumbnailUrl":"https:\/\/dev.monti.lt\/wp-content\/uploads\/2022\/10\/klocki-magnetyczne-konstrukcyjne-zestaw-59-el-630-5.jpg","datePublished":"2022-10-26T17:04:16+00:00","dateModified":"2024-08-21T07:20:43+00:00","breadcrumb":{"@id":"https:\/\/dev.monti.lt\/product\/magnetinis-konstruktorius-mag-building\/#breadcrumb"},"inLanguage":"en-US","potentialAction":[{"@type":"ReadAction","target":["https:\/\/dev.monti.lt\/product\/magnetinis-konstruktorius-mag-building\/"]}]},{"@type":"ImageObject","inLanguage":"en-US","@id":"https:\/\/dev.monti.lt\/product\/magnetinis-konstruktorius-mag-building\/#primaryimage","url":"https:\/\/dev.monti.lt\/wp-content\/uploads\/2022\/10\/klocki-magnetyczne-konstrukcyjne-zestaw-59-el-630-5.jpg","contentUrl":"https:\/\/dev.monti.lt\/wp-content\/uploads\/2022\/10\/klocki-magnetyczne-konstrukcyjne-zestaw-59-el-630-5.jpg","width":800,"height":800,"caption":"mag building"},{"@type":"BreadcrumbList","@id":"https:\/\/dev.monti.lt\/product\/magnetinis-konstruktorius-mag-building\/#breadcrumb","itemListElement":[{"@type":"ListItem","position":1,"name":"Home","item":"https:\/\/dev.monti.lt\/"},{"@type":"ListItem","position":2,"name":"Parduotuv\u0117","item":"https:\/\/dev.monti.lt\/shop\/"},{"@type":"ListItem","position":3,"name":"Magnetinis konstruktorius &#8220;MAG building&#8221;, 58 el."}]},{"@type":"WebSite","@id":"https:\/\/dev.monti.lt\/#website","url":"https:\/\/dev.monti.lt\/","name":"Montessori \u017eaislai","description":"","publisher":{"@id":"https:\/\/dev.monti.lt\/#organization"},"potentialAction":[{"@type":"SearchAction","target":{"@type":"EntryPoint","urlTemplate":"https:\/\/dev.monti.lt\/?s={search_term_string}"},"query-input":"required name=search_term_string"}],"inLanguage":"en-US"},{"@type":"Organization","@id":"https:\/\/dev.monti.lt\/#organization","name":"Montessori \u017eaislai","url":"https:\/\/dev.monti.lt\/","logo":{"@type":"ImageObject","inLanguage":"en-US","@id":"https:\/\/dev.monti.lt\/#\/schema\/logo\/image\/","url":"https:\/\/dev.monti.lt\/wp-content\/uploads\/2022\/03\/montilogo-1.png","contentUrl":"https:\/\/dev.monti.lt\/wp-content\/uploads\/2022\/03\/montilogo-1.png","width":512,"height":512,"caption":"Montessori \u017eaislai"},"image":{"@id":"https:\/\/dev.monti.lt\/#\/schema\/logo\/image\/"}}]}},"_links":{"self":[{"href":"https:\/\/dev.monti.lt\/en\/wp-json\/wp\/v2\/product\/10770"}],"collection":[{"href":"https:\/\/dev.monti.lt\/en\/wp-json\/wp\/v2\/product"}],"about":[{"href":"https:\/\/dev.monti.lt\/en\/wp-json\/wp\/v2\/types\/product"}],"version-history":[{"count":3,"href":"https:\/\/dev.monti.lt\/en\/wp-json\/wp\/v2\/product\/10770\/revisions"}],"predecessor-version":[{"id":18357,"href":"https:\/\/dev.monti.lt\/en\/wp-json\/wp\/v2\/product\/10770\/revisions\/18357"}],"wp:featuredmedia":[{"embeddable":true,"href":"https:\/\/dev.monti.lt\/en\/wp-json\/wp\/v2\/media\/10771"}],"wp:attachment":[{"href":"https:\/\/dev.monti.lt\/en\/wp-json\/wp\/v2\/media?parent=10770"}],"wp:term":[{"taxonomy":"product_cat","embeddable":true,"href":"https:\/\/dev.monti.lt\/en\/wp-json\/wp\/v2\/product_cat?post=10770"},{"taxonomy":"product_tag","embeddable":true,"href":"https:\/\/dev.monti.lt\/en\/wp-json\/wp\/v2\/product_tag?post=10770"}],"curies":[{"name":"wp","href":"https:\/\/api.w.org\/{rel}","templated":true}]}}