{"id":10738,"date":"2022-10-26T11:44:37","date_gmt":"2022-10-26T11:44:37","guid":{"rendered":"https:\/\/dev.monti.lt\/?post_type=product&#038;p=10738"},"modified":"2024-10-09T17:30:55","modified_gmt":"2024-10-09T17:30:55","slug":"daugiafunkcinis-rusiuoklis-darzas-vaisiai","status":"publish","type":"product","link":"https:\/\/dev.monti.lt\/en\/product\/daugiafunkcinis-rusiuoklis-darzas-vaisiai\/","title":{"rendered":"Daugiafunkcinis r\u016b\u0161iuoklis dar\u017eas-vaisiai"},"content":{"rendered":"","protected":false},"excerpt":{"rendered":"","protected":false},"featured_media":10739,"template":"","meta":{"iawp_total_views":1405},"product_cat":[92,193,197,196,191,192,84,91,102,83,90,86,199,49,39],"product_tag":[95,96,97],"class_list":{"0":"post-10738","1":"product","2":"type-product","3":"status-publish","4":"has-post-thumbnail","6":"product_cat-deliones","7":"product_cat-dovanos-vaikams-1-2-metu","8":"product_cat-dovanos-berniukams","9":"product_cat-dovanos-mergaitems","10":"product_cat-dovanos-vaikams","11":"product_cat-kaledines-dovanos-vaikams","12":"product_cat-lavinamieji-zaislai","13":"product_cat-loginiam-mastymui","14":"product_cat-mediniai-zaislai","15":"product_cat-montessori-zaislai","16":"product_cat-pasaulio-pazinimas","17":"product_cat-smulkioji-motorika","18":"product_cat-ugdymo-istaigoms","19":"product_cat-visi-zaislai","20":"product_cat-zaislai","21":"product_tag-1-m-2-m","22":"product_tag-2-m-3-m","23":"product_tag-3-m-4-m","25":"first","26":"instock","27":"taxable","28":"shipping-taxable","29":"purchasable","30":"product-type-simple"},"yoast_head":"<!-- This site is optimized with the Yoast SEO plugin v23.3 - https:\/\/yoast.com\/wordpress\/plugins\/seo\/ -->\n<title>Daugiafunkcinis r\u016b\u0161iuoklis dar\u017eas-vaisiai - Montessori \u017eaislai<\/title>\n<meta name=\"robots\" content=\"noindex, follow, max-snippet:-1, max-image-preview:large, max-video-preview:-1\" \/>\n<meta property=\"og:locale\" content=\"en_US\" \/>\n<meta property=\"og:type\" content=\"article\" \/>\n<meta property=\"og:title\" content=\"Daugiafunkcinis r\u016b\u0161iuoklis dar\u017eas-vaisiai - Montessori \u017eaislai\" \/>\n<meta property=\"og:url\" content=\"https:\/\/dev.monti.lt\/en\/product\/daugiafunkcinis-rusiuoklis-darzas-vaisiai\/\" \/>\n<meta property=\"og:site_name\" content=\"Montessori \u017eaislai\" \/>\n<meta property=\"article:modified_time\" content=\"2024-10-09T17:30:55+00:00\" \/>\n<meta property=\"og:image\" content=\"https:\/\/dev.monti.lt\/wp-content\/uploads\/2022\/10\/gra-logiczna-zrecznosciowa-sorter-marchewki-i-robaczki-jhtoy-556.jpg\" \/>\n\t<meta property=\"og:image:width\" content=\"800\" \/>\n\t<meta property=\"og:image:height\" content=\"800\" \/>\n\t<meta property=\"og:image:type\" content=\"image\/jpeg\" \/>\n<meta name=\"twitter:card\" content=\"summary_large_image\" \/>\n<script type=\"application\/ld+json\" class=\"yoast-schema-graph\">{\"@context\":\"https:\/\/schema.org\",\"@graph\":[{\"@type\":\"WebPage\",\"@id\":\"https:\/\/dev.monti.lt\/product\/daugiafunkcinis-rusiuoklis-darzas-vaisiai\/\",\"url\":\"https:\/\/dev.monti.lt\/product\/daugiafunkcinis-rusiuoklis-darzas-vaisiai\/\",\"name\":\"Daugiafunkcinis r\u016b\u0161iuoklis dar\u017eas-vaisiai - Montessori \u017eaislai\",\"isPartOf\":{\"@id\":\"https:\/\/dev.monti.lt\/#website\"},\"primaryImageOfPage\":{\"@id\":\"https:\/\/dev.monti.lt\/product\/daugiafunkcinis-rusiuoklis-darzas-vaisiai\/#primaryimage\"},\"image\":{\"@id\":\"https:\/\/dev.monti.lt\/product\/daugiafunkcinis-rusiuoklis-darzas-vaisiai\/#primaryimage\"},\"thumbnailUrl\":\"https:\/\/dev.monti.lt\/wp-content\/uploads\/2022\/10\/gra-logiczna-zrecznosciowa-sorter-marchewki-i-robaczki-jhtoy-556.jpg\",\"datePublished\":\"2022-10-26T11:44:37+00:00\",\"dateModified\":\"2024-10-09T17:30:55+00:00\",\"breadcrumb\":{\"@id\":\"https:\/\/dev.monti.lt\/product\/daugiafunkcinis-rusiuoklis-darzas-vaisiai\/#breadcrumb\"},\"inLanguage\":\"en-US\",\"potentialAction\":[{\"@type\":\"ReadAction\",\"target\":[\"https:\/\/dev.monti.lt\/product\/daugiafunkcinis-rusiuoklis-darzas-vaisiai\/\"]}]},{\"@type\":\"ImageObject\",\"inLanguage\":\"en-US\",\"@id\":\"https:\/\/dev.monti.lt\/product\/daugiafunkcinis-rusiuoklis-darzas-vaisiai\/#primaryimage\",\"url\":\"https:\/\/dev.monti.lt\/wp-content\/uploads\/2022\/10\/gra-logiczna-zrecznosciowa-sorter-marchewki-i-robaczki-jhtoy-556.jpg\",\"contentUrl\":\"https:\/\/dev.monti.lt\/wp-content\/uploads\/2022\/10\/gra-logiczna-zrecznosciowa-sorter-marchewki-i-robaczki-jhtoy-556.jpg\",\"width\":800,\"height\":800,\"caption\":\"morkos \u016bkis\"},{\"@type\":\"BreadcrumbList\",\"@id\":\"https:\/\/dev.monti.lt\/product\/daugiafunkcinis-rusiuoklis-darzas-vaisiai\/#breadcrumb\",\"itemListElement\":[{\"@type\":\"ListItem\",\"position\":1,\"name\":\"Home\",\"item\":\"https:\/\/dev.monti.lt\/\"},{\"@type\":\"ListItem\",\"position\":2,\"name\":\"Parduotuv\u0117\",\"item\":\"https:\/\/dev.monti.lt\/shop\/\"},{\"@type\":\"ListItem\",\"position\":3,\"name\":\"Daugiafunkcinis r\u016b\u0161iuoklis dar\u017eas-vaisiai\"}]},{\"@type\":\"WebSite\",\"@id\":\"https:\/\/dev.monti.lt\/#website\",\"url\":\"https:\/\/dev.monti.lt\/\",\"name\":\"Montessori \u017eaislai\",\"description\":\"\",\"publisher\":{\"@id\":\"https:\/\/dev.monti.lt\/#organization\"},\"potentialAction\":[{\"@type\":\"SearchAction\",\"target\":{\"@type\":\"EntryPoint\",\"urlTemplate\":\"https:\/\/dev.monti.lt\/?s={search_term_string}\"},\"query-input\":\"required name=search_term_string\"}],\"inLanguage\":\"en-US\"},{\"@type\":\"Organization\",\"@id\":\"https:\/\/dev.monti.lt\/#organization\",\"name\":\"Montessori \u017eaislai\",\"url\":\"https:\/\/dev.monti.lt\/\",\"logo\":{\"@type\":\"ImageObject\",\"inLanguage\":\"en-US\",\"@id\":\"https:\/\/dev.monti.lt\/#\/schema\/logo\/image\/\",\"url\":\"https:\/\/dev.monti.lt\/wp-content\/uploads\/2022\/03\/montilogo-1.png\",\"contentUrl\":\"https:\/\/dev.monti.lt\/wp-content\/uploads\/2022\/03\/montilogo-1.png\",\"width\":512,\"height\":512,\"caption\":\"Montessori \u017eaislai\"},\"image\":{\"@id\":\"https:\/\/dev.monti.lt\/#\/schema\/logo\/image\/\"}}]}<\/script>\n<!-- \/ Yoast SEO plugin. -->","yoast_head_json":{"title":"Daugiafunkcinis r\u016b\u0161iuoklis dar\u017eas-vaisiai - Montessori \u017eaislai","robots":{"index":"noindex","follow":"follow","max-snippet":"max-snippet:-1","max-image-preview":"max-image-preview:large","max-video-preview":"max-video-preview:-1"},"og_locale":"en_US","og_type":"article","og_title":"Daugiafunkcinis r\u016b\u0161iuoklis dar\u017eas-vaisiai - Montessori \u017eaislai","og_url":"https:\/\/dev.monti.lt\/en\/product\/daugiafunkcinis-rusiuoklis-darzas-vaisiai\/","og_site_name":"Montessori \u017eaislai","article_modified_time":"2024-10-09T17:30:55+00:00","og_image":[{"width":800,"height":800,"url":"https:\/\/dev.monti.lt\/wp-content\/uploads\/2022\/10\/gra-logiczna-zrecznosciowa-sorter-marchewki-i-robaczki-jhtoy-556.jpg","type":"image\/jpeg"}],"twitter_card":"summary_large_image","schema":{"@context":"https:\/\/schema.org","@graph":[{"@type":"WebPage","@id":"https:\/\/dev.monti.lt\/product\/daugiafunkcinis-rusiuoklis-darzas-vaisiai\/","url":"https:\/\/dev.monti.lt\/product\/daugiafunkcinis-rusiuoklis-darzas-vaisiai\/","name":"Daugiafunkcinis r\u016b\u0161iuoklis dar\u017eas-vaisiai - Montessori \u017eaislai","isPartOf":{"@id":"https:\/\/dev.monti.lt\/#website"},"primaryImageOfPage":{"@id":"https:\/\/dev.monti.lt\/product\/daugiafunkcinis-rusiuoklis-darzas-vaisiai\/#primaryimage"},"image":{"@id":"https:\/\/dev.monti.lt\/product\/daugiafunkcinis-rusiuoklis-darzas-vaisiai\/#primaryimage"},"thumbnailUrl":"https:\/\/dev.monti.lt\/wp-content\/uploads\/2022\/10\/gra-logiczna-zrecznosciowa-sorter-marchewki-i-robaczki-jhtoy-556.jpg","datePublished":"2022-10-26T11:44:37+00:00","dateModified":"2024-10-09T17:30:55+00:00","breadcrumb":{"@id":"https:\/\/dev.monti.lt\/product\/daugiafunkcinis-rusiuoklis-darzas-vaisiai\/#breadcrumb"},"inLanguage":"en-US","potentialAction":[{"@type":"ReadAction","target":["https:\/\/dev.monti.lt\/product\/daugiafunkcinis-rusiuoklis-darzas-vaisiai\/"]}]},{"@type":"ImageObject","inLanguage":"en-US","@id":"https:\/\/dev.monti.lt\/product\/daugiafunkcinis-rusiuoklis-darzas-vaisiai\/#primaryimage","url":"https:\/\/dev.monti.lt\/wp-content\/uploads\/2022\/10\/gra-logiczna-zrecznosciowa-sorter-marchewki-i-robaczki-jhtoy-556.jpg","contentUrl":"https:\/\/dev.monti.lt\/wp-content\/uploads\/2022\/10\/gra-logiczna-zrecznosciowa-sorter-marchewki-i-robaczki-jhtoy-556.jpg","width":800,"height":800,"caption":"morkos \u016bkis"},{"@type":"BreadcrumbList","@id":"https:\/\/dev.monti.lt\/product\/daugiafunkcinis-rusiuoklis-darzas-vaisiai\/#breadcrumb","itemListElement":[{"@type":"ListItem","position":1,"name":"Home","item":"https:\/\/dev.monti.lt\/"},{"@type":"ListItem","position":2,"name":"Parduotuv\u0117","item":"https:\/\/dev.monti.lt\/shop\/"},{"@type":"ListItem","position":3,"name":"Daugiafunkcinis r\u016b\u0161iuoklis dar\u017eas-vaisiai"}]},{"@type":"WebSite","@id":"https:\/\/dev.monti.lt\/#website","url":"https:\/\/dev.monti.lt\/","name":"Montessori \u017eaislai","description":"","publisher":{"@id":"https:\/\/dev.monti.lt\/#organization"},"potentialAction":[{"@type":"SearchAction","target":{"@type":"EntryPoint","urlTemplate":"https:\/\/dev.monti.lt\/?s={search_term_string}"},"query-input":"required name=search_term_string"}],"inLanguage":"en-US"},{"@type":"Organization","@id":"https:\/\/dev.monti.lt\/#organization","name":"Montessori \u017eaislai","url":"https:\/\/dev.monti.lt\/","logo":{"@type":"ImageObject","inLanguage":"en-US","@id":"https:\/\/dev.monti.lt\/#\/schema\/logo\/image\/","url":"https:\/\/dev.monti.lt\/wp-content\/uploads\/2022\/03\/montilogo-1.png","contentUrl":"https:\/\/dev.monti.lt\/wp-content\/uploads\/2022\/03\/montilogo-1.png","width":512,"height":512,"caption":"Montessori \u017eaislai"},"image":{"@id":"https:\/\/dev.monti.lt\/#\/schema\/logo\/image\/"}}]}},"_links":{"self":[{"href":"https:\/\/dev.monti.lt\/en\/wp-json\/wp\/v2\/product\/10738"}],"collection":[{"href":"https:\/\/dev.monti.lt\/en\/wp-json\/wp\/v2\/product"}],"about":[{"href":"https:\/\/dev.monti.lt\/en\/wp-json\/wp\/v2\/types\/product"}],"version-history":[{"count":1,"href":"https:\/\/dev.monti.lt\/en\/wp-json\/wp\/v2\/product\/10738\/revisions"}],"predecessor-version":[{"id":10744,"href":"https:\/\/dev.monti.lt\/en\/wp-json\/wp\/v2\/product\/10738\/revisions\/10744"}],"wp:featuredmedia":[{"embeddable":true,"href":"https:\/\/dev.monti.lt\/en\/wp-json\/wp\/v2\/media\/10739"}],"wp:attachment":[{"href":"https:\/\/dev.monti.lt\/en\/wp-json\/wp\/v2\/media?parent=10738"}],"wp:term":[{"taxonomy":"product_cat","embeddable":true,"href":"https:\/\/dev.monti.lt\/en\/wp-json\/wp\/v2\/product_cat?post=10738"},{"taxonomy":"product_tag","embeddable":true,"href":"https:\/\/dev.monti.lt\/en\/wp-json\/wp\/v2\/product_tag?post=10738"}],"curies":[{"name":"wp","href":"https:\/\/api.w.org\/{rel}","templated":true}]}}