{"id":10668,"date":"2022-10-23T07:08:50","date_gmt":"2022-10-23T07:08:50","guid":{"rendered":"https:\/\/dev.monti.lt\/?post_type=product&#038;p=10668"},"modified":"2024-10-06T12:09:26","modified_gmt":"2024-10-06T12:09:26","slug":"statybiniai-siaudeliai-408el","status":"publish","type":"product","link":"https:\/\/dev.monti.lt\/en\/product\/statybiniai-siaudeliai-408el\/","title":{"rendered":"Statybiniai \u0161iaudeliai, 408el."},"content":{"rendered":"<div>\n<div class=\"section-container\">\n<div class=\"section\">\n<div class=\"item item-12\">\n<div class=\"text-item\">\n<div>\n<div class=\"text-content\">\n<h1>Statybiniai \u0161iaudeliai &#8211; 408 ELEMENT\u0172 RINKINYS<\/h1>\n<\/div>\n<\/div>\n<\/div>\n<\/div>\n<\/div>\n<\/div>\n<\/div>\n<div>\n<div class=\"section-container\">\n<div class=\"section\">\n<div class=\"item item-12\">\n<div class=\"text-item\">\n<div>\n<div class=\"text-content\">\n<ul>\n<li><strong>408 elementai<\/strong>&nbsp;<strong>!&nbsp;<\/strong>&#8211; komplekte yra 204 skirting\u0173 spalv\u0173 \u0161iaudeliai (102 trumpi, 102 ilgi) ir 204 jungtys. Komplekte esantys ratai leis paivairinti konstrukcij\u0105, pvz., sukurti transporto priemones, ve\u017eim\u0117lius ir pan.<\/li>\n<\/ul>\n<ul>\n<li>Statymas veikia vaiko vystym\u0105si, lavina smulkiosios motorikos \u012fg\u016bd\u017eius ir vaizduot\u0119. \u017daisdamas vaikas taip pat lavina koncentracij\u0105, reg\u0117jimo koordinacij\u0105.<\/li>\n<li>\u0160iaudeliai pagaminti i\u0161 5 spalv\u0173: raudonos, oran\u017eines, melynos, \u017ealios, geltonos, kuri\u0173 d\u0117ka galite sukurti \u012fdomias strukt\u016bras i\u0161 vienod\u0173 spalv\u0173 segment\u0173.<\/li>\n<\/ul>\n<\/div>\n<\/div>\n<\/div>\n<\/div>\n<\/div>\n<\/div>\n<\/div>\n<div>\n<div class=\"section-container\">\n<div class=\"section\">\n<div class=\"item item-6\"><\/div>\n<div class=\"item item-6\">\n<div class=\"text-item\">\n<div class=\"text-content\">\n<p><strong>SPECIFIKACIJA<\/strong><\/p>\n<ul>\n<li>am\u017eius: 3+<\/li>\n<li>sertifikatai: CE, EN71<\/li>\n<li>spalvos: raudona, oran\u017ein\u0117, m\u0117lyna, \u017ealia, geltona<\/li>\n<li>ilgesni\u0173 \u0161iaudeli\u0173 matmenys (storis \/ plotis): 0,5 \/ 19-19,5 cm<\/li>\n<li>trumpesni\u0173 \u0161iaudeli\u0173 matmenys (storis \/ plotis): 0,5 \/ 9,5 cm<\/li>\n<li>svoris su pakuote: 0,83 kg<\/li>\n<\/ul>\n<p><strong>Rinkin\u012f sudaro<\/strong><\/p>\n<ul>\n<li style=\"list-style-type: none;\">\n<ul>\n<li>102 ilgi \u0161iaudeliai<\/li>\n<li>102 trumpi \u0161iaudeliai<\/li>\n<li>204 jungtys<\/li>\n<li>pavyzdin\u0117s projekto vizualizacijos<\/li>\n<\/ul>\n<\/li>\n<\/ul>\n<\/div>\n<\/div>\n<\/div>\n<\/div>\n<\/div>\n<\/div>","protected":false},"excerpt":{"rendered":"<p>Statybiniai \u0161iaudeliai &#8211; 408 ELEMENT\u0172 RINKINYS 408 elementai&nbsp;!&nbsp;&#8211; komplekte yra 204 skirting\u0173 spalv\u0173 \u0161iaudeliai (102 trumpi, 102 ilgi) ir 204 jungtys. Komplekte esantys ratai leis paivairinti konstrukcij\u0105, pvz., sukurti transporto priemones, ve\u017eim\u0117lius ir pan. Statymas veikia vaiko vystym\u0105si, lavina smulkiosios motorikos \u012fg\u016bd\u017eius ir vaizduot\u0119. \u017daisdamas vaikas taip pat lavina koncentracij\u0105, reg\u0117jimo koordinacij\u0105. \u0160iaudeliai pagaminti i\u0161 [&hellip;]<\/p>","protected":false},"featured_media":10669,"template":"","meta":{"iawp_total_views":164},"product_cat":[92,87,84,90,86,93,202,49,39],"product_tag":[97,98,99],"class_list":{"0":"post-10668","1":"product","2":"type-product","3":"status-publish","4":"has-post-thumbnail","6":"product_cat-deliones","7":"product_cat-kurybiniai-rinkiniai","8":"product_cat-lavinamieji-zaislai","9":"product_cat-pasaulio-pazinimas","10":"product_cat-smulkioji-motorika","11":"product_cat-vaidmenu-zaidimai","12":"product_cat-vaaikiski-konstruktoriai","13":"product_cat-visi-zaislai","14":"product_cat-zaislai","15":"product_tag-3-m-4-m","16":"product_tag-5-m-7-m","17":"product_tag-8-m-11-m","19":"first","20":"instock","21":"taxable","22":"shipping-taxable","23":"purchasable","24":"product-type-simple"},"yoast_head":"<!-- This site is optimized with the Yoast SEO plugin v23.3 - https:\/\/yoast.com\/wordpress\/plugins\/seo\/ -->\n<title>Statybiniai \u0161iaudeliai, 408el. - Montessori \u017eaislai<\/title>\n<meta name=\"robots\" content=\"noindex, follow, max-snippet:-1, max-image-preview:large, max-video-preview:-1\" \/>\n<meta property=\"og:locale\" content=\"en_US\" \/>\n<meta property=\"og:type\" content=\"article\" \/>\n<meta property=\"og:title\" content=\"Statybiniai \u0161iaudeliai, 408el. - Montessori \u017eaislai\" \/>\n<meta property=\"og:description\" content=\"Statybiniai \u0161iaudeliai &#8211; 408 ELEMENT\u0172 RINKINYS 408 elementai&nbsp;!&nbsp;&#8211; komplekte yra 204 skirting\u0173 spalv\u0173 \u0161iaudeliai (102 trumpi, 102 ilgi) ir 204 jungtys. Komplekte esantys ratai leis paivairinti konstrukcij\u0105, pvz., sukurti transporto priemones, ve\u017eim\u0117lius ir pan. Statymas veikia vaiko vystym\u0105si, lavina smulkiosios motorikos \u012fg\u016bd\u017eius ir vaizduot\u0119. \u017daisdamas vaikas taip pat lavina koncentracij\u0105, reg\u0117jimo koordinacij\u0105. \u0160iaudeliai pagaminti i\u0161 [&hellip;]\" \/>\n<meta property=\"og:url\" content=\"https:\/\/dev.monti.lt\/en\/product\/statybiniai-siaudeliai-408el\/\" \/>\n<meta property=\"og:site_name\" content=\"Montessori \u017eaislai\" \/>\n<meta property=\"article:modified_time\" content=\"2024-10-06T12:09:26+00:00\" \/>\n<meta property=\"og:image\" content=\"https:\/\/dev.monti.lt\/wp-content\/uploads\/2022\/10\/lit_pl_Plytos-siaudeliai-408el-komplektas-13957_22.jpg\" \/>\n\t<meta property=\"og:image:width\" content=\"500\" \/>\n\t<meta property=\"og:image:height\" content=\"500\" \/>\n\t<meta property=\"og:image:type\" content=\"image\/jpeg\" \/>\n<meta name=\"twitter:card\" content=\"summary_large_image\" \/>\n<meta name=\"twitter:label1\" content=\"Est. reading time\" \/>\n\t<meta name=\"twitter:data1\" content=\"1 minute\" \/>\n<script type=\"application\/ld+json\" class=\"yoast-schema-graph\">{\"@context\":\"https:\/\/schema.org\",\"@graph\":[{\"@type\":\"WebPage\",\"@id\":\"https:\/\/dev.monti.lt\/product\/statybiniai-siaudeliai-408el\/\",\"url\":\"https:\/\/dev.monti.lt\/product\/statybiniai-siaudeliai-408el\/\",\"name\":\"Statybiniai \u0161iaudeliai, 408el. - Montessori \u017eaislai\",\"isPartOf\":{\"@id\":\"https:\/\/dev.monti.lt\/#website\"},\"primaryImageOfPage\":{\"@id\":\"https:\/\/dev.monti.lt\/product\/statybiniai-siaudeliai-408el\/#primaryimage\"},\"image\":{\"@id\":\"https:\/\/dev.monti.lt\/product\/statybiniai-siaudeliai-408el\/#primaryimage\"},\"thumbnailUrl\":\"https:\/\/dev.monti.lt\/wp-content\/uploads\/2022\/10\/lit_pl_Plytos-siaudeliai-408el-komplektas-13957_22.jpg\",\"datePublished\":\"2022-10-23T07:08:50+00:00\",\"dateModified\":\"2024-10-06T12:09:26+00:00\",\"breadcrumb\":{\"@id\":\"https:\/\/dev.monti.lt\/product\/statybiniai-siaudeliai-408el\/#breadcrumb\"},\"inLanguage\":\"en-US\",\"potentialAction\":[{\"@type\":\"ReadAction\",\"target\":[\"https:\/\/dev.monti.lt\/product\/statybiniai-siaudeliai-408el\/\"]}]},{\"@type\":\"ImageObject\",\"inLanguage\":\"en-US\",\"@id\":\"https:\/\/dev.monti.lt\/product\/statybiniai-siaudeliai-408el\/#primaryimage\",\"url\":\"https:\/\/dev.monti.lt\/wp-content\/uploads\/2022\/10\/lit_pl_Plytos-siaudeliai-408el-komplektas-13957_22.jpg\",\"contentUrl\":\"https:\/\/dev.monti.lt\/wp-content\/uploads\/2022\/10\/lit_pl_Plytos-siaudeliai-408el-komplektas-13957_22.jpg\",\"width\":500,\"height\":500,\"caption\":\"statybiniai \u0161iaudeliai\"},{\"@type\":\"BreadcrumbList\",\"@id\":\"https:\/\/dev.monti.lt\/product\/statybiniai-siaudeliai-408el\/#breadcrumb\",\"itemListElement\":[{\"@type\":\"ListItem\",\"position\":1,\"name\":\"Home\",\"item\":\"https:\/\/dev.monti.lt\/\"},{\"@type\":\"ListItem\",\"position\":2,\"name\":\"Parduotuv\u0117\",\"item\":\"https:\/\/dev.monti.lt\/shop\/\"},{\"@type\":\"ListItem\",\"position\":3,\"name\":\"Statybiniai \u0161iaudeliai, 408el.\"}]},{\"@type\":\"WebSite\",\"@id\":\"https:\/\/dev.monti.lt\/#website\",\"url\":\"https:\/\/dev.monti.lt\/\",\"name\":\"Montessori \u017eaislai\",\"description\":\"\",\"publisher\":{\"@id\":\"https:\/\/dev.monti.lt\/#organization\"},\"potentialAction\":[{\"@type\":\"SearchAction\",\"target\":{\"@type\":\"EntryPoint\",\"urlTemplate\":\"https:\/\/dev.monti.lt\/?s={search_term_string}\"},\"query-input\":\"required name=search_term_string\"}],\"inLanguage\":\"en-US\"},{\"@type\":\"Organization\",\"@id\":\"https:\/\/dev.monti.lt\/#organization\",\"name\":\"Montessori \u017eaislai\",\"url\":\"https:\/\/dev.monti.lt\/\",\"logo\":{\"@type\":\"ImageObject\",\"inLanguage\":\"en-US\",\"@id\":\"https:\/\/dev.monti.lt\/#\/schema\/logo\/image\/\",\"url\":\"https:\/\/dev.monti.lt\/wp-content\/uploads\/2022\/03\/montilogo-1.png\",\"contentUrl\":\"https:\/\/dev.monti.lt\/wp-content\/uploads\/2022\/03\/montilogo-1.png\",\"width\":512,\"height\":512,\"caption\":\"Montessori \u017eaislai\"},\"image\":{\"@id\":\"https:\/\/dev.monti.lt\/#\/schema\/logo\/image\/\"}}]}<\/script>\n<!-- \/ Yoast SEO plugin. -->","yoast_head_json":{"title":"Statybiniai \u0161iaudeliai, 408el. - Montessori \u017eaislai","robots":{"index":"noindex","follow":"follow","max-snippet":"max-snippet:-1","max-image-preview":"max-image-preview:large","max-video-preview":"max-video-preview:-1"},"og_locale":"en_US","og_type":"article","og_title":"Statybiniai \u0161iaudeliai, 408el. - Montessori \u017eaislai","og_description":"Statybiniai \u0161iaudeliai &#8211; 408 ELEMENT\u0172 RINKINYS 408 elementai&nbsp;!&nbsp;&#8211; komplekte yra 204 skirting\u0173 spalv\u0173 \u0161iaudeliai (102 trumpi, 102 ilgi) ir 204 jungtys. Komplekte esantys ratai leis paivairinti konstrukcij\u0105, pvz., sukurti transporto priemones, ve\u017eim\u0117lius ir pan. Statymas veikia vaiko vystym\u0105si, lavina smulkiosios motorikos \u012fg\u016bd\u017eius ir vaizduot\u0119. \u017daisdamas vaikas taip pat lavina koncentracij\u0105, reg\u0117jimo koordinacij\u0105. \u0160iaudeliai pagaminti i\u0161 [&hellip;]","og_url":"https:\/\/dev.monti.lt\/en\/product\/statybiniai-siaudeliai-408el\/","og_site_name":"Montessori \u017eaislai","article_modified_time":"2024-10-06T12:09:26+00:00","og_image":[{"width":500,"height":500,"url":"https:\/\/dev.monti.lt\/wp-content\/uploads\/2022\/10\/lit_pl_Plytos-siaudeliai-408el-komplektas-13957_22.jpg","type":"image\/jpeg"}],"twitter_card":"summary_large_image","twitter_misc":{"Est. reading time":"1 minute"},"schema":{"@context":"https:\/\/schema.org","@graph":[{"@type":"WebPage","@id":"https:\/\/dev.monti.lt\/product\/statybiniai-siaudeliai-408el\/","url":"https:\/\/dev.monti.lt\/product\/statybiniai-siaudeliai-408el\/","name":"Statybiniai \u0161iaudeliai, 408el. - Montessori \u017eaislai","isPartOf":{"@id":"https:\/\/dev.monti.lt\/#website"},"primaryImageOfPage":{"@id":"https:\/\/dev.monti.lt\/product\/statybiniai-siaudeliai-408el\/#primaryimage"},"image":{"@id":"https:\/\/dev.monti.lt\/product\/statybiniai-siaudeliai-408el\/#primaryimage"},"thumbnailUrl":"https:\/\/dev.monti.lt\/wp-content\/uploads\/2022\/10\/lit_pl_Plytos-siaudeliai-408el-komplektas-13957_22.jpg","datePublished":"2022-10-23T07:08:50+00:00","dateModified":"2024-10-06T12:09:26+00:00","breadcrumb":{"@id":"https:\/\/dev.monti.lt\/product\/statybiniai-siaudeliai-408el\/#breadcrumb"},"inLanguage":"en-US","potentialAction":[{"@type":"ReadAction","target":["https:\/\/dev.monti.lt\/product\/statybiniai-siaudeliai-408el\/"]}]},{"@type":"ImageObject","inLanguage":"en-US","@id":"https:\/\/dev.monti.lt\/product\/statybiniai-siaudeliai-408el\/#primaryimage","url":"https:\/\/dev.monti.lt\/wp-content\/uploads\/2022\/10\/lit_pl_Plytos-siaudeliai-408el-komplektas-13957_22.jpg","contentUrl":"https:\/\/dev.monti.lt\/wp-content\/uploads\/2022\/10\/lit_pl_Plytos-siaudeliai-408el-komplektas-13957_22.jpg","width":500,"height":500,"caption":"statybiniai \u0161iaudeliai"},{"@type":"BreadcrumbList","@id":"https:\/\/dev.monti.lt\/product\/statybiniai-siaudeliai-408el\/#breadcrumb","itemListElement":[{"@type":"ListItem","position":1,"name":"Home","item":"https:\/\/dev.monti.lt\/"},{"@type":"ListItem","position":2,"name":"Parduotuv\u0117","item":"https:\/\/dev.monti.lt\/shop\/"},{"@type":"ListItem","position":3,"name":"Statybiniai \u0161iaudeliai, 408el."}]},{"@type":"WebSite","@id":"https:\/\/dev.monti.lt\/#website","url":"https:\/\/dev.monti.lt\/","name":"Montessori \u017eaislai","description":"","publisher":{"@id":"https:\/\/dev.monti.lt\/#organization"},"potentialAction":[{"@type":"SearchAction","target":{"@type":"EntryPoint","urlTemplate":"https:\/\/dev.monti.lt\/?s={search_term_string}"},"query-input":"required name=search_term_string"}],"inLanguage":"en-US"},{"@type":"Organization","@id":"https:\/\/dev.monti.lt\/#organization","name":"Montessori \u017eaislai","url":"https:\/\/dev.monti.lt\/","logo":{"@type":"ImageObject","inLanguage":"en-US","@id":"https:\/\/dev.monti.lt\/#\/schema\/logo\/image\/","url":"https:\/\/dev.monti.lt\/wp-content\/uploads\/2022\/03\/montilogo-1.png","contentUrl":"https:\/\/dev.monti.lt\/wp-content\/uploads\/2022\/03\/montilogo-1.png","width":512,"height":512,"caption":"Montessori \u017eaislai"},"image":{"@id":"https:\/\/dev.monti.lt\/#\/schema\/logo\/image\/"}}]}},"_links":{"self":[{"href":"https:\/\/dev.monti.lt\/en\/wp-json\/wp\/v2\/product\/10668"}],"collection":[{"href":"https:\/\/dev.monti.lt\/en\/wp-json\/wp\/v2\/product"}],"about":[{"href":"https:\/\/dev.monti.lt\/en\/wp-json\/wp\/v2\/types\/product"}],"version-history":[{"count":2,"href":"https:\/\/dev.monti.lt\/en\/wp-json\/wp\/v2\/product\/10668\/revisions"}],"predecessor-version":[{"id":15595,"href":"https:\/\/dev.monti.lt\/en\/wp-json\/wp\/v2\/product\/10668\/revisions\/15595"}],"wp:featuredmedia":[{"embeddable":true,"href":"https:\/\/dev.monti.lt\/en\/wp-json\/wp\/v2\/media\/10669"}],"wp:attachment":[{"href":"https:\/\/dev.monti.lt\/en\/wp-json\/wp\/v2\/media?parent=10668"}],"wp:term":[{"taxonomy":"product_cat","embeddable":true,"href":"https:\/\/dev.monti.lt\/en\/wp-json\/wp\/v2\/product_cat?post=10668"},{"taxonomy":"product_tag","embeddable":true,"href":"https:\/\/dev.monti.lt\/en\/wp-json\/wp\/v2\/product_tag?post=10668"}],"curies":[{"name":"wp","href":"https:\/\/api.w.org\/{rel}","templated":true}]}}