{"id":10657,"date":"2022-10-23T07:03:55","date_gmt":"2022-10-23T07:03:55","guid":{"rendered":"https:\/\/dev.monti.lt\/?post_type=product&#038;p=10657"},"modified":"2024-09-19T11:07:01","modified_gmt":"2024-09-19T11:07:01","slug":"statybiniai-siaudeliai-238-elementai","status":"publish","type":"product","link":"https:\/\/dev.monti.lt\/en\/product\/statybiniai-siaudeliai-238-elementai\/","title":{"rendered":"Statybiniai \u0161iaudeliai, 238 elementai"},"content":{"rendered":"<div>\n<div class=\"section-container\">\n<div class=\"section\">\n<div class=\"item item-12\">\n<div class=\"text-item\">\n<div>\n<div class=\"text-content\">\n<h1>Statybiniai \u0161iaudeliai &#8211; 238 ELEMENT\u0172 RINKINYS<\/h1>\n<\/div>\n<\/div>\n<\/div>\n<\/div>\n<\/div>\n<\/div>\n<\/div>\n<div>\n<div class=\"section-container\">\n<div class=\"section\">\n<div class=\"item item-12\">\n<div class=\"text-item\">\n<div>\n<div class=\"text-content\">\n<ul>\n<li><strong>238 elementai<\/strong>&nbsp;<strong>!&nbsp;<\/strong>&#8211; komplekte yra 120 skirting\u0173 spalv\u0173 \u0161iaudeli\u0173, 114 jung\u010di\u0173, 4 putplas\u010dio ratai. Komplekte esantys ratai leis paivairinti konstrukcij\u0105, pvz., sukurti transporto priemones, ve\u017eim\u0117lius ir pan.<\/li>\n<\/ul>\n<ul>\n<li>Statymas veikia vaiko vystym\u0105si, lavina smulkiosios motorikos \u012fg\u016bd\u017eius ir vaizduot\u0119. \u017daisdamas vaikas taip pat lavina koncentracij\u0105, reg\u0117jimo koordinacij\u0105.<\/li>\n<li>\u0160iaudeliai pagaminti i\u0161 5 spalv\u0173: raudonos, oran\u017eines, melynos, \u017ealios, geltonos, kuri\u0173 d\u0117ka galite sukurti \u012fdomias strukt\u016bras i\u0161 vienod\u0173 spalv\u0173 segment\u0173.<\/li>\n<\/ul>\n<\/div>\n<\/div>\n<\/div>\n<\/div>\n<\/div>\n<\/div>\n<\/div>\n<div>\n<div class=\"section-container\">\n<div class=\"section\">\n<div class=\"item item-6\"><\/div>\n<div class=\"item item-6\">\n<div class=\"text-item\">\n<div>\n<div class=\"text-content\">\n<p><strong>SPECIFIKACIJA<\/strong><\/p>\n<ul>\n<li>am\u017eius: 3+<\/li>\n<li>spalvos: raudona, oran\u017eine, melyna, \u017ealia, geltona<\/li>\n<li>\u0161iaudelio matmenys (storis \/ plotis): 0,4 \/ 10 cm<\/li>\n<li>svoris su pakuote: 160g<\/li>\n<\/ul>\n<p><strong>Rinkin\u012f sudaro<\/strong><\/p>\n<ul>\n<li>120 \u0161iaudeli\u0173<\/li>\n<li>114 jung\u010di\u0173<\/li>\n<li>4 putplas\u010dio ratai<\/li>\n<\/ul>\n<\/div>\n<\/div>\n<\/div>\n<\/div>\n<\/div>\n<\/div>\n<\/div>","protected":false},"excerpt":{"rendered":"<p>Statybiniai \u0161iaudeliai &#8211; 238 ELEMENT\u0172 RINKINYS 238 elementai&nbsp;!&nbsp;&#8211; komplekte yra 120 skirting\u0173 spalv\u0173 \u0161iaudeli\u0173, 114 jung\u010di\u0173, 4 putplas\u010dio ratai. Komplekte esantys ratai leis paivairinti konstrukcij\u0105, pvz., sukurti transporto priemones, ve\u017eim\u0117lius ir pan. Statymas veikia vaiko vystym\u0105si, lavina smulkiosios motorikos \u012fg\u016bd\u017eius ir vaizduot\u0119. \u017daisdamas vaikas taip pat lavina koncentracij\u0105, reg\u0117jimo koordinacij\u0105. \u0160iaudeliai pagaminti i\u0161 5 spalv\u0173: [&hellip;]<\/p>","protected":false},"featured_media":10658,"template":"","meta":{"iawp_total_views":54},"product_cat":[218,92,87,84,86,49,39],"product_tag":[97,98,99],"class_list":{"0":"post-10657","1":"product","2":"type-product","3":"status-publish","4":"has-post-thumbnail","6":"product_cat-darzeliu-grupems","7":"product_cat-deliones","8":"product_cat-kurybiniai-rinkiniai","9":"product_cat-lavinamieji-zaislai","10":"product_cat-smulkioji-motorika","11":"product_cat-visi-zaislai","12":"product_cat-zaislai","13":"product_tag-3-m-4-m","14":"product_tag-5-m-7-m","15":"product_tag-8-m-11-m","17":"first","18":"outofstock","19":"taxable","20":"shipping-taxable","21":"purchasable","22":"product-type-simple"},"yoast_head":"<!-- This site is optimized with the Yoast SEO plugin v23.3 - https:\/\/yoast.com\/wordpress\/plugins\/seo\/ -->\n<title>Statybiniai \u0161iaudeliai, 238 elementai - Montessori \u017eaislai<\/title>\n<meta name=\"robots\" content=\"noindex, follow, max-snippet:-1, max-image-preview:large, max-video-preview:-1\" \/>\n<meta property=\"og:locale\" content=\"en_US\" \/>\n<meta property=\"og:type\" content=\"article\" \/>\n<meta property=\"og:title\" content=\"Statybiniai \u0161iaudeliai, 238 elementai - Montessori \u017eaislai\" \/>\n<meta property=\"og:description\" content=\"Statybiniai \u0161iaudeliai &#8211; 238 ELEMENT\u0172 RINKINYS 238 elementai&nbsp;!&nbsp;&#8211; komplekte yra 120 skirting\u0173 spalv\u0173 \u0161iaudeli\u0173, 114 jung\u010di\u0173, 4 putplas\u010dio ratai. Komplekte esantys ratai leis paivairinti konstrukcij\u0105, pvz., sukurti transporto priemones, ve\u017eim\u0117lius ir pan. Statymas veikia vaiko vystym\u0105si, lavina smulkiosios motorikos \u012fg\u016bd\u017eius ir vaizduot\u0119. \u017daisdamas vaikas taip pat lavina koncentracij\u0105, reg\u0117jimo koordinacij\u0105. \u0160iaudeliai pagaminti i\u0161 5 spalv\u0173: [&hellip;]\" \/>\n<meta property=\"og:url\" content=\"https:\/\/dev.monti.lt\/en\/product\/statybiniai-siaudeliai-238-elementai\/\" \/>\n<meta property=\"og:site_name\" content=\"Montessori \u017eaislai\" \/>\n<meta property=\"article:modified_time\" content=\"2024-09-19T11:07:01+00:00\" \/>\n<meta property=\"og:image\" content=\"https:\/\/dev.monti.lt\/wp-content\/uploads\/2022\/10\/lit_pl_Blokai-siaudeliai-rinkinyje-238-vnt-14110_9.jpg\" \/>\n\t<meta property=\"og:image:width\" content=\"500\" \/>\n\t<meta property=\"og:image:height\" content=\"500\" \/>\n\t<meta property=\"og:image:type\" content=\"image\/jpeg\" \/>\n<meta name=\"twitter:card\" content=\"summary_large_image\" \/>\n<meta name=\"twitter:label1\" content=\"Est. reading time\" \/>\n\t<meta name=\"twitter:data1\" content=\"1 minute\" \/>\n<script type=\"application\/ld+json\" class=\"yoast-schema-graph\">{\"@context\":\"https:\/\/schema.org\",\"@graph\":[{\"@type\":\"WebPage\",\"@id\":\"https:\/\/dev.monti.lt\/product\/statybiniai-siaudeliai-238-elementai\/\",\"url\":\"https:\/\/dev.monti.lt\/product\/statybiniai-siaudeliai-238-elementai\/\",\"name\":\"Statybiniai \u0161iaudeliai, 238 elementai - Montessori \u017eaislai\",\"isPartOf\":{\"@id\":\"https:\/\/dev.monti.lt\/#website\"},\"primaryImageOfPage\":{\"@id\":\"https:\/\/dev.monti.lt\/product\/statybiniai-siaudeliai-238-elementai\/#primaryimage\"},\"image\":{\"@id\":\"https:\/\/dev.monti.lt\/product\/statybiniai-siaudeliai-238-elementai\/#primaryimage\"},\"thumbnailUrl\":\"https:\/\/dev.monti.lt\/wp-content\/uploads\/2022\/10\/lit_pl_Blokai-siaudeliai-rinkinyje-238-vnt-14110_9.jpg\",\"datePublished\":\"2022-10-23T07:03:55+00:00\",\"dateModified\":\"2024-09-19T11:07:01+00:00\",\"breadcrumb\":{\"@id\":\"https:\/\/dev.monti.lt\/product\/statybiniai-siaudeliai-238-elementai\/#breadcrumb\"},\"inLanguage\":\"en-US\",\"potentialAction\":[{\"@type\":\"ReadAction\",\"target\":[\"https:\/\/dev.monti.lt\/product\/statybiniai-siaudeliai-238-elementai\/\"]}]},{\"@type\":\"ImageObject\",\"inLanguage\":\"en-US\",\"@id\":\"https:\/\/dev.monti.lt\/product\/statybiniai-siaudeliai-238-elementai\/#primaryimage\",\"url\":\"https:\/\/dev.monti.lt\/wp-content\/uploads\/2022\/10\/lit_pl_Blokai-siaudeliai-rinkinyje-238-vnt-14110_9.jpg\",\"contentUrl\":\"https:\/\/dev.monti.lt\/wp-content\/uploads\/2022\/10\/lit_pl_Blokai-siaudeliai-rinkinyje-238-vnt-14110_9.jpg\",\"width\":500,\"height\":500,\"caption\":\"statybiniai \u0161iaudeliai\"},{\"@type\":\"BreadcrumbList\",\"@id\":\"https:\/\/dev.monti.lt\/product\/statybiniai-siaudeliai-238-elementai\/#breadcrumb\",\"itemListElement\":[{\"@type\":\"ListItem\",\"position\":1,\"name\":\"Home\",\"item\":\"https:\/\/dev.monti.lt\/\"},{\"@type\":\"ListItem\",\"position\":2,\"name\":\"Parduotuv\u0117\",\"item\":\"https:\/\/dev.monti.lt\/shop\/\"},{\"@type\":\"ListItem\",\"position\":3,\"name\":\"Statybiniai \u0161iaudeliai, 238 elementai\"}]},{\"@type\":\"WebSite\",\"@id\":\"https:\/\/dev.monti.lt\/#website\",\"url\":\"https:\/\/dev.monti.lt\/\",\"name\":\"Montessori \u017eaislai\",\"description\":\"\",\"publisher\":{\"@id\":\"https:\/\/dev.monti.lt\/#organization\"},\"potentialAction\":[{\"@type\":\"SearchAction\",\"target\":{\"@type\":\"EntryPoint\",\"urlTemplate\":\"https:\/\/dev.monti.lt\/?s={search_term_string}\"},\"query-input\":\"required name=search_term_string\"}],\"inLanguage\":\"en-US\"},{\"@type\":\"Organization\",\"@id\":\"https:\/\/dev.monti.lt\/#organization\",\"name\":\"Montessori \u017eaislai\",\"url\":\"https:\/\/dev.monti.lt\/\",\"logo\":{\"@type\":\"ImageObject\",\"inLanguage\":\"en-US\",\"@id\":\"https:\/\/dev.monti.lt\/#\/schema\/logo\/image\/\",\"url\":\"https:\/\/dev.monti.lt\/wp-content\/uploads\/2022\/03\/montilogo-1.png\",\"contentUrl\":\"https:\/\/dev.monti.lt\/wp-content\/uploads\/2022\/03\/montilogo-1.png\",\"width\":512,\"height\":512,\"caption\":\"Montessori \u017eaislai\"},\"image\":{\"@id\":\"https:\/\/dev.monti.lt\/#\/schema\/logo\/image\/\"}}]}<\/script>\n<!-- \/ Yoast SEO plugin. -->","yoast_head_json":{"title":"Statybiniai \u0161iaudeliai, 238 elementai - Montessori \u017eaislai","robots":{"index":"noindex","follow":"follow","max-snippet":"max-snippet:-1","max-image-preview":"max-image-preview:large","max-video-preview":"max-video-preview:-1"},"og_locale":"en_US","og_type":"article","og_title":"Statybiniai \u0161iaudeliai, 238 elementai - Montessori \u017eaislai","og_description":"Statybiniai \u0161iaudeliai &#8211; 238 ELEMENT\u0172 RINKINYS 238 elementai&nbsp;!&nbsp;&#8211; komplekte yra 120 skirting\u0173 spalv\u0173 \u0161iaudeli\u0173, 114 jung\u010di\u0173, 4 putplas\u010dio ratai. Komplekte esantys ratai leis paivairinti konstrukcij\u0105, pvz., sukurti transporto priemones, ve\u017eim\u0117lius ir pan. Statymas veikia vaiko vystym\u0105si, lavina smulkiosios motorikos \u012fg\u016bd\u017eius ir vaizduot\u0119. \u017daisdamas vaikas taip pat lavina koncentracij\u0105, reg\u0117jimo koordinacij\u0105. \u0160iaudeliai pagaminti i\u0161 5 spalv\u0173: [&hellip;]","og_url":"https:\/\/dev.monti.lt\/en\/product\/statybiniai-siaudeliai-238-elementai\/","og_site_name":"Montessori \u017eaislai","article_modified_time":"2024-09-19T11:07:01+00:00","og_image":[{"width":500,"height":500,"url":"https:\/\/dev.monti.lt\/wp-content\/uploads\/2022\/10\/lit_pl_Blokai-siaudeliai-rinkinyje-238-vnt-14110_9.jpg","type":"image\/jpeg"}],"twitter_card":"summary_large_image","twitter_misc":{"Est. reading time":"1 minute"},"schema":{"@context":"https:\/\/schema.org","@graph":[{"@type":"WebPage","@id":"https:\/\/dev.monti.lt\/product\/statybiniai-siaudeliai-238-elementai\/","url":"https:\/\/dev.monti.lt\/product\/statybiniai-siaudeliai-238-elementai\/","name":"Statybiniai \u0161iaudeliai, 238 elementai - Montessori \u017eaislai","isPartOf":{"@id":"https:\/\/dev.monti.lt\/#website"},"primaryImageOfPage":{"@id":"https:\/\/dev.monti.lt\/product\/statybiniai-siaudeliai-238-elementai\/#primaryimage"},"image":{"@id":"https:\/\/dev.monti.lt\/product\/statybiniai-siaudeliai-238-elementai\/#primaryimage"},"thumbnailUrl":"https:\/\/dev.monti.lt\/wp-content\/uploads\/2022\/10\/lit_pl_Blokai-siaudeliai-rinkinyje-238-vnt-14110_9.jpg","datePublished":"2022-10-23T07:03:55+00:00","dateModified":"2024-09-19T11:07:01+00:00","breadcrumb":{"@id":"https:\/\/dev.monti.lt\/product\/statybiniai-siaudeliai-238-elementai\/#breadcrumb"},"inLanguage":"en-US","potentialAction":[{"@type":"ReadAction","target":["https:\/\/dev.monti.lt\/product\/statybiniai-siaudeliai-238-elementai\/"]}]},{"@type":"ImageObject","inLanguage":"en-US","@id":"https:\/\/dev.monti.lt\/product\/statybiniai-siaudeliai-238-elementai\/#primaryimage","url":"https:\/\/dev.monti.lt\/wp-content\/uploads\/2022\/10\/lit_pl_Blokai-siaudeliai-rinkinyje-238-vnt-14110_9.jpg","contentUrl":"https:\/\/dev.monti.lt\/wp-content\/uploads\/2022\/10\/lit_pl_Blokai-siaudeliai-rinkinyje-238-vnt-14110_9.jpg","width":500,"height":500,"caption":"statybiniai \u0161iaudeliai"},{"@type":"BreadcrumbList","@id":"https:\/\/dev.monti.lt\/product\/statybiniai-siaudeliai-238-elementai\/#breadcrumb","itemListElement":[{"@type":"ListItem","position":1,"name":"Home","item":"https:\/\/dev.monti.lt\/"},{"@type":"ListItem","position":2,"name":"Parduotuv\u0117","item":"https:\/\/dev.monti.lt\/shop\/"},{"@type":"ListItem","position":3,"name":"Statybiniai \u0161iaudeliai, 238 elementai"}]},{"@type":"WebSite","@id":"https:\/\/dev.monti.lt\/#website","url":"https:\/\/dev.monti.lt\/","name":"Montessori \u017eaislai","description":"","publisher":{"@id":"https:\/\/dev.monti.lt\/#organization"},"potentialAction":[{"@type":"SearchAction","target":{"@type":"EntryPoint","urlTemplate":"https:\/\/dev.monti.lt\/?s={search_term_string}"},"query-input":"required name=search_term_string"}],"inLanguage":"en-US"},{"@type":"Organization","@id":"https:\/\/dev.monti.lt\/#organization","name":"Montessori \u017eaislai","url":"https:\/\/dev.monti.lt\/","logo":{"@type":"ImageObject","inLanguage":"en-US","@id":"https:\/\/dev.monti.lt\/#\/schema\/logo\/image\/","url":"https:\/\/dev.monti.lt\/wp-content\/uploads\/2022\/03\/montilogo-1.png","contentUrl":"https:\/\/dev.monti.lt\/wp-content\/uploads\/2022\/03\/montilogo-1.png","width":512,"height":512,"caption":"Montessori \u017eaislai"},"image":{"@id":"https:\/\/dev.monti.lt\/#\/schema\/logo\/image\/"}}]}},"_links":{"self":[{"href":"https:\/\/dev.monti.lt\/en\/wp-json\/wp\/v2\/product\/10657"}],"collection":[{"href":"https:\/\/dev.monti.lt\/en\/wp-json\/wp\/v2\/product"}],"about":[{"href":"https:\/\/dev.monti.lt\/en\/wp-json\/wp\/v2\/types\/product"}],"version-history":[{"count":2,"href":"https:\/\/dev.monti.lt\/en\/wp-json\/wp\/v2\/product\/10657\/revisions"}],"predecessor-version":[{"id":11982,"href":"https:\/\/dev.monti.lt\/en\/wp-json\/wp\/v2\/product\/10657\/revisions\/11982"}],"wp:featuredmedia":[{"embeddable":true,"href":"https:\/\/dev.monti.lt\/en\/wp-json\/wp\/v2\/media\/10658"}],"wp:attachment":[{"href":"https:\/\/dev.monti.lt\/en\/wp-json\/wp\/v2\/media?parent=10657"}],"wp:term":[{"taxonomy":"product_cat","embeddable":true,"href":"https:\/\/dev.monti.lt\/en\/wp-json\/wp\/v2\/product_cat?post=10657"},{"taxonomy":"product_tag","embeddable":true,"href":"https:\/\/dev.monti.lt\/en\/wp-json\/wp\/v2\/product_tag?post=10657"}],"curies":[{"name":"wp","href":"https:\/\/api.w.org\/{rel}","templated":true}]}}