{"id":10636,"date":"2022-10-23T06:36:14","date_gmt":"2022-10-23T06:36:14","guid":{"rendered":"https:\/\/dev.monti.lt\/?post_type=product&#038;p=10636"},"modified":"2024-09-26T07:47:22","modified_gmt":"2024-09-26T07:47:22","slug":"medinis-sunkvezimis-dirbtuves","status":"publish","type":"product","link":"https:\/\/dev.monti.lt\/en\/product\/medinis-sunkvezimis-dirbtuves\/","title":{"rendered":"Medinis sunkve\u017eimis-dirbtuv\u0117s"},"content":{"rendered":"<section class=\"section\">\n<div class=\"item item-12\">\n<section class=\"text-item\">\n<h1>MEDINIS Sunkve\u017eimis + PRIEDAI<\/h1>\n<\/section>\n<\/div>\n<\/section>\n<section class=\"section\">\n<div class=\"item item-12\">\n<section class=\"text-item\">\n<ul>\n<li><strong>IVAIR\u016aS ELEMENTAI&nbsp;<\/strong>&#8211; rinkinyje daug element\u0173, skirt\u0173 prisukimui ir atsukimui; be sunkve\u017eimio, rinkinyje yra mediniai rutuliai, atsuktuvas ir plaktukas, todel linksmybes tampa dar smagiau.<\/li>\n<\/ul>\n<p>&nbsp;<\/p>\n<ul>\n<li><strong>SAUGUS IR TVARUS&nbsp;<\/strong>&#8211; \u017eaislas pagamintas i\u0161 med\u017eio, naudojamos med\u017eiagos tipas turi \u012ftakos gaminio patvarumui, taigi ir jo naudojimo trukmei.<\/li>\n<\/ul>\n<p>&nbsp;<\/p>\n<ul>\n<li><strong>LAVINA VAIK\u0104<\/strong>&#8211;<strong>&nbsp;<\/strong>mokomasis sunkve\u017eimis<strong>&nbsp;<\/strong>lavina kurybi\u0161kum\u0105 ir skatina vaiko vaizduot\u0119 bei tobulina smulkiosios motorikos \u012fg\u016bd\u017eius; tinka \u017eaisti vienam, su suaugusiais ar su kitais vaikais didesn\u0117je dar\u017eelio grup\u0117je, o tai taip pat turi \u012ftakos socialini\u0173 ir integracini\u0173 igud\u017ei\u0173 \u016bgdymui.<\/li>\n<\/ul>\n<\/section>\n<\/div>\n<\/section>\n<section class=\"section\">\n<div class=\"item item-12\">\n<section class=\"text-item\"><strong>SPECIFIKACIJA<\/strong><\/p>\n<ul>\n<li>am\u017eius: nuo 3 metu<\/li>\n<li>sertifikatai: CE, EN71<\/li>\n<li>med\u017eiaga: medis, plastikas<\/li>\n<li>sunkve\u017eimio matmenys (ilgis \/ plotis \/ auk\u0161tis): 29 \/ 10,5 \/ 11cm<\/li>\n<li>komplekto svoris: 587 g<\/li>\n<li>rinkinio svoris su pakuote: 702g<\/li>\n<\/ul>\n<p><strong>ISKAITANT<\/strong><\/p>\n<ul>\n<li>sunkve\u017eimis su var\u017etais ir pagaliukais<\/li>\n<li>4 mediniai rutuliai<\/li>\n<li>plaktukas<\/li>\n<li>atsuktuvas<\/li>\n<\/ul>\n<\/section>\n<\/div>\n<\/section>","protected":false},"excerpt":{"rendered":"<p>MEDINIS Sunkve\u017eimis + PRIEDAI IVAIR\u016aS ELEMENTAI&nbsp;&#8211; rinkinyje daug element\u0173, skirt\u0173 prisukimui ir atsukimui; be sunkve\u017eimio, rinkinyje yra mediniai rutuliai, atsuktuvas ir plaktukas, todel linksmybes tampa dar smagiau. &nbsp; SAUGUS IR TVARUS&nbsp;&#8211; \u017eaislas pagamintas i\u0161 med\u017eio, naudojamos med\u017eiagos tipas turi \u012ftakos gaminio patvarumui, taigi ir jo naudojimo trukmei. &nbsp; LAVINA VAIK\u0104&#8211;&nbsp;mokomasis sunkve\u017eimis&nbsp;lavina kurybi\u0161kum\u0105 ir skatina vaiko [&hellip;]<\/p>","protected":false},"featured_media":10643,"template":"","meta":{"iawp_total_views":49},"product_cat":[92,87,84,102,83,90,86,50,49,39],"product_tag":[96,97,98],"class_list":{"0":"post-10636","1":"product","2":"type-product","3":"status-publish","4":"has-post-thumbnail","6":"product_cat-deliones","7":"product_cat-kurybiniai-rinkiniai","8":"product_cat-lavinamieji-zaislai","9":"product_cat-mediniai-zaislai","10":"product_cat-montessori-zaislai","11":"product_cat-pasaulio-pazinimas","12":"product_cat-smulkioji-motorika","13":"product_cat-top-dovanos","14":"product_cat-visi-zaislai","15":"product_cat-zaislai","16":"product_tag-2-m-3-m","17":"product_tag-3-m-4-m","18":"product_tag-5-m-7-m","20":"first","21":"instock","22":"featured","23":"taxable","24":"shipping-taxable","25":"purchasable","26":"product-type-simple"},"yoast_head":"<!-- This site is optimized with the Yoast SEO plugin v23.3 - https:\/\/yoast.com\/wordpress\/plugins\/seo\/ -->\n<title>Medinis sunkve\u017eimis-dirbtuv\u0117s - Montessori \u017eaislai<\/title>\n<meta name=\"robots\" content=\"noindex, follow, max-snippet:-1, max-image-preview:large, max-video-preview:-1\" \/>\n<meta property=\"og:locale\" content=\"en_US\" \/>\n<meta property=\"og:type\" content=\"article\" \/>\n<meta property=\"og:title\" content=\"Medinis sunkve\u017eimis-dirbtuv\u0117s - Montessori \u017eaislai\" \/>\n<meta property=\"og:description\" content=\"MEDINIS Sunkve\u017eimis + PRIEDAI IVAIR\u016aS ELEMENTAI&nbsp;&#8211; rinkinyje daug element\u0173, skirt\u0173 prisukimui ir atsukimui; be sunkve\u017eimio, rinkinyje yra mediniai rutuliai, atsuktuvas ir plaktukas, todel linksmybes tampa dar smagiau. &nbsp; SAUGUS IR TVARUS&nbsp;&#8211; \u017eaislas pagamintas i\u0161 med\u017eio, naudojamos med\u017eiagos tipas turi \u012ftakos gaminio patvarumui, taigi ir jo naudojimo trukmei. &nbsp; LAVINA VAIK\u0104&#8211;&nbsp;mokomasis sunkve\u017eimis&nbsp;lavina kurybi\u0161kum\u0105 ir skatina vaiko [&hellip;]\" \/>\n<meta property=\"og:url\" content=\"https:\/\/dev.monti.lt\/en\/product\/medinis-sunkvezimis-dirbtuves\/\" \/>\n<meta property=\"og:site_name\" content=\"Montessori \u017eaislai\" \/>\n<meta property=\"article:modified_time\" content=\"2024-09-26T07:47:22+00:00\" \/>\n<meta property=\"og:image\" content=\"https:\/\/dev.monti.lt\/wp-content\/uploads\/2022\/10\/lit_pl_Medinis-mokomasis-sunkvezimis-13038_1-1.jpg\" \/>\n\t<meta property=\"og:image:width\" content=\"624\" \/>\n\t<meta property=\"og:image:height\" content=\"500\" \/>\n\t<meta property=\"og:image:type\" content=\"image\/jpeg\" \/>\n<meta name=\"twitter:card\" content=\"summary_large_image\" \/>\n<meta name=\"twitter:label1\" content=\"Est. reading time\" \/>\n\t<meta name=\"twitter:data1\" content=\"1 minute\" \/>\n<script type=\"application\/ld+json\" class=\"yoast-schema-graph\">{\"@context\":\"https:\/\/schema.org\",\"@graph\":[{\"@type\":\"WebPage\",\"@id\":\"https:\/\/dev.monti.lt\/product\/medinis-sunkvezimis-dirbtuves\/\",\"url\":\"https:\/\/dev.monti.lt\/product\/medinis-sunkvezimis-dirbtuves\/\",\"name\":\"Medinis sunkve\u017eimis-dirbtuv\u0117s - Montessori \u017eaislai\",\"isPartOf\":{\"@id\":\"https:\/\/dev.monti.lt\/#website\"},\"primaryImageOfPage\":{\"@id\":\"https:\/\/dev.monti.lt\/product\/medinis-sunkvezimis-dirbtuves\/#primaryimage\"},\"image\":{\"@id\":\"https:\/\/dev.monti.lt\/product\/medinis-sunkvezimis-dirbtuves\/#primaryimage\"},\"thumbnailUrl\":\"https:\/\/dev.monti.lt\/wp-content\/uploads\/2022\/10\/lit_pl_Medinis-mokomasis-sunkvezimis-13038_1-1.jpg\",\"datePublished\":\"2022-10-23T06:36:14+00:00\",\"dateModified\":\"2024-09-26T07:47:22+00:00\",\"breadcrumb\":{\"@id\":\"https:\/\/dev.monti.lt\/product\/medinis-sunkvezimis-dirbtuves\/#breadcrumb\"},\"inLanguage\":\"en-US\",\"potentialAction\":[{\"@type\":\"ReadAction\",\"target\":[\"https:\/\/dev.monti.lt\/product\/medinis-sunkvezimis-dirbtuves\/\"]}]},{\"@type\":\"ImageObject\",\"inLanguage\":\"en-US\",\"@id\":\"https:\/\/dev.monti.lt\/product\/medinis-sunkvezimis-dirbtuves\/#primaryimage\",\"url\":\"https:\/\/dev.monti.lt\/wp-content\/uploads\/2022\/10\/lit_pl_Medinis-mokomasis-sunkvezimis-13038_1-1.jpg\",\"contentUrl\":\"https:\/\/dev.monti.lt\/wp-content\/uploads\/2022\/10\/lit_pl_Medinis-mokomasis-sunkvezimis-13038_1-1.jpg\",\"width\":624,\"height\":500,\"caption\":\"medinis sunkvezimis\"},{\"@type\":\"BreadcrumbList\",\"@id\":\"https:\/\/dev.monti.lt\/product\/medinis-sunkvezimis-dirbtuves\/#breadcrumb\",\"itemListElement\":[{\"@type\":\"ListItem\",\"position\":1,\"name\":\"Home\",\"item\":\"https:\/\/dev.monti.lt\/\"},{\"@type\":\"ListItem\",\"position\":2,\"name\":\"Parduotuv\u0117\",\"item\":\"https:\/\/dev.monti.lt\/shop\/\"},{\"@type\":\"ListItem\",\"position\":3,\"name\":\"Medinis sunkve\u017eimis-dirbtuv\u0117s\"}]},{\"@type\":\"WebSite\",\"@id\":\"https:\/\/dev.monti.lt\/#website\",\"url\":\"https:\/\/dev.monti.lt\/\",\"name\":\"Montessori \u017eaislai\",\"description\":\"\",\"publisher\":{\"@id\":\"https:\/\/dev.monti.lt\/#organization\"},\"potentialAction\":[{\"@type\":\"SearchAction\",\"target\":{\"@type\":\"EntryPoint\",\"urlTemplate\":\"https:\/\/dev.monti.lt\/?s={search_term_string}\"},\"query-input\":\"required name=search_term_string\"}],\"inLanguage\":\"en-US\"},{\"@type\":\"Organization\",\"@id\":\"https:\/\/dev.monti.lt\/#organization\",\"name\":\"Montessori \u017eaislai\",\"url\":\"https:\/\/dev.monti.lt\/\",\"logo\":{\"@type\":\"ImageObject\",\"inLanguage\":\"en-US\",\"@id\":\"https:\/\/dev.monti.lt\/#\/schema\/logo\/image\/\",\"url\":\"https:\/\/dev.monti.lt\/wp-content\/uploads\/2022\/03\/montilogo-1.png\",\"contentUrl\":\"https:\/\/dev.monti.lt\/wp-content\/uploads\/2022\/03\/montilogo-1.png\",\"width\":512,\"height\":512,\"caption\":\"Montessori \u017eaislai\"},\"image\":{\"@id\":\"https:\/\/dev.monti.lt\/#\/schema\/logo\/image\/\"}}]}<\/script>\n<!-- \/ Yoast SEO plugin. -->","yoast_head_json":{"title":"Medinis sunkve\u017eimis-dirbtuv\u0117s - Montessori \u017eaislai","robots":{"index":"noindex","follow":"follow","max-snippet":"max-snippet:-1","max-image-preview":"max-image-preview:large","max-video-preview":"max-video-preview:-1"},"og_locale":"en_US","og_type":"article","og_title":"Medinis sunkve\u017eimis-dirbtuv\u0117s - Montessori \u017eaislai","og_description":"MEDINIS Sunkve\u017eimis + PRIEDAI IVAIR\u016aS ELEMENTAI&nbsp;&#8211; rinkinyje daug element\u0173, skirt\u0173 prisukimui ir atsukimui; be sunkve\u017eimio, rinkinyje yra mediniai rutuliai, atsuktuvas ir plaktukas, todel linksmybes tampa dar smagiau. &nbsp; SAUGUS IR TVARUS&nbsp;&#8211; \u017eaislas pagamintas i\u0161 med\u017eio, naudojamos med\u017eiagos tipas turi \u012ftakos gaminio patvarumui, taigi ir jo naudojimo trukmei. &nbsp; LAVINA VAIK\u0104&#8211;&nbsp;mokomasis sunkve\u017eimis&nbsp;lavina kurybi\u0161kum\u0105 ir skatina vaiko [&hellip;]","og_url":"https:\/\/dev.monti.lt\/en\/product\/medinis-sunkvezimis-dirbtuves\/","og_site_name":"Montessori \u017eaislai","article_modified_time":"2024-09-26T07:47:22+00:00","og_image":[{"width":624,"height":500,"url":"https:\/\/dev.monti.lt\/wp-content\/uploads\/2022\/10\/lit_pl_Medinis-mokomasis-sunkvezimis-13038_1-1.jpg","type":"image\/jpeg"}],"twitter_card":"summary_large_image","twitter_misc":{"Est. reading time":"1 minute"},"schema":{"@context":"https:\/\/schema.org","@graph":[{"@type":"WebPage","@id":"https:\/\/dev.monti.lt\/product\/medinis-sunkvezimis-dirbtuves\/","url":"https:\/\/dev.monti.lt\/product\/medinis-sunkvezimis-dirbtuves\/","name":"Medinis sunkve\u017eimis-dirbtuv\u0117s - Montessori \u017eaislai","isPartOf":{"@id":"https:\/\/dev.monti.lt\/#website"},"primaryImageOfPage":{"@id":"https:\/\/dev.monti.lt\/product\/medinis-sunkvezimis-dirbtuves\/#primaryimage"},"image":{"@id":"https:\/\/dev.monti.lt\/product\/medinis-sunkvezimis-dirbtuves\/#primaryimage"},"thumbnailUrl":"https:\/\/dev.monti.lt\/wp-content\/uploads\/2022\/10\/lit_pl_Medinis-mokomasis-sunkvezimis-13038_1-1.jpg","datePublished":"2022-10-23T06:36:14+00:00","dateModified":"2024-09-26T07:47:22+00:00","breadcrumb":{"@id":"https:\/\/dev.monti.lt\/product\/medinis-sunkvezimis-dirbtuves\/#breadcrumb"},"inLanguage":"en-US","potentialAction":[{"@type":"ReadAction","target":["https:\/\/dev.monti.lt\/product\/medinis-sunkvezimis-dirbtuves\/"]}]},{"@type":"ImageObject","inLanguage":"en-US","@id":"https:\/\/dev.monti.lt\/product\/medinis-sunkvezimis-dirbtuves\/#primaryimage","url":"https:\/\/dev.monti.lt\/wp-content\/uploads\/2022\/10\/lit_pl_Medinis-mokomasis-sunkvezimis-13038_1-1.jpg","contentUrl":"https:\/\/dev.monti.lt\/wp-content\/uploads\/2022\/10\/lit_pl_Medinis-mokomasis-sunkvezimis-13038_1-1.jpg","width":624,"height":500,"caption":"medinis sunkvezimis"},{"@type":"BreadcrumbList","@id":"https:\/\/dev.monti.lt\/product\/medinis-sunkvezimis-dirbtuves\/#breadcrumb","itemListElement":[{"@type":"ListItem","position":1,"name":"Home","item":"https:\/\/dev.monti.lt\/"},{"@type":"ListItem","position":2,"name":"Parduotuv\u0117","item":"https:\/\/dev.monti.lt\/shop\/"},{"@type":"ListItem","position":3,"name":"Medinis sunkve\u017eimis-dirbtuv\u0117s"}]},{"@type":"WebSite","@id":"https:\/\/dev.monti.lt\/#website","url":"https:\/\/dev.monti.lt\/","name":"Montessori \u017eaislai","description":"","publisher":{"@id":"https:\/\/dev.monti.lt\/#organization"},"potentialAction":[{"@type":"SearchAction","target":{"@type":"EntryPoint","urlTemplate":"https:\/\/dev.monti.lt\/?s={search_term_string}"},"query-input":"required name=search_term_string"}],"inLanguage":"en-US"},{"@type":"Organization","@id":"https:\/\/dev.monti.lt\/#organization","name":"Montessori \u017eaislai","url":"https:\/\/dev.monti.lt\/","logo":{"@type":"ImageObject","inLanguage":"en-US","@id":"https:\/\/dev.monti.lt\/#\/schema\/logo\/image\/","url":"https:\/\/dev.monti.lt\/wp-content\/uploads\/2022\/03\/montilogo-1.png","contentUrl":"https:\/\/dev.monti.lt\/wp-content\/uploads\/2022\/03\/montilogo-1.png","width":512,"height":512,"caption":"Montessori \u017eaislai"},"image":{"@id":"https:\/\/dev.monti.lt\/#\/schema\/logo\/image\/"}}]}},"_links":{"self":[{"href":"https:\/\/dev.monti.lt\/en\/wp-json\/wp\/v2\/product\/10636"}],"collection":[{"href":"https:\/\/dev.monti.lt\/en\/wp-json\/wp\/v2\/product"}],"about":[{"href":"https:\/\/dev.monti.lt\/en\/wp-json\/wp\/v2\/types\/product"}],"version-history":[{"count":3,"href":"https:\/\/dev.monti.lt\/en\/wp-json\/wp\/v2\/product\/10636\/revisions"}],"predecessor-version":[{"id":13193,"href":"https:\/\/dev.monti.lt\/en\/wp-json\/wp\/v2\/product\/10636\/revisions\/13193"}],"wp:featuredmedia":[{"embeddable":true,"href":"https:\/\/dev.monti.lt\/en\/wp-json\/wp\/v2\/media\/10643"}],"wp:attachment":[{"href":"https:\/\/dev.monti.lt\/en\/wp-json\/wp\/v2\/media?parent=10636"}],"wp:term":[{"taxonomy":"product_cat","embeddable":true,"href":"https:\/\/dev.monti.lt\/en\/wp-json\/wp\/v2\/product_cat?post=10636"},{"taxonomy":"product_tag","embeddable":true,"href":"https:\/\/dev.monti.lt\/en\/wp-json\/wp\/v2\/product_tag?post=10636"}],"curies":[{"name":"wp","href":"https:\/\/api.w.org\/{rel}","templated":true}]}}