{"id":10565,"date":"2022-10-18T12:26:15","date_gmt":"2022-10-18T12:26:15","guid":{"rendered":"https:\/\/dev.monti.lt\/?post_type=product&#038;p=10565"},"modified":"2024-10-01T06:27:45","modified_gmt":"2024-10-01T06:27:45","slug":"lengvas-barskutis-kudikiui-2","status":"publish","type":"product","link":"https:\/\/dev.monti.lt\/en\/product\/lengvas-barskutis-kudikiui-2\/","title":{"rendered":"Sensorinis bar\u0161kutis ma\u017eiesiems"},"content":{"rendered":"<div class=\"product-description cms-content\">\n<h1><b>KRAMTUKAS &#8211; BAR\u0160KUTIS K\u016aDIKUI\u00a0<\/b><\/h1>\n<p>&nbsp;<\/p>\n<p><span style=\"color: #000000; font-family: Calibri; font-size: medium;\"><span style=\"color: #000000; font-family: Times New Roman; font-size: medium;\">Itin spalvingas kramtukas, kuris tikrai patrauks ak\u012f ir paskatins ma\u017eyl\u012f paimti j\u012f \u012f ma\u017eas rankytes.<\/span><\/span><\/p>\n<p>&nbsp;<\/p>\n<p><img decoding=\"async\" src=\"https:\/\/www.ikonka.com.pl\/img\/product_media\/45001-46000\/KX535680749.jpg\" \/><\/p>\n<p>&nbsp;<\/p>\n<p><span style=\"color: #000000;\">\u017daislas puikiai tinka, kai <b>dygstant dantims skauda, \u200b\u200bpatinsta dantenos<\/b> . Suteikti ramyb\u0119 ne tik ma\u017eyliui, bet ir t\u0117veliams.<\/span><\/p>\n<p>&nbsp;<\/p>\n<p><span style=\"color: #000000;\">\u017daislas <b>sukurtas galvojant apie pa\u010dius ma\u017eiausius<\/b> \u2013 leis ma\u017eyliui j\u012f lengvai pakelti ma\u017eomis rankyt\u0117mis.<\/span><\/p>\n<p>&nbsp;<\/p>\n<p><span style=\"color: #000000;\">\u012evairus pavir\u0161ius lavina <b>lyt\u0117jimo poj\u016bt\u012f<\/b> . O bar\u0161kantys elementai skatina <b>klausos poj\u016bt\u012f<\/b> .\u00a0<\/span><\/p>\n<p><span style=\"color: #000000;\"><img decoding=\"async\" src=\"https:\/\/www.ikonka.com.pl\/img\/product_media\/45001-46000\/KX535680751.jpg\" \/><\/span><\/p>\n<p>&nbsp;<\/p>\n<ul>\n<li>\n<div>Mank\u0161tina burnos raumenis,<\/div>\n<\/li>\n<li>\n<div>Veikia poj\u016b\u010dius \u2013 reg\u0105, lietim\u0105, klaus\u0105.<\/div>\n<\/li>\n<li>\n<div>Suteikia saug\u0173 u\u017esi\u0117mim\u0105.<\/div>\n<\/li>\n<\/ul>\n<p>&nbsp;<\/p>\n<p><span style=\"color: #000000;\">Daugyb\u0117 skirting\u0173 tekst\u016br\u0173 ir element\u0173 garantuoja vaiko sensorin\u0117s motorikos stimuliavim\u0105, o tai prisideda prie tinkamo vystymosi.<\/span><\/p>\n<p><span style=\"color: #000000;\"><img decoding=\"async\" src=\"https:\/\/www.ikonka.com.pl\/img\/product_media\/45001-46000\/KX535680753.jpg\" \/><\/span><\/p>\n<p>&nbsp;<\/p>\n<p><span style=\"color: #000000;\">Bar\u0161kutis buvo sukurtas ir svarbiu aspektu \u2013 saugumu \u017eaid\u017eiant. <b>Visi elementai buvo pagaminti i\u0161 netoksi\u0161k\u0173 ir auk\u0161tos kokyb\u0117s med\u017eiag\u0173<\/b> .\u00a0<\/span><\/p>\n<p>&nbsp;<\/p>\n<p><span style=\"color: #000000;\">Matmenys:<\/span><\/p>\n<p>&nbsp;<\/p>\n<ul>\n<li>\n<div>\u017daislai: 15cm x 14cm<\/div>\n<\/li>\n<li>\n<div>Pakuot\u0117: 12cm x 12cm x 12cm<\/div>\n<\/li>\n<\/ul>\n<p>&nbsp;<\/p>\n<p><span style=\"color: #000000;\">Supakuota estetin\u0117je pakuot\u0117je.<\/span><\/p>\n<p><span style=\"color: #000000;\"><img decoding=\"async\" src=\"https:\/\/www.ikonka.com.pl\/img\/product_media\/45001-46000\/KX535680754.jpg\" \/><\/span><\/p>\n<\/div>","protected":false},"excerpt":{"rendered":"<p>KRAMTUKAS &#8211; BAR\u0160KUTIS K\u016aDIKUI\u00a0 &nbsp; Itin spalvingas kramtukas, kuris tikrai patrauks ak\u012f ir paskatins ma\u017eyl\u012f paimti j\u012f \u012f ma\u017eas rankytes. &nbsp; &nbsp; \u017daislas puikiai tinka, kai dygstant dantims skauda, \u200b\u200bpatinsta dantenos . Suteikti ramyb\u0119 ne tik ma\u017eyliui, bet ir t\u0117veliams. &nbsp; \u017daislas sukurtas galvojant apie pa\u010dius ma\u017eiausius \u2013 leis ma\u017eyliui j\u012f lengvai pakelti ma\u017eomis rankyt\u0117mis. [&hellip;]<\/p>","protected":false},"featured_media":10567,"template":"","meta":{"iawp_total_views":175},"product_cat":[84,86,49,39],"product_tag":[94],"class_list":{"0":"post-10565","1":"product","2":"type-product","3":"status-publish","4":"has-post-thumbnail","6":"product_cat-lavinamieji-zaislai","7":"product_cat-smulkioji-motorika","8":"product_cat-visi-zaislai","9":"product_cat-zaislai","10":"product_tag-iki-1-m","12":"first","13":"outofstock","14":"sale","15":"taxable","16":"shipping-taxable","17":"purchasable","18":"product-type-simple"},"yoast_head":"<!-- This site is optimized with the Yoast SEO plugin v23.3 - https:\/\/yoast.com\/wordpress\/plugins\/seo\/ -->\n<title>Sensorinis bar\u0161kutis ma\u017eiesiems - Montessori \u017eaislai<\/title>\n<meta name=\"robots\" content=\"noindex, follow, max-snippet:-1, max-image-preview:large, max-video-preview:-1\" \/>\n<meta property=\"og:locale\" content=\"en_US\" \/>\n<meta property=\"og:type\" content=\"article\" \/>\n<meta property=\"og:title\" content=\"Sensorinis bar\u0161kutis ma\u017eiesiems - Montessori \u017eaislai\" \/>\n<meta property=\"og:description\" content=\"KRAMTUKAS &#8211; BAR\u0160KUTIS K\u016aDIKUI\u00a0 &nbsp; Itin spalvingas kramtukas, kuris tikrai patrauks ak\u012f ir paskatins ma\u017eyl\u012f paimti j\u012f \u012f ma\u017eas rankytes. &nbsp; &nbsp; \u017daislas puikiai tinka, kai dygstant dantims skauda, \u200b\u200bpatinsta dantenos . Suteikti ramyb\u0119 ne tik ma\u017eyliui, bet ir t\u0117veliams. &nbsp; \u017daislas sukurtas galvojant apie pa\u010dius ma\u017eiausius \u2013 leis ma\u017eyliui j\u012f lengvai pakelti ma\u017eomis rankyt\u0117mis. [&hellip;]\" \/>\n<meta property=\"og:url\" content=\"https:\/\/dev.monti.lt\/en\/product\/lengvas-barskutis-kudikiui-2\/\" \/>\n<meta property=\"og:site_name\" content=\"Montessori \u017eaislai\" \/>\n<meta property=\"article:modified_time\" content=\"2024-10-01T06:27:45+00:00\" \/>\n<meta property=\"og:image\" content=\"https:\/\/dev.monti.lt\/wp-content\/uploads\/2022\/10\/KX535680747.jpg\" \/>\n\t<meta property=\"og:image:width\" content=\"1024\" \/>\n\t<meta property=\"og:image:height\" content=\"768\" \/>\n\t<meta property=\"og:image:type\" content=\"image\/jpeg\" \/>\n<meta name=\"twitter:card\" content=\"summary_large_image\" \/>\n<meta name=\"twitter:label1\" content=\"Est. reading time\" \/>\n\t<meta name=\"twitter:data1\" content=\"1 minute\" \/>\n<script type=\"application\/ld+json\" class=\"yoast-schema-graph\">{\"@context\":\"https:\/\/schema.org\",\"@graph\":[{\"@type\":\"WebPage\",\"@id\":\"https:\/\/dev.monti.lt\/product\/lengvas-barskutis-kudikiui-2\/\",\"url\":\"https:\/\/dev.monti.lt\/product\/lengvas-barskutis-kudikiui-2\/\",\"name\":\"Sensorinis bar\u0161kutis ma\u017eiesiems - Montessori \u017eaislai\",\"isPartOf\":{\"@id\":\"https:\/\/dev.monti.lt\/#website\"},\"primaryImageOfPage\":{\"@id\":\"https:\/\/dev.monti.lt\/product\/lengvas-barskutis-kudikiui-2\/#primaryimage\"},\"image\":{\"@id\":\"https:\/\/dev.monti.lt\/product\/lengvas-barskutis-kudikiui-2\/#primaryimage\"},\"thumbnailUrl\":\"https:\/\/dev.monti.lt\/wp-content\/uploads\/2022\/10\/KX535680747.jpg\",\"datePublished\":\"2022-10-18T12:26:15+00:00\",\"dateModified\":\"2024-10-01T06:27:45+00:00\",\"breadcrumb\":{\"@id\":\"https:\/\/dev.monti.lt\/product\/lengvas-barskutis-kudikiui-2\/#breadcrumb\"},\"inLanguage\":\"en-US\",\"potentialAction\":[{\"@type\":\"ReadAction\",\"target\":[\"https:\/\/dev.monti.lt\/product\/lengvas-barskutis-kudikiui-2\/\"]}]},{\"@type\":\"ImageObject\",\"inLanguage\":\"en-US\",\"@id\":\"https:\/\/dev.monti.lt\/product\/lengvas-barskutis-kudikiui-2\/#primaryimage\",\"url\":\"https:\/\/dev.monti.lt\/wp-content\/uploads\/2022\/10\/KX535680747.jpg\",\"contentUrl\":\"https:\/\/dev.monti.lt\/wp-content\/uploads\/2022\/10\/KX535680747.jpg\",\"width\":1024,\"height\":768,\"caption\":\"barskutis kudikiui\"},{\"@type\":\"BreadcrumbList\",\"@id\":\"https:\/\/dev.monti.lt\/product\/lengvas-barskutis-kudikiui-2\/#breadcrumb\",\"itemListElement\":[{\"@type\":\"ListItem\",\"position\":1,\"name\":\"Home\",\"item\":\"https:\/\/dev.monti.lt\/\"},{\"@type\":\"ListItem\",\"position\":2,\"name\":\"Parduotuv\u0117\",\"item\":\"https:\/\/dev.monti.lt\/shop\/\"},{\"@type\":\"ListItem\",\"position\":3,\"name\":\"Sensorinis bar\u0161kutis ma\u017eiesiems\"}]},{\"@type\":\"WebSite\",\"@id\":\"https:\/\/dev.monti.lt\/#website\",\"url\":\"https:\/\/dev.monti.lt\/\",\"name\":\"Montessori \u017eaislai\",\"description\":\"\",\"publisher\":{\"@id\":\"https:\/\/dev.monti.lt\/#organization\"},\"potentialAction\":[{\"@type\":\"SearchAction\",\"target\":{\"@type\":\"EntryPoint\",\"urlTemplate\":\"https:\/\/dev.monti.lt\/?s={search_term_string}\"},\"query-input\":\"required name=search_term_string\"}],\"inLanguage\":\"en-US\"},{\"@type\":\"Organization\",\"@id\":\"https:\/\/dev.monti.lt\/#organization\",\"name\":\"Montessori \u017eaislai\",\"url\":\"https:\/\/dev.monti.lt\/\",\"logo\":{\"@type\":\"ImageObject\",\"inLanguage\":\"en-US\",\"@id\":\"https:\/\/dev.monti.lt\/#\/schema\/logo\/image\/\",\"url\":\"https:\/\/dev.monti.lt\/wp-content\/uploads\/2022\/03\/montilogo-1.png\",\"contentUrl\":\"https:\/\/dev.monti.lt\/wp-content\/uploads\/2022\/03\/montilogo-1.png\",\"width\":512,\"height\":512,\"caption\":\"Montessori \u017eaislai\"},\"image\":{\"@id\":\"https:\/\/dev.monti.lt\/#\/schema\/logo\/image\/\"}}]}<\/script>\n<!-- \/ Yoast SEO plugin. -->","yoast_head_json":{"title":"Sensorinis bar\u0161kutis ma\u017eiesiems - Montessori \u017eaislai","robots":{"index":"noindex","follow":"follow","max-snippet":"max-snippet:-1","max-image-preview":"max-image-preview:large","max-video-preview":"max-video-preview:-1"},"og_locale":"en_US","og_type":"article","og_title":"Sensorinis bar\u0161kutis ma\u017eiesiems - Montessori \u017eaislai","og_description":"KRAMTUKAS &#8211; BAR\u0160KUTIS K\u016aDIKUI\u00a0 &nbsp; Itin spalvingas kramtukas, kuris tikrai patrauks ak\u012f ir paskatins ma\u017eyl\u012f paimti j\u012f \u012f ma\u017eas rankytes. &nbsp; &nbsp; \u017daislas puikiai tinka, kai dygstant dantims skauda, \u200b\u200bpatinsta dantenos . Suteikti ramyb\u0119 ne tik ma\u017eyliui, bet ir t\u0117veliams. &nbsp; \u017daislas sukurtas galvojant apie pa\u010dius ma\u017eiausius \u2013 leis ma\u017eyliui j\u012f lengvai pakelti ma\u017eomis rankyt\u0117mis. [&hellip;]","og_url":"https:\/\/dev.monti.lt\/en\/product\/lengvas-barskutis-kudikiui-2\/","og_site_name":"Montessori \u017eaislai","article_modified_time":"2024-10-01T06:27:45+00:00","og_image":[{"width":1024,"height":768,"url":"https:\/\/dev.monti.lt\/wp-content\/uploads\/2022\/10\/KX535680747.jpg","type":"image\/jpeg"}],"twitter_card":"summary_large_image","twitter_misc":{"Est. reading time":"1 minute"},"schema":{"@context":"https:\/\/schema.org","@graph":[{"@type":"WebPage","@id":"https:\/\/dev.monti.lt\/product\/lengvas-barskutis-kudikiui-2\/","url":"https:\/\/dev.monti.lt\/product\/lengvas-barskutis-kudikiui-2\/","name":"Sensorinis bar\u0161kutis ma\u017eiesiems - Montessori \u017eaislai","isPartOf":{"@id":"https:\/\/dev.monti.lt\/#website"},"primaryImageOfPage":{"@id":"https:\/\/dev.monti.lt\/product\/lengvas-barskutis-kudikiui-2\/#primaryimage"},"image":{"@id":"https:\/\/dev.monti.lt\/product\/lengvas-barskutis-kudikiui-2\/#primaryimage"},"thumbnailUrl":"https:\/\/dev.monti.lt\/wp-content\/uploads\/2022\/10\/KX535680747.jpg","datePublished":"2022-10-18T12:26:15+00:00","dateModified":"2024-10-01T06:27:45+00:00","breadcrumb":{"@id":"https:\/\/dev.monti.lt\/product\/lengvas-barskutis-kudikiui-2\/#breadcrumb"},"inLanguage":"en-US","potentialAction":[{"@type":"ReadAction","target":["https:\/\/dev.monti.lt\/product\/lengvas-barskutis-kudikiui-2\/"]}]},{"@type":"ImageObject","inLanguage":"en-US","@id":"https:\/\/dev.monti.lt\/product\/lengvas-barskutis-kudikiui-2\/#primaryimage","url":"https:\/\/dev.monti.lt\/wp-content\/uploads\/2022\/10\/KX535680747.jpg","contentUrl":"https:\/\/dev.monti.lt\/wp-content\/uploads\/2022\/10\/KX535680747.jpg","width":1024,"height":768,"caption":"barskutis kudikiui"},{"@type":"BreadcrumbList","@id":"https:\/\/dev.monti.lt\/product\/lengvas-barskutis-kudikiui-2\/#breadcrumb","itemListElement":[{"@type":"ListItem","position":1,"name":"Home","item":"https:\/\/dev.monti.lt\/"},{"@type":"ListItem","position":2,"name":"Parduotuv\u0117","item":"https:\/\/dev.monti.lt\/shop\/"},{"@type":"ListItem","position":3,"name":"Sensorinis bar\u0161kutis ma\u017eiesiems"}]},{"@type":"WebSite","@id":"https:\/\/dev.monti.lt\/#website","url":"https:\/\/dev.monti.lt\/","name":"Montessori \u017eaislai","description":"","publisher":{"@id":"https:\/\/dev.monti.lt\/#organization"},"potentialAction":[{"@type":"SearchAction","target":{"@type":"EntryPoint","urlTemplate":"https:\/\/dev.monti.lt\/?s={search_term_string}"},"query-input":"required name=search_term_string"}],"inLanguage":"en-US"},{"@type":"Organization","@id":"https:\/\/dev.monti.lt\/#organization","name":"Montessori \u017eaislai","url":"https:\/\/dev.monti.lt\/","logo":{"@type":"ImageObject","inLanguage":"en-US","@id":"https:\/\/dev.monti.lt\/#\/schema\/logo\/image\/","url":"https:\/\/dev.monti.lt\/wp-content\/uploads\/2022\/03\/montilogo-1.png","contentUrl":"https:\/\/dev.monti.lt\/wp-content\/uploads\/2022\/03\/montilogo-1.png","width":512,"height":512,"caption":"Montessori \u017eaislai"},"image":{"@id":"https:\/\/dev.monti.lt\/#\/schema\/logo\/image\/"}}]}},"_links":{"self":[{"href":"https:\/\/dev.monti.lt\/en\/wp-json\/wp\/v2\/product\/10565"}],"collection":[{"href":"https:\/\/dev.monti.lt\/en\/wp-json\/wp\/v2\/product"}],"about":[{"href":"https:\/\/dev.monti.lt\/en\/wp-json\/wp\/v2\/types\/product"}],"version-history":[{"count":3,"href":"https:\/\/dev.monti.lt\/en\/wp-json\/wp\/v2\/product\/10565\/revisions"}],"predecessor-version":[{"id":15096,"href":"https:\/\/dev.monti.lt\/en\/wp-json\/wp\/v2\/product\/10565\/revisions\/15096"}],"wp:featuredmedia":[{"embeddable":true,"href":"https:\/\/dev.monti.lt\/en\/wp-json\/wp\/v2\/media\/10567"}],"wp:attachment":[{"href":"https:\/\/dev.monti.lt\/en\/wp-json\/wp\/v2\/media?parent=10565"}],"wp:term":[{"taxonomy":"product_cat","embeddable":true,"href":"https:\/\/dev.monti.lt\/en\/wp-json\/wp\/v2\/product_cat?post=10565"},{"taxonomy":"product_tag","embeddable":true,"href":"https:\/\/dev.monti.lt\/en\/wp-json\/wp\/v2\/product_tag?post=10565"}],"curies":[{"name":"wp","href":"https:\/\/api.w.org\/{rel}","templated":true}]}}