{"id":10524,"date":"2022-10-16T17:42:40","date_gmt":"2022-10-16T17:42:40","guid":{"rendered":"https:\/\/dev.monti.lt\/?post_type=product&#038;p=10524"},"modified":"2024-10-08T10:45:17","modified_gmt":"2024-10-08T10:45:17","slug":"kurybinis-montessori-zaidimas-formos","status":"publish","type":"product","link":"https:\/\/dev.monti.lt\/en\/product\/kurybinis-montessori-zaidimas-formos\/","title":{"rendered":"K\u016brybinis Montessori \u017eaidimas &#8220;Formos&#8221;"},"content":{"rendered":"<div class=\"product-description cms-content\">\n<p>Geoboard \u2013 tai medin\u0117 lenta pusiau \u012fkaltais vinimis, ant kurios gumini\u0173 juost\u0173 pagalba sukuriamos \u012fvairios formos. \u017daidimas&nbsp;skirtas susipa\u017einti su matematikos pagrindais, tokiais kaip: form\u0173 i\u0161manymas arba simetrijos ir kamp\u0173 mokymasis.<\/p>\n<p>&nbsp;<\/p>\n<p>Rinkin\u012f sudaro dvipus\u0117s \u012fvairi\u0173 form\u0173 kortel\u0117s ir \u012fvairaus sunkumo paveiksl\u0117liai. <b>\u017daidimo tikslas yra atkurti pasirinkt\u0105 ra\u0161t\u0105 naudojant pridedamas gumines juostas<\/b> , kurios yra skirting\u0173 spalv\u0173 ir ilgi\u0173. Be to, kelios kortel\u0117s yra be ra\u0161t\u0173, tod\u0117l galite laisvai kurti savo fig\u016bras.<\/p>\n<p>&nbsp;<\/p>\n<p>Lenta <b>pagaminta i\u0161 \u0161lifuoto med\u017eio<\/b> ir neturi a\u0161tri\u0173 kra\u0161t\u0173, kad b\u016bt\u0173 u\u017etikrintas visi\u0161kas \u017eaidimo saugumas. \u012e plok\u0161t\u0119 \u012fstatytos vinys baigiamos suapvalintomis gumin\u0117mis juostel\u0117mis, apsaugan\u010diomis nuo bet kokio subrai\u017eymo ir papildomai apsaugan\u010diomis nuo gumos nukritimo.<\/p>\n<p>&nbsp;<\/p>\n<p>\u017daidimas su d\u0117lione padeda tinkamai vystytis vaikams:<\/p>\n<p>&nbsp;<\/p>\n<ul>\n<li>Kortel\u0117se pateikt\u0173 ra\u0161t\u0173 atvaizdavimas <b>lavina koordinacij\u0105 ir aki\u0173-rank\u0173 koordinacij\u0105,<\/b><\/li>\n<li>Gumy\u010di\u0173 u\u017ed\u0117jimas ant nag\u0173 lavina <b>pir\u0161t\u0173 tikslum\u0105 ir login\u012f m\u0105stym\u0105,<\/b><\/li>\n<li>Spalvingi trintukai ir \u012fvairios j\u0173 i\u0161d\u0117stymo galimyb\u0117s <b>moko geometrini\u0173 form\u0173 pavadinim\u0173 ir skiria spalvas,<\/b><\/li>\n<li>Savo paveiksl\u0117li\u0173 ir ra\u0161t\u0173 k\u016brimas ne i\u0161 korteli\u0173 <b>lavina vaizduot\u0119 ir skatina k\u016brybi\u0161k\u0105 m\u0105stym\u0105.<\/b><\/li>\n<\/ul>\n<p>&nbsp;<\/p>\n<p>Visas galvos\u016bkis puikiai tinka t\u0117v\u0173 ir vaik\u0173 santykiams pl\u0117toti. Kai vaikas jau i\u0161moks kurti paveiksl\u0117lius po kortomis, galite pristatyti nedidelius i\u0161\u0161\u016bkius ir papra\u0161yti vaiko i\u0161d\u0117lioti \u012fvairias fig\u016bras i\u0161 atminties \u2013 tai bus tobulas atminties lavinimas.<\/p>\n<p>&nbsp;<\/p>\n<p>Rinkinys yra puikus pavyzdys, kad linksmybes galite derinti su mokymusi labai kvie\u010dian\u010diu ir patraukliu b\u016bdu.<\/p>\n<p>&nbsp;<\/p>\n<p>\u012eskaitant:<\/p>\n<p>&nbsp;<\/p>\n<ul>\n<li>Lenta su &#8220;vinukais&#8221;<\/li>\n<li>40x gumin\u0117s juostos<\/li>\n<li>24x kortel\u0117s<\/li>\n<\/ul>\n<p>&nbsp;<\/p>\n<p>Matmenys:<\/p>\n<p>&nbsp;<\/p>\n<ul>\n<li><span lang=\"EN-US\">Lenta: 15 cm x 15 cm x 2,3 cm<\/span><\/li>\n<li>Vinuk\u0173 ilgis: 0,5 cm<\/li>\n<li>Pakuot\u0117: 16,5 cm x 15,5 cm x 4 cm<\/li>\n<\/ul>\n<p>&nbsp;<\/p>\n<p>Supakuota \u012f kartonin\u0119 d\u0117\u017eut\u0119.<\/p>\n<\/div>","protected":false},"excerpt":{"rendered":"<p>Geoboard \u2013 tai medin\u0117 lenta pusiau \u012fkaltais vinimis, ant kurios gumini\u0173 juost\u0173 pagalba sukuriamos \u012fvairios formos. \u017daidimas&nbsp;skirtas susipa\u017einti su matematikos pagrindais, tokiais kaip: form\u0173 i\u0161manymas arba simetrijos ir kamp\u0173 mokymasis. &nbsp; Rinkin\u012f sudaro dvipus\u0117s \u012fvairi\u0173 form\u0173 kortel\u0117s ir \u012fvairaus sunkumo paveiksl\u0117liai. \u017daidimo tikslas yra atkurti pasirinkt\u0105 ra\u0161t\u0105 naudojant pridedamas gumines juostas , kurios yra skirting\u0173 [&hellip;]<\/p>","protected":false},"featured_media":10974,"template":"","meta":{"iawp_total_views":264},"product_cat":[218,208,92,195,191,192,87,84,210,102,88,83,90,86,199,49,39],"product_tag":[97,98,99],"class_list":{"0":"post-10524","1":"product","2":"type-product","3":"status-publish","4":"has-post-thumbnail","6":"product_cat-darzeliu-grupems","7":"product_cat-deliones-2","8":"product_cat-deliones","9":"product_cat-dovanos-vaikams-3-4-metu","10":"product_cat-dovanos-vaikams","11":"product_cat-kaledines-dovanos-vaikams","12":"product_cat-kurybiniai-rinkiniai","13":"product_cat-lavinamieji-zaislai","14":"product_cat-medines-deliones","15":"product_cat-mediniai-zaislai","16":"product_cat-mokausi-zaisti","17":"product_cat-montessori-zaislai","18":"product_cat-pasaulio-pazinimas","19":"product_cat-smulkioji-motorika","20":"product_cat-ugdymo-istaigoms","21":"product_cat-visi-zaislai","22":"product_cat-zaislai","23":"product_tag-3-m-4-m","24":"product_tag-5-m-7-m","25":"product_tag-8-m-11-m","27":"first","28":"instock","29":"taxable","30":"shipping-taxable","31":"purchasable","32":"product-type-simple"},"yoast_head":"<!-- This site is optimized with the Yoast SEO plugin v23.3 - https:\/\/yoast.com\/wordpress\/plugins\/seo\/ -->\n<title>K\u016brybinis Montessori \u017eaidimas &quot;Formos&quot; - Montessori \u017eaislai<\/title>\n<meta name=\"robots\" content=\"noindex, follow, max-snippet:-1, max-image-preview:large, max-video-preview:-1\" \/>\n<meta property=\"og:locale\" content=\"en_US\" \/>\n<meta property=\"og:type\" content=\"article\" \/>\n<meta property=\"og:title\" content=\"K\u016brybinis Montessori \u017eaidimas &quot;Formos&quot; - Montessori \u017eaislai\" \/>\n<meta property=\"og:description\" content=\"Geoboard \u2013 tai medin\u0117 lenta pusiau \u012fkaltais vinimis, ant kurios gumini\u0173 juost\u0173 pagalba sukuriamos \u012fvairios formos. \u017daidimas&nbsp;skirtas susipa\u017einti su matematikos pagrindais, tokiais kaip: form\u0173 i\u0161manymas arba simetrijos ir kamp\u0173 mokymasis. &nbsp; Rinkin\u012f sudaro dvipus\u0117s \u012fvairi\u0173 form\u0173 kortel\u0117s ir \u012fvairaus sunkumo paveiksl\u0117liai. \u017daidimo tikslas yra atkurti pasirinkt\u0105 ra\u0161t\u0105 naudojant pridedamas gumines juostas , kurios yra skirting\u0173 [&hellip;]\" \/>\n<meta property=\"og:url\" content=\"https:\/\/dev.monti.lt\/en\/product\/kurybinis-montessori-zaidimas-formos\/\" \/>\n<meta property=\"og:site_name\" content=\"Montessori \u017eaislai\" \/>\n<meta property=\"article:modified_time\" content=\"2024-10-08T10:45:17+00:00\" \/>\n<meta property=\"og:image\" content=\"https:\/\/dev.monti.lt\/wp-content\/uploads\/2022\/10\/KX517781804.jpg\" \/>\n\t<meta property=\"og:image:width\" content=\"1024\" \/>\n\t<meta property=\"og:image:height\" content=\"1024\" \/>\n\t<meta property=\"og:image:type\" content=\"image\/jpeg\" \/>\n<meta name=\"twitter:card\" content=\"summary_large_image\" \/>\n<meta name=\"twitter:label1\" content=\"Est. reading time\" \/>\n\t<meta name=\"twitter:data1\" content=\"2 minutes\" \/>\n<script type=\"application\/ld+json\" class=\"yoast-schema-graph\">{\"@context\":\"https:\/\/schema.org\",\"@graph\":[{\"@type\":\"WebPage\",\"@id\":\"https:\/\/dev.monti.lt\/product\/kurybinis-montessori-zaidimas-formos\/\",\"url\":\"https:\/\/dev.monti.lt\/product\/kurybinis-montessori-zaidimas-formos\/\",\"name\":\"K\u016brybinis Montessori \u017eaidimas \\\"Formos\\\" - Montessori \u017eaislai\",\"isPartOf\":{\"@id\":\"https:\/\/dev.monti.lt\/#website\"},\"primaryImageOfPage\":{\"@id\":\"https:\/\/dev.monti.lt\/product\/kurybinis-montessori-zaidimas-formos\/#primaryimage\"},\"image\":{\"@id\":\"https:\/\/dev.monti.lt\/product\/kurybinis-montessori-zaidimas-formos\/#primaryimage\"},\"thumbnailUrl\":\"https:\/\/dev.monti.lt\/wp-content\/uploads\/2022\/10\/KX517781804.jpg\",\"datePublished\":\"2022-10-16T17:42:40+00:00\",\"dateModified\":\"2024-10-08T10:45:17+00:00\",\"breadcrumb\":{\"@id\":\"https:\/\/dev.monti.lt\/product\/kurybinis-montessori-zaidimas-formos\/#breadcrumb\"},\"inLanguage\":\"en-US\",\"potentialAction\":[{\"@type\":\"ReadAction\",\"target\":[\"https:\/\/dev.monti.lt\/product\/kurybinis-montessori-zaidimas-formos\/\"]}]},{\"@type\":\"ImageObject\",\"inLanguage\":\"en-US\",\"@id\":\"https:\/\/dev.monti.lt\/product\/kurybinis-montessori-zaidimas-formos\/#primaryimage\",\"url\":\"https:\/\/dev.monti.lt\/wp-content\/uploads\/2022\/10\/KX517781804.jpg\",\"contentUrl\":\"https:\/\/dev.monti.lt\/wp-content\/uploads\/2022\/10\/KX517781804.jpg\",\"width\":1024,\"height\":1024,\"caption\":\"montessori zaidimas\"},{\"@type\":\"BreadcrumbList\",\"@id\":\"https:\/\/dev.monti.lt\/product\/kurybinis-montessori-zaidimas-formos\/#breadcrumb\",\"itemListElement\":[{\"@type\":\"ListItem\",\"position\":1,\"name\":\"Home\",\"item\":\"https:\/\/dev.monti.lt\/\"},{\"@type\":\"ListItem\",\"position\":2,\"name\":\"Parduotuv\u0117\",\"item\":\"https:\/\/dev.monti.lt\/shop\/\"},{\"@type\":\"ListItem\",\"position\":3,\"name\":\"K\u016brybinis Montessori \u017eaidimas &#8220;Formos&#8221;\"}]},{\"@type\":\"WebSite\",\"@id\":\"https:\/\/dev.monti.lt\/#website\",\"url\":\"https:\/\/dev.monti.lt\/\",\"name\":\"Montessori \u017eaislai\",\"description\":\"\",\"publisher\":{\"@id\":\"https:\/\/dev.monti.lt\/#organization\"},\"potentialAction\":[{\"@type\":\"SearchAction\",\"target\":{\"@type\":\"EntryPoint\",\"urlTemplate\":\"https:\/\/dev.monti.lt\/?s={search_term_string}\"},\"query-input\":\"required name=search_term_string\"}],\"inLanguage\":\"en-US\"},{\"@type\":\"Organization\",\"@id\":\"https:\/\/dev.monti.lt\/#organization\",\"name\":\"Montessori \u017eaislai\",\"url\":\"https:\/\/dev.monti.lt\/\",\"logo\":{\"@type\":\"ImageObject\",\"inLanguage\":\"en-US\",\"@id\":\"https:\/\/dev.monti.lt\/#\/schema\/logo\/image\/\",\"url\":\"https:\/\/dev.monti.lt\/wp-content\/uploads\/2022\/03\/montilogo-1.png\",\"contentUrl\":\"https:\/\/dev.monti.lt\/wp-content\/uploads\/2022\/03\/montilogo-1.png\",\"width\":512,\"height\":512,\"caption\":\"Montessori \u017eaislai\"},\"image\":{\"@id\":\"https:\/\/dev.monti.lt\/#\/schema\/logo\/image\/\"}}]}<\/script>\n<!-- \/ Yoast SEO plugin. -->","yoast_head_json":{"title":"K\u016brybinis Montessori \u017eaidimas \"Formos\" - Montessori \u017eaislai","robots":{"index":"noindex","follow":"follow","max-snippet":"max-snippet:-1","max-image-preview":"max-image-preview:large","max-video-preview":"max-video-preview:-1"},"og_locale":"en_US","og_type":"article","og_title":"K\u016brybinis Montessori \u017eaidimas \"Formos\" - Montessori \u017eaislai","og_description":"Geoboard \u2013 tai medin\u0117 lenta pusiau \u012fkaltais vinimis, ant kurios gumini\u0173 juost\u0173 pagalba sukuriamos \u012fvairios formos. \u017daidimas&nbsp;skirtas susipa\u017einti su matematikos pagrindais, tokiais kaip: form\u0173 i\u0161manymas arba simetrijos ir kamp\u0173 mokymasis. &nbsp; Rinkin\u012f sudaro dvipus\u0117s \u012fvairi\u0173 form\u0173 kortel\u0117s ir \u012fvairaus sunkumo paveiksl\u0117liai. \u017daidimo tikslas yra atkurti pasirinkt\u0105 ra\u0161t\u0105 naudojant pridedamas gumines juostas , kurios yra skirting\u0173 [&hellip;]","og_url":"https:\/\/dev.monti.lt\/en\/product\/kurybinis-montessori-zaidimas-formos\/","og_site_name":"Montessori \u017eaislai","article_modified_time":"2024-10-08T10:45:17+00:00","og_image":[{"width":1024,"height":1024,"url":"https:\/\/dev.monti.lt\/wp-content\/uploads\/2022\/10\/KX517781804.jpg","type":"image\/jpeg"}],"twitter_card":"summary_large_image","twitter_misc":{"Est. reading time":"2 minutes"},"schema":{"@context":"https:\/\/schema.org","@graph":[{"@type":"WebPage","@id":"https:\/\/dev.monti.lt\/product\/kurybinis-montessori-zaidimas-formos\/","url":"https:\/\/dev.monti.lt\/product\/kurybinis-montessori-zaidimas-formos\/","name":"K\u016brybinis Montessori \u017eaidimas \"Formos\" - Montessori \u017eaislai","isPartOf":{"@id":"https:\/\/dev.monti.lt\/#website"},"primaryImageOfPage":{"@id":"https:\/\/dev.monti.lt\/product\/kurybinis-montessori-zaidimas-formos\/#primaryimage"},"image":{"@id":"https:\/\/dev.monti.lt\/product\/kurybinis-montessori-zaidimas-formos\/#primaryimage"},"thumbnailUrl":"https:\/\/dev.monti.lt\/wp-content\/uploads\/2022\/10\/KX517781804.jpg","datePublished":"2022-10-16T17:42:40+00:00","dateModified":"2024-10-08T10:45:17+00:00","breadcrumb":{"@id":"https:\/\/dev.monti.lt\/product\/kurybinis-montessori-zaidimas-formos\/#breadcrumb"},"inLanguage":"en-US","potentialAction":[{"@type":"ReadAction","target":["https:\/\/dev.monti.lt\/product\/kurybinis-montessori-zaidimas-formos\/"]}]},{"@type":"ImageObject","inLanguage":"en-US","@id":"https:\/\/dev.monti.lt\/product\/kurybinis-montessori-zaidimas-formos\/#primaryimage","url":"https:\/\/dev.monti.lt\/wp-content\/uploads\/2022\/10\/KX517781804.jpg","contentUrl":"https:\/\/dev.monti.lt\/wp-content\/uploads\/2022\/10\/KX517781804.jpg","width":1024,"height":1024,"caption":"montessori zaidimas"},{"@type":"BreadcrumbList","@id":"https:\/\/dev.monti.lt\/product\/kurybinis-montessori-zaidimas-formos\/#breadcrumb","itemListElement":[{"@type":"ListItem","position":1,"name":"Home","item":"https:\/\/dev.monti.lt\/"},{"@type":"ListItem","position":2,"name":"Parduotuv\u0117","item":"https:\/\/dev.monti.lt\/shop\/"},{"@type":"ListItem","position":3,"name":"K\u016brybinis Montessori \u017eaidimas &#8220;Formos&#8221;"}]},{"@type":"WebSite","@id":"https:\/\/dev.monti.lt\/#website","url":"https:\/\/dev.monti.lt\/","name":"Montessori \u017eaislai","description":"","publisher":{"@id":"https:\/\/dev.monti.lt\/#organization"},"potentialAction":[{"@type":"SearchAction","target":{"@type":"EntryPoint","urlTemplate":"https:\/\/dev.monti.lt\/?s={search_term_string}"},"query-input":"required name=search_term_string"}],"inLanguage":"en-US"},{"@type":"Organization","@id":"https:\/\/dev.monti.lt\/#organization","name":"Montessori \u017eaislai","url":"https:\/\/dev.monti.lt\/","logo":{"@type":"ImageObject","inLanguage":"en-US","@id":"https:\/\/dev.monti.lt\/#\/schema\/logo\/image\/","url":"https:\/\/dev.monti.lt\/wp-content\/uploads\/2022\/03\/montilogo-1.png","contentUrl":"https:\/\/dev.monti.lt\/wp-content\/uploads\/2022\/03\/montilogo-1.png","width":512,"height":512,"caption":"Montessori \u017eaislai"},"image":{"@id":"https:\/\/dev.monti.lt\/#\/schema\/logo\/image\/"}}]}},"_links":{"self":[{"href":"https:\/\/dev.monti.lt\/en\/wp-json\/wp\/v2\/product\/10524"}],"collection":[{"href":"https:\/\/dev.monti.lt\/en\/wp-json\/wp\/v2\/product"}],"about":[{"href":"https:\/\/dev.monti.lt\/en\/wp-json\/wp\/v2\/types\/product"}],"version-history":[{"count":3,"href":"https:\/\/dev.monti.lt\/en\/wp-json\/wp\/v2\/product\/10524\/revisions"}],"predecessor-version":[{"id":10973,"href":"https:\/\/dev.monti.lt\/en\/wp-json\/wp\/v2\/product\/10524\/revisions\/10973"}],"wp:featuredmedia":[{"embeddable":true,"href":"https:\/\/dev.monti.lt\/en\/wp-json\/wp\/v2\/media\/10974"}],"wp:attachment":[{"href":"https:\/\/dev.monti.lt\/en\/wp-json\/wp\/v2\/media?parent=10524"}],"wp:term":[{"taxonomy":"product_cat","embeddable":true,"href":"https:\/\/dev.monti.lt\/en\/wp-json\/wp\/v2\/product_cat?post=10524"},{"taxonomy":"product_tag","embeddable":true,"href":"https:\/\/dev.monti.lt\/en\/wp-json\/wp\/v2\/product_tag?post=10524"}],"curies":[{"name":"wp","href":"https:\/\/api.w.org\/{rel}","templated":true}]}}