{"id":10226,"date":"2022-10-07T12:40:12","date_gmt":"2022-10-07T12:40:12","guid":{"rendered":"https:\/\/dev.monti.lt\/?post_type=product&#038;p=10226"},"modified":"2024-09-16T13:19:51","modified_gmt":"2024-09-16T13:19:51","slug":"medinis-formu-rusiuoklis","status":"publish","type":"product","link":"https:\/\/dev.monti.lt\/en\/product\/medinis-formu-rusiuoklis\/","title":{"rendered":"Medinis form\u0173 r\u016b\u0161iuoklis"},"content":{"rendered":"<p>\u017daidim\u0105 sudaro spalvot\u0173 fig\u016br\u0173 derinimas tinkamoje vietoje, kiekviena vi\u0161ta turi skirting\u0105 spalv\u0105 ir j\u0105 atitinkan\u010di\u0105 fig\u016br\u0105. \u017daisdamas vaikas gali i\u0161mokti atpa\u017einti formas ir spalvas, taip pat mokytis kantryb\u0117s ir tikslumo bei lavinti rank\u0173 darbo \u012fg\u016bd\u017eius.<br \/>\nVi\u0161\u010diukai gali b\u016bti atskirti vienas nuo kito, tuomet su perdanga gali \u017eaisti kiti vaikai kartu.<br \/>\n\u017daislas pagamintas i\u0161 med\u017eio ir nuda\u017eytas saugiais vandens pagrindo da\u017eais. U\u017eapvalinti kampai ir \u0161lifuotas pavir\u0161ius rei\u0161kia, kad \u0161\u012f \u017eaisl\u0105 vaikui galime duoti be baim\u0117s.<br \/>\n\u017daislas yra ma\u017edaug 17x16x5,2 cm dyd\u017eio (sujungt\u0173 vi\u0161\u010diuk\u0173 pagrindas).<\/p>\n<p>&nbsp;<\/p>","protected":false},"excerpt":{"rendered":"<p>\u017daidim\u0105 sudaro spalvot\u0173 fig\u016br\u0173 derinimas tinkamoje vietoje, kiekviena vi\u0161ta turi skirting\u0105 spalv\u0105 ir j\u0105 atitinkan\u010di\u0105 fig\u016br\u0105. \u017daisdamas vaikas gali i\u0161mokti atpa\u017einti formas ir spalvas, taip pat mokytis kantryb\u0117s ir tikslumo bei lavinti rank\u0173 darbo \u012fg\u016bd\u017eius. Vi\u0161\u010diukai gali b\u016bti atskirti vienas nuo kito, tuomet su perdanga gali \u017eaisti kiti vaikai kartu. \u017daislas pagamintas i\u0161 med\u017eio ir [&hellip;]<\/p>","protected":false},"featured_media":10229,"template":"","meta":{"iawp_total_views":68},"product_cat":[92,84,102,86,49,39],"product_tag":[95,96,94],"class_list":{"0":"post-10226","1":"product","2":"type-product","3":"status-publish","4":"has-post-thumbnail","6":"product_cat-deliones","7":"product_cat-lavinamieji-zaislai","8":"product_cat-mediniai-zaislai","9":"product_cat-smulkioji-motorika","10":"product_cat-visi-zaislai","11":"product_cat-zaislai","12":"product_tag-1-m-2-m","13":"product_tag-2-m-3-m","14":"product_tag-iki-1-m","16":"first","17":"instock","18":"sale","19":"taxable","20":"shipping-taxable","21":"purchasable","22":"product-type-simple"},"yoast_head":"<!-- This site is optimized with the Yoast SEO plugin v23.3 - https:\/\/yoast.com\/wordpress\/plugins\/seo\/ -->\n<title>Medinis form\u0173 r\u016b\u0161iuoklis - Montessori \u017eaislai<\/title>\n<meta name=\"robots\" content=\"noindex, follow, max-snippet:-1, max-image-preview:large, max-video-preview:-1\" \/>\n<meta property=\"og:locale\" content=\"en_US\" \/>\n<meta property=\"og:type\" content=\"article\" \/>\n<meta property=\"og:title\" content=\"Medinis form\u0173 r\u016b\u0161iuoklis - Montessori \u017eaislai\" \/>\n<meta property=\"og:description\" content=\"\u017daidim\u0105 sudaro spalvot\u0173 fig\u016br\u0173 derinimas tinkamoje vietoje, kiekviena vi\u0161ta turi skirting\u0105 spalv\u0105 ir j\u0105 atitinkan\u010di\u0105 fig\u016br\u0105. \u017daisdamas vaikas gali i\u0161mokti atpa\u017einti formas ir spalvas, taip pat mokytis kantryb\u0117s ir tikslumo bei lavinti rank\u0173 darbo \u012fg\u016bd\u017eius. Vi\u0161\u010diukai gali b\u016bti atskirti vienas nuo kito, tuomet su perdanga gali \u017eaisti kiti vaikai kartu. \u017daislas pagamintas i\u0161 med\u017eio ir [&hellip;]\" \/>\n<meta property=\"og:url\" content=\"https:\/\/dev.monti.lt\/en\/product\/medinis-formu-rusiuoklis\/\" \/>\n<meta property=\"og:site_name\" content=\"Montessori \u017eaislai\" \/>\n<meta property=\"article:modified_time\" content=\"2024-09-16T13:19:51+00:00\" \/>\n<meta property=\"og:image\" content=\"https:\/\/dev.monti.lt\/wp-content\/uploads\/2022\/10\/gra-logiczna-zrecznosciowa-sorter-nakladanka-kurczaki-puzzle-jh-0093.jpg\" \/>\n\t<meta property=\"og:image:width\" content=\"800\" \/>\n\t<meta property=\"og:image:height\" content=\"800\" \/>\n\t<meta property=\"og:image:type\" content=\"image\/jpeg\" \/>\n<meta name=\"twitter:card\" content=\"summary_large_image\" \/>\n<meta name=\"twitter:label1\" content=\"Est. reading time\" \/>\n\t<meta name=\"twitter:data1\" content=\"1 minute\" \/>\n<script type=\"application\/ld+json\" class=\"yoast-schema-graph\">{\"@context\":\"https:\/\/schema.org\",\"@graph\":[{\"@type\":\"WebPage\",\"@id\":\"https:\/\/dev.monti.lt\/product\/medinis-formu-rusiuoklis\/\",\"url\":\"https:\/\/dev.monti.lt\/product\/medinis-formu-rusiuoklis\/\",\"name\":\"Medinis form\u0173 r\u016b\u0161iuoklis - Montessori \u017eaislai\",\"isPartOf\":{\"@id\":\"https:\/\/dev.monti.lt\/#website\"},\"primaryImageOfPage\":{\"@id\":\"https:\/\/dev.monti.lt\/product\/medinis-formu-rusiuoklis\/#primaryimage\"},\"image\":{\"@id\":\"https:\/\/dev.monti.lt\/product\/medinis-formu-rusiuoklis\/#primaryimage\"},\"thumbnailUrl\":\"https:\/\/dev.monti.lt\/wp-content\/uploads\/2022\/10\/gra-logiczna-zrecznosciowa-sorter-nakladanka-kurczaki-puzzle-jh-0093.jpg\",\"datePublished\":\"2022-10-07T12:40:12+00:00\",\"dateModified\":\"2024-09-16T13:19:51+00:00\",\"breadcrumb\":{\"@id\":\"https:\/\/dev.monti.lt\/product\/medinis-formu-rusiuoklis\/#breadcrumb\"},\"inLanguage\":\"en-US\",\"potentialAction\":[{\"@type\":\"ReadAction\",\"target\":[\"https:\/\/dev.monti.lt\/product\/medinis-formu-rusiuoklis\/\"]}]},{\"@type\":\"ImageObject\",\"inLanguage\":\"en-US\",\"@id\":\"https:\/\/dev.monti.lt\/product\/medinis-formu-rusiuoklis\/#primaryimage\",\"url\":\"https:\/\/dev.monti.lt\/wp-content\/uploads\/2022\/10\/gra-logiczna-zrecznosciowa-sorter-nakladanka-kurczaki-puzzle-jh-0093.jpg\",\"contentUrl\":\"https:\/\/dev.monti.lt\/wp-content\/uploads\/2022\/10\/gra-logiczna-zrecznosciowa-sorter-nakladanka-kurczaki-puzzle-jh-0093.jpg\",\"width\":800,\"height\":800,\"caption\":\"Medinis \u017eaidimas\"},{\"@type\":\"BreadcrumbList\",\"@id\":\"https:\/\/dev.monti.lt\/product\/medinis-formu-rusiuoklis\/#breadcrumb\",\"itemListElement\":[{\"@type\":\"ListItem\",\"position\":1,\"name\":\"Home\",\"item\":\"https:\/\/dev.monti.lt\/\"},{\"@type\":\"ListItem\",\"position\":2,\"name\":\"Parduotuv\u0117\",\"item\":\"https:\/\/dev.monti.lt\/shop\/\"},{\"@type\":\"ListItem\",\"position\":3,\"name\":\"Medinis form\u0173 r\u016b\u0161iuoklis\"}]},{\"@type\":\"WebSite\",\"@id\":\"https:\/\/dev.monti.lt\/#website\",\"url\":\"https:\/\/dev.monti.lt\/\",\"name\":\"Montessori \u017eaislai\",\"description\":\"\",\"publisher\":{\"@id\":\"https:\/\/dev.monti.lt\/#organization\"},\"potentialAction\":[{\"@type\":\"SearchAction\",\"target\":{\"@type\":\"EntryPoint\",\"urlTemplate\":\"https:\/\/dev.monti.lt\/?s={search_term_string}\"},\"query-input\":\"required name=search_term_string\"}],\"inLanguage\":\"en-US\"},{\"@type\":\"Organization\",\"@id\":\"https:\/\/dev.monti.lt\/#organization\",\"name\":\"Montessori \u017eaislai\",\"url\":\"https:\/\/dev.monti.lt\/\",\"logo\":{\"@type\":\"ImageObject\",\"inLanguage\":\"en-US\",\"@id\":\"https:\/\/dev.monti.lt\/#\/schema\/logo\/image\/\",\"url\":\"https:\/\/dev.monti.lt\/wp-content\/uploads\/2022\/03\/montilogo-1.png\",\"contentUrl\":\"https:\/\/dev.monti.lt\/wp-content\/uploads\/2022\/03\/montilogo-1.png\",\"width\":512,\"height\":512,\"caption\":\"Montessori \u017eaislai\"},\"image\":{\"@id\":\"https:\/\/dev.monti.lt\/#\/schema\/logo\/image\/\"}}]}<\/script>\n<!-- \/ Yoast SEO plugin. -->","yoast_head_json":{"title":"Medinis form\u0173 r\u016b\u0161iuoklis - Montessori \u017eaislai","robots":{"index":"noindex","follow":"follow","max-snippet":"max-snippet:-1","max-image-preview":"max-image-preview:large","max-video-preview":"max-video-preview:-1"},"og_locale":"en_US","og_type":"article","og_title":"Medinis form\u0173 r\u016b\u0161iuoklis - Montessori \u017eaislai","og_description":"\u017daidim\u0105 sudaro spalvot\u0173 fig\u016br\u0173 derinimas tinkamoje vietoje, kiekviena vi\u0161ta turi skirting\u0105 spalv\u0105 ir j\u0105 atitinkan\u010di\u0105 fig\u016br\u0105. \u017daisdamas vaikas gali i\u0161mokti atpa\u017einti formas ir spalvas, taip pat mokytis kantryb\u0117s ir tikslumo bei lavinti rank\u0173 darbo \u012fg\u016bd\u017eius. Vi\u0161\u010diukai gali b\u016bti atskirti vienas nuo kito, tuomet su perdanga gali \u017eaisti kiti vaikai kartu. \u017daislas pagamintas i\u0161 med\u017eio ir [&hellip;]","og_url":"https:\/\/dev.monti.lt\/en\/product\/medinis-formu-rusiuoklis\/","og_site_name":"Montessori \u017eaislai","article_modified_time":"2024-09-16T13:19:51+00:00","og_image":[{"width":800,"height":800,"url":"https:\/\/dev.monti.lt\/wp-content\/uploads\/2022\/10\/gra-logiczna-zrecznosciowa-sorter-nakladanka-kurczaki-puzzle-jh-0093.jpg","type":"image\/jpeg"}],"twitter_card":"summary_large_image","twitter_misc":{"Est. reading time":"1 minute"},"schema":{"@context":"https:\/\/schema.org","@graph":[{"@type":"WebPage","@id":"https:\/\/dev.monti.lt\/product\/medinis-formu-rusiuoklis\/","url":"https:\/\/dev.monti.lt\/product\/medinis-formu-rusiuoklis\/","name":"Medinis form\u0173 r\u016b\u0161iuoklis - Montessori \u017eaislai","isPartOf":{"@id":"https:\/\/dev.monti.lt\/#website"},"primaryImageOfPage":{"@id":"https:\/\/dev.monti.lt\/product\/medinis-formu-rusiuoklis\/#primaryimage"},"image":{"@id":"https:\/\/dev.monti.lt\/product\/medinis-formu-rusiuoklis\/#primaryimage"},"thumbnailUrl":"https:\/\/dev.monti.lt\/wp-content\/uploads\/2022\/10\/gra-logiczna-zrecznosciowa-sorter-nakladanka-kurczaki-puzzle-jh-0093.jpg","datePublished":"2022-10-07T12:40:12+00:00","dateModified":"2024-09-16T13:19:51+00:00","breadcrumb":{"@id":"https:\/\/dev.monti.lt\/product\/medinis-formu-rusiuoklis\/#breadcrumb"},"inLanguage":"en-US","potentialAction":[{"@type":"ReadAction","target":["https:\/\/dev.monti.lt\/product\/medinis-formu-rusiuoklis\/"]}]},{"@type":"ImageObject","inLanguage":"en-US","@id":"https:\/\/dev.monti.lt\/product\/medinis-formu-rusiuoklis\/#primaryimage","url":"https:\/\/dev.monti.lt\/wp-content\/uploads\/2022\/10\/gra-logiczna-zrecznosciowa-sorter-nakladanka-kurczaki-puzzle-jh-0093.jpg","contentUrl":"https:\/\/dev.monti.lt\/wp-content\/uploads\/2022\/10\/gra-logiczna-zrecznosciowa-sorter-nakladanka-kurczaki-puzzle-jh-0093.jpg","width":800,"height":800,"caption":"Medinis \u017eaidimas"},{"@type":"BreadcrumbList","@id":"https:\/\/dev.monti.lt\/product\/medinis-formu-rusiuoklis\/#breadcrumb","itemListElement":[{"@type":"ListItem","position":1,"name":"Home","item":"https:\/\/dev.monti.lt\/"},{"@type":"ListItem","position":2,"name":"Parduotuv\u0117","item":"https:\/\/dev.monti.lt\/shop\/"},{"@type":"ListItem","position":3,"name":"Medinis form\u0173 r\u016b\u0161iuoklis"}]},{"@type":"WebSite","@id":"https:\/\/dev.monti.lt\/#website","url":"https:\/\/dev.monti.lt\/","name":"Montessori \u017eaislai","description":"","publisher":{"@id":"https:\/\/dev.monti.lt\/#organization"},"potentialAction":[{"@type":"SearchAction","target":{"@type":"EntryPoint","urlTemplate":"https:\/\/dev.monti.lt\/?s={search_term_string}"},"query-input":"required name=search_term_string"}],"inLanguage":"en-US"},{"@type":"Organization","@id":"https:\/\/dev.monti.lt\/#organization","name":"Montessori \u017eaislai","url":"https:\/\/dev.monti.lt\/","logo":{"@type":"ImageObject","inLanguage":"en-US","@id":"https:\/\/dev.monti.lt\/#\/schema\/logo\/image\/","url":"https:\/\/dev.monti.lt\/wp-content\/uploads\/2022\/03\/montilogo-1.png","contentUrl":"https:\/\/dev.monti.lt\/wp-content\/uploads\/2022\/03\/montilogo-1.png","width":512,"height":512,"caption":"Montessori \u017eaislai"},"image":{"@id":"https:\/\/dev.monti.lt\/#\/schema\/logo\/image\/"}}]}},"_links":{"self":[{"href":"https:\/\/dev.monti.lt\/en\/wp-json\/wp\/v2\/product\/10226"}],"collection":[{"href":"https:\/\/dev.monti.lt\/en\/wp-json\/wp\/v2\/product"}],"about":[{"href":"https:\/\/dev.monti.lt\/en\/wp-json\/wp\/v2\/types\/product"}],"version-history":[{"count":1,"href":"https:\/\/dev.monti.lt\/en\/wp-json\/wp\/v2\/product\/10226\/revisions"}],"predecessor-version":[{"id":10235,"href":"https:\/\/dev.monti.lt\/en\/wp-json\/wp\/v2\/product\/10226\/revisions\/10235"}],"wp:featuredmedia":[{"embeddable":true,"href":"https:\/\/dev.monti.lt\/en\/wp-json\/wp\/v2\/media\/10229"}],"wp:attachment":[{"href":"https:\/\/dev.monti.lt\/en\/wp-json\/wp\/v2\/media?parent=10226"}],"wp:term":[{"taxonomy":"product_cat","embeddable":true,"href":"https:\/\/dev.monti.lt\/en\/wp-json\/wp\/v2\/product_cat?post=10226"},{"taxonomy":"product_tag","embeddable":true,"href":"https:\/\/dev.monti.lt\/en\/wp-json\/wp\/v2\/product_tag?post=10226"}],"curies":[{"name":"wp","href":"https:\/\/api.w.org\/{rel}","templated":true}]}}