{"id":10210,"date":"2022-10-07T12:24:17","date_gmt":"2022-10-07T12:24:17","guid":{"rendered":"https:\/\/dev.monti.lt\/?post_type=product&#038;p=10210"},"modified":"2024-09-03T13:20:47","modified_gmt":"2024-09-03T13:20:47","slug":"magnetine-delioniu-knygele-safari","status":"publish","type":"product","link":"https:\/\/dev.monti.lt\/en\/product\/magnetine-delioniu-knygele-safari\/","title":{"rendered":"Magnetin\u0117 d\u0117lioni\u0173 knygel\u0117 &#8220;Safari&#8221;"},"content":{"rendered":"<p>Knygel\u0117je yra 3 paveiksl\u0117liai, kuriuos reikia sud\u0117ti, kiekviename i\u0161 j\u0173 yra skirtingas d\u0117lioni\u0173 skai\u010dius ir sud\u0117tingumo lygis.<br \/>\nKnygel\u0119 sudaro \u0161ie galvos\u016bkiai:<br \/>\n&#8211; panda &#8211; 9 vienetai<br \/>\n&#8211; tigras &#8211; 12 vienet\u0173<br \/>\n&#8211; dramblys &#8211; 16 vienet\u0173<br \/>\nKadangi tai yra magnetin\u0117s d\u0117lion\u0117s, knygel\u0119 galima pasiimti \u012f kelion\u0119 ir sud\u0117ti automobilyje; d\u0117lion\u0117s nenukris, nes jas pritraukia knygel\u0117. \u017dinoma, d\u0117liones taip pat galima i\u0161d\u0117lioti ant bet kokio metalinio ar magnetu traukiamo pavir\u0161iaus.<br \/>\nD\u0117lion\u0117s lavina vaizduot\u0119, gerina d\u0117mesio koncentracij\u0105 ir skatina atsipalaidavim\u0105 bei ramyb\u0119.<br \/>\nKiekvienam vaikui patinka d\u0117lion\u0117s, tod\u0117l tai puiki dovanos id\u0117ja!<br \/>\nKnygel\u0117s matmenys yra ma\u017edaug 18&#215;18 cm.<\/p>\n<p>&nbsp;<\/p>","protected":false},"excerpt":{"rendered":"<p>Knygel\u0117je yra 3 paveiksl\u0117liai, kuriuos reikia sud\u0117ti, kiekviename i\u0161 j\u0173 yra skirtingas d\u0117lioni\u0173 skai\u010dius ir sud\u0117tingumo lygis. Knygel\u0119 sudaro \u0161ie galvos\u016bkiai: &#8211; panda &#8211; 9 vienetai &#8211; tigras &#8211; 12 vienet\u0173 &#8211; dramblys &#8211; 16 vienet\u0173 Kadangi tai yra magnetin\u0117s d\u0117lion\u0117s, knygel\u0119 galima pasiimti \u012f kelion\u0119 ir sud\u0117ti automobilyje; d\u0117lion\u0117s nenukris, nes jas pritraukia knygel\u0117. [&hellip;]<\/p>","protected":false},"featured_media":10212,"template":"","meta":{"iawp_total_views":59},"product_cat":[92,84,49,39],"product_tag":[96,97],"class_list":{"0":"post-10210","1":"product","2":"type-product","3":"status-publish","4":"has-post-thumbnail","6":"product_cat-deliones","7":"product_cat-lavinamieji-zaislai","8":"product_cat-visi-zaislai","9":"product_cat-zaislai","10":"product_tag-2-m-3-m","11":"product_tag-3-m-4-m","13":"first","14":"instock","15":"taxable","16":"shipping-taxable","17":"purchasable","18":"product-type-simple"},"yoast_head":"<!-- This site is optimized with the Yoast SEO plugin v23.3 - https:\/\/yoast.com\/wordpress\/plugins\/seo\/ -->\n<title>Magnetin\u0117 d\u0117lioni\u0173 knygel\u0117 &quot;Safari&quot; - Montessori \u017eaislai<\/title>\n<meta name=\"robots\" content=\"noindex, follow, max-snippet:-1, max-image-preview:large, max-video-preview:-1\" \/>\n<meta property=\"og:locale\" content=\"en_US\" \/>\n<meta property=\"og:type\" content=\"article\" \/>\n<meta property=\"og:title\" content=\"Magnetin\u0117 d\u0117lioni\u0173 knygel\u0117 &quot;Safari&quot; - Montessori \u017eaislai\" \/>\n<meta property=\"og:description\" content=\"Knygel\u0117je yra 3 paveiksl\u0117liai, kuriuos reikia sud\u0117ti, kiekviename i\u0161 j\u0173 yra skirtingas d\u0117lioni\u0173 skai\u010dius ir sud\u0117tingumo lygis. Knygel\u0119 sudaro \u0161ie galvos\u016bkiai: &#8211; panda &#8211; 9 vienetai &#8211; tigras &#8211; 12 vienet\u0173 &#8211; dramblys &#8211; 16 vienet\u0173 Kadangi tai yra magnetin\u0117s d\u0117lion\u0117s, knygel\u0119 galima pasiimti \u012f kelion\u0119 ir sud\u0117ti automobilyje; d\u0117lion\u0117s nenukris, nes jas pritraukia knygel\u0117. [&hellip;]\" \/>\n<meta property=\"og:url\" content=\"https:\/\/dev.monti.lt\/en\/product\/magnetine-delioniu-knygele-safari\/\" \/>\n<meta property=\"og:site_name\" content=\"Montessori \u017eaislai\" \/>\n<meta property=\"article:modified_time\" content=\"2024-09-03T13:20:47+00:00\" \/>\n<meta property=\"og:image\" content=\"https:\/\/dev.monti.lt\/wp-content\/uploads\/2022\/10\/magnetyczne-puzzle-zwierzatka-ksiazeczka-zoo-jhtoy-266.jpg\" \/>\n\t<meta property=\"og:image:width\" content=\"800\" \/>\n\t<meta property=\"og:image:height\" content=\"800\" \/>\n\t<meta property=\"og:image:type\" content=\"image\/jpeg\" \/>\n<meta name=\"twitter:card\" content=\"summary_large_image\" \/>\n<meta name=\"twitter:label1\" content=\"Est. reading time\" \/>\n\t<meta name=\"twitter:data1\" content=\"1 minute\" \/>\n<script type=\"application\/ld+json\" class=\"yoast-schema-graph\">{\"@context\":\"https:\/\/schema.org\",\"@graph\":[{\"@type\":\"WebPage\",\"@id\":\"https:\/\/dev.monti.lt\/product\/magnetine-delioniu-knygele-safari\/\",\"url\":\"https:\/\/dev.monti.lt\/product\/magnetine-delioniu-knygele-safari\/\",\"name\":\"Magnetin\u0117 d\u0117lioni\u0173 knygel\u0117 \\\"Safari\\\" - Montessori \u017eaislai\",\"isPartOf\":{\"@id\":\"https:\/\/dev.monti.lt\/#website\"},\"primaryImageOfPage\":{\"@id\":\"https:\/\/dev.monti.lt\/product\/magnetine-delioniu-knygele-safari\/#primaryimage\"},\"image\":{\"@id\":\"https:\/\/dev.monti.lt\/product\/magnetine-delioniu-knygele-safari\/#primaryimage\"},\"thumbnailUrl\":\"https:\/\/dev.monti.lt\/wp-content\/uploads\/2022\/10\/magnetyczne-puzzle-zwierzatka-ksiazeczka-zoo-jhtoy-266.jpg\",\"datePublished\":\"2022-10-07T12:24:17+00:00\",\"dateModified\":\"2024-09-03T13:20:47+00:00\",\"breadcrumb\":{\"@id\":\"https:\/\/dev.monti.lt\/product\/magnetine-delioniu-knygele-safari\/#breadcrumb\"},\"inLanguage\":\"en-US\",\"potentialAction\":[{\"@type\":\"ReadAction\",\"target\":[\"https:\/\/dev.monti.lt\/product\/magnetine-delioniu-knygele-safari\/\"]}]},{\"@type\":\"ImageObject\",\"inLanguage\":\"en-US\",\"@id\":\"https:\/\/dev.monti.lt\/product\/magnetine-delioniu-knygele-safari\/#primaryimage\",\"url\":\"https:\/\/dev.monti.lt\/wp-content\/uploads\/2022\/10\/magnetyczne-puzzle-zwierzatka-ksiazeczka-zoo-jhtoy-266.jpg\",\"contentUrl\":\"https:\/\/dev.monti.lt\/wp-content\/uploads\/2022\/10\/magnetyczne-puzzle-zwierzatka-ksiazeczka-zoo-jhtoy-266.jpg\",\"width\":800,\"height\":800,\"caption\":\"d\u0117lioni\u0173 knygel\u0117\"},{\"@type\":\"BreadcrumbList\",\"@id\":\"https:\/\/dev.monti.lt\/product\/magnetine-delioniu-knygele-safari\/#breadcrumb\",\"itemListElement\":[{\"@type\":\"ListItem\",\"position\":1,\"name\":\"Home\",\"item\":\"https:\/\/dev.monti.lt\/\"},{\"@type\":\"ListItem\",\"position\":2,\"name\":\"Parduotuv\u0117\",\"item\":\"https:\/\/dev.monti.lt\/shop\/\"},{\"@type\":\"ListItem\",\"position\":3,\"name\":\"Magnetin\u0117 d\u0117lioni\u0173 knygel\u0117 &#8220;Safari&#8221;\"}]},{\"@type\":\"WebSite\",\"@id\":\"https:\/\/dev.monti.lt\/#website\",\"url\":\"https:\/\/dev.monti.lt\/\",\"name\":\"Montessori \u017eaislai\",\"description\":\"\",\"publisher\":{\"@id\":\"https:\/\/dev.monti.lt\/#organization\"},\"potentialAction\":[{\"@type\":\"SearchAction\",\"target\":{\"@type\":\"EntryPoint\",\"urlTemplate\":\"https:\/\/dev.monti.lt\/?s={search_term_string}\"},\"query-input\":\"required name=search_term_string\"}],\"inLanguage\":\"en-US\"},{\"@type\":\"Organization\",\"@id\":\"https:\/\/dev.monti.lt\/#organization\",\"name\":\"Montessori \u017eaislai\",\"url\":\"https:\/\/dev.monti.lt\/\",\"logo\":{\"@type\":\"ImageObject\",\"inLanguage\":\"en-US\",\"@id\":\"https:\/\/dev.monti.lt\/#\/schema\/logo\/image\/\",\"url\":\"https:\/\/dev.monti.lt\/wp-content\/uploads\/2022\/03\/montilogo-1.png\",\"contentUrl\":\"https:\/\/dev.monti.lt\/wp-content\/uploads\/2022\/03\/montilogo-1.png\",\"width\":512,\"height\":512,\"caption\":\"Montessori \u017eaislai\"},\"image\":{\"@id\":\"https:\/\/dev.monti.lt\/#\/schema\/logo\/image\/\"}}]}<\/script>\n<!-- \/ Yoast SEO plugin. -->","yoast_head_json":{"title":"Magnetin\u0117 d\u0117lioni\u0173 knygel\u0117 \"Safari\" - Montessori \u017eaislai","robots":{"index":"noindex","follow":"follow","max-snippet":"max-snippet:-1","max-image-preview":"max-image-preview:large","max-video-preview":"max-video-preview:-1"},"og_locale":"en_US","og_type":"article","og_title":"Magnetin\u0117 d\u0117lioni\u0173 knygel\u0117 \"Safari\" - Montessori \u017eaislai","og_description":"Knygel\u0117je yra 3 paveiksl\u0117liai, kuriuos reikia sud\u0117ti, kiekviename i\u0161 j\u0173 yra skirtingas d\u0117lioni\u0173 skai\u010dius ir sud\u0117tingumo lygis. Knygel\u0119 sudaro \u0161ie galvos\u016bkiai: &#8211; panda &#8211; 9 vienetai &#8211; tigras &#8211; 12 vienet\u0173 &#8211; dramblys &#8211; 16 vienet\u0173 Kadangi tai yra magnetin\u0117s d\u0117lion\u0117s, knygel\u0119 galima pasiimti \u012f kelion\u0119 ir sud\u0117ti automobilyje; d\u0117lion\u0117s nenukris, nes jas pritraukia knygel\u0117. [&hellip;]","og_url":"https:\/\/dev.monti.lt\/en\/product\/magnetine-delioniu-knygele-safari\/","og_site_name":"Montessori \u017eaislai","article_modified_time":"2024-09-03T13:20:47+00:00","og_image":[{"width":800,"height":800,"url":"https:\/\/dev.monti.lt\/wp-content\/uploads\/2022\/10\/magnetyczne-puzzle-zwierzatka-ksiazeczka-zoo-jhtoy-266.jpg","type":"image\/jpeg"}],"twitter_card":"summary_large_image","twitter_misc":{"Est. reading time":"1 minute"},"schema":{"@context":"https:\/\/schema.org","@graph":[{"@type":"WebPage","@id":"https:\/\/dev.monti.lt\/product\/magnetine-delioniu-knygele-safari\/","url":"https:\/\/dev.monti.lt\/product\/magnetine-delioniu-knygele-safari\/","name":"Magnetin\u0117 d\u0117lioni\u0173 knygel\u0117 \"Safari\" - Montessori \u017eaislai","isPartOf":{"@id":"https:\/\/dev.monti.lt\/#website"},"primaryImageOfPage":{"@id":"https:\/\/dev.monti.lt\/product\/magnetine-delioniu-knygele-safari\/#primaryimage"},"image":{"@id":"https:\/\/dev.monti.lt\/product\/magnetine-delioniu-knygele-safari\/#primaryimage"},"thumbnailUrl":"https:\/\/dev.monti.lt\/wp-content\/uploads\/2022\/10\/magnetyczne-puzzle-zwierzatka-ksiazeczka-zoo-jhtoy-266.jpg","datePublished":"2022-10-07T12:24:17+00:00","dateModified":"2024-09-03T13:20:47+00:00","breadcrumb":{"@id":"https:\/\/dev.monti.lt\/product\/magnetine-delioniu-knygele-safari\/#breadcrumb"},"inLanguage":"en-US","potentialAction":[{"@type":"ReadAction","target":["https:\/\/dev.monti.lt\/product\/magnetine-delioniu-knygele-safari\/"]}]},{"@type":"ImageObject","inLanguage":"en-US","@id":"https:\/\/dev.monti.lt\/product\/magnetine-delioniu-knygele-safari\/#primaryimage","url":"https:\/\/dev.monti.lt\/wp-content\/uploads\/2022\/10\/magnetyczne-puzzle-zwierzatka-ksiazeczka-zoo-jhtoy-266.jpg","contentUrl":"https:\/\/dev.monti.lt\/wp-content\/uploads\/2022\/10\/magnetyczne-puzzle-zwierzatka-ksiazeczka-zoo-jhtoy-266.jpg","width":800,"height":800,"caption":"d\u0117lioni\u0173 knygel\u0117"},{"@type":"BreadcrumbList","@id":"https:\/\/dev.monti.lt\/product\/magnetine-delioniu-knygele-safari\/#breadcrumb","itemListElement":[{"@type":"ListItem","position":1,"name":"Home","item":"https:\/\/dev.monti.lt\/"},{"@type":"ListItem","position":2,"name":"Parduotuv\u0117","item":"https:\/\/dev.monti.lt\/shop\/"},{"@type":"ListItem","position":3,"name":"Magnetin\u0117 d\u0117lioni\u0173 knygel\u0117 &#8220;Safari&#8221;"}]},{"@type":"WebSite","@id":"https:\/\/dev.monti.lt\/#website","url":"https:\/\/dev.monti.lt\/","name":"Montessori \u017eaislai","description":"","publisher":{"@id":"https:\/\/dev.monti.lt\/#organization"},"potentialAction":[{"@type":"SearchAction","target":{"@type":"EntryPoint","urlTemplate":"https:\/\/dev.monti.lt\/?s={search_term_string}"},"query-input":"required name=search_term_string"}],"inLanguage":"en-US"},{"@type":"Organization","@id":"https:\/\/dev.monti.lt\/#organization","name":"Montessori \u017eaislai","url":"https:\/\/dev.monti.lt\/","logo":{"@type":"ImageObject","inLanguage":"en-US","@id":"https:\/\/dev.monti.lt\/#\/schema\/logo\/image\/","url":"https:\/\/dev.monti.lt\/wp-content\/uploads\/2022\/03\/montilogo-1.png","contentUrl":"https:\/\/dev.monti.lt\/wp-content\/uploads\/2022\/03\/montilogo-1.png","width":512,"height":512,"caption":"Montessori \u017eaislai"},"image":{"@id":"https:\/\/dev.monti.lt\/#\/schema\/logo\/image\/"}}]}},"_links":{"self":[{"href":"https:\/\/dev.monti.lt\/en\/wp-json\/wp\/v2\/product\/10210"}],"collection":[{"href":"https:\/\/dev.monti.lt\/en\/wp-json\/wp\/v2\/product"}],"about":[{"href":"https:\/\/dev.monti.lt\/en\/wp-json\/wp\/v2\/types\/product"}],"version-history":[{"count":1,"href":"https:\/\/dev.monti.lt\/en\/wp-json\/wp\/v2\/product\/10210\/revisions"}],"predecessor-version":[{"id":10218,"href":"https:\/\/dev.monti.lt\/en\/wp-json\/wp\/v2\/product\/10210\/revisions\/10218"}],"wp:featuredmedia":[{"embeddable":true,"href":"https:\/\/dev.monti.lt\/en\/wp-json\/wp\/v2\/media\/10212"}],"wp:attachment":[{"href":"https:\/\/dev.monti.lt\/en\/wp-json\/wp\/v2\/media?parent=10210"}],"wp:term":[{"taxonomy":"product_cat","embeddable":true,"href":"https:\/\/dev.monti.lt\/en\/wp-json\/wp\/v2\/product_cat?post=10210"},{"taxonomy":"product_tag","embeddable":true,"href":"https:\/\/dev.monti.lt\/en\/wp-json\/wp\/v2\/product_tag?post=10210"}],"curies":[{"name":"wp","href":"https:\/\/api.w.org\/{rel}","templated":true}]}}