{"id":10205,"date":"2022-10-07T12:16:35","date_gmt":"2022-10-07T12:16:35","guid":{"rendered":"https:\/\/dev.monti.lt\/?post_type=product&#038;p=10205"},"modified":"2024-08-11T20:33:08","modified_gmt":"2024-08-11T20:33:08","slug":"konstruktorius-marble-run-blocks","status":"publish","type":"product","link":"https:\/\/dev.monti.lt\/en\/product\/konstruktorius-marble-run-blocks\/","title":{"rendered":"Konstruktorius &#8220;Marble run blocks&#8221;"},"content":{"rendered":"<h1><b><span>Konstruktorius &#8220;Marble run blocks&#8221; 110 VNT.<\/span><\/b><\/h1>\n<p>&nbsp;<\/p>\n<p><span style=\"font-family: Calibri;\"><span>Sukurkite savo &nbsp;tras\u0105!<\/span><\/span><\/p>\n<p>&nbsp;<\/p>\n<p><span style=\"font-family: Calibri;\"><span>Fantasti\u0161ki spalvingi blokai su daugybe tuneli\u0173 ir \u010diuo\u017eykl\u0173, kurios garantuos linksmybes valand\u0173 valandas.<\/span><\/span><\/p>\n<p>&nbsp;<\/p>\n<p><span>Element\u0173 derinimas puikiai lavina rankinius \u012fg\u016bd\u017eius, smulki\u0105j\u0105 motorik\u0105 ir pir\u0161t\u0173 tikslum\u0105. O tolesni\u0173 konstrukcij\u0173 planavimas taip, kad konstrukcija b\u016bt\u0173 patvari, skatina erdvin\u0119 vaizduot\u0119 ir moko loginio m\u0105stymo.<\/span><\/p>\n<p><img decoding=\"async\" src=\"https:\/\/www.ikonka.com.pl\/img\/product_media\/46001-47000\/KX514680968.jpg\"><\/p>\n<p>&nbsp;<\/p>\n<p><span>Visus elementus galima derinti kaip tik nori \u2013 tai skatina k\u016brybi\u0161kai m\u0105styti ir kurti naujus pastatus.<\/span><\/p>\n<p>&nbsp;<\/p>\n<p><span>Kiekvienas blokas lengvai sujungiamas, kad net ir pa\u010di\u0173 sud\u0117tingiausi\u0173 pastat\u0173 statyba b\u016bt\u0173 tikras malonumas.<\/span><\/p>\n<p>&nbsp;<\/p>\n<p><span>Malonios spalvos ir gyv\u016bn\u0173 lipdukai skatina vaikus \u017eaisti.<\/span><\/p>\n<p>&nbsp;<\/p>\n<p><span>Stebint kamuoliukus, kai jie juda nutiestu takeliu su daugybe tuneli\u0173, skatinamas reg\u0117jimas ir lavinamas geb\u0117jimas steb\u0117ti.<\/span><\/p>\n<p><img decoding=\"async\" src=\"https:\/\/www.ikonka.com.pl\/img\/product_media\/46001-47000\/KX514680972.jpg\"><\/p>\n<p>&nbsp;<\/p>\n<p><span>Blokai suteikia daug galimybi\u0173 \u017eaisti \u2013 juos galima kloti lygiai 2D form\u0173 pavidalu, arba erdvi\u0161kai kuriant pastatus, erdvines fig\u016bras ir kamuoliuk\u0173 takelius.<\/span><\/p>\n<p>&nbsp;<\/p>\n<p><span>Bus labai smagu ir kartu i\u0161\u0161\u016bkis sukurti kamuoliuk\u0173 tras\u0105, kurioje kamuoliukai nesustodami pasieks pat\u012f gal\u0105. Ta\u010diau neapsigaukite, tai tikrai nebus lengva! Tam prireiks laiko apgalvoti ir kruop\u0161\u010diai planuoti.<\/span><\/p>\n<p>&nbsp;<\/p>\n<p><span>Rinkinys puikiai tinka linksmyb\u0117ms kartu! Galite sugalvoti ir planuoti bendras strukt\u016bras \u2013 tai bus ideali veikla \u0161eimyniniam vakarui kartu, kuri ne tik garantuos puiki\u0105 linksmyb\u0119 ir daug juoko, bet ir sustiprins j\u016bs\u0173 santykius.<\/span><\/p>\n<p>&nbsp;<\/p>\n<p><span>Visi elementai pagaminti i\u0161 patvaraus plastiko, kas garantuoja, kad rinkinys d\u017eiugins ilgai.<\/span><\/p>\n<p>&nbsp;<\/p>\n<p><span>Tobula dovana bet kuriam vaikui!<\/span><\/p>\n<p><img decoding=\"async\" src=\"https:\/\/www.ikonka.com.pl\/img\/product_media\/46001-47000\/KX514680973.jpg\"><\/p>\n<p>&nbsp;<\/p>\n<p><span>Med\u017eiaga: plastikas<\/span><\/p>\n<p>&nbsp;<\/p>\n<p><span>Vaiko am\u017eius: 3+<\/span><\/p>\n<p>&nbsp;<\/p>\n<p><span>Komplekto turinys:<\/span><\/p>\n<p>&nbsp;<\/p>\n<ul type=\"disc\">\n<li><span>102x blokai<\/span><\/li>\n<li><span>8x kamuoliukai<\/span><\/li>\n<li><span>20x lipdukai<\/span><\/li>\n<\/ul>\n<p>&nbsp;<\/p>\n<p><span>Matmenys:<\/span><\/p>\n<p>&nbsp;<\/p>\n<ul type=\"disc\">\n<li><span>karoliukai: 2,8 cm<\/span><\/li>\n<li><span>did\u017eiausias blokas: 10,5 cm x 15 cm x 1,5 cm<\/span><\/li>\n<li><span>ma\u017eiausio blokelio: 4,5 cm x 4,5 cm x 0,6 cm<\/span><\/li>\n<li><span>pakuot\u0117: 36cm x 28,2cm x 8,7cm<\/span><\/li>\n<\/ul>\n<p>&nbsp;<\/p>\n<p><span>Supakuota esteti\u0161koje kartonin\u0117je pakuot\u0117je.<\/span><\/p>","protected":false},"excerpt":{"rendered":"<p>Konstruktorius &#8220;Marble run blocks&#8221; 110 VNT. &nbsp; Sukurkite savo &nbsp;tras\u0105! &nbsp; Fantasti\u0161ki spalvingi blokai su daugybe tuneli\u0173 ir \u010diuo\u017eykl\u0173, kurios garantuos linksmybes valand\u0173 valandas. &nbsp; Element\u0173 derinimas puikiai lavina rankinius \u012fg\u016bd\u017eius, smulki\u0105j\u0105 motorik\u0105 ir pir\u0161t\u0173 tikslum\u0105. O tolesni\u0173 konstrukcij\u0173 planavimas taip, kad konstrukcija b\u016bt\u0173 patvari, skatina erdvin\u0119 vaizduot\u0119 ir moko loginio m\u0105stymo. &nbsp; Visus elementus [&hellip;]<\/p>","protected":false},"featured_media":10207,"template":"","meta":{"iawp_total_views":99},"product_cat":[87,84,86,49,39],"product_tag":[96,97,98,99],"class_list":{"0":"post-10205","1":"product","2":"type-product","3":"status-publish","4":"has-post-thumbnail","6":"product_cat-kurybiniai-rinkiniai","7":"product_cat-lavinamieji-zaislai","8":"product_cat-smulkioji-motorika","9":"product_cat-visi-zaislai","10":"product_cat-zaislai","11":"product_tag-2-m-3-m","12":"product_tag-3-m-4-m","13":"product_tag-5-m-7-m","14":"product_tag-8-m-11-m","16":"first","17":"instock","18":"sale","19":"taxable","20":"shipping-taxable","21":"purchasable","22":"product-type-simple"},"yoast_head":"<!-- This site is optimized with the Yoast SEO plugin v23.3 - https:\/\/yoast.com\/wordpress\/plugins\/seo\/ -->\n<title>Konstruktorius &quot;Marble run blocks&quot; - Montessori \u017eaislai<\/title>\n<meta name=\"robots\" content=\"noindex, follow, max-snippet:-1, max-image-preview:large, max-video-preview:-1\" \/>\n<meta property=\"og:locale\" content=\"en_US\" \/>\n<meta property=\"og:type\" content=\"article\" \/>\n<meta property=\"og:title\" content=\"Konstruktorius &quot;Marble run blocks&quot; - Montessori \u017eaislai\" \/>\n<meta property=\"og:description\" content=\"Konstruktorius &#8220;Marble run blocks&#8221; 110 VNT. &nbsp; Sukurkite savo &nbsp;tras\u0105! &nbsp; Fantasti\u0161ki spalvingi blokai su daugybe tuneli\u0173 ir \u010diuo\u017eykl\u0173, kurios garantuos linksmybes valand\u0173 valandas. &nbsp; Element\u0173 derinimas puikiai lavina rankinius \u012fg\u016bd\u017eius, smulki\u0105j\u0105 motorik\u0105 ir pir\u0161t\u0173 tikslum\u0105. O tolesni\u0173 konstrukcij\u0173 planavimas taip, kad konstrukcija b\u016bt\u0173 patvari, skatina erdvin\u0119 vaizduot\u0119 ir moko loginio m\u0105stymo. &nbsp; Visus elementus [&hellip;]\" \/>\n<meta property=\"og:url\" content=\"https:\/\/dev.monti.lt\/en\/product\/konstruktorius-marble-run-blocks\/\" \/>\n<meta property=\"og:site_name\" content=\"Montessori \u017eaislai\" \/>\n<meta property=\"article:modified_time\" content=\"2024-08-11T20:33:08+00:00\" \/>\n<meta property=\"og:image\" content=\"https:\/\/dev.monti.lt\/wp-content\/uploads\/2022\/10\/KX514680975.jpg\" \/>\n\t<meta property=\"og:image:width\" content=\"1024\" \/>\n\t<meta property=\"og:image:height\" content=\"768\" \/>\n\t<meta property=\"og:image:type\" content=\"image\/jpeg\" \/>\n<meta name=\"twitter:card\" content=\"summary_large_image\" \/>\n<meta name=\"twitter:label1\" content=\"Est. reading time\" \/>\n\t<meta name=\"twitter:data1\" content=\"2 minutes\" \/>\n<script type=\"application\/ld+json\" class=\"yoast-schema-graph\">{\"@context\":\"https:\/\/schema.org\",\"@graph\":[{\"@type\":\"WebPage\",\"@id\":\"https:\/\/dev.monti.lt\/product\/konstruktorius-marble-run-blocks\/\",\"url\":\"https:\/\/dev.monti.lt\/product\/konstruktorius-marble-run-blocks\/\",\"name\":\"Konstruktorius \\\"Marble run blocks\\\" - Montessori \u017eaislai\",\"isPartOf\":{\"@id\":\"https:\/\/dev.monti.lt\/#website\"},\"primaryImageOfPage\":{\"@id\":\"https:\/\/dev.monti.lt\/product\/konstruktorius-marble-run-blocks\/#primaryimage\"},\"image\":{\"@id\":\"https:\/\/dev.monti.lt\/product\/konstruktorius-marble-run-blocks\/#primaryimage\"},\"thumbnailUrl\":\"https:\/\/dev.monti.lt\/wp-content\/uploads\/2022\/10\/KX514680975.jpg\",\"datePublished\":\"2022-10-07T12:16:35+00:00\",\"dateModified\":\"2024-08-11T20:33:08+00:00\",\"breadcrumb\":{\"@id\":\"https:\/\/dev.monti.lt\/product\/konstruktorius-marble-run-blocks\/#breadcrumb\"},\"inLanguage\":\"en-US\",\"potentialAction\":[{\"@type\":\"ReadAction\",\"target\":[\"https:\/\/dev.monti.lt\/product\/konstruktorius-marble-run-blocks\/\"]}]},{\"@type\":\"ImageObject\",\"inLanguage\":\"en-US\",\"@id\":\"https:\/\/dev.monti.lt\/product\/konstruktorius-marble-run-blocks\/#primaryimage\",\"url\":\"https:\/\/dev.monti.lt\/wp-content\/uploads\/2022\/10\/KX514680975.jpg\",\"contentUrl\":\"https:\/\/dev.monti.lt\/wp-content\/uploads\/2022\/10\/KX514680975.jpg\",\"width\":1024,\"height\":768,\"caption\":\"konstruktorius marble \u017eaislai\"},{\"@type\":\"BreadcrumbList\",\"@id\":\"https:\/\/dev.monti.lt\/product\/konstruktorius-marble-run-blocks\/#breadcrumb\",\"itemListElement\":[{\"@type\":\"ListItem\",\"position\":1,\"name\":\"Home\",\"item\":\"https:\/\/dev.monti.lt\/\"},{\"@type\":\"ListItem\",\"position\":2,\"name\":\"Parduotuv\u0117\",\"item\":\"https:\/\/dev.monti.lt\/shop\/\"},{\"@type\":\"ListItem\",\"position\":3,\"name\":\"Konstruktorius &#8220;Marble run blocks&#8221;\"}]},{\"@type\":\"WebSite\",\"@id\":\"https:\/\/dev.monti.lt\/#website\",\"url\":\"https:\/\/dev.monti.lt\/\",\"name\":\"Montessori \u017eaislai\",\"description\":\"\",\"publisher\":{\"@id\":\"https:\/\/dev.monti.lt\/#organization\"},\"potentialAction\":[{\"@type\":\"SearchAction\",\"target\":{\"@type\":\"EntryPoint\",\"urlTemplate\":\"https:\/\/dev.monti.lt\/?s={search_term_string}\"},\"query-input\":\"required name=search_term_string\"}],\"inLanguage\":\"en-US\"},{\"@type\":\"Organization\",\"@id\":\"https:\/\/dev.monti.lt\/#organization\",\"name\":\"Montessori \u017eaislai\",\"url\":\"https:\/\/dev.monti.lt\/\",\"logo\":{\"@type\":\"ImageObject\",\"inLanguage\":\"en-US\",\"@id\":\"https:\/\/dev.monti.lt\/#\/schema\/logo\/image\/\",\"url\":\"https:\/\/dev.monti.lt\/wp-content\/uploads\/2022\/03\/montilogo-1.png\",\"contentUrl\":\"https:\/\/dev.monti.lt\/wp-content\/uploads\/2022\/03\/montilogo-1.png\",\"width\":512,\"height\":512,\"caption\":\"Montessori \u017eaislai\"},\"image\":{\"@id\":\"https:\/\/dev.monti.lt\/#\/schema\/logo\/image\/\"}}]}<\/script>\n<!-- \/ Yoast SEO plugin. -->","yoast_head_json":{"title":"Konstruktorius \"Marble run blocks\" - Montessori \u017eaislai","robots":{"index":"noindex","follow":"follow","max-snippet":"max-snippet:-1","max-image-preview":"max-image-preview:large","max-video-preview":"max-video-preview:-1"},"og_locale":"en_US","og_type":"article","og_title":"Konstruktorius \"Marble run blocks\" - Montessori \u017eaislai","og_description":"Konstruktorius &#8220;Marble run blocks&#8221; 110 VNT. &nbsp; Sukurkite savo &nbsp;tras\u0105! &nbsp; Fantasti\u0161ki spalvingi blokai su daugybe tuneli\u0173 ir \u010diuo\u017eykl\u0173, kurios garantuos linksmybes valand\u0173 valandas. &nbsp; Element\u0173 derinimas puikiai lavina rankinius \u012fg\u016bd\u017eius, smulki\u0105j\u0105 motorik\u0105 ir pir\u0161t\u0173 tikslum\u0105. O tolesni\u0173 konstrukcij\u0173 planavimas taip, kad konstrukcija b\u016bt\u0173 patvari, skatina erdvin\u0119 vaizduot\u0119 ir moko loginio m\u0105stymo. &nbsp; Visus elementus [&hellip;]","og_url":"https:\/\/dev.monti.lt\/en\/product\/konstruktorius-marble-run-blocks\/","og_site_name":"Montessori \u017eaislai","article_modified_time":"2024-08-11T20:33:08+00:00","og_image":[{"width":1024,"height":768,"url":"https:\/\/dev.monti.lt\/wp-content\/uploads\/2022\/10\/KX514680975.jpg","type":"image\/jpeg"}],"twitter_card":"summary_large_image","twitter_misc":{"Est. reading time":"2 minutes"},"schema":{"@context":"https:\/\/schema.org","@graph":[{"@type":"WebPage","@id":"https:\/\/dev.monti.lt\/product\/konstruktorius-marble-run-blocks\/","url":"https:\/\/dev.monti.lt\/product\/konstruktorius-marble-run-blocks\/","name":"Konstruktorius \"Marble run blocks\" - Montessori \u017eaislai","isPartOf":{"@id":"https:\/\/dev.monti.lt\/#website"},"primaryImageOfPage":{"@id":"https:\/\/dev.monti.lt\/product\/konstruktorius-marble-run-blocks\/#primaryimage"},"image":{"@id":"https:\/\/dev.monti.lt\/product\/konstruktorius-marble-run-blocks\/#primaryimage"},"thumbnailUrl":"https:\/\/dev.monti.lt\/wp-content\/uploads\/2022\/10\/KX514680975.jpg","datePublished":"2022-10-07T12:16:35+00:00","dateModified":"2024-08-11T20:33:08+00:00","breadcrumb":{"@id":"https:\/\/dev.monti.lt\/product\/konstruktorius-marble-run-blocks\/#breadcrumb"},"inLanguage":"en-US","potentialAction":[{"@type":"ReadAction","target":["https:\/\/dev.monti.lt\/product\/konstruktorius-marble-run-blocks\/"]}]},{"@type":"ImageObject","inLanguage":"en-US","@id":"https:\/\/dev.monti.lt\/product\/konstruktorius-marble-run-blocks\/#primaryimage","url":"https:\/\/dev.monti.lt\/wp-content\/uploads\/2022\/10\/KX514680975.jpg","contentUrl":"https:\/\/dev.monti.lt\/wp-content\/uploads\/2022\/10\/KX514680975.jpg","width":1024,"height":768,"caption":"konstruktorius marble \u017eaislai"},{"@type":"BreadcrumbList","@id":"https:\/\/dev.monti.lt\/product\/konstruktorius-marble-run-blocks\/#breadcrumb","itemListElement":[{"@type":"ListItem","position":1,"name":"Home","item":"https:\/\/dev.monti.lt\/"},{"@type":"ListItem","position":2,"name":"Parduotuv\u0117","item":"https:\/\/dev.monti.lt\/shop\/"},{"@type":"ListItem","position":3,"name":"Konstruktorius &#8220;Marble run blocks&#8221;"}]},{"@type":"WebSite","@id":"https:\/\/dev.monti.lt\/#website","url":"https:\/\/dev.monti.lt\/","name":"Montessori \u017eaislai","description":"","publisher":{"@id":"https:\/\/dev.monti.lt\/#organization"},"potentialAction":[{"@type":"SearchAction","target":{"@type":"EntryPoint","urlTemplate":"https:\/\/dev.monti.lt\/?s={search_term_string}"},"query-input":"required name=search_term_string"}],"inLanguage":"en-US"},{"@type":"Organization","@id":"https:\/\/dev.monti.lt\/#organization","name":"Montessori \u017eaislai","url":"https:\/\/dev.monti.lt\/","logo":{"@type":"ImageObject","inLanguage":"en-US","@id":"https:\/\/dev.monti.lt\/#\/schema\/logo\/image\/","url":"https:\/\/dev.monti.lt\/wp-content\/uploads\/2022\/03\/montilogo-1.png","contentUrl":"https:\/\/dev.monti.lt\/wp-content\/uploads\/2022\/03\/montilogo-1.png","width":512,"height":512,"caption":"Montessori \u017eaislai"},"image":{"@id":"https:\/\/dev.monti.lt\/#\/schema\/logo\/image\/"}}]}},"_links":{"self":[{"href":"https:\/\/dev.monti.lt\/en\/wp-json\/wp\/v2\/product\/10205"}],"collection":[{"href":"https:\/\/dev.monti.lt\/en\/wp-json\/wp\/v2\/product"}],"about":[{"href":"https:\/\/dev.monti.lt\/en\/wp-json\/wp\/v2\/types\/product"}],"version-history":[{"count":2,"href":"https:\/\/dev.monti.lt\/en\/wp-json\/wp\/v2\/product\/10205\/revisions"}],"predecessor-version":[{"id":11317,"href":"https:\/\/dev.monti.lt\/en\/wp-json\/wp\/v2\/product\/10205\/revisions\/11317"}],"wp:featuredmedia":[{"embeddable":true,"href":"https:\/\/dev.monti.lt\/en\/wp-json\/wp\/v2\/media\/10207"}],"wp:attachment":[{"href":"https:\/\/dev.monti.lt\/en\/wp-json\/wp\/v2\/media?parent=10205"}],"wp:term":[{"taxonomy":"product_cat","embeddable":true,"href":"https:\/\/dev.monti.lt\/en\/wp-json\/wp\/v2\/product_cat?post=10205"},{"taxonomy":"product_tag","embeddable":true,"href":"https:\/\/dev.monti.lt\/en\/wp-json\/wp\/v2\/product_tag?post=10205"}],"curies":[{"name":"wp","href":"https:\/\/api.w.org\/{rel}","templated":true}]}}