{"id":10191,"date":"2022-10-06T12:48:12","date_gmt":"2022-10-06T12:48:12","guid":{"rendered":"https:\/\/dev.monti.lt\/?post_type=product&#038;p=10191"},"modified":"2024-08-26T11:21:54","modified_gmt":"2024-08-26T11:21:54","slug":"medinis-kavos-aparatas","status":"publish","type":"product","link":"https:\/\/dev.monti.lt\/en\/product\/medinis-kavos-aparatas\/","title":{"rendered":"Medinis kavos aparatas"},"content":{"rendered":"<p><b><span><span class=\"\">MEDINIS KAVOS APARATAS<\/span><\/span><\/b><\/p>\n<p><img decoding=\"async\" src=\"https:\/\/www.ikonka.com.pl\/img\/product_media\/40001-41000\/KX628370720.jpg\"><\/p>\n<p><span>Visada tinkamas metas aromatingai espreso kavai.<\/span><\/p>\n<p><span>L\u0117l\u0117s ir me\u0161kiukai tikrai nor\u0117s paragauti skanios juodos suknel\u0117s.<\/span><\/p>\n<p><span>Unikalus kavos aparatas pavogs kiekvieno ma\u017eylio \u0161ird\u012f, kuris m\u0117gsta palepinti savo artimuosius, pasi\u016blydamas jiems popiet\u0117s puodel\u012f kavos.<\/span><\/p>\n<p><span>Medinis kavos aparatas bus puiki alternatyva tikram apstatymui. \u017daisdamas ma\u017eylis su\u017einos jo veikimo paslaptis.<\/span><\/p>\n<p><span>Jis apr\u016bpintas beveik visomis funkcijomis, kurias turi tikras \u012frenginys.<\/span><\/p>\n<p><span>Prie\u0161 ruo\u0161iant kav\u0105, pirmiausia reikia \u012fd\u0117ti portafiltr\u0105. Tada naudodami ranken\u0117les nustatykite kavos r\u016b\u0161\u012f.<\/span><\/p>\n<p><span>Ar jums patinka balta kava? Puikiai tinka, aparatas turi ir pieno plaktuv\u0105.<\/span><\/p>\n<p><img decoding=\"async\" src=\"https:\/\/www.ikonka.com.pl\/img\/product_media\/40001-41000\/KX628370806.jpg\"><\/p>\n<p><span>Medinis kavos aparatas taip pat puikiai papildys j\u016bs\u0173 vaiko virtuv\u0119.<\/span><\/p>\n<p><span>Tai pasi\u016blymas ne tik linksmintis, bet ir palaikyti tinkam\u0105 vaiko vystym\u0105si.<\/span><\/p>\n<p><span>Vaikai m\u0117gsta m\u0117gd\u017eioti suaugusiuosius, \u017eaisdami tokius \u017eaidimus \u012fgyja verting\u0173 \u012fg\u016bd\u017ei\u0173, reikaling\u0173 suaugusi\u0173j\u0173 gyvenime.<\/span><\/p>\n<p><span>Dar daugiau \u2013 \u017eaislas skatins vaiko k\u016brybi\u0161kum\u0105 ir lavins rankinius \u012fg\u016bd\u017eius.<\/span><\/p>\n<p><span>Be abejo, j\u016bs\u0173 vaikas netur\u0117s laiko nuobod\u017eiauti.<\/span><\/p>\n<p><span>Pagaminta atkreipiant d\u0117mes\u012f \u012f kiekvien\u0105 smulkmen\u0105 \u2013 galite b\u016bti tikri, kad linksmindamasis j\u016bs\u0173 vaikas bus saugus.<\/span><\/p>\n<p><span>Visi elementai kruop\u0161\u010diai nu\u0161lifuoti ir padengti netoksi\u0161kais da\u017eais, kuri\u0173 d\u0117ka J\u016bs\u0173 vaikas nelips \u012f rankas skeveldr\u0173.<\/span><\/p>\n<p><img decoding=\"async\" src=\"https:\/\/www.ikonka.com.pl\/img\/product_media\/40001-41000\/KX628370807.jpg\"><\/p>\n<p><b><span>Nustatyti turin\u012f:<\/span><\/b><\/p>\n<p><b><span>Matmenys:<\/span><\/b><\/p>\n<ul>\n<li><span>Kavos aparatas: 17,7 cm x 16,5 cm x 14,5 cm<\/span><\/li>\n<li><span>Puodelis (skersmuo x auk\u0161tis): 4,5 cm x 4 cm<\/span><\/li>\n<\/ul>\n<p><strong><span>Pakuot\u0117s matmenys:<\/span><\/strong><span> 18m x 15cm x 18,5cm<\/span><\/p>\n<p><img decoding=\"async\" src=\"https:\/\/www.ikonka.com.pl\/img\/product_media\/40001-41000\/KX628370809.jpg\"><\/p>","protected":false},"excerpt":{"rendered":"<p>MEDINIS KAVOS APARATAS Visada tinkamas metas aromatingai espreso kavai. L\u0117l\u0117s ir me\u0161kiukai tikrai nor\u0117s paragauti skanios juodos suknel\u0117s. Unikalus kavos aparatas pavogs kiekvieno ma\u017eylio \u0161ird\u012f, kuris m\u0117gsta palepinti savo artimuosius, pasi\u016blydamas jiems popiet\u0117s puodel\u012f kavos. Medinis kavos aparatas bus puiki alternatyva tikram apstatymui. \u017daisdamas ma\u017eylis su\u017einos jo veikimo paslaptis. Jis apr\u016bpintas beveik visomis funkcijomis, kurias [&hellip;]<\/p>","protected":false},"featured_media":10193,"template":"","meta":{"iawp_total_views":10},"product_cat":[84,102,90,93,49,39],"product_tag":[95,96,97,98],"class_list":{"0":"post-10191","1":"product","2":"type-product","3":"status-publish","4":"has-post-thumbnail","6":"product_cat-lavinamieji-zaislai","7":"product_cat-mediniai-zaislai","8":"product_cat-pasaulio-pazinimas","9":"product_cat-vaidmenu-zaidimai","10":"product_cat-visi-zaislai","11":"product_cat-zaislai","12":"product_tag-1-m-2-m","13":"product_tag-2-m-3-m","14":"product_tag-3-m-4-m","15":"product_tag-5-m-7-m","17":"first","18":"outofstock","19":"sale","20":"taxable","21":"shipping-taxable","22":"purchasable","23":"product-type-simple"},"yoast_head":"<!-- This site is optimized with the Yoast SEO plugin v23.3 - https:\/\/yoast.com\/wordpress\/plugins\/seo\/ -->\n<title>Medinis kavos aparatas - Montessori \u017eaislai<\/title>\n<meta name=\"robots\" content=\"noindex, follow, max-snippet:-1, max-image-preview:large, max-video-preview:-1\" \/>\n<meta property=\"og:locale\" content=\"en_US\" \/>\n<meta property=\"og:type\" content=\"article\" \/>\n<meta property=\"og:title\" content=\"Medinis kavos aparatas - Montessori \u017eaislai\" \/>\n<meta property=\"og:description\" content=\"MEDINIS KAVOS APARATAS Visada tinkamas metas aromatingai espreso kavai. L\u0117l\u0117s ir me\u0161kiukai tikrai nor\u0117s paragauti skanios juodos suknel\u0117s. Unikalus kavos aparatas pavogs kiekvieno ma\u017eylio \u0161ird\u012f, kuris m\u0117gsta palepinti savo artimuosius, pasi\u016blydamas jiems popiet\u0117s puodel\u012f kavos. Medinis kavos aparatas bus puiki alternatyva tikram apstatymui. \u017daisdamas ma\u017eylis su\u017einos jo veikimo paslaptis. Jis apr\u016bpintas beveik visomis funkcijomis, kurias [&hellip;]\" \/>\n<meta property=\"og:url\" content=\"https:\/\/dev.monti.lt\/en\/product\/medinis-kavos-aparatas\/\" \/>\n<meta property=\"og:site_name\" content=\"Montessori \u017eaislai\" \/>\n<meta property=\"article:modified_time\" content=\"2024-08-26T11:21:54+00:00\" \/>\n<meta property=\"og:image\" content=\"https:\/\/dev.monti.lt\/wp-content\/uploads\/2022\/10\/KX628370720.jpg\" \/>\n\t<meta property=\"og:image:width\" content=\"1600\" \/>\n\t<meta property=\"og:image:height\" content=\"1600\" \/>\n\t<meta property=\"og:image:type\" content=\"image\/jpeg\" \/>\n<meta name=\"twitter:card\" content=\"summary_large_image\" \/>\n<meta name=\"twitter:label1\" content=\"Est. reading time\" \/>\n\t<meta name=\"twitter:data1\" content=\"2 minutes\" \/>\n<script type=\"application\/ld+json\" class=\"yoast-schema-graph\">{\"@context\":\"https:\/\/schema.org\",\"@graph\":[{\"@type\":\"WebPage\",\"@id\":\"https:\/\/dev.monti.lt\/product\/medinis-kavos-aparatas\/\",\"url\":\"https:\/\/dev.monti.lt\/product\/medinis-kavos-aparatas\/\",\"name\":\"Medinis kavos aparatas - Montessori \u017eaislai\",\"isPartOf\":{\"@id\":\"https:\/\/dev.monti.lt\/#website\"},\"primaryImageOfPage\":{\"@id\":\"https:\/\/dev.monti.lt\/product\/medinis-kavos-aparatas\/#primaryimage\"},\"image\":{\"@id\":\"https:\/\/dev.monti.lt\/product\/medinis-kavos-aparatas\/#primaryimage\"},\"thumbnailUrl\":\"https:\/\/dev.monti.lt\/wp-content\/uploads\/2022\/10\/KX628370720.jpg\",\"datePublished\":\"2022-10-06T12:48:12+00:00\",\"dateModified\":\"2024-08-26T11:21:54+00:00\",\"breadcrumb\":{\"@id\":\"https:\/\/dev.monti.lt\/product\/medinis-kavos-aparatas\/#breadcrumb\"},\"inLanguage\":\"en-US\",\"potentialAction\":[{\"@type\":\"ReadAction\",\"target\":[\"https:\/\/dev.monti.lt\/product\/medinis-kavos-aparatas\/\"]}]},{\"@type\":\"ImageObject\",\"inLanguage\":\"en-US\",\"@id\":\"https:\/\/dev.monti.lt\/product\/medinis-kavos-aparatas\/#primaryimage\",\"url\":\"https:\/\/dev.monti.lt\/wp-content\/uploads\/2022\/10\/KX628370720.jpg\",\"contentUrl\":\"https:\/\/dev.monti.lt\/wp-content\/uploads\/2022\/10\/KX628370720.jpg\",\"width\":1600,\"height\":1600,\"caption\":\"Medinis kavos aparatas\"},{\"@type\":\"BreadcrumbList\",\"@id\":\"https:\/\/dev.monti.lt\/product\/medinis-kavos-aparatas\/#breadcrumb\",\"itemListElement\":[{\"@type\":\"ListItem\",\"position\":1,\"name\":\"Home\",\"item\":\"https:\/\/dev.monti.lt\/\"},{\"@type\":\"ListItem\",\"position\":2,\"name\":\"Parduotuv\u0117\",\"item\":\"https:\/\/dev.monti.lt\/shop\/\"},{\"@type\":\"ListItem\",\"position\":3,\"name\":\"Medinis kavos aparatas\"}]},{\"@type\":\"WebSite\",\"@id\":\"https:\/\/dev.monti.lt\/#website\",\"url\":\"https:\/\/dev.monti.lt\/\",\"name\":\"Montessori \u017eaislai\",\"description\":\"\",\"publisher\":{\"@id\":\"https:\/\/dev.monti.lt\/#organization\"},\"potentialAction\":[{\"@type\":\"SearchAction\",\"target\":{\"@type\":\"EntryPoint\",\"urlTemplate\":\"https:\/\/dev.monti.lt\/?s={search_term_string}\"},\"query-input\":\"required name=search_term_string\"}],\"inLanguage\":\"en-US\"},{\"@type\":\"Organization\",\"@id\":\"https:\/\/dev.monti.lt\/#organization\",\"name\":\"Montessori \u017eaislai\",\"url\":\"https:\/\/dev.monti.lt\/\",\"logo\":{\"@type\":\"ImageObject\",\"inLanguage\":\"en-US\",\"@id\":\"https:\/\/dev.monti.lt\/#\/schema\/logo\/image\/\",\"url\":\"https:\/\/dev.monti.lt\/wp-content\/uploads\/2022\/03\/montilogo-1.png\",\"contentUrl\":\"https:\/\/dev.monti.lt\/wp-content\/uploads\/2022\/03\/montilogo-1.png\",\"width\":512,\"height\":512,\"caption\":\"Montessori \u017eaislai\"},\"image\":{\"@id\":\"https:\/\/dev.monti.lt\/#\/schema\/logo\/image\/\"}}]}<\/script>\n<!-- \/ Yoast SEO plugin. -->","yoast_head_json":{"title":"Medinis kavos aparatas - Montessori \u017eaislai","robots":{"index":"noindex","follow":"follow","max-snippet":"max-snippet:-1","max-image-preview":"max-image-preview:large","max-video-preview":"max-video-preview:-1"},"og_locale":"en_US","og_type":"article","og_title":"Medinis kavos aparatas - Montessori \u017eaislai","og_description":"MEDINIS KAVOS APARATAS Visada tinkamas metas aromatingai espreso kavai. L\u0117l\u0117s ir me\u0161kiukai tikrai nor\u0117s paragauti skanios juodos suknel\u0117s. Unikalus kavos aparatas pavogs kiekvieno ma\u017eylio \u0161ird\u012f, kuris m\u0117gsta palepinti savo artimuosius, pasi\u016blydamas jiems popiet\u0117s puodel\u012f kavos. Medinis kavos aparatas bus puiki alternatyva tikram apstatymui. \u017daisdamas ma\u017eylis su\u017einos jo veikimo paslaptis. Jis apr\u016bpintas beveik visomis funkcijomis, kurias [&hellip;]","og_url":"https:\/\/dev.monti.lt\/en\/product\/medinis-kavos-aparatas\/","og_site_name":"Montessori \u017eaislai","article_modified_time":"2024-08-26T11:21:54+00:00","og_image":[{"width":1600,"height":1600,"url":"https:\/\/dev.monti.lt\/wp-content\/uploads\/2022\/10\/KX628370720.jpg","type":"image\/jpeg"}],"twitter_card":"summary_large_image","twitter_misc":{"Est. reading time":"2 minutes"},"schema":{"@context":"https:\/\/schema.org","@graph":[{"@type":"WebPage","@id":"https:\/\/dev.monti.lt\/product\/medinis-kavos-aparatas\/","url":"https:\/\/dev.monti.lt\/product\/medinis-kavos-aparatas\/","name":"Medinis kavos aparatas - Montessori \u017eaislai","isPartOf":{"@id":"https:\/\/dev.monti.lt\/#website"},"primaryImageOfPage":{"@id":"https:\/\/dev.monti.lt\/product\/medinis-kavos-aparatas\/#primaryimage"},"image":{"@id":"https:\/\/dev.monti.lt\/product\/medinis-kavos-aparatas\/#primaryimage"},"thumbnailUrl":"https:\/\/dev.monti.lt\/wp-content\/uploads\/2022\/10\/KX628370720.jpg","datePublished":"2022-10-06T12:48:12+00:00","dateModified":"2024-08-26T11:21:54+00:00","breadcrumb":{"@id":"https:\/\/dev.monti.lt\/product\/medinis-kavos-aparatas\/#breadcrumb"},"inLanguage":"en-US","potentialAction":[{"@type":"ReadAction","target":["https:\/\/dev.monti.lt\/product\/medinis-kavos-aparatas\/"]}]},{"@type":"ImageObject","inLanguage":"en-US","@id":"https:\/\/dev.monti.lt\/product\/medinis-kavos-aparatas\/#primaryimage","url":"https:\/\/dev.monti.lt\/wp-content\/uploads\/2022\/10\/KX628370720.jpg","contentUrl":"https:\/\/dev.monti.lt\/wp-content\/uploads\/2022\/10\/KX628370720.jpg","width":1600,"height":1600,"caption":"Medinis kavos aparatas"},{"@type":"BreadcrumbList","@id":"https:\/\/dev.monti.lt\/product\/medinis-kavos-aparatas\/#breadcrumb","itemListElement":[{"@type":"ListItem","position":1,"name":"Home","item":"https:\/\/dev.monti.lt\/"},{"@type":"ListItem","position":2,"name":"Parduotuv\u0117","item":"https:\/\/dev.monti.lt\/shop\/"},{"@type":"ListItem","position":3,"name":"Medinis kavos aparatas"}]},{"@type":"WebSite","@id":"https:\/\/dev.monti.lt\/#website","url":"https:\/\/dev.monti.lt\/","name":"Montessori \u017eaislai","description":"","publisher":{"@id":"https:\/\/dev.monti.lt\/#organization"},"potentialAction":[{"@type":"SearchAction","target":{"@type":"EntryPoint","urlTemplate":"https:\/\/dev.monti.lt\/?s={search_term_string}"},"query-input":"required name=search_term_string"}],"inLanguage":"en-US"},{"@type":"Organization","@id":"https:\/\/dev.monti.lt\/#organization","name":"Montessori \u017eaislai","url":"https:\/\/dev.monti.lt\/","logo":{"@type":"ImageObject","inLanguage":"en-US","@id":"https:\/\/dev.monti.lt\/#\/schema\/logo\/image\/","url":"https:\/\/dev.monti.lt\/wp-content\/uploads\/2022\/03\/montilogo-1.png","contentUrl":"https:\/\/dev.monti.lt\/wp-content\/uploads\/2022\/03\/montilogo-1.png","width":512,"height":512,"caption":"Montessori \u017eaislai"},"image":{"@id":"https:\/\/dev.monti.lt\/#\/schema\/logo\/image\/"}}]}},"_links":{"self":[{"href":"https:\/\/dev.monti.lt\/en\/wp-json\/wp\/v2\/product\/10191"}],"collection":[{"href":"https:\/\/dev.monti.lt\/en\/wp-json\/wp\/v2\/product"}],"about":[{"href":"https:\/\/dev.monti.lt\/en\/wp-json\/wp\/v2\/types\/product"}],"version-history":[{"count":2,"href":"https:\/\/dev.monti.lt\/en\/wp-json\/wp\/v2\/product\/10191\/revisions"}],"predecessor-version":[{"id":11502,"href":"https:\/\/dev.monti.lt\/en\/wp-json\/wp\/v2\/product\/10191\/revisions\/11502"}],"wp:featuredmedia":[{"embeddable":true,"href":"https:\/\/dev.monti.lt\/en\/wp-json\/wp\/v2\/media\/10193"}],"wp:attachment":[{"href":"https:\/\/dev.monti.lt\/en\/wp-json\/wp\/v2\/media?parent=10191"}],"wp:term":[{"taxonomy":"product_cat","embeddable":true,"href":"https:\/\/dev.monti.lt\/en\/wp-json\/wp\/v2\/product_cat?post=10191"},{"taxonomy":"product_tag","embeddable":true,"href":"https:\/\/dev.monti.lt\/en\/wp-json\/wp\/v2\/product_tag?post=10191"}],"curies":[{"name":"wp","href":"https:\/\/api.w.org\/{rel}","templated":true}]}}