{"id":10143,"date":"2022-10-05T09:56:51","date_gmt":"2022-10-05T09:56:51","guid":{"rendered":"https:\/\/dev.monti.lt\/?post_type=product&#038;p=10143"},"modified":"2024-03-11T10:21:10","modified_gmt":"2024-03-11T10:21:10","slug":"medine-virtuvele-su-priedais","status":"publish","type":"product","link":"https:\/\/dev.monti.lt\/en\/product\/medine-virtuvele-su-priedais\/","title":{"rendered":"Medin\u0117 virtuv\u0117l\u0117 su priedais"},"content":{"rendered":"<p>Yra \u0161viestuvas, kur\u012f galima \u012fmontuoti virtuv\u0117je arba orkait\u0117je pagal J\u016bs\u0173 vaiko pasirinkim\u0105.<\/p>\n<p><strong>SPECIFIKACIJA<\/strong><\/p>\n<p>&#8211; am\u017eius: 3+;<\/p>\n<p>med\u017eiaga: mediena;<\/p>\n<p>spalva: balta \/ smelio \/ aukso;<\/p>\n<p>lempos maitinimas: 3x AAA;<\/p>\n<p>matmenys (plotis \/ auk\u0161tis \/ gylis): 87 x 59,5 x 29,5;<\/p>\n<p>matmenys pakuoteje (plotis \/ plotis \/ gylis): 67,5 \/ 36,15;<\/p>\n<p>svoris su pakuote: 8,6 kg.<\/p>","protected":false},"excerpt":{"rendered":"<p>Yra \u0161viestuvas, kur\u012f galima \u012fmontuoti virtuv\u0117je arba orkait\u0117je pagal J\u016bs\u0173 vaiko pasirinkim\u0105. SPECIFIKACIJA &#8211; am\u017eius: 3+; med\u017eiaga: mediena; spalva: balta \/ smelio \/ aukso; lempos maitinimas: 3x AAA; matmenys (plotis \/ auk\u0161tis \/ gylis): 87 x 59,5 x 29,5; matmenys pakuoteje (plotis \/ plotis \/ gylis): 67,5 \/ 36,15; svoris su pakuote: 8,6 kg.<\/p>","protected":false},"featured_media":10145,"template":"","meta":{"iawp_total_views":5},"product_cat":[193,194,195,196,191,82,192,84,102,50,93,39],"product_tag":[96,97],"class_list":{"0":"post-10143","1":"product","2":"type-product","3":"status-publish","4":"has-post-thumbnail","6":"product_cat-dovanos-vaikams-1-2-metu","7":"product_cat-dovanos-vaikams-2-3-metu","8":"product_cat-dovanos-vaikams-3-4-metu","9":"product_cat-dovanos-mergaitems","10":"product_cat-dovanos-vaikams","11":"product_cat-ispardavimas","12":"product_cat-kaledines-dovanos-vaikams","13":"product_cat-lavinamieji-zaislai","14":"product_cat-mediniai-zaislai","15":"product_cat-top-dovanos","16":"product_cat-vaidmenu-zaidimai","17":"product_cat-zaislai","18":"product_tag-2-m-3-m","19":"product_tag-3-m-4-m","21":"first","22":"outofstock","23":"sale","24":"taxable","25":"shipping-taxable","26":"purchasable","27":"product-type-simple"},"yoast_head":"<!-- This site is optimized with the Yoast SEO plugin v23.3 - https:\/\/yoast.com\/wordpress\/plugins\/seo\/ -->\n<title>Medin\u0117 virtuv\u0117l\u0117 su priedais - Montessori \u017eaislai<\/title>\n<meta name=\"robots\" content=\"noindex, follow, max-snippet:-1, max-image-preview:large, max-video-preview:-1\" \/>\n<meta property=\"og:locale\" content=\"en_US\" \/>\n<meta property=\"og:type\" content=\"article\" \/>\n<meta property=\"og:title\" content=\"Medin\u0117 virtuv\u0117l\u0117 su priedais - Montessori \u017eaislai\" \/>\n<meta property=\"og:description\" content=\"Yra \u0161viestuvas, kur\u012f galima \u012fmontuoti virtuv\u0117je arba orkait\u0117je pagal J\u016bs\u0173 vaiko pasirinkim\u0105. SPECIFIKACIJA &#8211; am\u017eius: 3+; med\u017eiaga: mediena; spalva: balta \/ smelio \/ aukso; lempos maitinimas: 3x AAA; matmenys (plotis \/ auk\u0161tis \/ gylis): 87 x 59,5 x 29,5; matmenys pakuoteje (plotis \/ plotis \/ gylis): 67,5 \/ 36,15; svoris su pakuote: 8,6 kg.\" \/>\n<meta property=\"og:url\" content=\"https:\/\/dev.monti.lt\/en\/product\/medine-virtuvele-su-priedais\/\" \/>\n<meta property=\"og:site_name\" content=\"Montessori \u017eaislai\" \/>\n<meta property=\"article:modified_time\" content=\"2024-03-11T10:21:10+00:00\" \/>\n<meta property=\"og:image\" content=\"https:\/\/dev.monti.lt\/wp-content\/uploads\/2022\/10\/lit_pl_Medine-virtuve-KD16808-KRUZZEL-15616_1-1.jpg\" \/>\n\t<meta property=\"og:image:width\" content=\"500\" \/>\n\t<meta property=\"og:image:height\" content=\"500\" \/>\n\t<meta property=\"og:image:type\" content=\"image\/jpeg\" \/>\n<meta name=\"twitter:card\" content=\"summary_large_image\" \/>\n<script type=\"application\/ld+json\" class=\"yoast-schema-graph\">{\"@context\":\"https:\/\/schema.org\",\"@graph\":[{\"@type\":\"WebPage\",\"@id\":\"https:\/\/dev.monti.lt\/product\/medine-virtuvele-su-priedais\/\",\"url\":\"https:\/\/dev.monti.lt\/product\/medine-virtuvele-su-priedais\/\",\"name\":\"Medin\u0117 virtuv\u0117l\u0117 su priedais - Montessori \u017eaislai\",\"isPartOf\":{\"@id\":\"https:\/\/dev.monti.lt\/#website\"},\"primaryImageOfPage\":{\"@id\":\"https:\/\/dev.monti.lt\/product\/medine-virtuvele-su-priedais\/#primaryimage\"},\"image\":{\"@id\":\"https:\/\/dev.monti.lt\/product\/medine-virtuvele-su-priedais\/#primaryimage\"},\"thumbnailUrl\":\"https:\/\/dev.monti.lt\/wp-content\/uploads\/2022\/10\/lit_pl_Medine-virtuve-KD16808-KRUZZEL-15616_1-1.jpg\",\"datePublished\":\"2022-10-05T09:56:51+00:00\",\"dateModified\":\"2024-03-11T10:21:10+00:00\",\"breadcrumb\":{\"@id\":\"https:\/\/dev.monti.lt\/product\/medine-virtuvele-su-priedais\/#breadcrumb\"},\"inLanguage\":\"en-US\",\"potentialAction\":[{\"@type\":\"ReadAction\",\"target\":[\"https:\/\/dev.monti.lt\/product\/medine-virtuvele-su-priedais\/\"]}]},{\"@type\":\"ImageObject\",\"inLanguage\":\"en-US\",\"@id\":\"https:\/\/dev.monti.lt\/product\/medine-virtuvele-su-priedais\/#primaryimage\",\"url\":\"https:\/\/dev.monti.lt\/wp-content\/uploads\/2022\/10\/lit_pl_Medine-virtuve-KD16808-KRUZZEL-15616_1-1.jpg\",\"contentUrl\":\"https:\/\/dev.monti.lt\/wp-content\/uploads\/2022\/10\/lit_pl_Medine-virtuve-KD16808-KRUZZEL-15616_1-1.jpg\",\"width\":500,\"height\":500,\"caption\":\"Medin\u0117 virtuv\u0117l\u0117 su priedais\"},{\"@type\":\"BreadcrumbList\",\"@id\":\"https:\/\/dev.monti.lt\/product\/medine-virtuvele-su-priedais\/#breadcrumb\",\"itemListElement\":[{\"@type\":\"ListItem\",\"position\":1,\"name\":\"Home\",\"item\":\"https:\/\/dev.monti.lt\/\"},{\"@type\":\"ListItem\",\"position\":2,\"name\":\"Parduotuv\u0117\",\"item\":\"https:\/\/dev.monti.lt\/shop\/\"},{\"@type\":\"ListItem\",\"position\":3,\"name\":\"Medin\u0117 virtuv\u0117l\u0117 su priedais\"}]},{\"@type\":\"WebSite\",\"@id\":\"https:\/\/dev.monti.lt\/#website\",\"url\":\"https:\/\/dev.monti.lt\/\",\"name\":\"Montessori \u017eaislai\",\"description\":\"\",\"publisher\":{\"@id\":\"https:\/\/dev.monti.lt\/#organization\"},\"potentialAction\":[{\"@type\":\"SearchAction\",\"target\":{\"@type\":\"EntryPoint\",\"urlTemplate\":\"https:\/\/dev.monti.lt\/?s={search_term_string}\"},\"query-input\":\"required name=search_term_string\"}],\"inLanguage\":\"en-US\"},{\"@type\":\"Organization\",\"@id\":\"https:\/\/dev.monti.lt\/#organization\",\"name\":\"Montessori \u017eaislai\",\"url\":\"https:\/\/dev.monti.lt\/\",\"logo\":{\"@type\":\"ImageObject\",\"inLanguage\":\"en-US\",\"@id\":\"https:\/\/dev.monti.lt\/#\/schema\/logo\/image\/\",\"url\":\"https:\/\/dev.monti.lt\/wp-content\/uploads\/2022\/03\/montilogo-1.png\",\"contentUrl\":\"https:\/\/dev.monti.lt\/wp-content\/uploads\/2022\/03\/montilogo-1.png\",\"width\":512,\"height\":512,\"caption\":\"Montessori \u017eaislai\"},\"image\":{\"@id\":\"https:\/\/dev.monti.lt\/#\/schema\/logo\/image\/\"}}]}<\/script>\n<!-- \/ Yoast SEO plugin. -->","yoast_head_json":{"title":"Medin\u0117 virtuv\u0117l\u0117 su priedais - Montessori \u017eaislai","robots":{"index":"noindex","follow":"follow","max-snippet":"max-snippet:-1","max-image-preview":"max-image-preview:large","max-video-preview":"max-video-preview:-1"},"og_locale":"en_US","og_type":"article","og_title":"Medin\u0117 virtuv\u0117l\u0117 su priedais - Montessori \u017eaislai","og_description":"Yra \u0161viestuvas, kur\u012f galima \u012fmontuoti virtuv\u0117je arba orkait\u0117je pagal J\u016bs\u0173 vaiko pasirinkim\u0105. SPECIFIKACIJA &#8211; am\u017eius: 3+; med\u017eiaga: mediena; spalva: balta \/ smelio \/ aukso; lempos maitinimas: 3x AAA; matmenys (plotis \/ auk\u0161tis \/ gylis): 87 x 59,5 x 29,5; matmenys pakuoteje (plotis \/ plotis \/ gylis): 67,5 \/ 36,15; svoris su pakuote: 8,6 kg.","og_url":"https:\/\/dev.monti.lt\/en\/product\/medine-virtuvele-su-priedais\/","og_site_name":"Montessori \u017eaislai","article_modified_time":"2024-03-11T10:21:10+00:00","og_image":[{"width":500,"height":500,"url":"https:\/\/dev.monti.lt\/wp-content\/uploads\/2022\/10\/lit_pl_Medine-virtuve-KD16808-KRUZZEL-15616_1-1.jpg","type":"image\/jpeg"}],"twitter_card":"summary_large_image","schema":{"@context":"https:\/\/schema.org","@graph":[{"@type":"WebPage","@id":"https:\/\/dev.monti.lt\/product\/medine-virtuvele-su-priedais\/","url":"https:\/\/dev.monti.lt\/product\/medine-virtuvele-su-priedais\/","name":"Medin\u0117 virtuv\u0117l\u0117 su priedais - Montessori \u017eaislai","isPartOf":{"@id":"https:\/\/dev.monti.lt\/#website"},"primaryImageOfPage":{"@id":"https:\/\/dev.monti.lt\/product\/medine-virtuvele-su-priedais\/#primaryimage"},"image":{"@id":"https:\/\/dev.monti.lt\/product\/medine-virtuvele-su-priedais\/#primaryimage"},"thumbnailUrl":"https:\/\/dev.monti.lt\/wp-content\/uploads\/2022\/10\/lit_pl_Medine-virtuve-KD16808-KRUZZEL-15616_1-1.jpg","datePublished":"2022-10-05T09:56:51+00:00","dateModified":"2024-03-11T10:21:10+00:00","breadcrumb":{"@id":"https:\/\/dev.monti.lt\/product\/medine-virtuvele-su-priedais\/#breadcrumb"},"inLanguage":"en-US","potentialAction":[{"@type":"ReadAction","target":["https:\/\/dev.monti.lt\/product\/medine-virtuvele-su-priedais\/"]}]},{"@type":"ImageObject","inLanguage":"en-US","@id":"https:\/\/dev.monti.lt\/product\/medine-virtuvele-su-priedais\/#primaryimage","url":"https:\/\/dev.monti.lt\/wp-content\/uploads\/2022\/10\/lit_pl_Medine-virtuve-KD16808-KRUZZEL-15616_1-1.jpg","contentUrl":"https:\/\/dev.monti.lt\/wp-content\/uploads\/2022\/10\/lit_pl_Medine-virtuve-KD16808-KRUZZEL-15616_1-1.jpg","width":500,"height":500,"caption":"Medin\u0117 virtuv\u0117l\u0117 su priedais"},{"@type":"BreadcrumbList","@id":"https:\/\/dev.monti.lt\/product\/medine-virtuvele-su-priedais\/#breadcrumb","itemListElement":[{"@type":"ListItem","position":1,"name":"Home","item":"https:\/\/dev.monti.lt\/"},{"@type":"ListItem","position":2,"name":"Parduotuv\u0117","item":"https:\/\/dev.monti.lt\/shop\/"},{"@type":"ListItem","position":3,"name":"Medin\u0117 virtuv\u0117l\u0117 su priedais"}]},{"@type":"WebSite","@id":"https:\/\/dev.monti.lt\/#website","url":"https:\/\/dev.monti.lt\/","name":"Montessori \u017eaislai","description":"","publisher":{"@id":"https:\/\/dev.monti.lt\/#organization"},"potentialAction":[{"@type":"SearchAction","target":{"@type":"EntryPoint","urlTemplate":"https:\/\/dev.monti.lt\/?s={search_term_string}"},"query-input":"required name=search_term_string"}],"inLanguage":"en-US"},{"@type":"Organization","@id":"https:\/\/dev.monti.lt\/#organization","name":"Montessori \u017eaislai","url":"https:\/\/dev.monti.lt\/","logo":{"@type":"ImageObject","inLanguage":"en-US","@id":"https:\/\/dev.monti.lt\/#\/schema\/logo\/image\/","url":"https:\/\/dev.monti.lt\/wp-content\/uploads\/2022\/03\/montilogo-1.png","contentUrl":"https:\/\/dev.monti.lt\/wp-content\/uploads\/2022\/03\/montilogo-1.png","width":512,"height":512,"caption":"Montessori \u017eaislai"},"image":{"@id":"https:\/\/dev.monti.lt\/#\/schema\/logo\/image\/"}}]}},"_links":{"self":[{"href":"https:\/\/dev.monti.lt\/en\/wp-json\/wp\/v2\/product\/10143"}],"collection":[{"href":"https:\/\/dev.monti.lt\/en\/wp-json\/wp\/v2\/product"}],"about":[{"href":"https:\/\/dev.monti.lt\/en\/wp-json\/wp\/v2\/types\/product"}],"version-history":[{"count":1,"href":"https:\/\/dev.monti.lt\/en\/wp-json\/wp\/v2\/product\/10143\/revisions"}],"predecessor-version":[{"id":10151,"href":"https:\/\/dev.monti.lt\/en\/wp-json\/wp\/v2\/product\/10143\/revisions\/10151"}],"wp:featuredmedia":[{"embeddable":true,"href":"https:\/\/dev.monti.lt\/en\/wp-json\/wp\/v2\/media\/10145"}],"wp:attachment":[{"href":"https:\/\/dev.monti.lt\/en\/wp-json\/wp\/v2\/media?parent=10143"}],"wp:term":[{"taxonomy":"product_cat","embeddable":true,"href":"https:\/\/dev.monti.lt\/en\/wp-json\/wp\/v2\/product_cat?post=10143"},{"taxonomy":"product_tag","embeddable":true,"href":"https:\/\/dev.monti.lt\/en\/wp-json\/wp\/v2\/product_tag?post=10143"}],"curies":[{"name":"wp","href":"https:\/\/api.w.org\/{rel}","templated":true}]}}