{"id":10138,"date":"2022-10-05T09:45:58","date_gmt":"2022-10-05T09:45:58","guid":{"rendered":"https:\/\/dev.monti.lt\/?post_type=product&#038;p=10138"},"modified":"2024-10-01T10:41:26","modified_gmt":"2024-10-01T10:41:26","slug":"montessori-karoliuku-delione","status":"publish","type":"product","link":"https:\/\/dev.monti.lt\/en\/product\/montessori-karoliuku-delione\/","title":{"rendered":"Montessori karoliuk\u0173 d\u0117lion\u0117"},"content":{"rendered":"<p><span data-sheets-value=\"{&quot;1&quot;:2,&quot;2&quot;:&quot;Edukacin\u0117 Montessori stiliaus d\u0117lion\u0117s su rutuliukais \\nTai puikus rinkinys smagiam laiko praleidimui, lavinantis skai\u010diavimo, spalv\u0173 pa\u017einimo, modeliavimo, bet kruop\u0161tumo \u012fg\u016bd\u017eius. \\nPuikiai tinka smulkiosios motorikos lavinimui.\\nRinkin\u012f sudaro\\n\u00b7 77 kamuoliukai,\\n\u00b7 7 spalvoti indeliai\\n\u00b7 Medinis padas,\\n\u00b7 8 modeliai,\\n\u00b7 Dvi lazdel\u0117s\\n\u00b7 Pincetas\\n\u00b7 \u0160auk\u0161tas\\n\\nMatmenys:\\n\\nPad\u0117klas: 22cm x 22cm\\nPakuot\u0117: 24cm x 23cm x 5cm\\n\\nAm\u017eius: +3&quot;}\" data-sheets-userformat=\"{&quot;2&quot;:15039,&quot;3&quot;:{&quot;1&quot;:0},&quot;4&quot;:{&quot;1&quot;:2,&quot;2&quot;:16777215},&quot;5&quot;:{&quot;1&quot;:[{&quot;1&quot;:2,&quot;2&quot;:0,&quot;5&quot;:{&quot;1&quot;:2,&quot;2&quot;:0}},{&quot;1&quot;:0,&quot;2&quot;:0,&quot;3&quot;:3},{&quot;1&quot;:1,&quot;2&quot;:0,&quot;4&quot;:1}]},&quot;6&quot;:{&quot;1&quot;:[{&quot;1&quot;:2,&quot;2&quot;:0,&quot;5&quot;:{&quot;1&quot;:2,&quot;2&quot;:0}},{&quot;1&quot;:0,&quot;2&quot;:0,&quot;3&quot;:3},{&quot;1&quot;:1,&quot;2&quot;:0,&quot;4&quot;:1}]},&quot;7&quot;:{&quot;1&quot;:[{&quot;1&quot;:2,&quot;2&quot;:0,&quot;5&quot;:{&quot;1&quot;:2,&quot;2&quot;:0}},{&quot;1&quot;:0,&quot;2&quot;:0,&quot;3&quot;:3},{&quot;1&quot;:1,&quot;2&quot;:0,&quot;4&quot;:1}]},&quot;8&quot;:{&quot;1&quot;:[{&quot;1&quot;:2,&quot;2&quot;:0,&quot;5&quot;:{&quot;1&quot;:2,&quot;2&quot;:0}},{&quot;1&quot;:0,&quot;2&quot;:0,&quot;3&quot;:3},{&quot;1&quot;:1,&quot;2&quot;:0,&quot;4&quot;:1}]},&quot;10&quot;:2,&quot;12&quot;:0,&quot;14&quot;:{&quot;1&quot;:2,&quot;2&quot;:0},&quot;15&quot;:&quot;Arial&quot;,&quot;16&quot;:11}\">Edukacin\u0117 Montessori stiliaus d\u0117lion\u0117s su karoliukais.<br \/>\nTai puikus rinkinys smagiam laiko praleidimui, lavinantis skai\u010diavimo, spalv\u0173 pa\u017einimo, modeliavimo, bet kruop\u0161tumo \u012fg\u016bd\u017eius.<br \/>\nPuikiai tinka smulkiosios motorikos lavinimui.<\/span><\/p>","protected":false},"excerpt":{"rendered":"<p>Edukacin\u0117 Montessori stiliaus d\u0117lion\u0117s su karoliukais. Tai puikus rinkinys smagiam laiko praleidimui, lavinantis skai\u010diavimo, spalv\u0173 pa\u017einimo, modeliavimo, bet kruop\u0161tumo \u012fg\u016bd\u017eius. Puikiai tinka smulkiosios motorikos lavinimui.<\/p>","protected":false},"featured_media":10140,"template":"","meta":{"iawp_total_views":256},"product_cat":[92,195,192,84,91,102,83,86,50,199,49,39],"product_tag":[96,97,98],"class_list":{"0":"post-10138","1":"product","2":"type-product","3":"status-publish","4":"has-post-thumbnail","6":"product_cat-deliones","7":"product_cat-dovanos-vaikams-3-4-metu","8":"product_cat-kaledines-dovanos-vaikams","9":"product_cat-lavinamieji-zaislai","10":"product_cat-loginiam-mastymui","11":"product_cat-mediniai-zaislai","12":"product_cat-montessori-zaislai","13":"product_cat-smulkioji-motorika","14":"product_cat-top-dovanos","15":"product_cat-ugdymo-istaigoms","16":"product_cat-visi-zaislai","17":"product_cat-zaislai","18":"product_tag-2-m-3-m","19":"product_tag-3-m-4-m","20":"product_tag-5-m-7-m","22":"first","23":"outofstock","24":"sale","25":"taxable","26":"shipping-taxable","27":"purchasable","28":"product-type-simple"},"yoast_head":"<!-- This site is optimized with the Yoast SEO plugin v23.3 - https:\/\/yoast.com\/wordpress\/plugins\/seo\/ -->\n<title>Montessori karoliuk\u0173 d\u0117lion\u0117 - Montessori \u017eaislai<\/title>\n<meta name=\"robots\" content=\"noindex, follow, max-snippet:-1, max-image-preview:large, max-video-preview:-1\" \/>\n<meta property=\"og:locale\" content=\"en_US\" \/>\n<meta property=\"og:type\" content=\"article\" \/>\n<meta property=\"og:title\" content=\"Montessori karoliuk\u0173 d\u0117lion\u0117 - Montessori \u017eaislai\" \/>\n<meta property=\"og:description\" content=\"Edukacin\u0117 Montessori stiliaus d\u0117lion\u0117s su karoliukais. Tai puikus rinkinys smagiam laiko praleidimui, lavinantis skai\u010diavimo, spalv\u0173 pa\u017einimo, modeliavimo, bet kruop\u0161tumo \u012fg\u016bd\u017eius. Puikiai tinka smulkiosios motorikos lavinimui.\" \/>\n<meta property=\"og:url\" content=\"https:\/\/dev.monti.lt\/en\/product\/montessori-karoliuku-delione\/\" \/>\n<meta property=\"og:site_name\" content=\"Montessori \u017eaislai\" \/>\n<meta property=\"article:modified_time\" content=\"2024-10-01T10:41:26+00:00\" \/>\n<meta property=\"og:image\" content=\"https:\/\/dev.monti.lt\/wp-content\/uploads\/2022\/10\/lit_pl_Mediniai-karoliukai-deliones-14677_13.jpg\" \/>\n\t<meta property=\"og:image:width\" content=\"500\" \/>\n\t<meta property=\"og:image:height\" content=\"500\" \/>\n\t<meta property=\"og:image:type\" content=\"image\/jpeg\" \/>\n<meta name=\"twitter:card\" content=\"summary_large_image\" \/>\n<meta name=\"twitter:label1\" content=\"Est. reading time\" \/>\n\t<meta name=\"twitter:data1\" content=\"1 minute\" \/>\n<script type=\"application\/ld+json\" class=\"yoast-schema-graph\">{\"@context\":\"https:\/\/schema.org\",\"@graph\":[{\"@type\":\"WebPage\",\"@id\":\"https:\/\/dev.monti.lt\/product\/montessori-karoliuku-delione\/\",\"url\":\"https:\/\/dev.monti.lt\/product\/montessori-karoliuku-delione\/\",\"name\":\"Montessori karoliuk\u0173 d\u0117lion\u0117 - Montessori \u017eaislai\",\"isPartOf\":{\"@id\":\"https:\/\/dev.monti.lt\/#website\"},\"primaryImageOfPage\":{\"@id\":\"https:\/\/dev.monti.lt\/product\/montessori-karoliuku-delione\/#primaryimage\"},\"image\":{\"@id\":\"https:\/\/dev.monti.lt\/product\/montessori-karoliuku-delione\/#primaryimage\"},\"thumbnailUrl\":\"https:\/\/dev.monti.lt\/wp-content\/uploads\/2022\/10\/lit_pl_Mediniai-karoliukai-deliones-14677_13.jpg\",\"datePublished\":\"2022-10-05T09:45:58+00:00\",\"dateModified\":\"2024-10-01T10:41:26+00:00\",\"breadcrumb\":{\"@id\":\"https:\/\/dev.monti.lt\/product\/montessori-karoliuku-delione\/#breadcrumb\"},\"inLanguage\":\"en-US\",\"potentialAction\":[{\"@type\":\"ReadAction\",\"target\":[\"https:\/\/dev.monti.lt\/product\/montessori-karoliuku-delione\/\"]}]},{\"@type\":\"ImageObject\",\"inLanguage\":\"en-US\",\"@id\":\"https:\/\/dev.monti.lt\/product\/montessori-karoliuku-delione\/#primaryimage\",\"url\":\"https:\/\/dev.monti.lt\/wp-content\/uploads\/2022\/10\/lit_pl_Mediniai-karoliukai-deliones-14677_13.jpg\",\"contentUrl\":\"https:\/\/dev.monti.lt\/wp-content\/uploads\/2022\/10\/lit_pl_Mediniai-karoliukai-deliones-14677_13.jpg\",\"width\":500,\"height\":500,\"caption\":\"montessori d\u0117lion\u0117\"},{\"@type\":\"BreadcrumbList\",\"@id\":\"https:\/\/dev.monti.lt\/product\/montessori-karoliuku-delione\/#breadcrumb\",\"itemListElement\":[{\"@type\":\"ListItem\",\"position\":1,\"name\":\"Home\",\"item\":\"https:\/\/dev.monti.lt\/\"},{\"@type\":\"ListItem\",\"position\":2,\"name\":\"Parduotuv\u0117\",\"item\":\"https:\/\/dev.monti.lt\/shop\/\"},{\"@type\":\"ListItem\",\"position\":3,\"name\":\"Montessori karoliuk\u0173 d\u0117lion\u0117\"}]},{\"@type\":\"WebSite\",\"@id\":\"https:\/\/dev.monti.lt\/#website\",\"url\":\"https:\/\/dev.monti.lt\/\",\"name\":\"Montessori \u017eaislai\",\"description\":\"\",\"publisher\":{\"@id\":\"https:\/\/dev.monti.lt\/#organization\"},\"potentialAction\":[{\"@type\":\"SearchAction\",\"target\":{\"@type\":\"EntryPoint\",\"urlTemplate\":\"https:\/\/dev.monti.lt\/?s={search_term_string}\"},\"query-input\":\"required name=search_term_string\"}],\"inLanguage\":\"en-US\"},{\"@type\":\"Organization\",\"@id\":\"https:\/\/dev.monti.lt\/#organization\",\"name\":\"Montessori \u017eaislai\",\"url\":\"https:\/\/dev.monti.lt\/\",\"logo\":{\"@type\":\"ImageObject\",\"inLanguage\":\"en-US\",\"@id\":\"https:\/\/dev.monti.lt\/#\/schema\/logo\/image\/\",\"url\":\"https:\/\/dev.monti.lt\/wp-content\/uploads\/2022\/03\/montilogo-1.png\",\"contentUrl\":\"https:\/\/dev.monti.lt\/wp-content\/uploads\/2022\/03\/montilogo-1.png\",\"width\":512,\"height\":512,\"caption\":\"Montessori \u017eaislai\"},\"image\":{\"@id\":\"https:\/\/dev.monti.lt\/#\/schema\/logo\/image\/\"}}]}<\/script>\n<!-- \/ Yoast SEO plugin. -->","yoast_head_json":{"title":"Montessori karoliuk\u0173 d\u0117lion\u0117 - Montessori \u017eaislai","robots":{"index":"noindex","follow":"follow","max-snippet":"max-snippet:-1","max-image-preview":"max-image-preview:large","max-video-preview":"max-video-preview:-1"},"og_locale":"en_US","og_type":"article","og_title":"Montessori karoliuk\u0173 d\u0117lion\u0117 - Montessori \u017eaislai","og_description":"Edukacin\u0117 Montessori stiliaus d\u0117lion\u0117s su karoliukais. Tai puikus rinkinys smagiam laiko praleidimui, lavinantis skai\u010diavimo, spalv\u0173 pa\u017einimo, modeliavimo, bet kruop\u0161tumo \u012fg\u016bd\u017eius. Puikiai tinka smulkiosios motorikos lavinimui.","og_url":"https:\/\/dev.monti.lt\/en\/product\/montessori-karoliuku-delione\/","og_site_name":"Montessori \u017eaislai","article_modified_time":"2024-10-01T10:41:26+00:00","og_image":[{"width":500,"height":500,"url":"https:\/\/dev.monti.lt\/wp-content\/uploads\/2022\/10\/lit_pl_Mediniai-karoliukai-deliones-14677_13.jpg","type":"image\/jpeg"}],"twitter_card":"summary_large_image","twitter_misc":{"Est. reading time":"1 minute"},"schema":{"@context":"https:\/\/schema.org","@graph":[{"@type":"WebPage","@id":"https:\/\/dev.monti.lt\/product\/montessori-karoliuku-delione\/","url":"https:\/\/dev.monti.lt\/product\/montessori-karoliuku-delione\/","name":"Montessori karoliuk\u0173 d\u0117lion\u0117 - Montessori \u017eaislai","isPartOf":{"@id":"https:\/\/dev.monti.lt\/#website"},"primaryImageOfPage":{"@id":"https:\/\/dev.monti.lt\/product\/montessori-karoliuku-delione\/#primaryimage"},"image":{"@id":"https:\/\/dev.monti.lt\/product\/montessori-karoliuku-delione\/#primaryimage"},"thumbnailUrl":"https:\/\/dev.monti.lt\/wp-content\/uploads\/2022\/10\/lit_pl_Mediniai-karoliukai-deliones-14677_13.jpg","datePublished":"2022-10-05T09:45:58+00:00","dateModified":"2024-10-01T10:41:26+00:00","breadcrumb":{"@id":"https:\/\/dev.monti.lt\/product\/montessori-karoliuku-delione\/#breadcrumb"},"inLanguage":"en-US","potentialAction":[{"@type":"ReadAction","target":["https:\/\/dev.monti.lt\/product\/montessori-karoliuku-delione\/"]}]},{"@type":"ImageObject","inLanguage":"en-US","@id":"https:\/\/dev.monti.lt\/product\/montessori-karoliuku-delione\/#primaryimage","url":"https:\/\/dev.monti.lt\/wp-content\/uploads\/2022\/10\/lit_pl_Mediniai-karoliukai-deliones-14677_13.jpg","contentUrl":"https:\/\/dev.monti.lt\/wp-content\/uploads\/2022\/10\/lit_pl_Mediniai-karoliukai-deliones-14677_13.jpg","width":500,"height":500,"caption":"montessori d\u0117lion\u0117"},{"@type":"BreadcrumbList","@id":"https:\/\/dev.monti.lt\/product\/montessori-karoliuku-delione\/#breadcrumb","itemListElement":[{"@type":"ListItem","position":1,"name":"Home","item":"https:\/\/dev.monti.lt\/"},{"@type":"ListItem","position":2,"name":"Parduotuv\u0117","item":"https:\/\/dev.monti.lt\/shop\/"},{"@type":"ListItem","position":3,"name":"Montessori karoliuk\u0173 d\u0117lion\u0117"}]},{"@type":"WebSite","@id":"https:\/\/dev.monti.lt\/#website","url":"https:\/\/dev.monti.lt\/","name":"Montessori \u017eaislai","description":"","publisher":{"@id":"https:\/\/dev.monti.lt\/#organization"},"potentialAction":[{"@type":"SearchAction","target":{"@type":"EntryPoint","urlTemplate":"https:\/\/dev.monti.lt\/?s={search_term_string}"},"query-input":"required name=search_term_string"}],"inLanguage":"en-US"},{"@type":"Organization","@id":"https:\/\/dev.monti.lt\/#organization","name":"Montessori \u017eaislai","url":"https:\/\/dev.monti.lt\/","logo":{"@type":"ImageObject","inLanguage":"en-US","@id":"https:\/\/dev.monti.lt\/#\/schema\/logo\/image\/","url":"https:\/\/dev.monti.lt\/wp-content\/uploads\/2022\/03\/montilogo-1.png","contentUrl":"https:\/\/dev.monti.lt\/wp-content\/uploads\/2022\/03\/montilogo-1.png","width":512,"height":512,"caption":"Montessori \u017eaislai"},"image":{"@id":"https:\/\/dev.monti.lt\/#\/schema\/logo\/image\/"}}]}},"_links":{"self":[{"href":"https:\/\/dev.monti.lt\/en\/wp-json\/wp\/v2\/product\/10138"}],"collection":[{"href":"https:\/\/dev.monti.lt\/en\/wp-json\/wp\/v2\/product"}],"about":[{"href":"https:\/\/dev.monti.lt\/en\/wp-json\/wp\/v2\/types\/product"}],"version-history":[{"count":1,"href":"https:\/\/dev.monti.lt\/en\/wp-json\/wp\/v2\/product\/10138\/revisions"}],"predecessor-version":[{"id":10142,"href":"https:\/\/dev.monti.lt\/en\/wp-json\/wp\/v2\/product\/10138\/revisions\/10142"}],"wp:featuredmedia":[{"embeddable":true,"href":"https:\/\/dev.monti.lt\/en\/wp-json\/wp\/v2\/media\/10140"}],"wp:attachment":[{"href":"https:\/\/dev.monti.lt\/en\/wp-json\/wp\/v2\/media?parent=10138"}],"wp:term":[{"taxonomy":"product_cat","embeddable":true,"href":"https:\/\/dev.monti.lt\/en\/wp-json\/wp\/v2\/product_cat?post=10138"},{"taxonomy":"product_tag","embeddable":true,"href":"https:\/\/dev.monti.lt\/en\/wp-json\/wp\/v2\/product_tag?post=10138"}],"curies":[{"name":"wp","href":"https:\/\/api.w.org\/{rel}","templated":true}]}}