{"id":10086,"date":"2022-10-03T18:58:09","date_gmt":"2022-10-03T18:58:09","guid":{"rendered":"https:\/\/dev.monti.lt\/?post_type=product&#038;p=10086"},"modified":"2024-10-10T06:47:27","modified_gmt":"2024-10-10T06:47:27","slug":"magnetine-lenta-profesijos","status":"publish","type":"product","link":"https:\/\/dev.monti.lt\/en\/product\/magnetine-lenta-profesijos\/","title":{"rendered":"Magnetin\u0117 lenta &#8220;Profesijos&#8221;"},"content":{"rendered":"<p>Magnetin\u0117 edukacin\u0117 profesij\u0173 lenta yra universalus \u017eaislas vaikams, kurie \u017eaisdami gali mokytis daugelio dalyk\u0173 vienu metu.<br \/>\nNaudodami sausai trinam\u0105 lent\u0105, vaikai gali mokytis ra\u0161yti, pie\u0161ti ir treniruoti rankos bei rie\u0161o raumenis. Sausai trinama lenta taip pat padeda palaikyti tvark\u0105, nes nereikia eikvoti popieriaus, kaip pie\u0161iant ant korteli\u0173.<br \/>\nBe lentos, vaikai gali sud\u0117lioti magnetin\u0119 d\u0117lion\u0119, kuri\u0105 galima d\u0117lioti keliais b\u016bdais: aprengti veik\u0117jus pagal pridedamas korteles arba juos aprengti pagal savo vaizduot\u0119 ir fantazij\u0105. Taip vaikai lavina k\u016brybin\u012f m\u0105stym\u0105 arba abstrakt\u0173j\u012f m\u0105stym\u0105, taip pat gali mokytis \u017eod\u017ei\u0173 ir kurti istorijas apie persona\u017e\u0105.<br \/>\nPasibaigus \u017eaidimui, korteles ir magnetus galima laikyti stal\u010diuje, tod\u0117l lenta neu\u017eima daug vietos ir j\u0105 galima pasiimti \u012f bet kuri\u0105 kelion\u0119.<\/p>\n<p>D\u0117\u017eut\u0117s matmenys 22x30x5 cm.<\/p>","protected":false},"excerpt":{"rendered":"<p>Magnetin\u0117 edukacin\u0117 profesij\u0173 lenta yra universalus \u017eaislas vaikams, kurie \u017eaisdami gali mokytis daugelio dalyk\u0173 vienu metu. Naudodami sausai trinam\u0105 lent\u0105, vaikai gali mokytis ra\u0161yti, pie\u0161ti ir treniruoti rankos bei rie\u0161o raumenis. Sausai trinama lenta taip pat padeda palaikyti tvark\u0105, nes nereikia eikvoti popieriaus, kaip pie\u0161iant ant korteli\u0173. Be lentos, vaikai gali sud\u0117lioti magnetin\u0119 d\u0117lion\u0119, kuri\u0105 [&hellip;]<\/p>","protected":false},"featured_media":10088,"template":"","meta":{"iawp_total_views":204},"product_cat":[218,208,92,84,102,83,86,93,39],"product_tag":[96,97,98,99],"class_list":{"0":"post-10086","1":"product","2":"type-product","3":"status-publish","4":"has-post-thumbnail","6":"product_cat-darzeliu-grupems","7":"product_cat-deliones-2","8":"product_cat-deliones","9":"product_cat-lavinamieji-zaislai","10":"product_cat-mediniai-zaislai","11":"product_cat-montessori-zaislai","12":"product_cat-smulkioji-motorika","13":"product_cat-vaidmenu-zaidimai","14":"product_cat-zaislai","15":"product_tag-2-m-3-m","16":"product_tag-3-m-4-m","17":"product_tag-5-m-7-m","18":"product_tag-8-m-11-m","20":"first","21":"instock","22":"taxable","23":"shipping-taxable","24":"purchasable","25":"product-type-simple"},"yoast_head":"<!-- This site is optimized with the Yoast SEO plugin v23.3 - https:\/\/yoast.com\/wordpress\/plugins\/seo\/ -->\n<title>Magnetin\u0117 lenta &quot;Profesijos&quot; - Montessori \u017eaislai<\/title>\n<meta name=\"robots\" content=\"noindex, follow, max-snippet:-1, max-image-preview:large, max-video-preview:-1\" \/>\n<meta property=\"og:locale\" content=\"en_US\" \/>\n<meta property=\"og:type\" content=\"article\" \/>\n<meta property=\"og:title\" content=\"Magnetin\u0117 lenta &quot;Profesijos&quot; - Montessori \u017eaislai\" \/>\n<meta property=\"og:description\" content=\"Magnetin\u0117 edukacin\u0117 profesij\u0173 lenta yra universalus \u017eaislas vaikams, kurie \u017eaisdami gali mokytis daugelio dalyk\u0173 vienu metu. Naudodami sausai trinam\u0105 lent\u0105, vaikai gali mokytis ra\u0161yti, pie\u0161ti ir treniruoti rankos bei rie\u0161o raumenis. Sausai trinama lenta taip pat padeda palaikyti tvark\u0105, nes nereikia eikvoti popieriaus, kaip pie\u0161iant ant korteli\u0173. Be lentos, vaikai gali sud\u0117lioti magnetin\u0119 d\u0117lion\u0119, kuri\u0105 [&hellip;]\" \/>\n<meta property=\"og:url\" content=\"https:\/\/dev.monti.lt\/en\/product\/magnetine-lenta-profesijos\/\" \/>\n<meta property=\"og:site_name\" content=\"Montessori \u017eaislai\" \/>\n<meta property=\"article:modified_time\" content=\"2024-10-10T06:47:27+00:00\" \/>\n<meta property=\"og:image\" content=\"https:\/\/dev.monti.lt\/wp-content\/uploads\/2022\/10\/tablica-magnetyczna-suchoscieralna-magnesy-zawody-jhtoy-241-6.jpg\" \/>\n\t<meta property=\"og:image:width\" content=\"800\" \/>\n\t<meta property=\"og:image:height\" content=\"800\" \/>\n\t<meta property=\"og:image:type\" content=\"image\/jpeg\" \/>\n<meta name=\"twitter:card\" content=\"summary_large_image\" \/>\n<meta name=\"twitter:label1\" content=\"Est. reading time\" \/>\n\t<meta name=\"twitter:data1\" content=\"1 minute\" \/>\n<script type=\"application\/ld+json\" class=\"yoast-schema-graph\">{\"@context\":\"https:\/\/schema.org\",\"@graph\":[{\"@type\":\"WebPage\",\"@id\":\"https:\/\/dev.monti.lt\/product\/magnetine-lenta-profesijos\/\",\"url\":\"https:\/\/dev.monti.lt\/product\/magnetine-lenta-profesijos\/\",\"name\":\"Magnetin\u0117 lenta \\\"Profesijos\\\" - Montessori \u017eaislai\",\"isPartOf\":{\"@id\":\"https:\/\/dev.monti.lt\/#website\"},\"primaryImageOfPage\":{\"@id\":\"https:\/\/dev.monti.lt\/product\/magnetine-lenta-profesijos\/#primaryimage\"},\"image\":{\"@id\":\"https:\/\/dev.monti.lt\/product\/magnetine-lenta-profesijos\/#primaryimage\"},\"thumbnailUrl\":\"https:\/\/dev.monti.lt\/wp-content\/uploads\/2022\/10\/tablica-magnetyczna-suchoscieralna-magnesy-zawody-jhtoy-241-6.jpg\",\"datePublished\":\"2022-10-03T18:58:09+00:00\",\"dateModified\":\"2024-10-10T06:47:27+00:00\",\"breadcrumb\":{\"@id\":\"https:\/\/dev.monti.lt\/product\/magnetine-lenta-profesijos\/#breadcrumb\"},\"inLanguage\":\"en-US\",\"potentialAction\":[{\"@type\":\"ReadAction\",\"target\":[\"https:\/\/dev.monti.lt\/product\/magnetine-lenta-profesijos\/\"]}]},{\"@type\":\"ImageObject\",\"inLanguage\":\"en-US\",\"@id\":\"https:\/\/dev.monti.lt\/product\/magnetine-lenta-profesijos\/#primaryimage\",\"url\":\"https:\/\/dev.monti.lt\/wp-content\/uploads\/2022\/10\/tablica-magnetyczna-suchoscieralna-magnesy-zawody-jhtoy-241-6.jpg\",\"contentUrl\":\"https:\/\/dev.monti.lt\/wp-content\/uploads\/2022\/10\/tablica-magnetyczna-suchoscieralna-magnesy-zawody-jhtoy-241-6.jpg\",\"width\":800,\"height\":800,\"caption\":\"magnetine lenta profesijos\"},{\"@type\":\"BreadcrumbList\",\"@id\":\"https:\/\/dev.monti.lt\/product\/magnetine-lenta-profesijos\/#breadcrumb\",\"itemListElement\":[{\"@type\":\"ListItem\",\"position\":1,\"name\":\"Home\",\"item\":\"https:\/\/dev.monti.lt\/\"},{\"@type\":\"ListItem\",\"position\":2,\"name\":\"Parduotuv\u0117\",\"item\":\"https:\/\/dev.monti.lt\/shop\/\"},{\"@type\":\"ListItem\",\"position\":3,\"name\":\"Magnetin\u0117 lenta &#8220;Profesijos&#8221;\"}]},{\"@type\":\"WebSite\",\"@id\":\"https:\/\/dev.monti.lt\/#website\",\"url\":\"https:\/\/dev.monti.lt\/\",\"name\":\"Montessori \u017eaislai\",\"description\":\"\",\"publisher\":{\"@id\":\"https:\/\/dev.monti.lt\/#organization\"},\"potentialAction\":[{\"@type\":\"SearchAction\",\"target\":{\"@type\":\"EntryPoint\",\"urlTemplate\":\"https:\/\/dev.monti.lt\/?s={search_term_string}\"},\"query-input\":\"required name=search_term_string\"}],\"inLanguage\":\"en-US\"},{\"@type\":\"Organization\",\"@id\":\"https:\/\/dev.monti.lt\/#organization\",\"name\":\"Montessori \u017eaislai\",\"url\":\"https:\/\/dev.monti.lt\/\",\"logo\":{\"@type\":\"ImageObject\",\"inLanguage\":\"en-US\",\"@id\":\"https:\/\/dev.monti.lt\/#\/schema\/logo\/image\/\",\"url\":\"https:\/\/dev.monti.lt\/wp-content\/uploads\/2022\/03\/montilogo-1.png\",\"contentUrl\":\"https:\/\/dev.monti.lt\/wp-content\/uploads\/2022\/03\/montilogo-1.png\",\"width\":512,\"height\":512,\"caption\":\"Montessori \u017eaislai\"},\"image\":{\"@id\":\"https:\/\/dev.monti.lt\/#\/schema\/logo\/image\/\"}}]}<\/script>\n<!-- \/ Yoast SEO plugin. -->","yoast_head_json":{"title":"Magnetin\u0117 lenta \"Profesijos\" - Montessori \u017eaislai","robots":{"index":"noindex","follow":"follow","max-snippet":"max-snippet:-1","max-image-preview":"max-image-preview:large","max-video-preview":"max-video-preview:-1"},"og_locale":"en_US","og_type":"article","og_title":"Magnetin\u0117 lenta \"Profesijos\" - Montessori \u017eaislai","og_description":"Magnetin\u0117 edukacin\u0117 profesij\u0173 lenta yra universalus \u017eaislas vaikams, kurie \u017eaisdami gali mokytis daugelio dalyk\u0173 vienu metu. Naudodami sausai trinam\u0105 lent\u0105, vaikai gali mokytis ra\u0161yti, pie\u0161ti ir treniruoti rankos bei rie\u0161o raumenis. Sausai trinama lenta taip pat padeda palaikyti tvark\u0105, nes nereikia eikvoti popieriaus, kaip pie\u0161iant ant korteli\u0173. Be lentos, vaikai gali sud\u0117lioti magnetin\u0119 d\u0117lion\u0119, kuri\u0105 [&hellip;]","og_url":"https:\/\/dev.monti.lt\/en\/product\/magnetine-lenta-profesijos\/","og_site_name":"Montessori \u017eaislai","article_modified_time":"2024-10-10T06:47:27+00:00","og_image":[{"width":800,"height":800,"url":"https:\/\/dev.monti.lt\/wp-content\/uploads\/2022\/10\/tablica-magnetyczna-suchoscieralna-magnesy-zawody-jhtoy-241-6.jpg","type":"image\/jpeg"}],"twitter_card":"summary_large_image","twitter_misc":{"Est. reading time":"1 minute"},"schema":{"@context":"https:\/\/schema.org","@graph":[{"@type":"WebPage","@id":"https:\/\/dev.monti.lt\/product\/magnetine-lenta-profesijos\/","url":"https:\/\/dev.monti.lt\/product\/magnetine-lenta-profesijos\/","name":"Magnetin\u0117 lenta \"Profesijos\" - Montessori \u017eaislai","isPartOf":{"@id":"https:\/\/dev.monti.lt\/#website"},"primaryImageOfPage":{"@id":"https:\/\/dev.monti.lt\/product\/magnetine-lenta-profesijos\/#primaryimage"},"image":{"@id":"https:\/\/dev.monti.lt\/product\/magnetine-lenta-profesijos\/#primaryimage"},"thumbnailUrl":"https:\/\/dev.monti.lt\/wp-content\/uploads\/2022\/10\/tablica-magnetyczna-suchoscieralna-magnesy-zawody-jhtoy-241-6.jpg","datePublished":"2022-10-03T18:58:09+00:00","dateModified":"2024-10-10T06:47:27+00:00","breadcrumb":{"@id":"https:\/\/dev.monti.lt\/product\/magnetine-lenta-profesijos\/#breadcrumb"},"inLanguage":"en-US","potentialAction":[{"@type":"ReadAction","target":["https:\/\/dev.monti.lt\/product\/magnetine-lenta-profesijos\/"]}]},{"@type":"ImageObject","inLanguage":"en-US","@id":"https:\/\/dev.monti.lt\/product\/magnetine-lenta-profesijos\/#primaryimage","url":"https:\/\/dev.monti.lt\/wp-content\/uploads\/2022\/10\/tablica-magnetyczna-suchoscieralna-magnesy-zawody-jhtoy-241-6.jpg","contentUrl":"https:\/\/dev.monti.lt\/wp-content\/uploads\/2022\/10\/tablica-magnetyczna-suchoscieralna-magnesy-zawody-jhtoy-241-6.jpg","width":800,"height":800,"caption":"magnetine lenta profesijos"},{"@type":"BreadcrumbList","@id":"https:\/\/dev.monti.lt\/product\/magnetine-lenta-profesijos\/#breadcrumb","itemListElement":[{"@type":"ListItem","position":1,"name":"Home","item":"https:\/\/dev.monti.lt\/"},{"@type":"ListItem","position":2,"name":"Parduotuv\u0117","item":"https:\/\/dev.monti.lt\/shop\/"},{"@type":"ListItem","position":3,"name":"Magnetin\u0117 lenta &#8220;Profesijos&#8221;"}]},{"@type":"WebSite","@id":"https:\/\/dev.monti.lt\/#website","url":"https:\/\/dev.monti.lt\/","name":"Montessori \u017eaislai","description":"","publisher":{"@id":"https:\/\/dev.monti.lt\/#organization"},"potentialAction":[{"@type":"SearchAction","target":{"@type":"EntryPoint","urlTemplate":"https:\/\/dev.monti.lt\/?s={search_term_string}"},"query-input":"required name=search_term_string"}],"inLanguage":"en-US"},{"@type":"Organization","@id":"https:\/\/dev.monti.lt\/#organization","name":"Montessori \u017eaislai","url":"https:\/\/dev.monti.lt\/","logo":{"@type":"ImageObject","inLanguage":"en-US","@id":"https:\/\/dev.monti.lt\/#\/schema\/logo\/image\/","url":"https:\/\/dev.monti.lt\/wp-content\/uploads\/2022\/03\/montilogo-1.png","contentUrl":"https:\/\/dev.monti.lt\/wp-content\/uploads\/2022\/03\/montilogo-1.png","width":512,"height":512,"caption":"Montessori \u017eaislai"},"image":{"@id":"https:\/\/dev.monti.lt\/#\/schema\/logo\/image\/"}}]}},"_links":{"self":[{"href":"https:\/\/dev.monti.lt\/en\/wp-json\/wp\/v2\/product\/10086"}],"collection":[{"href":"https:\/\/dev.monti.lt\/en\/wp-json\/wp\/v2\/product"}],"about":[{"href":"https:\/\/dev.monti.lt\/en\/wp-json\/wp\/v2\/types\/product"}],"version-history":[{"count":1,"href":"https:\/\/dev.monti.lt\/en\/wp-json\/wp\/v2\/product\/10086\/revisions"}],"predecessor-version":[{"id":10096,"href":"https:\/\/dev.monti.lt\/en\/wp-json\/wp\/v2\/product\/10086\/revisions\/10096"}],"wp:featuredmedia":[{"embeddable":true,"href":"https:\/\/dev.monti.lt\/en\/wp-json\/wp\/v2\/media\/10088"}],"wp:attachment":[{"href":"https:\/\/dev.monti.lt\/en\/wp-json\/wp\/v2\/media?parent=10086"}],"wp:term":[{"taxonomy":"product_cat","embeddable":true,"href":"https:\/\/dev.monti.lt\/en\/wp-json\/wp\/v2\/product_cat?post=10086"},{"taxonomy":"product_tag","embeddable":true,"href":"https:\/\/dev.monti.lt\/en\/wp-json\/wp\/v2\/product_tag?post=10086"}],"curies":[{"name":"wp","href":"https:\/\/api.w.org\/{rel}","templated":true}]}}