{"id":10077,"date":"2022-10-03T18:45:08","date_gmt":"2022-10-03T18:45:08","guid":{"rendered":"https:\/\/dev.monti.lt\/?post_type=product&#038;p=10077"},"modified":"2024-10-07T18:06:33","modified_gmt":"2024-10-07T18:06:33","slug":"zvejybos-zaidimas-kate","status":"publish","type":"product","link":"https:\/\/dev.monti.lt\/en\/product\/zvejybos-zaidimas-kate\/","title":{"rendered":"\u017dvejybos \u017eaidimas &#8220;Kat\u0117&#8221;"},"content":{"rendered":"<p>\u017daidime me\u0161kere reikia gaudyti \u017euvis ir sliekus. \u017daisdamas vaikas ne tik lavina aki\u0173 ir rank\u0173 koordinacij\u0105, bet ir ugdo kantryb\u0119, tikslum\u0105, rank\u0173 ir rie\u0161\u0173 raumenis.<br \/>\nBe to, tai labai smagi popiet\u0117s veikla.<br \/>\nVaikas gali \u017eaisti su broliais ir seserimis arba su draugais, nes \u012f komplekt\u0105 \u012feina 2 me\u0161ker\u0117s.<br \/>\nPasibaigus \u017eaidimui, visas detales galima sud\u0117ti \u012f vid\u0173.<br \/>\nD\u0117\u017eut\u0117s matmenys yra ma\u017edaug 14,5x16x13 cm<br \/>\nRinkin\u012f sudaro 2 ma\u017edaug 17 cm ilgio me\u0161ker\u0117s.<\/p>","protected":false},"excerpt":{"rendered":"<p>\u017daidime me\u0161kere reikia gaudyti \u017euvis ir sliekus. \u017daisdamas vaikas ne tik lavina aki\u0173 ir rank\u0173 koordinacij\u0105, bet ir ugdo kantryb\u0119, tikslum\u0105, rank\u0173 ir rie\u0161\u0173 raumenis. Be to, tai labai smagi popiet\u0117s veikla. Vaikas gali \u017eaisti su broliais ir seserimis arba su draugais, nes \u012f komplekt\u0105 \u012feina 2 me\u0161ker\u0117s. Pasibaigus \u017eaidimui, visas detales galima sud\u0117ti \u012f [&hellip;]<\/p>","protected":false},"featured_media":10079,"template":"","meta":{"iawp_total_views":43},"product_cat":[84,91,102,83,86,49,39],"product_tag":[96,97],"class_list":{"0":"post-10077","1":"product","2":"type-product","3":"status-publish","4":"has-post-thumbnail","6":"product_cat-lavinamieji-zaislai","7":"product_cat-loginiam-mastymui","8":"product_cat-mediniai-zaislai","9":"product_cat-montessori-zaislai","10":"product_cat-smulkioji-motorika","11":"product_cat-visi-zaislai","12":"product_cat-zaislai","13":"product_tag-2-m-3-m","14":"product_tag-3-m-4-m","16":"first","17":"outofstock","18":"taxable","19":"shipping-taxable","20":"purchasable","21":"product-type-simple"},"yoast_head":"<!-- This site is optimized with the Yoast SEO plugin v23.3 - https:\/\/yoast.com\/wordpress\/plugins\/seo\/ -->\n<title>\u017dvejybos \u017eaidimas &quot;Kat\u0117&quot; - Montessori \u017eaislai<\/title>\n<meta name=\"robots\" content=\"noindex, follow, max-snippet:-1, max-image-preview:large, max-video-preview:-1\" \/>\n<meta property=\"og:locale\" content=\"en_US\" \/>\n<meta property=\"og:type\" content=\"article\" \/>\n<meta property=\"og:title\" content=\"\u017dvejybos \u017eaidimas &quot;Kat\u0117&quot; - Montessori \u017eaislai\" \/>\n<meta property=\"og:description\" content=\"\u017daidime me\u0161kere reikia gaudyti \u017euvis ir sliekus. \u017daisdamas vaikas ne tik lavina aki\u0173 ir rank\u0173 koordinacij\u0105, bet ir ugdo kantryb\u0119, tikslum\u0105, rank\u0173 ir rie\u0161\u0173 raumenis. Be to, tai labai smagi popiet\u0117s veikla. Vaikas gali \u017eaisti su broliais ir seserimis arba su draugais, nes \u012f komplekt\u0105 \u012feina 2 me\u0161ker\u0117s. Pasibaigus \u017eaidimui, visas detales galima sud\u0117ti \u012f [&hellip;]\" \/>\n<meta property=\"og:url\" content=\"https:\/\/dev.monti.lt\/en\/product\/zvejybos-zaidimas-kate\/\" \/>\n<meta property=\"og:site_name\" content=\"Montessori \u017eaislai\" \/>\n<meta property=\"article:modified_time\" content=\"2024-10-07T18:06:33+00:00\" \/>\n<meta property=\"og:image\" content=\"https:\/\/dev.monti.lt\/wp-content\/uploads\/2022\/10\/lowienie-rybek-gra-logiczna-zrecznosciowa-kotek-jhtoy-558-6.jpg\" \/>\n\t<meta property=\"og:image:width\" content=\"800\" \/>\n\t<meta property=\"og:image:height\" content=\"800\" \/>\n\t<meta property=\"og:image:type\" content=\"image\/jpeg\" \/>\n<meta name=\"twitter:card\" content=\"summary_large_image\" \/>\n<meta name=\"twitter:label1\" content=\"Est. reading time\" \/>\n\t<meta name=\"twitter:data1\" content=\"1 minute\" \/>\n<script type=\"application\/ld+json\" class=\"yoast-schema-graph\">{\"@context\":\"https:\/\/schema.org\",\"@graph\":[{\"@type\":\"WebPage\",\"@id\":\"https:\/\/dev.monti.lt\/product\/zvejybos-zaidimas-kate\/\",\"url\":\"https:\/\/dev.monti.lt\/product\/zvejybos-zaidimas-kate\/\",\"name\":\"\u017dvejybos \u017eaidimas \\\"Kat\u0117\\\" - Montessori \u017eaislai\",\"isPartOf\":{\"@id\":\"https:\/\/dev.monti.lt\/#website\"},\"primaryImageOfPage\":{\"@id\":\"https:\/\/dev.monti.lt\/product\/zvejybos-zaidimas-kate\/#primaryimage\"},\"image\":{\"@id\":\"https:\/\/dev.monti.lt\/product\/zvejybos-zaidimas-kate\/#primaryimage\"},\"thumbnailUrl\":\"https:\/\/dev.monti.lt\/wp-content\/uploads\/2022\/10\/lowienie-rybek-gra-logiczna-zrecznosciowa-kotek-jhtoy-558-6.jpg\",\"datePublished\":\"2022-10-03T18:45:08+00:00\",\"dateModified\":\"2024-10-07T18:06:33+00:00\",\"breadcrumb\":{\"@id\":\"https:\/\/dev.monti.lt\/product\/zvejybos-zaidimas-kate\/#breadcrumb\"},\"inLanguage\":\"en-US\",\"potentialAction\":[{\"@type\":\"ReadAction\",\"target\":[\"https:\/\/dev.monti.lt\/product\/zvejybos-zaidimas-kate\/\"]}]},{\"@type\":\"ImageObject\",\"inLanguage\":\"en-US\",\"@id\":\"https:\/\/dev.monti.lt\/product\/zvejybos-zaidimas-kate\/#primaryimage\",\"url\":\"https:\/\/dev.monti.lt\/wp-content\/uploads\/2022\/10\/lowienie-rybek-gra-logiczna-zrecznosciowa-kotek-jhtoy-558-6.jpg\",\"contentUrl\":\"https:\/\/dev.monti.lt\/wp-content\/uploads\/2022\/10\/lowienie-rybek-gra-logiczna-zrecznosciowa-kotek-jhtoy-558-6.jpg\",\"width\":800,\"height\":800,\"caption\":\"montessori zvejybos zaidimas\"},{\"@type\":\"BreadcrumbList\",\"@id\":\"https:\/\/dev.monti.lt\/product\/zvejybos-zaidimas-kate\/#breadcrumb\",\"itemListElement\":[{\"@type\":\"ListItem\",\"position\":1,\"name\":\"Home\",\"item\":\"https:\/\/dev.monti.lt\/\"},{\"@type\":\"ListItem\",\"position\":2,\"name\":\"Parduotuv\u0117\",\"item\":\"https:\/\/dev.monti.lt\/shop\/\"},{\"@type\":\"ListItem\",\"position\":3,\"name\":\"\u017dvejybos \u017eaidimas &#8220;Kat\u0117&#8221;\"}]},{\"@type\":\"WebSite\",\"@id\":\"https:\/\/dev.monti.lt\/#website\",\"url\":\"https:\/\/dev.monti.lt\/\",\"name\":\"Montessori \u017eaislai\",\"description\":\"\",\"publisher\":{\"@id\":\"https:\/\/dev.monti.lt\/#organization\"},\"potentialAction\":[{\"@type\":\"SearchAction\",\"target\":{\"@type\":\"EntryPoint\",\"urlTemplate\":\"https:\/\/dev.monti.lt\/?s={search_term_string}\"},\"query-input\":\"required name=search_term_string\"}],\"inLanguage\":\"en-US\"},{\"@type\":\"Organization\",\"@id\":\"https:\/\/dev.monti.lt\/#organization\",\"name\":\"Montessori \u017eaislai\",\"url\":\"https:\/\/dev.monti.lt\/\",\"logo\":{\"@type\":\"ImageObject\",\"inLanguage\":\"en-US\",\"@id\":\"https:\/\/dev.monti.lt\/#\/schema\/logo\/image\/\",\"url\":\"https:\/\/dev.monti.lt\/wp-content\/uploads\/2022\/03\/montilogo-1.png\",\"contentUrl\":\"https:\/\/dev.monti.lt\/wp-content\/uploads\/2022\/03\/montilogo-1.png\",\"width\":512,\"height\":512,\"caption\":\"Montessori \u017eaislai\"},\"image\":{\"@id\":\"https:\/\/dev.monti.lt\/#\/schema\/logo\/image\/\"}}]}<\/script>\n<!-- \/ Yoast SEO plugin. -->","yoast_head_json":{"title":"\u017dvejybos \u017eaidimas \"Kat\u0117\" - Montessori \u017eaislai","robots":{"index":"noindex","follow":"follow","max-snippet":"max-snippet:-1","max-image-preview":"max-image-preview:large","max-video-preview":"max-video-preview:-1"},"og_locale":"en_US","og_type":"article","og_title":"\u017dvejybos \u017eaidimas \"Kat\u0117\" - Montessori \u017eaislai","og_description":"\u017daidime me\u0161kere reikia gaudyti \u017euvis ir sliekus. \u017daisdamas vaikas ne tik lavina aki\u0173 ir rank\u0173 koordinacij\u0105, bet ir ugdo kantryb\u0119, tikslum\u0105, rank\u0173 ir rie\u0161\u0173 raumenis. Be to, tai labai smagi popiet\u0117s veikla. Vaikas gali \u017eaisti su broliais ir seserimis arba su draugais, nes \u012f komplekt\u0105 \u012feina 2 me\u0161ker\u0117s. Pasibaigus \u017eaidimui, visas detales galima sud\u0117ti \u012f [&hellip;]","og_url":"https:\/\/dev.monti.lt\/en\/product\/zvejybos-zaidimas-kate\/","og_site_name":"Montessori \u017eaislai","article_modified_time":"2024-10-07T18:06:33+00:00","og_image":[{"width":800,"height":800,"url":"https:\/\/dev.monti.lt\/wp-content\/uploads\/2022\/10\/lowienie-rybek-gra-logiczna-zrecznosciowa-kotek-jhtoy-558-6.jpg","type":"image\/jpeg"}],"twitter_card":"summary_large_image","twitter_misc":{"Est. reading time":"1 minute"},"schema":{"@context":"https:\/\/schema.org","@graph":[{"@type":"WebPage","@id":"https:\/\/dev.monti.lt\/product\/zvejybos-zaidimas-kate\/","url":"https:\/\/dev.monti.lt\/product\/zvejybos-zaidimas-kate\/","name":"\u017dvejybos \u017eaidimas \"Kat\u0117\" - Montessori \u017eaislai","isPartOf":{"@id":"https:\/\/dev.monti.lt\/#website"},"primaryImageOfPage":{"@id":"https:\/\/dev.monti.lt\/product\/zvejybos-zaidimas-kate\/#primaryimage"},"image":{"@id":"https:\/\/dev.monti.lt\/product\/zvejybos-zaidimas-kate\/#primaryimage"},"thumbnailUrl":"https:\/\/dev.monti.lt\/wp-content\/uploads\/2022\/10\/lowienie-rybek-gra-logiczna-zrecznosciowa-kotek-jhtoy-558-6.jpg","datePublished":"2022-10-03T18:45:08+00:00","dateModified":"2024-10-07T18:06:33+00:00","breadcrumb":{"@id":"https:\/\/dev.monti.lt\/product\/zvejybos-zaidimas-kate\/#breadcrumb"},"inLanguage":"en-US","potentialAction":[{"@type":"ReadAction","target":["https:\/\/dev.monti.lt\/product\/zvejybos-zaidimas-kate\/"]}]},{"@type":"ImageObject","inLanguage":"en-US","@id":"https:\/\/dev.monti.lt\/product\/zvejybos-zaidimas-kate\/#primaryimage","url":"https:\/\/dev.monti.lt\/wp-content\/uploads\/2022\/10\/lowienie-rybek-gra-logiczna-zrecznosciowa-kotek-jhtoy-558-6.jpg","contentUrl":"https:\/\/dev.monti.lt\/wp-content\/uploads\/2022\/10\/lowienie-rybek-gra-logiczna-zrecznosciowa-kotek-jhtoy-558-6.jpg","width":800,"height":800,"caption":"montessori zvejybos zaidimas"},{"@type":"BreadcrumbList","@id":"https:\/\/dev.monti.lt\/product\/zvejybos-zaidimas-kate\/#breadcrumb","itemListElement":[{"@type":"ListItem","position":1,"name":"Home","item":"https:\/\/dev.monti.lt\/"},{"@type":"ListItem","position":2,"name":"Parduotuv\u0117","item":"https:\/\/dev.monti.lt\/shop\/"},{"@type":"ListItem","position":3,"name":"\u017dvejybos \u017eaidimas &#8220;Kat\u0117&#8221;"}]},{"@type":"WebSite","@id":"https:\/\/dev.monti.lt\/#website","url":"https:\/\/dev.monti.lt\/","name":"Montessori \u017eaislai","description":"","publisher":{"@id":"https:\/\/dev.monti.lt\/#organization"},"potentialAction":[{"@type":"SearchAction","target":{"@type":"EntryPoint","urlTemplate":"https:\/\/dev.monti.lt\/?s={search_term_string}"},"query-input":"required name=search_term_string"}],"inLanguage":"en-US"},{"@type":"Organization","@id":"https:\/\/dev.monti.lt\/#organization","name":"Montessori \u017eaislai","url":"https:\/\/dev.monti.lt\/","logo":{"@type":"ImageObject","inLanguage":"en-US","@id":"https:\/\/dev.monti.lt\/#\/schema\/logo\/image\/","url":"https:\/\/dev.monti.lt\/wp-content\/uploads\/2022\/03\/montilogo-1.png","contentUrl":"https:\/\/dev.monti.lt\/wp-content\/uploads\/2022\/03\/montilogo-1.png","width":512,"height":512,"caption":"Montessori \u017eaislai"},"image":{"@id":"https:\/\/dev.monti.lt\/#\/schema\/logo\/image\/"}}]}},"_links":{"self":[{"href":"https:\/\/dev.monti.lt\/en\/wp-json\/wp\/v2\/product\/10077"}],"collection":[{"href":"https:\/\/dev.monti.lt\/en\/wp-json\/wp\/v2\/product"}],"about":[{"href":"https:\/\/dev.monti.lt\/en\/wp-json\/wp\/v2\/types\/product"}],"version-history":[{"count":1,"href":"https:\/\/dev.monti.lt\/en\/wp-json\/wp\/v2\/product\/10077\/revisions"}],"predecessor-version":[{"id":10085,"href":"https:\/\/dev.monti.lt\/en\/wp-json\/wp\/v2\/product\/10077\/revisions\/10085"}],"wp:featuredmedia":[{"embeddable":true,"href":"https:\/\/dev.monti.lt\/en\/wp-json\/wp\/v2\/media\/10079"}],"wp:attachment":[{"href":"https:\/\/dev.monti.lt\/en\/wp-json\/wp\/v2\/media?parent=10077"}],"wp:term":[{"taxonomy":"product_cat","embeddable":true,"href":"https:\/\/dev.monti.lt\/en\/wp-json\/wp\/v2\/product_cat?post=10077"},{"taxonomy":"product_tag","embeddable":true,"href":"https:\/\/dev.monti.lt\/en\/wp-json\/wp\/v2\/product_tag?post=10077"}],"curies":[{"name":"wp","href":"https:\/\/api.w.org\/{rel}","templated":true}]}}