{"id":9,"date":"2022-03-14T14:08:45","date_gmt":"2022-03-14T14:08:45","guid":{"rendered":"https:\/\/dev.monti.lt\/?page_id=9"},"modified":"2024-02-15T20:11:42","modified_gmt":"2024-02-15T20:11:42","slug":"prekiu-grazinimas","status":"publish","type":"page","link":"https:\/\/dev.monti.lt\/en\/prekiu-grazinimas\/","title":{"rendered":"PREKI\u0172 GR\u0104\u017dINIMAS"},"content":{"rendered":"<div data-elementor-type=\"wp-page\" data-elementor-id=\"9\" class=\"elementor elementor-9\">\n\t\t\t\t\t\t<section class=\"elementor-section elementor-top-section elementor-element elementor-element-661bbee elementor-section-boxed elementor-section-height-default elementor-section-height-default\" data-id=\"661bbee\" data-element_type=\"section\">\n\t\t\t\t\t\t<div class=\"elementor-container elementor-column-gap-default\">\n\t\t\t\t\t<div class=\"elementor-column elementor-col-100 elementor-top-column elementor-element elementor-element-3d255e4f\" data-id=\"3d255e4f\" data-element_type=\"column\">\n\t\t\t<div class=\"elementor-widget-wrap elementor-element-populated\">\n\t\t\t\t\t\t<div class=\"elementor-element elementor-element-1ea291d4 elementor-widget elementor-widget-text-editor\" data-id=\"1ea291d4\" data-element_type=\"widget\" data-widget_type=\"text-editor.default\">\n\t\t\t\t<div class=\"elementor-widget-container\">\n\t\t\t\t\t\t\t<p><!-- wp:paragraph --><\/p>\n<p>1.Nekokybi\u0161k\u0173 preki\u0173 gr\u0105\u017einimas ir keitimas<\/p>\n<p>1.1.\u00a0Parduot\u0173 preki\u0173 tr\u016bkumai \u0161alinami, nekokybi\u0161kos prek\u0117s kei\u010diamos, gr\u0105\u017einamos, vadovaujantis Lietuvos Respublikos civilinio kodekso, Lietuvos Respublikos ma\u017emenin\u0117s prekybos taisykli\u0173 ir kit\u0173 teis\u0117s akt\u0173 nuostatomis, \u0161iose Taisykl\u0117se ir kitose\u00a0 Internetin\u0117s parduotuv\u0117s informacijos skiltyse nustatyta tvarka.<\/p>\n<p>1.2.\u00a0Norint gr\u0105\u017einti nekokybi\u0161kus \u017eaislus, Pirk\u0117jas tai turi padaryti per 7 darbo dienas nuo prek\u0117s pristatymo dienos ir apie tai informuoti Pardav\u0117j\u0105 el. pa\u0161tu labas@dev.monti.lt, nurodyti prek\u0117s tr\u016bkumus bei kartu pateikti \u012fsigijim\u0105 patvirtinant\u012f dokument\u0105. Tokiu atveju, preki\u0173 gr\u0105\u017einimo i\u0161laidas apmoka Pardav\u0117jas.<\/p>\n<p>1.3.\u00a0Jeigu Pirk\u0117jui buvo parduota netinkamos kokyb\u0117s prek\u0117 ir Pardav\u0117jas su Pirk\u0117ju neaptar\u0117 jos tr\u016bkum\u0173, Pirk\u0117jas per 14 dien\u0173 turi teis\u0119 savo pasirinkimu pareikalauti:<\/p>\n<p>1.3.1.\u00a0kad netinkamos kokyb\u0117s prek\u0117 b\u016bt\u0173 pakeista tinkamos kokyb\u0117s preke, i\u0161skyrus atvejus, kai tr\u016bkumai yra nedideli arba jie atsirado d\u0117l Pirk\u0117jo kalt\u0117s;<\/p>\n<p>1.3.2. kad b\u016bt\u0173 atitinkamai suma\u017einta prek\u0117s pirkimo kaina;<\/p>\n<p>1.3.3.\u00a0kad Pardav\u0117jas neatlygintinai per proting\u0105 termin\u0105 pa\u0161alint\u0173 prek\u0117s tr\u016bkumus arba atlygint\u0173 Pirk\u0117jo i\u0161laidas jiems i\u0161taisyti, jei tr\u016bkumus \u012fmanoma pa\u0161alinti;<\/p>\n<p>1.3.4.\u00a0gr\u0105\u017einti u\u017e prek\u0119 sumok\u0117tus pinigus ir atsisakyti Sutarties, kai netinkamos kokyb\u0117s prek\u0117s pardavimas yra esminis sutarties pa\u017eeidimas.<\/p>\n<p>1.4.\u00a0Nor\u0117damas pasinaudoti \u0161i\u0173 Taisykli\u0173 10.3. punkte apra\u0161yta teise, Pirk\u0117jas turi pateikti Pardav\u0117jui ra\u0161ti\u0161k\u0105 pra\u0161ym\u0105, kuriame nurodo prek\u0117s tr\u016bkumus ir Pirk\u0117jo pasirinkt\u0105 vien\u0105 i\u0161 \u0161i\u0173 Taisykli\u0173 10.3. punkto reikalavim\u0173. Prie pra\u0161ymo pridedama prek\u0117s pirkim\u0105 \u2013 pardavim\u0105 i\u0161 \u0161io Pardav\u0117jo patvirtinantis dokumentas ir garantinis dokumentas (jeigu parduotai prekei nustatytas kokyb\u0117s garantijos terminas).<\/p>\n<p>1.5.\u00a0Jeigu Pirk\u0117jas nepateikia\u00a0 prek\u0117s pirkim\u0105 \u2013 pardavim\u0105 i\u0161 Pardav\u0117jo patvirtinan\u010dio dokumento, prek\u0117 kei\u010diama arba vykdomi kiti Pirk\u0117jo nurodyti \u0161i\u0173 Taisykli\u0173 10.3. punkto reikalavimai tik Pardav\u0117jui sutikus.<\/p>\n<p>1.6.\u00a0Pretenzijos d\u0117l preki\u0173 kokyb\u0117s tr\u016bkum\u0173 pateikiamos Pardav\u0117jo Internetin\u0117s parduotuv\u0117s skyriuje \u201eKontaktai\u201c nurodytu el. pa\u0161tu. Prek\u0117s, d\u0117l kuri\u0173 teikiama pretenzija yra siun\u010diamos atgal Pardav\u0117jui adresu Prano Dovydai\u010dio g. 25-2 Vilnius.\u00a0 \u0160ias siuntimo i\u0161laidas apmoka Pardav\u0117jas.<\/p>\n<p>1.7.\u00a0Pardav\u0117jas prek\u0117s tr\u016bkumus turi pa\u0161alinti per proting\u0105 termin\u0105. \u0160is terminas priklauso nuo daikto pob\u016bd\u017eio, taisytin\u0173 tr\u016bkum\u0173 sud\u0117tingumo ir kit\u0173 aplinkybi\u0173, kurios kiekvienu atveju yra individualios.<\/p>\n<p>1.8.\u00a0Jeigu prek\u0117s tr\u016bkum\u0173 atsirado d\u0117l to, kad Pirk\u0117jas pa\u017eeid\u0117 prek\u0117s naudojimo, prie\u017ei\u016bros ar saugojimo taisykles, tokia prek\u0117 nekei\u010diama, neatlygintinai tr\u016bkumai ne\u0161alinami ir pinigai negr\u0105\u017einami.<\/p>\n<p>1.9.\u00a0\u00a0Jeigu Pardav\u0117jas pakei\u010dia prek\u0119 ar jos komplektuojam\u0105j\u0105 detal\u0119 per nustatyt\u0105 kokyb\u0117s garantijos termin\u0105, naujai prekei ar jos komplektuojamajai detalei taikomas garantijos terminas, nustatytas pirmai prekei ar jos komplektuojamajai detalei.<\/p>\n<p>1.10. D\u0117l Pirk\u0117jo kalt\u0117s atsiradusius tr\u016bkumus ar pa\u017eeidimus Pardav\u0117jas gali \u0161alinti Pirk\u0117jo s\u0105skaita pagal Pardav\u0117jo ir Pirk\u0117jo suderintus \u012fkainius.<\/p>\n<ol start=\"2\">\n<li>Kokybi\u0161k\u0173 preki\u0173 gr\u0105\u017einimas<\/li>\n<\/ol>\n<p>2.1.\u00a0Kokybi\u0161k\u0173 preki\u0173 gr\u0105\u017einimas ir keitimas vykdomas, vadovaujantis Lietuvos Respublikos civilinio kodekso, Lietuvos Respublikos ma\u017emenin\u0117s prekybos taisykli\u0173 ir kit\u0173 teis\u0117s akt\u0173 nuostatomis, \u0161iose Taisykl\u0117se ir kitose\u00a0 Internetin\u0117s parduotuv\u0117s informacijos skiltyse nustatyta tvarka.<\/p>\n<p>2.2.\u00a0Pirk\u0117jas neturi teis\u0117s gr\u0105\u017einti kokybi\u0161k\u0173 preki\u0173, kuriomis Pirk\u0117jas naudojosi, jas sugadino, pa\u017eeid\u0117 pakuot\u0119 ar d\u0117l kit\u0173 pirk\u0117jo atlikt\u0173 veiksm\u0173 prek\u0117s prarado prekin\u0119 i\u0161vaizd\u0105.<\/p>\n<p>2.3.\u00a0Prek\u0117s laikomos kokybi\u0161komis, jei n\u0117ra pasibaig\u0119s j\u0173 galiojimo terminas, preki\u0173 sud\u0117tyje n\u0117ra teis\u0117s aktais draud\u017eiam\u0173 sudedam\u0173j\u0173 med\u017eiag\u0173, d\u0117l netinkam\u0173 laikymo s\u0105lyg\u0173 iki preki\u0173 perdavimo Pirk\u0117jui n\u0117ra pakitusi preki\u0173 konsistencija ar kitos esmin\u0117s ypatyb\u0117s, prek\u0117s n\u0117ra pa\u017eeistos mechani\u0161kai, n\u0117ra pa\u017eeistos j\u0173 pakuot\u0117s ar n\u0117ra kit\u0173 preki\u0173 kokyb\u0117s tr\u016bkum\u0173.<\/p>\n<p>2.4.\u00a0Pirk\u0117jas turi teis\u0119 atsisakyti Sutarties, prane\u0161damas apie tai Pardav\u0117jui ra\u0161tu (elektroniniu pa\u0161tu, nurodant pageidaujam\u0105 gr\u0105\u017einti prek\u0119 ir jos u\u017esakymo numer\u012f) ne v\u0117liau kaip per 30 (trisde\u0161imt) dien\u0173 nuo daikto pristatymo dienos.<\/p>\n<p>2.5.\u00a0Nurodyta 11.4. punkte teise gali pasinaudoti tik vartotojas \u2013 fizinis asmuo, sudarantis pirkimo \u2013 pardavimo sutart\u012f (perkantis prek\u0119) su savo verslu, prekyba, amatu ar profesija nesusijusiais tikslais (t. y. vartotojo asmeniniams, \u0161eimos, nam\u0173 \u016bkio poreikiams tenkinti).<\/p>\n<p>2.6.\u00a0Pirk\u0117jas neturi teis\u0117s pasinaudoti 11.4. punkte nurodyta teise atsisakyti Sutarties, jeigu Sutartis buvo sudaryta d\u0117l preki\u0173, kurios buvo gaminamos pagal pirk\u0117jo specialius nurodymus (\u0161ios prek\u0117s n\u0117ra i\u0161 anksto pagamintos ir yra gaminamos, atsi\u017evelgiant \u012f vartotojo asmenin\u012f pasirinkim\u0105 ar nurodym\u0105) arba d\u0117l preki\u0173, kurios yra ai\u0161kiai pritaikytos vartotojo asmenin\u0117ms reikm\u0117ms.<\/p>\n<p>2.7.\u00a0\u00a0Kiekvienai prekei taikomos gr\u0105\u017einimo s\u0105lygos apra\u0161ytos Internetin\u0117s parduotuv\u0117s kiekvienos prek\u0117s puslapio skyriuje \u201eGr\u0105\u017einimas\u201c.<\/p>\n<p>2.8.\u00a0Pirk\u0117jui gr\u0105\u017einant kokybi\u0161kas prekes, b\u016btina laikytis \u0161i\u0173 s\u0105lyg\u0173:<\/p>\n<p>2.8.1.\u00a0\u00a0gr\u0105\u017einama prek\u0117 turi b\u016bti originalioje tvarkingoje pakuot\u0117je;<\/p>\n<p>2.8.2.\u00a0 prek\u0117 turi b\u016bti Pirk\u0117jo nenaudota, nesugadinta;<\/p>\n<p>2.8.3.\u00a0 prek\u0117 turi b\u016bti nepraradusi prekin\u0117s i\u0161vaizdos (nepa\u017eeistos etiket\u0117s, nenupl\u0117\u0161tos apsaugin\u0117s pl\u0117vel\u0117s ir kt.). Daikto ar jo pakuot\u0117s i\u0161vaizdos pakeitimai, kurie buvo b\u016btini, norint ap\u017ei\u016br\u0117ti gaut\u0105 daikt\u0105, negali b\u016bti vertinami kaip esminiai daikto i\u0161vaizdos pakeitimai. Kai kyla gin\u010das d\u0117l daikto i\u0161vaizdos, gali b\u016bti skiriama ekspertiz\u0117. Jos i\u0161laidas apmoka kaltoji \u0161alis;<\/p>\n<p>2.8.4.\u00a0\u00a0gr\u0105\u017einama prek\u0117 turi b\u016bti tos pa\u010dios komplektacijos, kokios buvo Pirk\u0117jo gauta;<\/p>\n<p>2.8.5.\u00a0gr\u0105\u017einant prek\u0119, b\u016btina pateikti jos \u012fsigijimo dokument\u0105, garantin\u012f talon\u0105 (jei jis buvo atskirai i\u0161duotas) ir u\u017epildyt\u0105 prek\u0117s gr\u0105\u017einimo dokument\u0105, kuris pateikiamas Pirk\u0117jui kartu su preke;<\/p>\n<p>2.8.6.\u00a0\u00a0Pardav\u0117jas turi teis\u0119 nepriimti Pirk\u0117jo gr\u0105\u017einam\u0173 preki\u0173, jei Pirk\u0117jas nesilaiko \u0161iame straipsnyje nustatytos preki\u0173 gr\u0105\u017einimo tvarkos.<\/p>\n<p>2.9.\u00a0\u00a0Gr\u0105\u017einamas kokybi\u0161kas prekes Pirk\u0117jas turi i\u0161si\u0173sti adresu Prano Dovydai\u010dio g. 25-2 Vilnius.<\/p>\n<p>2.10. Pirk\u0117jui \u012fgyvendinus teis\u0119 atsisakyti Sutarties, pasibaigia \u0161ali\u0173 pareigos vykdyti Sutart\u012f. Pardav\u0117jas nedelsdamas ir ne v\u0117liau kaip per keturiolika dien\u0173 nuo tos dienos, kuri\u0105 jis gavo Pirk\u0117jo prane\u0161im\u0105 apie sutarties atsisakym\u0105, gr\u0105\u017eina Pirk\u0117jui visas \u0161io sumok\u0117tas sumas, \u012fskaitant Pirk\u0117jo apmok\u0117tas preki\u0173 pristatymo i\u0161laidas. Gr\u0105\u017eindamas Pirk\u0117jui visas sumok\u0117tas sumas, Pardav\u0117jas naudoja tok\u012f pat mok\u0117jimo b\u016bd\u0105, kok\u012f naudojo Pirk\u0117jas mok\u0117damas Pardav\u0117jui, nebent Pirk\u0117jas ai\u0161kiai sutiko d\u0117l kitokio b\u016bdo.<\/p>\n<p>2.11. Pardav\u0117jas neprivalo gr\u0105\u017einti Pirk\u0117jui papildom\u0173 i\u0161laid\u0173, kurios susidar\u0117 d\u0117l to, kad Pirk\u0117jas ai\u0161kiai pasirinko kit\u0105, negu Pardav\u0117jo pasi\u016blytas pigiausias \u012fprastinis pristatymo b\u016bdas.<\/p>\n<p>2.12. Pardav\u0117jas turi teis\u0119 negr\u0105\u017einti Pirk\u0117jui jo sumok\u0117t\u0173 sum\u0173 tol, kol prek\u0117s negr\u0105\u017eintos Pardav\u0117jui.<\/p>\n<p>2.13. Pirk\u0117jas nedelsdamas ir ne v\u0117liau kaip per keturiolika dien\u0173 nuo prane\u0161imo apie sutarties atsisakym\u0105 pateikimo Pardav\u0117jui dienos turi i\u0161si\u0173sti arba perduoti prekes Pardav\u0117jui arba kitam jo \u012fgaliotam asmeniui.<\/p>\n<p>2.14. Jei Pirk\u0117jas nori atsisakyti Sutarties, remiantis\u00a012.4 punkte numatyta teise, Pirk\u0117jui tenka preki\u0173 gr\u0105\u017einimo i\u0161laidos.<\/p>\n<ol start=\"3\">\n<li>Dovan\u0173 kupono gr\u0105\u017einimas<\/li>\n<\/ol>\n<p>3.1. Pardav\u0117jas pa\u017eymi, jog pinigai u\u017e Dovan\u0173 kupon\u0105 yra negr\u0105\u017einami, i\u0161skyrus, kai Pirk\u0117jas, \u012fsigij\u0119s Dovan\u0173 kupon\u0105 nuotoliniu b\u016bdu (t. y. Pardav\u0117jo internetin\u0117je parduotuv\u0117je) atsisako sutarties (t. y. gr\u0105\u017eina \u012fsigyt\u0105 ir nepanaudot\u0105 Dovan\u0173 kupon\u0105) per 14 (keturiolika) dien\u0173 nuo Dovan\u0173 kupono \u012fsigijimo dienos gr\u0105\u017einti ir atgauti sumok\u0117t\u0105 kain\u0105, vadovaujantis Lietuvos Respublikos civilinio kodekso 6.228(10) straipsniu. Pirk\u0117jui panaudojus Dovan\u0173 kupon\u0105, jis jokiais atvejais negr\u0105\u017einamas.<\/p>\n<p>3.2. Gr\u0105\u017einus prek\u0119, pirkt\u0105 panaudojant Dovan\u0173 kupon\u0105, gr\u0105\u017einimas klientui atliekamas tokios pa\u010dios vert\u0117s dovan\u0173 kuponu, u\u017e kuri\u0105 prek\u0117 buvo pirkta. Jei buvo padaryta priemoka, tada priemoka gr\u0105\u017einama klientui \u012f banko s\u0105skait\u0105.<\/p>\n<p>3.3. Pra\u0161ym\u0105 d\u0117l pinig\u0173, sumok\u0117t\u0173 u\u017e Dovan\u0173 kupon\u0105, gr\u0105\u017einimo gali pateikti\u00a0 tik pirk\u0117jas, pateik\u0119s mok\u0117jim\u0105 patvirtinant\u012f dokument\u0105 ar jo kopij\u0105. Pra\u0161ymas su priedais teikiamas el.pa\u0161tu <a href=\"mailto:labas@dev.monti.lt\">labas@dev.monti.lt<\/a>.<\/p>\n<p><!-- \/wp:paragraph --><\/p>\t\t\t\t\t\t<\/div>\n\t\t\t\t<\/div>\n\t\t\t\t\t<\/div>\n\t\t<\/div>\n\t\t\t\t\t<\/div>\n\t\t<\/section>\n\t\t\t\t<\/div>","protected":false},"excerpt":{"rendered":"<p>1.Nekokybi\u0161k\u0173 preki\u0173 gr\u0105\u017einimas ir keitimas 1.1.\u00a0Parduot\u0173 preki\u0173 tr\u016bkumai \u0161alinami, nekokybi\u0161kos prek\u0117s kei\u010diamos, gr\u0105\u017einamos, vadovaujantis Lietuvos Respublikos civilinio kodekso, Lietuvos Respublikos ma\u017emenin\u0117s prekybos taisykli\u0173 ir kit\u0173 teis\u0117s akt\u0173 nuostatomis, \u0161iose Taisykl\u0117se ir kitose\u00a0 Internetin\u0117s parduotuv\u0117s informacijos skiltyse nustatyta tvarka. 1.2.\u00a0Norint gr\u0105\u017einti nekokybi\u0161kus \u017eaislus, Pirk\u0117jas tai turi padaryti per 7 darbo dienas nuo prek\u0117s pristatymo dienos ir [&hellip;]<\/p>","protected":false},"author":1,"featured_media":0,"parent":0,"menu_order":0,"comment_status":"closed","ping_status":"closed","template":"","meta":{"iawp_total_views":30,"footnotes":""},"class_list":["post-9","page","type-page","status-publish","hentry"],"yoast_head":"<!-- This site is optimized with the Yoast SEO plugin v23.3 - https:\/\/yoast.com\/wordpress\/plugins\/seo\/ -->\n<title>PREKI\u0172 GR\u0104\u017dINIMAS - Montessori \u017eaislai<\/title>\n<meta name=\"robots\" content=\"noindex, follow, max-snippet:-1, max-image-preview:large, max-video-preview:-1\" \/>\n<meta property=\"og:locale\" content=\"en_US\" \/>\n<meta property=\"og:type\" content=\"article\" \/>\n<meta property=\"og:title\" content=\"PREKI\u0172 GR\u0104\u017dINIMAS - Montessori \u017eaislai\" \/>\n<meta property=\"og:description\" content=\"1.Nekokybi\u0161k\u0173 preki\u0173 gr\u0105\u017einimas ir keitimas 1.1.\u00a0Parduot\u0173 preki\u0173 tr\u016bkumai \u0161alinami, nekokybi\u0161kos prek\u0117s kei\u010diamos, gr\u0105\u017einamos, vadovaujantis Lietuvos Respublikos civilinio kodekso, Lietuvos Respublikos ma\u017emenin\u0117s prekybos taisykli\u0173 ir kit\u0173 teis\u0117s akt\u0173 nuostatomis, \u0161iose Taisykl\u0117se ir kitose\u00a0 Internetin\u0117s parduotuv\u0117s informacijos skiltyse nustatyta tvarka. 1.2.\u00a0Norint gr\u0105\u017einti nekokybi\u0161kus \u017eaislus, Pirk\u0117jas tai turi padaryti per 7 darbo dienas nuo prek\u0117s pristatymo dienos ir [&hellip;]\" \/>\n<meta property=\"og:url\" content=\"https:\/\/dev.monti.lt\/en\/prekiu-grazinimas\/\" \/>\n<meta property=\"og:site_name\" content=\"Montessori \u017eaislai\" \/>\n<meta property=\"article:modified_time\" content=\"2024-02-15T20:11:42+00:00\" \/>\n<meta name=\"twitter:card\" content=\"summary_large_image\" \/>\n<meta name=\"twitter:label1\" content=\"Est. reading time\" \/>\n\t<meta name=\"twitter:data1\" content=\"6 minutes\" \/>\n<script type=\"application\/ld+json\" class=\"yoast-schema-graph\">{\"@context\":\"https:\/\/schema.org\",\"@graph\":[{\"@type\":\"WebPage\",\"@id\":\"https:\/\/dev.monti.lt\/prekiu-grazinimas\/\",\"url\":\"https:\/\/dev.monti.lt\/prekiu-grazinimas\/\",\"name\":\"PREKI\u0172 GR\u0104\u017dINIMAS - Montessori \u017eaislai\",\"isPartOf\":{\"@id\":\"https:\/\/dev.monti.lt\/#website\"},\"datePublished\":\"2022-03-14T14:08:45+00:00\",\"dateModified\":\"2024-02-15T20:11:42+00:00\",\"breadcrumb\":{\"@id\":\"https:\/\/dev.monti.lt\/prekiu-grazinimas\/#breadcrumb\"},\"inLanguage\":\"en-US\",\"potentialAction\":[{\"@type\":\"ReadAction\",\"target\":[\"https:\/\/dev.monti.lt\/prekiu-grazinimas\/\"]}]},{\"@type\":\"BreadcrumbList\",\"@id\":\"https:\/\/dev.monti.lt\/prekiu-grazinimas\/#breadcrumb\",\"itemListElement\":[{\"@type\":\"ListItem\",\"position\":1,\"name\":\"Home\",\"item\":\"https:\/\/dev.monti.lt\/\"},{\"@type\":\"ListItem\",\"position\":2,\"name\":\"PREKI\u0172 GR\u0104\u017dINIMAS\"}]},{\"@type\":\"WebSite\",\"@id\":\"https:\/\/dev.monti.lt\/#website\",\"url\":\"https:\/\/dev.monti.lt\/\",\"name\":\"Montessori \u017eaislai\",\"description\":\"\",\"publisher\":{\"@id\":\"https:\/\/dev.monti.lt\/#organization\"},\"potentialAction\":[{\"@type\":\"SearchAction\",\"target\":{\"@type\":\"EntryPoint\",\"urlTemplate\":\"https:\/\/dev.monti.lt\/?s={search_term_string}\"},\"query-input\":\"required name=search_term_string\"}],\"inLanguage\":\"en-US\"},{\"@type\":\"Organization\",\"@id\":\"https:\/\/dev.monti.lt\/#organization\",\"name\":\"Montessori \u017eaislai\",\"url\":\"https:\/\/dev.monti.lt\/\",\"logo\":{\"@type\":\"ImageObject\",\"inLanguage\":\"en-US\",\"@id\":\"https:\/\/dev.monti.lt\/#\/schema\/logo\/image\/\",\"url\":\"https:\/\/dev.monti.lt\/wp-content\/uploads\/2022\/03\/montilogo-1.png\",\"contentUrl\":\"https:\/\/dev.monti.lt\/wp-content\/uploads\/2022\/03\/montilogo-1.png\",\"width\":512,\"height\":512,\"caption\":\"Montessori \u017eaislai\"},\"image\":{\"@id\":\"https:\/\/dev.monti.lt\/#\/schema\/logo\/image\/\"}}]}<\/script>\n<!-- \/ Yoast SEO plugin. -->","yoast_head_json":{"title":"PREKI\u0172 GR\u0104\u017dINIMAS - Montessori \u017eaislai","robots":{"index":"noindex","follow":"follow","max-snippet":"max-snippet:-1","max-image-preview":"max-image-preview:large","max-video-preview":"max-video-preview:-1"},"og_locale":"en_US","og_type":"article","og_title":"PREKI\u0172 GR\u0104\u017dINIMAS - Montessori \u017eaislai","og_description":"1.Nekokybi\u0161k\u0173 preki\u0173 gr\u0105\u017einimas ir keitimas 1.1.\u00a0Parduot\u0173 preki\u0173 tr\u016bkumai \u0161alinami, nekokybi\u0161kos prek\u0117s kei\u010diamos, gr\u0105\u017einamos, vadovaujantis Lietuvos Respublikos civilinio kodekso, Lietuvos Respublikos ma\u017emenin\u0117s prekybos taisykli\u0173 ir kit\u0173 teis\u0117s akt\u0173 nuostatomis, \u0161iose Taisykl\u0117se ir kitose\u00a0 Internetin\u0117s parduotuv\u0117s informacijos skiltyse nustatyta tvarka. 1.2.\u00a0Norint gr\u0105\u017einti nekokybi\u0161kus \u017eaislus, Pirk\u0117jas tai turi padaryti per 7 darbo dienas nuo prek\u0117s pristatymo dienos ir [&hellip;]","og_url":"https:\/\/dev.monti.lt\/en\/prekiu-grazinimas\/","og_site_name":"Montessori \u017eaislai","article_modified_time":"2024-02-15T20:11:42+00:00","twitter_card":"summary_large_image","twitter_misc":{"Est. reading time":"6 minutes"},"schema":{"@context":"https:\/\/schema.org","@graph":[{"@type":"WebPage","@id":"https:\/\/dev.monti.lt\/prekiu-grazinimas\/","url":"https:\/\/dev.monti.lt\/prekiu-grazinimas\/","name":"PREKI\u0172 GR\u0104\u017dINIMAS - Montessori \u017eaislai","isPartOf":{"@id":"https:\/\/dev.monti.lt\/#website"},"datePublished":"2022-03-14T14:08:45+00:00","dateModified":"2024-02-15T20:11:42+00:00","breadcrumb":{"@id":"https:\/\/dev.monti.lt\/prekiu-grazinimas\/#breadcrumb"},"inLanguage":"en-US","potentialAction":[{"@type":"ReadAction","target":["https:\/\/dev.monti.lt\/prekiu-grazinimas\/"]}]},{"@type":"BreadcrumbList","@id":"https:\/\/dev.monti.lt\/prekiu-grazinimas\/#breadcrumb","itemListElement":[{"@type":"ListItem","position":1,"name":"Home","item":"https:\/\/dev.monti.lt\/"},{"@type":"ListItem","position":2,"name":"PREKI\u0172 GR\u0104\u017dINIMAS"}]},{"@type":"WebSite","@id":"https:\/\/dev.monti.lt\/#website","url":"https:\/\/dev.monti.lt\/","name":"Montessori \u017eaislai","description":"","publisher":{"@id":"https:\/\/dev.monti.lt\/#organization"},"potentialAction":[{"@type":"SearchAction","target":{"@type":"EntryPoint","urlTemplate":"https:\/\/dev.monti.lt\/?s={search_term_string}"},"query-input":"required name=search_term_string"}],"inLanguage":"en-US"},{"@type":"Organization","@id":"https:\/\/dev.monti.lt\/#organization","name":"Montessori \u017eaislai","url":"https:\/\/dev.monti.lt\/","logo":{"@type":"ImageObject","inLanguage":"en-US","@id":"https:\/\/dev.monti.lt\/#\/schema\/logo\/image\/","url":"https:\/\/dev.monti.lt\/wp-content\/uploads\/2022\/03\/montilogo-1.png","contentUrl":"https:\/\/dev.monti.lt\/wp-content\/uploads\/2022\/03\/montilogo-1.png","width":512,"height":512,"caption":"Montessori \u017eaislai"},"image":{"@id":"https:\/\/dev.monti.lt\/#\/schema\/logo\/image\/"}}]}},"_links":{"self":[{"href":"https:\/\/dev.monti.lt\/en\/wp-json\/wp\/v2\/pages\/9"}],"collection":[{"href":"https:\/\/dev.monti.lt\/en\/wp-json\/wp\/v2\/pages"}],"about":[{"href":"https:\/\/dev.monti.lt\/en\/wp-json\/wp\/v2\/types\/page"}],"author":[{"embeddable":true,"href":"https:\/\/dev.monti.lt\/en\/wp-json\/wp\/v2\/users\/1"}],"replies":[{"embeddable":true,"href":"https:\/\/dev.monti.lt\/en\/wp-json\/wp\/v2\/comments?post=9"}],"version-history":[{"count":6,"href":"https:\/\/dev.monti.lt\/en\/wp-json\/wp\/v2\/pages\/9\/revisions"}],"predecessor-version":[{"id":22019,"href":"https:\/\/dev.monti.lt\/en\/wp-json\/wp\/v2\/pages\/9\/revisions\/22019"}],"wp:attachment":[{"href":"https:\/\/dev.monti.lt\/en\/wp-json\/wp\/v2\/media?parent=9"}],"curies":[{"name":"wp","href":"https:\/\/api.w.org\/{rel}","templated":true}]}}