{"id":1004,"date":"2020-10-09T13:39:05","date_gmt":"2020-10-09T13:39:05","guid":{"rendered":"http:\/\/shoptimizer.local\/?page_id=848"},"modified":"2024-10-20T20:50:07","modified_gmt":"2024-10-20T20:50:07","slug":"about","status":"publish","type":"page","link":"https:\/\/dev.monti.lt\/en\/about\/","title":{"rendered":"Apie mus"},"content":{"rendered":"<p><style>\/*! elementor - v3.5.6 - 28-02-2022 *\/<br \/>\n.elementor-heading-title{padding:0;margin:0;line-height:1}.elementor-widget-heading .elementor-heading-title[class*=elementor-size-]>a{color:inherit;font-size:inherit;line-height:inherit}.elementor-widget-heading .elementor-heading-title.elementor-size-small{font-size:15px}.elementor-widget-heading .elementor-heading-title.elementor-size-medium{font-size:19px}.elementor-widget-heading .elementor-heading-title.elementor-size-large{font-size:29px}.elementor-widget-heading .elementor-heading-title.elementor-size-xl{font-size:39px}.elementor-widget-heading .elementor-heading-title.elementor-size-xxl{font-size:59px}<\/style><\/p>\n<h1>Apie mus<\/h1>\n<p>Esame dvi ma\u017e\u0173 vaiku\u010di\u0173 mamos, susid\u016brusios su problema ie\u0161kant kitoki\u0173, \u012fdomi\u0173 \u017eaisl\u0173 vaikams. Visapusi\u0161kai lavinan\u010di\u0173 ir \u012ftraukian\u010di\u0173 vaikus. Taip gim\u0117 dev.monti.lt su meile atrinkti ir patikrinti \u017eaislai, leid\u017eiantys pa\u017einti pasaul\u012f \u017eaid\u017eiant.<\/p>\n<p><style>\/*! elementor - v3.5.6 - 28-02-2022 *\/<br \/>\n.elementor-widget-image{text-align:center}.elementor-widget-image a{display:inline-block}.elementor-widget-image a img[src$=\".svg\"]{width:48px}.elementor-widget-image img{vertical-align:middle;display:inline-block}<\/style><\/p>\n<p><img fetchpriority=\"high\" decoding=\"async\" src=\"https:\/\/dev.monti.lt\/wp-content\/uploads\/2022\/03\/Picture1.png\" sizes=\"(max-width: 360px) 147px, (max-width: 665px) 100vw, 665px\" srcset=\"https:\/\/dev.monti.lt\/wp-content\/uploads\/2022\/03\/Picture1.png 665w, https:\/\/dev.monti.lt\/wp-content\/uploads\/2022\/03\/Picture1-300x140.png 300w, https:\/\/dev.monti.lt\/wp-content\/uploads\/2022\/03\/Picture1-18x8.png 18w, https:\/\/dev.monti.lt\/wp-content\/uploads\/2022\/03\/Picture1-441x206.png 441w, https:\/\/dev.monti.lt\/wp-content\/uploads\/2022\/03\/Picture1-150x70.png 150w\" alt=\"\" width=\"665\" height=\"311\" \/><\/p>\n<h2>Vertyb\u0117s<\/h2>\n<p>Mums, kaip mamoms, svarbiausia vaiko laim\u0117 ir jo tobul\u0117jimas. Did\u017eiausi\u0105 d\u0117mes\u012f skiriame lavinamiesiems \u017eaislams, kuri\u0173 d\u0117ka vaikas lavina smulki\u0105j\u0105 motorik\u0105, kalbinius \u012fg\u016bd\u017eius, atmint\u012f, mokosi pa\u017einti spalvas, skai\u010dius ir raides bei vis\u0105 pasaul\u012f.<\/p>\n<p><img decoding=\"async\" src=\"https:\/\/dev.monti.lt\/wp-content\/uploads\/2022\/03\/Picture2.png\" sizes=\"(max-width: 360px) 147px, (max-width: 665px) 100vw, 665px\" srcset=\"https:\/\/dev.monti.lt\/wp-content\/uploads\/2022\/03\/Picture2.png 665w, https:\/\/dev.monti.lt\/wp-content\/uploads\/2022\/03\/Picture2-300x148.png 300w, https:\/\/dev.monti.lt\/wp-content\/uploads\/2022\/03\/Picture2-18x9.png 18w, https:\/\/dev.monti.lt\/wp-content\/uploads\/2022\/03\/Picture2-441x218.png 441w, https:\/\/dev.monti.lt\/wp-content\/uploads\/2022\/03\/Picture2-150x74.png 150w\" alt=\"\" width=\"665\" height=\"328\" \/><br \/><img decoding=\"async\" src=\"https:\/\/dev.monti.lt\/wp-content\/uploads\/2022\/03\/Picture3.png\" sizes=\"(max-width: 360px) 147px, (max-width: 665px) 100vw, 665px\" srcset=\"https:\/\/dev.monti.lt\/wp-content\/uploads\/2022\/03\/Picture3.png 665w, https:\/\/dev.monti.lt\/wp-content\/uploads\/2022\/03\/Picture3-300x150.png 300w, https:\/\/dev.monti.lt\/wp-content\/uploads\/2022\/03\/Picture3-18x9.png 18w, https:\/\/dev.monti.lt\/wp-content\/uploads\/2022\/03\/Picture3-441x221.png 441w, https:\/\/dev.monti.lt\/wp-content\/uploads\/2022\/03\/Picture3-150x75.png 150w\" alt=\"\" width=\"665\" height=\"333\" \/><\/p>\n<h2>Naujov\u0117s<\/h2>\n<p>Nuolat giliname \u017einias bei domim\u0117s naujomis tendencijomis. \u0160iuo metu populiar\u0117jant Montessori metodologijai, didel\u012f d\u0117mes\u012f skiriame, b\u016btent \u0161iai metodologijai tinkamais \u017eaislai. Vaik\u0173 savaranki\u0161kumo ugdymas ir \u012fvairus \u017eaislo panaudojimo b\u016bdas, b\u016bdingi aspektai \u0161iai metodologijai. Monti.lt internetin\u0117j\u0117 parduotuv\u0117je ne tik i\u0161srinksite \u017eaislus, bet ir susipa\u017einsite su naudingais straipsniais, skirtais vaik\u0173 ugdymui.<\/p><h2 class=\"wp-block-heading\" id=\"partneryst\u0117s_programa\">Partneryst\u0117s programa<\/h2><p>D\u0117l bendradarbiavimo susisiekti el.pa\u0161tu\u00a0<a href=\"mailto:labas@dev.monti.lt\">labas@dev.monti.lt<\/a><\/p>","protected":false},"excerpt":{"rendered":"<p>Apie mus Esame dvi ma\u017e\u0173 vaiku\u010di\u0173 mamos, susid\u016brusios su problema ie\u0161kant kitoki\u0173, \u012fdomi\u0173 \u017eaisl\u0173 vaikams. Visapusi\u0161kai lavinan\u010di\u0173 ir \u012ftraukian\u010di\u0173 vaikus. Taip gim\u0117 dev.monti.lt su meile atrinkti ir patikrinti \u017eaislai, leid\u017eiantys pa\u017einti pasaul\u012f \u017eaid\u017eiant. Vertyb\u0117s Mums, kaip mamoms, svarbiausia vaiko laim\u0117 ir jo tobul\u0117jimas. Did\u017eiausi\u0105 d\u0117mes\u012f skiriame lavinamiesiems \u017eaislams, kuri\u0173 d\u0117ka vaikas lavina smulki\u0105j\u0105 motorik\u0105, kalbinius [&hellip;]<\/p>","protected":false},"author":1,"featured_media":0,"parent":0,"menu_order":0,"comment_status":"closed","ping_status":"closed","template":"template-fullwidth-no-heading.php","meta":{"iawp_total_views":345,"footnotes":""},"class_list":["post-1004","page","type-page","status-publish","hentry"],"yoast_head":"<!-- This site is optimized with the Yoast SEO plugin v23.3 - https:\/\/yoast.com\/wordpress\/plugins\/seo\/ -->\n<title>Apie mus<\/title>\n<meta name=\"description\" content=\"Esame dvi ma\u017e\u0173 vaiku\u010di\u0173 mamos, susid\u016brusios su problema ie\u0161kant kitoki\u0173, \u012fdomi\u0173 \u017eaisl\u0173 vaikams. Visapusi\u0161kai lavinan\u010di\u0173 ir \u012ftraukian\u010di\u0173 vaikus. Taip gim\u0117 dev.monti.lt su meile atrinkti ir patikrinti \u017eaislai, leid\u017eiantys pa\u017einti pasaul\u012f \u017eaid\u017eiant.\" \/>\n<meta name=\"robots\" content=\"noindex, follow, max-snippet:-1, max-image-preview:large, max-video-preview:-1\" \/>\n<meta property=\"og:locale\" content=\"en_US\" \/>\n<meta property=\"og:type\" content=\"article\" \/>\n<meta property=\"og:title\" content=\"Apie mus\" \/>\n<meta property=\"og:description\" content=\"Esame dvi ma\u017e\u0173 vaiku\u010di\u0173 mamos, susid\u016brusios su problema ie\u0161kant kitoki\u0173, \u012fdomi\u0173 \u017eaisl\u0173 vaikams. Visapusi\u0161kai lavinan\u010di\u0173 ir \u012ftraukian\u010di\u0173 vaikus. Taip gim\u0117 dev.monti.lt su meile atrinkti ir patikrinti \u017eaislai, leid\u017eiantys pa\u017einti pasaul\u012f \u017eaid\u017eiant.\" \/>\n<meta property=\"og:url\" content=\"https:\/\/dev.monti.lt\/en\/about\/\" \/>\n<meta property=\"og:site_name\" content=\"Montessori \u017eaislai\" \/>\n<meta property=\"article:modified_time\" content=\"2024-10-20T20:50:07+00:00\" \/>\n<meta property=\"og:image\" content=\"https:\/\/dev.monti.lt\/wp-content\/uploads\/2022\/03\/Picture1.png\" \/>\n<meta name=\"twitter:card\" content=\"summary_large_image\" \/>\n<meta name=\"twitter:label1\" content=\"Est. reading time\" \/>\n\t<meta name=\"twitter:data1\" content=\"2 minutes\" \/>\n<script type=\"application\/ld+json\" class=\"yoast-schema-graph\">{\"@context\":\"https:\/\/schema.org\",\"@graph\":[{\"@type\":\"WebPage\",\"@id\":\"https:\/\/dev.monti.lt\/about\/\",\"url\":\"https:\/\/dev.monti.lt\/about\/\",\"name\":\"Apie mus\",\"isPartOf\":{\"@id\":\"https:\/\/dev.monti.lt\/#website\"},\"primaryImageOfPage\":{\"@id\":\"https:\/\/dev.monti.lt\/about\/#primaryimage\"},\"image\":{\"@id\":\"https:\/\/dev.monti.lt\/about\/#primaryimage\"},\"thumbnailUrl\":\"https:\/\/dev.monti.lt\/wp-content\/uploads\/2022\/03\/Picture1.png\",\"datePublished\":\"2020-10-09T13:39:05+00:00\",\"dateModified\":\"2024-10-20T20:50:07+00:00\",\"description\":\"Esame dvi ma\u017e\u0173 vaiku\u010di\u0173 mamos, susid\u016brusios su problema ie\u0161kant kitoki\u0173, \u012fdomi\u0173 \u017eaisl\u0173 vaikams. Visapusi\u0161kai lavinan\u010di\u0173 ir \u012ftraukian\u010di\u0173 vaikus. Taip gim\u0117 dev.monti.lt su meile atrinkti ir patikrinti \u017eaislai, leid\u017eiantys pa\u017einti pasaul\u012f \u017eaid\u017eiant.\",\"breadcrumb\":{\"@id\":\"https:\/\/dev.monti.lt\/about\/#breadcrumb\"},\"inLanguage\":\"en-US\",\"potentialAction\":[{\"@type\":\"ReadAction\",\"target\":[\"https:\/\/dev.monti.lt\/about\/\"]}]},{\"@type\":\"ImageObject\",\"inLanguage\":\"en-US\",\"@id\":\"https:\/\/dev.monti.lt\/about\/#primaryimage\",\"url\":\"https:\/\/dev.monti.lt\/wp-content\/uploads\/2022\/03\/Picture1.png\",\"contentUrl\":\"https:\/\/dev.monti.lt\/wp-content\/uploads\/2022\/03\/Picture1.png\"},{\"@type\":\"BreadcrumbList\",\"@id\":\"https:\/\/dev.monti.lt\/about\/#breadcrumb\",\"itemListElement\":[{\"@type\":\"ListItem\",\"position\":1,\"name\":\"Home\",\"item\":\"https:\/\/dev.monti.lt\/\"},{\"@type\":\"ListItem\",\"position\":2,\"name\":\"Apie mus\"}]},{\"@type\":\"WebSite\",\"@id\":\"https:\/\/dev.monti.lt\/#website\",\"url\":\"https:\/\/dev.monti.lt\/\",\"name\":\"Montessori \u017eaislai\",\"description\":\"\",\"publisher\":{\"@id\":\"https:\/\/dev.monti.lt\/#organization\"},\"potentialAction\":[{\"@type\":\"SearchAction\",\"target\":{\"@type\":\"EntryPoint\",\"urlTemplate\":\"https:\/\/dev.monti.lt\/?s={search_term_string}\"},\"query-input\":\"required name=search_term_string\"}],\"inLanguage\":\"en-US\"},{\"@type\":\"Organization\",\"@id\":\"https:\/\/dev.monti.lt\/#organization\",\"name\":\"Montessori \u017eaislai\",\"url\":\"https:\/\/dev.monti.lt\/\",\"logo\":{\"@type\":\"ImageObject\",\"inLanguage\":\"en-US\",\"@id\":\"https:\/\/dev.monti.lt\/#\/schema\/logo\/image\/\",\"url\":\"https:\/\/dev.monti.lt\/wp-content\/uploads\/2022\/03\/montilogo-1.png\",\"contentUrl\":\"https:\/\/dev.monti.lt\/wp-content\/uploads\/2022\/03\/montilogo-1.png\",\"width\":512,\"height\":512,\"caption\":\"Montessori \u017eaislai\"},\"image\":{\"@id\":\"https:\/\/dev.monti.lt\/#\/schema\/logo\/image\/\"}}]}<\/script>\n<!-- \/ Yoast SEO plugin. -->","yoast_head_json":{"title":"Apie mus","description":"Esame dvi ma\u017e\u0173 vaiku\u010di\u0173 mamos, susid\u016brusios su problema ie\u0161kant kitoki\u0173, \u012fdomi\u0173 \u017eaisl\u0173 vaikams. Visapusi\u0161kai lavinan\u010di\u0173 ir \u012ftraukian\u010di\u0173 vaikus. Taip gim\u0117 dev.monti.lt su meile atrinkti ir patikrinti \u017eaislai, leid\u017eiantys pa\u017einti pasaul\u012f \u017eaid\u017eiant.","robots":{"index":"noindex","follow":"follow","max-snippet":"max-snippet:-1","max-image-preview":"max-image-preview:large","max-video-preview":"max-video-preview:-1"},"og_locale":"en_US","og_type":"article","og_title":"Apie mus","og_description":"Esame dvi ma\u017e\u0173 vaiku\u010di\u0173 mamos, susid\u016brusios su problema ie\u0161kant kitoki\u0173, \u012fdomi\u0173 \u017eaisl\u0173 vaikams. Visapusi\u0161kai lavinan\u010di\u0173 ir \u012ftraukian\u010di\u0173 vaikus. Taip gim\u0117 dev.monti.lt su meile atrinkti ir patikrinti \u017eaislai, leid\u017eiantys pa\u017einti pasaul\u012f \u017eaid\u017eiant.","og_url":"https:\/\/dev.monti.lt\/en\/about\/","og_site_name":"Montessori \u017eaislai","article_modified_time":"2024-10-20T20:50:07+00:00","og_image":[{"url":"https:\/\/dev.monti.lt\/wp-content\/uploads\/2022\/03\/Picture1.png"}],"twitter_card":"summary_large_image","twitter_misc":{"Est. reading time":"2 minutes"},"schema":{"@context":"https:\/\/schema.org","@graph":[{"@type":"WebPage","@id":"https:\/\/dev.monti.lt\/about\/","url":"https:\/\/dev.monti.lt\/about\/","name":"Apie mus","isPartOf":{"@id":"https:\/\/dev.monti.lt\/#website"},"primaryImageOfPage":{"@id":"https:\/\/dev.monti.lt\/about\/#primaryimage"},"image":{"@id":"https:\/\/dev.monti.lt\/about\/#primaryimage"},"thumbnailUrl":"https:\/\/dev.monti.lt\/wp-content\/uploads\/2022\/03\/Picture1.png","datePublished":"2020-10-09T13:39:05+00:00","dateModified":"2024-10-20T20:50:07+00:00","description":"Esame dvi ma\u017e\u0173 vaiku\u010di\u0173 mamos, susid\u016brusios su problema ie\u0161kant kitoki\u0173, \u012fdomi\u0173 \u017eaisl\u0173 vaikams. Visapusi\u0161kai lavinan\u010di\u0173 ir \u012ftraukian\u010di\u0173 vaikus. Taip gim\u0117 dev.monti.lt su meile atrinkti ir patikrinti \u017eaislai, leid\u017eiantys pa\u017einti pasaul\u012f \u017eaid\u017eiant.","breadcrumb":{"@id":"https:\/\/dev.monti.lt\/about\/#breadcrumb"},"inLanguage":"en-US","potentialAction":[{"@type":"ReadAction","target":["https:\/\/dev.monti.lt\/about\/"]}]},{"@type":"ImageObject","inLanguage":"en-US","@id":"https:\/\/dev.monti.lt\/about\/#primaryimage","url":"https:\/\/dev.monti.lt\/wp-content\/uploads\/2022\/03\/Picture1.png","contentUrl":"https:\/\/dev.monti.lt\/wp-content\/uploads\/2022\/03\/Picture1.png"},{"@type":"BreadcrumbList","@id":"https:\/\/dev.monti.lt\/about\/#breadcrumb","itemListElement":[{"@type":"ListItem","position":1,"name":"Home","item":"https:\/\/dev.monti.lt\/"},{"@type":"ListItem","position":2,"name":"Apie mus"}]},{"@type":"WebSite","@id":"https:\/\/dev.monti.lt\/#website","url":"https:\/\/dev.monti.lt\/","name":"Montessori \u017eaislai","description":"","publisher":{"@id":"https:\/\/dev.monti.lt\/#organization"},"potentialAction":[{"@type":"SearchAction","target":{"@type":"EntryPoint","urlTemplate":"https:\/\/dev.monti.lt\/?s={search_term_string}"},"query-input":"required name=search_term_string"}],"inLanguage":"en-US"},{"@type":"Organization","@id":"https:\/\/dev.monti.lt\/#organization","name":"Montessori \u017eaislai","url":"https:\/\/dev.monti.lt\/","logo":{"@type":"ImageObject","inLanguage":"en-US","@id":"https:\/\/dev.monti.lt\/#\/schema\/logo\/image\/","url":"https:\/\/dev.monti.lt\/wp-content\/uploads\/2022\/03\/montilogo-1.png","contentUrl":"https:\/\/dev.monti.lt\/wp-content\/uploads\/2022\/03\/montilogo-1.png","width":512,"height":512,"caption":"Montessori \u017eaislai"},"image":{"@id":"https:\/\/dev.monti.lt\/#\/schema\/logo\/image\/"}}]}},"_links":{"self":[{"href":"https:\/\/dev.monti.lt\/en\/wp-json\/wp\/v2\/pages\/1004"}],"collection":[{"href":"https:\/\/dev.monti.lt\/en\/wp-json\/wp\/v2\/pages"}],"about":[{"href":"https:\/\/dev.monti.lt\/en\/wp-json\/wp\/v2\/types\/page"}],"author":[{"embeddable":true,"href":"https:\/\/dev.monti.lt\/en\/wp-json\/wp\/v2\/users\/1"}],"replies":[{"embeddable":true,"href":"https:\/\/dev.monti.lt\/en\/wp-json\/wp\/v2\/comments?post=1004"}],"version-history":[{"count":14,"href":"https:\/\/dev.monti.lt\/en\/wp-json\/wp\/v2\/pages\/1004\/revisions"}],"predecessor-version":[{"id":25741,"href":"https:\/\/dev.monti.lt\/en\/wp-json\/wp\/v2\/pages\/1004\/revisions\/25741"}],"wp:attachment":[{"href":"https:\/\/dev.monti.lt\/en\/wp-json\/wp\/v2\/media?parent=1004"}],"curies":[{"name":"wp","href":"https:\/\/api.w.org\/{rel}","templated":true}]}}